{"id":106526,"date":"2020-11-08T18:06:50","date_gmt":"2020-11-08T17:06:50","guid":{"rendered":"https:\/\/www.dogsie.cz\/my-account\/"},"modified":"2020-11-08T18:13:02","modified_gmt":"2020-11-08T17:13:02","slug":"moj-ucet","status":"publish","type":"page","link":"https:\/\/www.dogsie.cz\/sk\/moj-ucet\/","title":{"rendered":"M\u00f4j \u00fa\u010det"},"content":{"rendered":"<div class=\"woocommerce\"><div class=\"woocommerce-notices-wrapper\"><\/div>\n\n<div class=\"u-columns col2-set\" id=\"customer_login\">\n\n\t<div class=\"u-column1 col-1\">\n\n\n\t\t<h2>Prihl\u00e1senie<\/h2>\n\n\t\t<form class=\"woocommerce-form woocommerce-form-login login\" method=\"post\" novalidate>\n\n\t\t\t\n\t\t\t<p class=\"woocommerce-form-row woocommerce-form-row--wide form-row form-row-wide\">\n\t\t\t\t<label for=\"username\">Pou\u017e\u00edvate\u013esk\u00e9 meno alebo e-mailov\u00e1 adresa&nbsp;<span class=\"required\" aria-hidden=\"true\">*<\/span><span class=\"screen-reader-text\">Povinn\u00e9<\/span><\/label>\n\t\t\t\t<input type=\"text\" class=\"woocommerce-Input woocommerce-Input--text input-text\" name=\"username\" id=\"username\" autocomplete=\"username\" value=\"\" required aria-required=\"true\" \/>\t\t\t<\/p>\n\t\t\t<p class=\"woocommerce-form-row woocommerce-form-row--wide form-row form-row-wide\">\n\t\t\t\t<label for=\"password\">Heslo&nbsp;<span class=\"required\" aria-hidden=\"true\">*<\/span><span class=\"screen-reader-text\">Povinn\u00e9<\/span><\/label>\n\t\t\t\t<input class=\"woocommerce-Input woocommerce-Input--text input-text\" type=\"password\" name=\"password\" id=\"password\" autocomplete=\"current-password\" required aria-required=\"true\" \/>\n\t\t\t<\/p>\n\n\t\t\t\n\t\t\t<p class=\"form-row\">\n\t\t\t\t<label class=\"woocommerce-form__label woocommerce-form__label-for-checkbox woocommerce-form-login__rememberme\">\n\t\t\t\t\t<input class=\"woocommerce-form__input woocommerce-form__input-checkbox\" name=\"rememberme\" type=\"checkbox\" id=\"rememberme\" value=\"forever\" \/> <span>Zapam\u00e4ta\u0165 si ma<\/span>\n\t\t\t\t<\/label>\n\t\t\t\t<input type=\"hidden\" id=\"woocommerce-login-nonce\" name=\"woocommerce-login-nonce\" value=\"e280621ed0\" \/><input type=\"hidden\" name=\"_wp_http_referer\" value=\"\/sk\/wp-json\/wp\/v2\/pages\/106526\" \/>\t\t\t\t<button type=\"submit\" class=\"woocommerce-button button woocommerce-form-login__submit\" name=\"login\" value=\"Prihl\u00e1si\u0165\">Prihl\u00e1si\u0165<\/button>\n\t\t\t<\/p>\n\t\t\t<p class=\"woocommerce-LostPassword lost_password\">\n\t\t\t\t<a href=\"https:\/\/www.dogsie.cz\/sk\/moj-ucet\/lost-password\/\">Zabudli ste heslo?<\/a>\n\t\t\t<\/p>\n\n\t\t\t<div id=\"nsl-custom-login-form-1\"><div class=\"nsl-container nsl-container-block\" data-align=\"center\"><div class=\"nsl-container-buttons\"><a href=\"https:\/\/www.dogsie.cz\/sk\/wp-login.php?loginSocial=google&#038;redirect=https%3A%2F%2Fwww.dogsie.cz%2Fsk%2Fwp-json%2Fwp%2Fv2%2Fpages%2F106526\" rel=\"nofollow\" aria-label=\"P\u0159ihl\u00e1sit p\u0159es &lt;b&gt;Google&lt;\/b&gt;\" data-plugin=\"nsl\" data-action=\"connect\" data-provider=\"google\" data-popupwidth=\"600\" data-popupheight=\"600\"><div class=\"nsl-button nsl-button-default nsl-button-google\" data-skin=\"light\" style=\"background-color:#fff;\"><div class=\"nsl-button-svg-container\"><svg xmlns=\"http:\/\/www.w3.org\/2000\/svg\" width=\"24\" height=\"24\" viewBox=\"0 0 24 24\"><path fill=\"#4285F4\" d=\"M20.64 12.2045c0-.6381-.0573-1.2518-.1636-1.8409H12v3.4814h4.8436c-.2086 1.125-.8427 2.0782-1.7959 2.7164v2.2581h2.9087c1.7018-1.5668 2.6836-3.874 2.6836-6.615z\"><\/path><path fill=\"#34A853\" d=\"M12 21c2.43 0 4.4673-.806 5.9564-2.1805l-2.9087-2.2581c-.8059.54-1.8368.859-3.0477.859-2.344 0-4.3282-1.5831-5.036-3.7104H3.9574v2.3318C5.4382 18.9832 8.4818 21 12 21z\"><\/path><path fill=\"#FBBC05\" d=\"M6.964 13.71c-.18-.54-.2822-1.1168-.2822-1.71s.1023-1.17.2823-1.71V7.9582H3.9573A8.9965 8.9965 0 0 0 3 12c0 1.4523.3477 2.8268.9573 4.0418L6.964 13.71z\"><\/path><path fill=\"#EA4335\" d=\"M12 6.5795c1.3214 0 2.5077.4541 3.4405 1.346l2.5813-2.5814C16.4632 3.8918 14.426 3 12 3 8.4818 3 5.4382 5.0168 3.9573 7.9582L6.964 10.29C7.6718 8.1627 9.6559 6.5795 12 6.5795z\"><\/path><\/svg><\/div><div class=\"nsl-button-label-container\">P\u0159ihl\u00e1sit p\u0159es <b>Google<\/b><\/div><\/div><\/a><a href=\"https:\/\/www.dogsie.cz\/sk\/wp-login.php?loginSocial=tiktok&#038;redirect=https%3A%2F%2Fwww.dogsie.cz%2Fsk%2Fwp-json%2Fwp%2Fv2%2Fpages%2F106526\" rel=\"nofollow\" aria-label=\"P\u0159ihl\u00e1sit p\u0159es &lt;b&gt;TikTok&lt;\/b&gt;\" data-plugin=\"nsl\" data-action=\"connect\" data-provider=\"tiktok\" data-popupwidth=\"600\" data-popupheight=\"600\"><div class=\"nsl-button nsl-button-default nsl-button-tiktok\" data-skin=\"dark\" style=\"background-color:#121212;\"><div class=\"nsl-button-svg-container\"><svg xmlns=\"http:\/\/www.w3.org\/2000\/svg\" width=\"24\" height=\"24\" fill=\"none\" viewBox=\"0 0 24 24\"><path fill=\"#fff\" fill-rule=\"evenodd\" d=\"M13.7143 17.1176c-.0662 1.6975-1.5226 3.0599-3.308 3.0599a3.4086 3.4086 0 0 1 .0001 0c1.7855 0 3.2419-1.3624 3.3082-3.0597l.0063-15.158h2.8866c.2782 1.441 1.1699 2.6776 2.4052 3.4501l.0012.0015c.86.5376 1.8853.8512 2.986.8512v.842L22 7.1047v2.9396c-2.0446 0-3.9391-.6274-5.4856-1.6922v7.6863c0 3.8387-3.2555 6.9616-7.2573 6.9616-1.5463 0-2.9803-.4678-4.159-1.2617-.0006-.0007-.0012-.0014-.002-.002C3.2257 20.4758 2 18.3921 2 16.0376 2 12.1991 5.2556 9.076 9.2574 9.076c.332 0 .6574.0262.9779.068v.896c-3.6508.0817-6.6439 2.7605-7.0412 6.1816.3977-3.4207 3.3906-6.0991 7.041-6.1809v2.9652c-.3095-.0929-.6368-.147-.978-.147-1.8275 0-3.3143 1.4264-3.3143 3.1795 0 1.2208.722 2.2815 1.777 2.814v.0001c.46.2322.9824.3652 1.5372.3652 1.7854 0 3.2418-1.3623 3.3081-3.0597L12.5714 1h3.9429c0 .3279.0329.6483.093.9599h-2.8866l-.0064 15.1577Z\" clip-rule=\"evenodd\"\/><\/svg><\/div><div class=\"nsl-button-label-container\">P\u0159ihl\u00e1sit p\u0159es <b>TikTok<\/b><\/div><\/div><\/a><\/div><\/div><\/div><script type=\"text\/javascript\">\n    window._nslDOMReady(function () {\n        var container = document.getElementById('nsl-custom-login-form-1'),\n            form = container.closest('form');\n\n        var innerContainer = container.querySelector(\".nsl-container\");\n        if (innerContainer) {\n            innerContainer.classList.add('nsl-container-woocommerce-login-layout-above');\n            innerContainer.style.display = 'block';\n        }\n\n        form.insertBefore(container, form.firstChild);\n    });\n<\/script>\n<style type=\"text\/css\">\n       \n    #nsl-custom-login-form-1 .nsl-container {\n        display: none;\n        margin-top: 20px;\n    }\n\n    #nsl-custom-login-form-1 {\n        padding-bottom: 20px;\n    }<\/style>\n        <div>\n\t\t\tJste tu nov\u00ed? <a href=\"#\" class=\"show-reg-form\">Pak se nejprve zaregistrujte.<\/a>\n        <\/div>\n\t\t\n\t\t<\/form>\n\n\n\t<\/div>\n\n\t<div class=\"u-column2 col-2\">\n\n\t\t<h2>Registrova\u0165 sa<\/h2>\n\n\t\t<form method=\"post\" class=\"woocommerce-form woocommerce-form-register register\"  >\n\n\t\t\t\n\t\t\t\n\t\t\t<p class=\"woocommerce-form-row woocommerce-form-row--wide form-row form-row-wide\">\n\t\t\t\t<label for=\"reg_email\">E-mailov\u00e1 adresa&nbsp;<span class=\"required\" aria-hidden=\"true\">*<\/span><span class=\"screen-reader-text\">Povinn\u00e9<\/span><\/label>\n\t\t\t\t<input type=\"email\" class=\"woocommerce-Input woocommerce-Input--text input-text\" name=\"email\" id=\"reg_email\" autocomplete=\"email\" value=\"\" required aria-required=\"true\" \/>\t\t\t<\/p>\n\n\t\t\t\n\t\t\t\t<p>Odkaz na nastavenie nov\u00e9ho hesla bude odoslan\u00fd na v\u00e1\u0161 email.<\/p>\n\n\t\t\t\n\t\t\t\t\t<div id=\"cf-turnstile-woo-register-1981992516\"\r\n\t\tclass=\"cf-turnstile sct-woocommerce-register\" \t\tdata-sitekey=\"0x4AAAAAACjLYCTcryjceyFw\"\r\n\t\tdata-theme=\"light\"\r\n\t\tdata-language=\"auto\"\r\n\t\tdata-size=\"normal\"\r\n\t\tdata-retry=\"auto\" data-retry-interval=\"1000\"\r\n\t\tdata-refresh-expired=\"auto\"\r\n\t\tdata-action=\"woocommerce-register-1981992516\"\r\n\t\t\t\tdata-appearance=\"always\"><\/div>\r\n\t\t\t<script>document.addEventListener(\"DOMContentLoaded\", function() { setTimeout(function(){ var e=document.getElementById(\"cf-turnstile-woo-register-1981992516\"); e&&!e.innerHTML.trim()&&(turnstile.remove(\"#cf-turnstile-woo-register-1981992516\"), turnstile.render(\"#cf-turnstile-woo-register-1981992516\", {sitekey:\"0x4AAAAAACjLYCTcryjceyFw\"})); }, 100); });<\/script>\r\n\t\t\t<br class=\"cf-turnstile-br cf-turnstile-br-woo-register-1981992516\">\r\n\t\t\t\t<style>#cf-turnstile-woo-register-1981992516 { margin-left: -15px; }<\/style>\r\n\t\t<wc-order-attribution-inputs><\/wc-order-attribution-inputs><div class=\"woocommerce-privacy-policy-text\"><p>Va\u0161e osobn\u00ed \u00fadaje budou pou\u017eity ke zv\u00fd\u0161en\u00ed spokojenosti po celou dobu proch\u00e1zen\u00ed tohoto webu, ke spr\u00e1v\u011b p\u0159\u00edstupu do va\u0161eho \u00fa\u010dtu a k dal\u0161\u00edm \u00fa\u010del\u016fm popsan\u00fdm na str\u00e1nce <a href=\"https:\/\/www.dogsie.cz\/landpage\/ochrana-osobnich-udaju\/\" class=\"woocommerce-privacy-policy-link\" target=\"_blank\">pravidl\u00e1 ochrany s\u00fakromia<\/a>.<\/p>\n<\/div>\n\t\t\t<p class=\"woocommerce-form-row form-row\">\n\t\t\t\t<input type=\"hidden\" id=\"woocommerce-register-nonce\" name=\"woocommerce-register-nonce\" value=\"684456504a\" \/><input type=\"hidden\" name=\"_wp_http_referer\" value=\"\/sk\/wp-json\/wp\/v2\/pages\/106526\" \/>\t\t\t\t<button type=\"submit\" class=\"woocommerce-Button woocommerce-button button woocommerce-form-register__submit\" name=\"register\" value=\"Registrova\u0165 sa\">Registrova\u0165 sa<\/button>\n\t\t\t<\/p>\n\n\t\t\t<div id=\"nsl-custom-login-form-2\"><div class=\"nsl-container nsl-container-block\" data-align=\"center\"><div class=\"nsl-container-buttons\"><a href=\"https:\/\/www.dogsie.cz\/sk\/wp-login.php?loginSocial=google&#038;redirect=https%3A%2F%2Fwww.dogsie.cz%2Fsk%2Fwp-json%2Fwp%2Fv2%2Fpages%2F106526\" rel=\"nofollow\" aria-label=\"P\u0159ihl\u00e1sit p\u0159es &lt;b&gt;Google&lt;\/b&gt;\" data-plugin=\"nsl\" data-action=\"connect\" data-provider=\"google\" data-popupwidth=\"600\" data-popupheight=\"600\"><div class=\"nsl-button nsl-button-default nsl-button-google\" data-skin=\"light\" style=\"background-color:#fff;\"><div class=\"nsl-button-svg-container\"><svg xmlns=\"http:\/\/www.w3.org\/2000\/svg\" width=\"24\" height=\"24\" viewBox=\"0 0 24 24\"><path fill=\"#4285F4\" d=\"M20.64 12.2045c0-.6381-.0573-1.2518-.1636-1.8409H12v3.4814h4.8436c-.2086 1.125-.8427 2.0782-1.7959 2.7164v2.2581h2.9087c1.7018-1.5668 2.6836-3.874 2.6836-6.615z\"><\/path><path fill=\"#34A853\" d=\"M12 21c2.43 0 4.4673-.806 5.9564-2.1805l-2.9087-2.2581c-.8059.54-1.8368.859-3.0477.859-2.344 0-4.3282-1.5831-5.036-3.7104H3.9574v2.3318C5.4382 18.9832 8.4818 21 12 21z\"><\/path><path fill=\"#FBBC05\" d=\"M6.964 13.71c-.18-.54-.2822-1.1168-.2822-1.71s.1023-1.17.2823-1.71V7.9582H3.9573A8.9965 8.9965 0 0 0 3 12c0 1.4523.3477 2.8268.9573 4.0418L6.964 13.71z\"><\/path><path fill=\"#EA4335\" d=\"M12 6.5795c1.3214 0 2.5077.4541 3.4405 1.346l2.5813-2.5814C16.4632 3.8918 14.426 3 12 3 8.4818 3 5.4382 5.0168 3.9573 7.9582L6.964 10.29C7.6718 8.1627 9.6559 6.5795 12 6.5795z\"><\/path><\/svg><\/div><div class=\"nsl-button-label-container\">P\u0159ihl\u00e1sit p\u0159es <b>Google<\/b><\/div><\/div><\/a><a href=\"https:\/\/www.dogsie.cz\/sk\/wp-login.php?loginSocial=tiktok&#038;redirect=https%3A%2F%2Fwww.dogsie.cz%2Fsk%2Fwp-json%2Fwp%2Fv2%2Fpages%2F106526\" rel=\"nofollow\" aria-label=\"P\u0159ihl\u00e1sit p\u0159es &lt;b&gt;TikTok&lt;\/b&gt;\" data-plugin=\"nsl\" data-action=\"connect\" data-provider=\"tiktok\" data-popupwidth=\"600\" data-popupheight=\"600\"><div class=\"nsl-button nsl-button-default nsl-button-tiktok\" data-skin=\"dark\" style=\"background-color:#121212;\"><div class=\"nsl-button-svg-container\"><svg xmlns=\"http:\/\/www.w3.org\/2000\/svg\" width=\"24\" height=\"24\" fill=\"none\" viewBox=\"0 0 24 24\"><path fill=\"#fff\" fill-rule=\"evenodd\" d=\"M13.7143 17.1176c-.0662 1.6975-1.5226 3.0599-3.308 3.0599a3.4086 3.4086 0 0 1 .0001 0c1.7855 0 3.2419-1.3624 3.3082-3.0597l.0063-15.158h2.8866c.2782 1.441 1.1699 2.6776 2.4052 3.4501l.0012.0015c.86.5376 1.8853.8512 2.986.8512v.842L22 7.1047v2.9396c-2.0446 0-3.9391-.6274-5.4856-1.6922v7.6863c0 3.8387-3.2555 6.9616-7.2573 6.9616-1.5463 0-2.9803-.4678-4.159-1.2617-.0006-.0007-.0012-.0014-.002-.002C3.2257 20.4758 2 18.3921 2 16.0376 2 12.1991 5.2556 9.076 9.2574 9.076c.332 0 .6574.0262.9779.068v.896c-3.6508.0817-6.6439 2.7605-7.0412 6.1816.3977-3.4207 3.3906-6.0991 7.041-6.1809v2.9652c-.3095-.0929-.6368-.147-.978-.147-1.8275 0-3.3143 1.4264-3.3143 3.1795 0 1.2208.722 2.2815 1.777 2.814v.0001c.46.2322.9824.3652 1.5372.3652 1.7854 0 3.2418-1.3623 3.3081-3.0597L12.5714 1h3.9429c0 .3279.0329.6483.093.9599h-2.8866l-.0064 15.1577Z\" clip-rule=\"evenodd\"\/><\/svg><\/div><div class=\"nsl-button-label-container\">P\u0159ihl\u00e1sit p\u0159es <b>TikTok<\/b><\/div><\/div><\/a><\/div><\/div><\/div><script type=\"text\/javascript\">\n    window._nslDOMReady(function () {\n        var container = document.getElementById('nsl-custom-login-form-2'),\n            form = container.closest('form');\n\n        var innerContainer = container.querySelector(\".nsl-container\");\n        if (innerContainer) {\n            innerContainer.classList.add('nsl-container-woocommerce-register-layout-above');\n            innerContainer.style.display = 'block';\n        }\n\n        form.insertBefore(container, form.firstChild);\n    });\n<\/script>\n<style type=\"text\/css\">\n       \n    #nsl-custom-login-form-2 .nsl-container {\n        display: none;\n        margin-top: 20px;\n    }\n\n    #nsl-custom-login-form-2 {\n        padding-bottom: 20px;\n    }<\/style>\n        <div>\n\t\t\tDogsie u\u017e pou\u017e\u00edv\u00e1te? Jup\u00ed! <a href=\"#\" class=\"show-login-form\">P\u0159ihl\u00e1sit se<\/a>\n        <\/div>\n\t\t\n\t\t<\/form>\n\n\t<\/div>\n\n<\/div>\n\n<\/div>\n","protected":false},"excerpt":{"rendered":"","protected":false},"author":1,"featured_media":0,"parent":0,"menu_order":0,"comment_status":"closed","ping_status":"closed","template":"","meta":{"_uag_custom_page_level_css":"","footnotes":""},"class_list":["post-106526","page","type-page","status-publish","hentry"],"uagb_featured_image_src":{"full":false,"thumbnail":false,"medium":false,"medium_large":false,"large":false,"1536x1536":false,"2048x2048":false,"blog-featured":false,"blog-recommended":false,"single-featured":false,"review":false,"product-card":false,"woocommerce_thumbnail":false,"woocommerce_single":false,"woocommerce_gallery_thumbnail":false,"140-140":false},"uagb_author_info":{"display_name":"Tom\u00e1\u0161 Pokorn\u00fd","author_link":"https:\/\/www.dogsie.cz\/sk\/author\/admin\/"},"uagb_comment_info":0,"uagb_excerpt":null,"_links":{"self":[{"href":"https:\/\/www.dogsie.cz\/sk\/wp-json\/wp\/v2\/pages\/106526","targetHints":{"allow":["GET"]}}],"collection":[{"href":"https:\/\/www.dogsie.cz\/sk\/wp-json\/wp\/v2\/pages"}],"about":[{"href":"https:\/\/www.dogsie.cz\/sk\/wp-json\/wp\/v2\/types\/page"}],"author":[{"embeddable":true,"href":"https:\/\/www.dogsie.cz\/sk\/wp-json\/wp\/v2\/users\/1"}],"replies":[{"embeddable":true,"href":"https:\/\/www.dogsie.cz\/sk\/wp-json\/wp\/v2\/comments?post=106526"}],"version-history":[{"count":1,"href":"https:\/\/www.dogsie.cz\/sk\/wp-json\/wp\/v2\/pages\/106526\/revisions"}],"predecessor-version":[{"id":106528,"href":"https:\/\/www.dogsie.cz\/sk\/wp-json\/wp\/v2\/pages\/106526\/revisions\/106528"}],"wp:attachment":[{"href":"https:\/\/www.dogsie.cz\/sk\/wp-json\/wp\/v2\/media?parent=106526"}],"curies":[{"name":"wp","href":"https:\/\/api.w.org\/{rel}","templated":true}]}}