{"id":106563,"date":"2020-09-16T13:45:35","date_gmt":"2020-09-16T11:45:35","guid":{"rendered":"https:\/\/www.dogsie.cz\/project-blu\/"},"modified":"2020-09-16T13:45:35","modified_gmt":"2020-09-16T11:45:35","slug":"project-blu","status":"publish","type":"page","link":"https:\/\/www.dogsie.cz\/sk\/project-blu\/","title":{"rendered":"Project Blu"},"content":{"rendered":"\r\n<header class=\"wp-block-uagb-section uagb-section__wrap uagb-section__background-image uagb-block-e9768085\"><div class=\"uagb-section__overlay\"><\/div><div class=\"uagb-section__inner-wrap\">\r\n<div style=\"height:300px\" aria-hidden=\"true\" class=\"wp-block-spacer\"><\/div>\r\n\r\n\r\n\r\n<div class=\"wp-block-uagb-advanced-heading uagb-block-621e66f6\"><h2 class=\"uagb-heading-text\">Project Blu<\/h2><div class=\"uagb-separator-wrap\"><div class=\"uagb-separator\"><\/div><\/div><p class=\"uagb-desc-text\">S l\u00e1skou pro psy, jejich p\u00e1n\u00ed\u010dky i&nbsp;na\u0161i planetu<\/p><\/div>\r\n<\/div><\/header>\r\n\r\n\r\n\r\n<main class=\"wp-block-uagb-section uagb-section__wrap uagb-section__background-undefined uagb-block-944563a0\"><div class=\"uagb-section__overlay\"><\/div><div class=\"uagb-section__inner-wrap\">\r\n<div class=\"wp-block-uagb-advanced-heading uagb-block-df187c31\"><h3 class=\"uagb-heading-text\">Posl\u00e1n\u00ed projektu<\/h3><p class=\"uagb-desc-text\">Project Blu nen\u00ed pouze zna\u010dkou, ale i&nbsp;hnut\u00edm pro pozitivn\u00ed zm\u011bnu na trhu chovatelsk\u00fdch pot\u0159eb. Posl\u00e1n\u00edm projektu je vytv\u00e1\u0159et produkty, kter\u00e9 jsou udr\u017eiteln\u00e9, cenov\u011b dostupn\u00e9 a&nbsp;odoln\u00e9. Obchodn\u00ed model spole\u010dnosti je postaven na principech holistick\u00e9ho p\u0159\u00edstupu a&nbsp;cirkul\u00e1rn\u00ed ekonomie. Model lze rozd\u011blit do 4 hlavn\u00edch pil\u00ed\u0159\u016f, kter\u00e9 naleznete n\u00ed\u017ee.<\/p><\/div>\r\n\r\n\r\n\r\n<section class=\"wp-block-uagb-columns uagb-columns__wrap uagb-columns__background-undefined uagb-columns__stack-mobile uagb-columns__valign-undefined uagb-columns__gap-10 alignundefined uagb-block-de37ccd0\"><div class=\"uagb-columns__overlay\"><\/div><div class=\"uagb-columns__inner-wrap uagb-columns__columns-4\">\r\n<div class=\"wp-block-uagb-column uagb-column__wrap uagb-column__background-undefined uagb-block-a2f2b346\"><div class=\"uagb-column__overlay\"><\/div><div class=\"uagb-column__inner-wrap\">\r\n<div class=\"wp-block-uagb-info-box uagb-infobox__outer-wrap uagb-block-edd98e1e\"><div class=\"uagb-infobox__content-wrap uagb-infobox uagb-infobox-has-icon uagb-infobox-icon-above-title uagb-infobox-image-valign-top uagb-infobox-enable-border-radius \"><div class=\"uagb-ifb-left-right-wrap\"><div class=\"uagb-ifb-content\"><div class=\"uagb-ifb-image-icon-content uagb-ifb-imgicon-wrap\"><div class=\"uagb-ifb-icon-wrap\"><span class=\"uagb-ifb-icon\"><svg xmlns=\"http:\/\/www.w3.org\/2000\/svg\" viewbox=\"0 0 512 512\"><path d=\"M184.561 261.903c3.232 13.997-12.123 24.635-24.068 17.168l-40.736-25.455-50.867 81.402C55.606 356.273 70.96 384 96.012 384H148c6.627 0 12 5.373 12 12v40c0 6.627-5.373 12-12 12H96.115c-75.334 0-121.302-83.048-81.408-146.88l50.822-81.388-40.725-25.448c-12.081-7.547-8.966-25.961 4.879-29.158l110.237-25.45c8.611-1.988 17.201 3.381 19.189 11.99l25.452 110.237zm98.561-182.915l41.289 66.076-40.74 25.457c-12.051 7.528-9 25.953 4.879 29.158l110.237 25.45c8.672 1.999 17.215-3.438 19.189-11.99l25.45-110.237c3.197-13.844-11.99-24.719-24.068-17.168l-40.687 25.424-41.263-66.082c-37.521-60.033-125.209-60.171-162.816 0l-17.963 28.766c-3.51 5.62-1.8 13.021 3.82 16.533l33.919 21.195c5.62 3.512 13.024 1.803 16.536-3.817l17.961-28.743c12.712-20.341 41.973-19.676 54.257-.022zM497.288 301.12l-27.515-44.065c-3.511-5.623-10.916-7.334-16.538-3.821l-33.861 21.159c-5.62 3.512-7.33 10.915-3.818 16.536l27.564 44.112c13.257 21.211-2.057 48.96-27.136 48.96H320V336.02c0-14.213-17.242-21.383-27.313-11.313l-80 79.981c-6.249 6.248-6.249 16.379 0 22.627l80 79.989C302.689 517.308 320 510.3 320 495.989V448h95.88c75.274 0 121.335-82.997 81.408-146.88z\"><\/path><\/svg><\/span><\/div><\/div><div class=\"uagb-ifb-title-wrap\"><h3 class=\"uagb-ifb-title\">Prevence<\/h3><\/div><div class=\"uagb-ifb-separator-parent\"><div class=\"uagb-ifb-separator\"><\/div><\/div><div class=\"uagb-ifb-text-wrap\"><p class=\"uagb-ifb-desc\">V\u0161echny produkty se vyr\u00e1b\u011bj\u00ed z&nbsp;recyklovan\u00fdch materi\u00e1l\u016f, kter\u00e9 zne\u010di\u0161\u0165ovaly na\u0161e \u017eivotn\u00ed prost\u0159ed\u00ed. Jmenovit\u011b jde o&nbsp;vyloven\u00fd plastov\u00fd odpad z&nbsp;oce\u00e1n\u016f a&nbsp;pou\u017eit\u00e9 oble\u010den\u00ed, kter\u00e9 se n\u00e1sledn\u011b p\u0159etv\u00e1\u0159\u00ed ve 100% recyklovan\u00e9 l\u00e1tky a&nbsp;v\u00fdpln\u011b.<\/p><\/div><\/div><\/div><\/div><\/div>\r\n<\/div><\/div>\r\n\r\n\r\n\r\n<div class=\"wp-block-uagb-column uagb-column__wrap uagb-column__background-undefined uagb-block-6bac2679\"><div class=\"uagb-column__overlay\"><\/div><div class=\"uagb-column__inner-wrap\">\r\n<div class=\"wp-block-uagb-info-box uagb-infobox__outer-wrap uagb-block-dd3ed017\"><div class=\"uagb-infobox__content-wrap uagb-infobox uagb-infobox-has-icon uagb-infobox-icon-above-title uagb-infobox-image-valign-top uagb-infobox-enable-border-radius \"><div class=\"uagb-ifb-left-right-wrap\"><div class=\"uagb-ifb-content\"><div class=\"uagb-ifb-image-icon-content uagb-ifb-imgicon-wrap\"><div class=\"uagb-ifb-icon-wrap\"><span class=\"uagb-ifb-icon\"><svg xmlns=\"http:\/\/www.w3.org\/2000\/svg\" viewbox=\"0 0 576 512\"><path d=\"M96,128A64,64,0,1,0,32,64,64,64,0,0,0,96,128Zm0,176.08a44.11,44.11,0,0,1,13.64-32L181.77,204c1.65-1.55,3.77-2.31,5.61-3.57A63.91,63.91,0,0,0,128,160H64A64,64,0,0,0,0,224v96a32,32,0,0,0,32,32V480a32,32,0,0,0,32,32h64a32,32,0,0,0,32-32V383.61l-50.36-47.53A44.08,44.08,0,0,1,96,304.08ZM480,128a64,64,0,1,0-64-64A64,64,0,0,0,480,128Zm32,32H448a63.91,63.91,0,0,0-59.38,40.42c1.84,1.27,4,2,5.62,3.59l72.12,68.06a44.37,44.37,0,0,1,0,64L416,383.62V480a32,32,0,0,0,32,32h64a32,32,0,0,0,32-32V352a32,32,0,0,0,32-32V224A64,64,0,0,0,512,160ZM444.4,295.34l-72.12-68.06A12,12,0,0,0,352,236v36H224V236a12,12,0,0,0-20.28-8.73L131.6,295.34a12.4,12.4,0,0,0,0,17.47l72.12,68.07A12,12,0,0,0,224,372.14V336H352v36.14a12,12,0,0,0,20.28,8.74l72.12-68.07A12.4,12.4,0,0,0,444.4,295.34Z\"><\/path><\/svg><\/span><\/div><\/div><div class=\"uagb-ifb-title-wrap\"><h3 class=\"uagb-ifb-title\">P\u0159em\u011bna<\/h3><\/div><div class=\"uagb-ifb-separator-parent\"><div class=\"uagb-ifb-separator\"><\/div><\/div><div class=\"uagb-ifb-text-wrap\"><p class=\"uagb-ifb-desc\">V\u00fdroba prob\u00edh\u00e1 v&nbsp;srdci samotn\u00e9 It\u00e1lie s&nbsp;d\u016frazem na vysokou kvalitu a&nbsp;odolnost, aby se produkty nestaly \u201eob\u011bt\u00ed\u201c konzumu. Pokud V\u00e1m produkt ji\u017e sv\u00e9 odslou\u017eil, v&nbsp;r\u00e1mci cirkul\u00e1rn\u00ed ekonomie spole\u010dnost podporuje zp\u011btnou recyklaci nebo pom\u00e1h\u00e1 s&nbsp;darov\u00e1n\u00edm \u00fatulk\u016fm aj.<\/p><\/div><\/div><\/div><\/div><\/div>\r\n<\/div><\/div>\r\n\r\n\r\n\r\n<div class=\"wp-block-uagb-column uagb-column__wrap uagb-column__background-undefined uagb-block-c31178fe\"><div class=\"uagb-column__overlay\"><\/div><div class=\"uagb-column__inner-wrap\">\r\n<div class=\"wp-block-uagb-info-box uagb-infobox__outer-wrap uagb-block-53bbb098\"><div class=\"uagb-infobox__content-wrap uagb-infobox uagb-infobox-has-icon uagb-infobox-icon-above-title uagb-infobox-image-valign-top uagb-infobox-enable-border-radius \"><div class=\"uagb-ifb-left-right-wrap\"><div class=\"uagb-ifb-content\"><div class=\"uagb-ifb-image-icon-content uagb-ifb-imgicon-wrap\"><div class=\"uagb-ifb-icon-wrap\"><span class=\"uagb-ifb-icon\"><svg xmlns=\"http:\/\/www.w3.org\/2000\/svg\" viewbox=\"0 0 352 512\"><path d=\"M96.06 454.35c.01 6.29 1.87 12.45 5.36 17.69l17.09 25.69a31.99 31.99 0 0 0 26.64 14.28h61.71a31.99 31.99 0 0 0 26.64-14.28l17.09-25.69a31.989 31.989 0 0 0 5.36-17.69l.04-38.35H96.01l.05 38.35zM0 176c0 44.37 16.45 84.85 43.56 115.78 16.52 18.85 42.36 58.23 52.21 91.45.04.26.07.52.11.78h160.24c.04-.26.07-.51.11-.78 9.85-33.22 35.69-72.6 52.21-91.45C335.55 260.85 352 220.37 352 176 352 78.61 272.91-.3 175.45 0 73.44.31 0 82.97 0 176zm176-80c-44.11 0-80 35.89-80 80 0 8.84-7.16 16-16 16s-16-7.16-16-16c0-61.76 50.24-112 112-112 8.84 0 16 7.16 16 16s-7.16 16-16 16z\"><\/path><\/svg><\/span><\/div><\/div><div class=\"uagb-ifb-title-wrap\"><h3 class=\"uagb-ifb-title\">Inspirace<\/h3><\/div><div class=\"uagb-ifb-separator-parent\"><div class=\"uagb-ifb-separator\"><\/div><\/div><div class=\"uagb-ifb-text-wrap\"><p class=\"uagb-ifb-desc\">Project Blu si klade za c\u00edl inspirovat a&nbsp;vzd\u011bl\u00e1vat spot\u0159ebitele o&nbsp;nebezpe\u010d\u00edch plast\u016f, polyester\u016f a&nbsp;n\u00e1sledk\u016f \u201erychl\u00e9ho\u201c m\u00f3dn\u00edho pr\u016fmyslu. Jeho filozofi\u00ed je p\u0159im\u011bt spot\u0159ebitele k&nbsp;udr\u017eiteln\u011bj\u0161\u00edm produkt\u016fm, kter\u00e9 jsou navr\u017eeny tak, aby vydr\u017eely.<\/p><\/div><\/div><\/div><\/div><\/div>\r\n<\/div><\/div>\r\n\r\n\r\n\r\n<div class=\"wp-block-uagb-column uagb-column__wrap uagb-column__background-undefined uagb-block-db18aaea\"><div class=\"uagb-column__overlay\"><\/div><div class=\"uagb-column__inner-wrap\">\r\n<div class=\"wp-block-uagb-info-box uagb-infobox__outer-wrap uagb-block-bec49a6c\"><div class=\"uagb-infobox__content-wrap uagb-infobox uagb-infobox-has-icon uagb-infobox-icon-above-title uagb-infobox-image-valign-top uagb-infobox-enable-border-radius \"><div class=\"uagb-ifb-left-right-wrap\"><div class=\"uagb-ifb-content\"><div class=\"uagb-ifb-image-icon-content uagb-ifb-imgicon-wrap\"><div class=\"uagb-ifb-icon-wrap\"><span class=\"uagb-ifb-icon\"><svg xmlns=\"http:\/\/www.w3.org\/2000\/svg\" viewbox=\"0 0 576 512\"><path d=\"M275.3 250.5c7 7.4 18.4 7.4 25.5 0l108.9-114.2c31.6-33.2 29.8-88.2-5.6-118.8-30.8-26.7-76.7-21.9-104.9 7.7L288 36.9l-11.1-11.6C248.7-4.4 202.8-9.2 172 17.5c-35.3 30.6-37.2 85.6-5.6 118.8l108.9 114.2zm290 77.6c-11.8-10.7-30.2-10-42.6 0L430.3 402c-11.3 9.1-25.4 14-40 14H272c-8.8 0-16-7.2-16-16s7.2-16 16-16h78.3c15.9 0 30.7-10.9 33.3-26.6 3.3-20-12.1-37.4-31.6-37.4H192c-27 0-53.1 9.3-74.1 26.3L71.4 384H16c-8.8 0-16 7.2-16 16v96c0 8.8 7.2 16 16 16h356.8c14.5 0 28.6-4.9 40-14L564 377c15.2-12.1 16.4-35.3 1.3-48.9z\"><\/path><\/svg><\/span><\/div><\/div><div class=\"uagb-ifb-title-wrap\"><h3 class=\"uagb-ifb-title\">Podpora<\/h3><\/div><div class=\"uagb-ifb-separator-parent\"><div class=\"uagb-ifb-separator\"><\/div><\/div><div class=\"uagb-ifb-text-wrap\"><p class=\"uagb-ifb-desc\">Z ka\u017ed\u00e9ho prodeje projekt p\u0159isp\u00edv\u00e1 na organizaci Plastic Bank. Jej\u00ed \u010dinnost\u00ed je budov\u00e1n\u00ed a&nbsp;aktivace recykla\u010dn\u00edch infrastruktur v&nbsp;nejchud\u0161\u00edch regionech sv\u011bta. Plasty vyloven\u00e9 z&nbsp;oce\u00e1n\u016f d\u00edky t\u00e9to organizaci podporuj\u00ed nap\u0159\u00edklad vzd\u011bl\u00e1v\u00e1n\u00ed a&nbsp;zdravotnictv\u00ed v&nbsp;dan\u00fdch zem\u00edch.<\/p><\/div><\/div><\/div><\/div><\/div>\r\n<\/div><\/div>\r\n<\/div><\/section>\r\n<\/div><\/main>\r\n\r\n\r\n\r\n<section class=\"wp-block-uagb-section uagb-section__wrap uagb-section__background-image uagb-block-84dc2beb\"><div class=\"uagb-section__overlay\"><\/div><div class=\"uagb-section__inner-wrap\">\r\n<div class=\"wp-block-uagb-advanced-heading uagb-block-f54a6eae\"><h2 class=\"uagb-heading-text\">OD PLASTU K&nbsp;DOKONALOSTI<\/h2><p class=\"uagb-desc-text\"><\/p><\/div>\r\n\r\n\r\n\r\n<div style=\"height:300px\" aria-hidden=\"true\" class=\"wp-block-spacer\"><\/div>\r\n<\/div><\/section>\r\n\r\n\r\n\r\n<section class=\"wp-block-uagb-section uagb-section__wrap uagb-section__background-undefined uagb-block-1fce8ffc\"><div class=\"uagb-section__overlay\"><\/div><div class=\"uagb-section__inner-wrap\">\r\n<div class=\"wp-block-uagb-advanced-heading uagb-block-bd79c130\"><h3 class=\"uagb-heading-text\">EKO, a&nbsp;p\u0159ece \u0160IK<\/h3><p class=\"uagb-desc-text\">Obojky, vod\u00edtka a&nbsp;pel\u00ed\u0161ky &#8211; navr\u017eeno ve Velk\u00e9 Brit\u00e1nii, ru\u010dn\u011b vyrobeno v&nbsp;It\u00e1lii. Co z&nbsp;toho vzniklo? Unik\u00e1tn\u00ed design \u2013 laskav\u00fd k&nbsp;Matce Zemi, v&nbsp;souladu s&nbsp;modern\u00edmi interi\u00e9ry a&nbsp;m\u00f3dn\u00edmi trendy.<\/p><\/div>\r\n\r\n\r\n<div class=\"site__section-footer button button--center\">\n  <a href=\"https:\/\/www.dogsie.cz\/kategorie-produktu\/project-blu\/\">\n    <button class=\"btn btn--primary\">P\u0159ehled produkt\u016f<\/button>\n  <\/a>\n<\/div>\n<\/div><\/section>\r\n","protected":false},"excerpt":{"rendered":"","protected":false},"author":1,"featured_media":0,"parent":0,"menu_order":0,"comment_status":"closed","ping_status":"closed","template":"","meta":{"_uag_custom_page_level_css":"","footnotes":""},"class_list":["post-106563","page","type-page","status-publish","hentry"],"uagb_featured_image_src":{"full":false,"thumbnail":false,"medium":false,"medium_large":false,"large":false,"1536x1536":false,"2048x2048":false,"blog-featured":false,"blog-recommended":false,"single-featured":false,"review":false,"product-card":false,"woocommerce_thumbnail":false,"woocommerce_single":false,"woocommerce_gallery_thumbnail":false,"140-140":false},"uagb_author_info":{"display_name":"Tom\u00e1\u0161 Pokorn\u00fd","author_link":"https:\/\/www.dogsie.cz\/sk\/author\/admin\/"},"uagb_comment_info":0,"uagb_excerpt":null,"_links":{"self":[{"href":"https:\/\/www.dogsie.cz\/sk\/wp-json\/wp\/v2\/pages\/106563","targetHints":{"allow":["GET"]}}],"collection":[{"href":"https:\/\/www.dogsie.cz\/sk\/wp-json\/wp\/v2\/pages"}],"about":[{"href":"https:\/\/www.dogsie.cz\/sk\/wp-json\/wp\/v2\/types\/page"}],"author":[{"embeddable":true,"href":"https:\/\/www.dogsie.cz\/sk\/wp-json\/wp\/v2\/users\/1"}],"replies":[{"embeddable":true,"href":"https:\/\/www.dogsie.cz\/sk\/wp-json\/wp\/v2\/comments?post=106563"}],"version-history":[{"count":0,"href":"https:\/\/www.dogsie.cz\/sk\/wp-json\/wp\/v2\/pages\/106563\/revisions"}],"wp:attachment":[{"href":"https:\/\/www.dogsie.cz\/sk\/wp-json\/wp\/v2\/media?parent=106563"}],"curies":[{"name":"wp","href":"https:\/\/api.w.org\/{rel}","templated":true}]}}