{"id":106567,"date":"2018-10-23T16:19:58","date_gmt":"2018-10-23T14:19:58","guid":{"rendered":"https:\/\/www.dogsie.cz\/nastaveni-emailovych-notifikaci\/"},"modified":"2018-10-23T16:19:58","modified_gmt":"2018-10-23T14:19:58","slug":"nastaveni-emailovych-notifikaci","status":"publish","type":"page","link":"https:\/\/www.dogsie.cz\/sk\/nastaveni-emailovych-notifikaci\/","title":{"rendered":"Nastaven\u00ed e-mailov\u00fdch notifikac\u00ed"},"content":{"rendered":"<p>[automatewoo_communication_preferences]<\/p>\n","protected":false},"excerpt":{"rendered":"<p>[automatewoo_communication_preferences]<\/p>\n","protected":false},"author":1,"featured_media":0,"parent":0,"menu_order":0,"comment_status":"closed","ping_status":"closed","template":"","meta":{"_uag_custom_page_level_css":"","footnotes":""},"class_list":["post-106567","page","type-page","status-publish","hentry"],"uagb_featured_image_src":{"full":false,"thumbnail":false,"medium":false,"medium_large":false,"large":false,"1536x1536":false,"2048x2048":false,"blog-featured":false,"blog-recommended":false,"single-featured":false,"review":false,"product-card":false,"woocommerce_thumbnail":false,"woocommerce_single":false,"woocommerce_gallery_thumbnail":false,"140-140":false},"uagb_author_info":{"display_name":"Tom\u00e1\u0161 Pokorn\u00fd","author_link":"https:\/\/www.dogsie.cz\/sk\/author\/admin\/"},"uagb_comment_info":0,"uagb_excerpt":"[automatewoo_communication_preferences]","_links":{"self":[{"href":"https:\/\/www.dogsie.cz\/sk\/wp-json\/wp\/v2\/pages\/106567","targetHints":{"allow":["GET"]}}],"collection":[{"href":"https:\/\/www.dogsie.cz\/sk\/wp-json\/wp\/v2\/pages"}],"about":[{"href":"https:\/\/www.dogsie.cz\/sk\/wp-json\/wp\/v2\/types\/page"}],"author":[{"embeddable":true,"href":"https:\/\/www.dogsie.cz\/sk\/wp-json\/wp\/v2\/users\/1"}],"replies":[{"embeddable":true,"href":"https:\/\/www.dogsie.cz\/sk\/wp-json\/wp\/v2\/comments?post=106567"}],"version-history":[{"count":0,"href":"https:\/\/www.dogsie.cz\/sk\/wp-json\/wp\/v2\/pages\/106567\/revisions"}],"wp:attachment":[{"href":"https:\/\/www.dogsie.cz\/sk\/wp-json\/wp\/v2\/media?parent=106567"}],"curies":[{"name":"wp","href":"https:\/\/api.w.org\/{rel}","templated":true}]}}