{"id":106568,"date":"2016-11-24T11:26:08","date_gmt":"2016-11-24T10:26:08","guid":{"rendered":"https:\/\/www.dogsie.cz\/o-projektu-dogsie\/"},"modified":"2023-06-23T14:59:13","modified_gmt":"2023-06-23T12:59:13","slug":"o-projektu-dogsie","status":"publish","type":"page","link":"https:\/\/www.dogsie.cz\/sk\/o-projektu-dogsie\/","title":{"rendered":"O projektu"},"content":{"rendered":"\n    <div class=\"info-box info-box--center container container--850 site__section \">\n\n\t\t\n\t\t\n\t\t            <h2 class=\"title info-box__title info-box__title--luckiestguy\">o n\u00e1s<\/h2>\n\t\t\n\t\t\n\t\t            <div class=\"info-box__desc\">\n\t\t\t\tJsme t\u00fdm mlad\u00fdch lid\u00ed, kte\u0159\u00ed miluj\u00ed psy a&nbsp;cht\u011bj\u00ed pro n\u011b vytvo\u0159it lep\u0161\u00ed sv\u011bt. S&nbsp;l\u00e1skou jim proto pravideln\u011b p\u0159ipravujeme novou z\u00e1sobu pr\u00e9miov\u00fdch pamlsk\u016f a&nbsp;hra\u010dek a&nbsp;vyv\u00edj\u00edme vlastn\u00ed dobroty, kter\u00e9 jsou \u0161etrn\u00e9 k&nbsp;planet\u011b.            <\/div>\n\t\t\t\n\t\t\n\t\t\n\t\t\n\n        <\/div>\n\n\t\t\n\n\n<section class=\"wp-block-uagb-columns uagb-columns__wrap uagb-columns__stack-mobile uagb-columns__valign- uagb-columns__gap-10 align uagb-block-97942059 uagb-columns__columns-1 uagb-columns__max_width-custom\"><div class=\"uagb-columns__overlay\"><\/div><div class=\"uagb-columns__inner-wrap uagb-columns__columns-1\">\n<div class=\"wp-block-uagb-column uagb-column__wrap uagb-column__background-undefined uagb-block-463dfbb9 about-us-gallery\"><div class=\"uagb-column__overlay\"><\/div>\n<figure class=\"wp-block-gallery has-nested-images columns-default is-cropped wp-block-gallery-1 is-layout-flex wp-block-gallery-is-layout-flex\">\n<figure class=\"wp-block-image size-large\"><img loading=\"lazy\" decoding=\"async\" width=\"600\" height=\"560\" src=\"https:\/\/www.dogsie.cz\/wp-content\/uploads\/2021\/03\/foto12x.jpg\" alt=\"\" class=\"wp-image-122088\" srcset=\"https:\/\/www.dogsie.cz\/wp-content\/uploads\/2021\/03\/foto12x.jpg 600w, https:\/\/www.dogsie.cz\/wp-content\/uploads\/2021\/03\/foto12x-300x280.jpg 300w, https:\/\/www.dogsie.cz\/wp-content\/uploads\/2021\/03\/foto12x-96x90.jpg 96w, https:\/\/www.dogsie.cz\/wp-content\/uploads\/2021\/03\/foto12x-42x39.jpg 42w, https:\/\/www.dogsie.cz\/wp-content\/uploads\/2021\/03\/foto12x-60x56.jpg 60w\" sizes=\"auto, (max-width: 600px) 100vw, 600px\" \/><\/figure>\n\n\n\n<figure class=\"wp-block-image size-large\"><img loading=\"lazy\" decoding=\"async\" width=\"1024\" height=\"683\" src=\"https:\/\/www.dogsie.cz\/wp-content\/uploads\/2021\/03\/foto22x-1024x683.jpg\" alt=\"\" class=\"wp-image-122093\" srcset=\"https:\/\/www.dogsie.cz\/wp-content\/uploads\/2021\/03\/foto22x-1024x683.jpg 1024w, https:\/\/www.dogsie.cz\/wp-content\/uploads\/2021\/03\/foto22x-300x200.jpg 300w, https:\/\/www.dogsie.cz\/wp-content\/uploads\/2021\/03\/foto22x-768x512.jpg 768w, https:\/\/www.dogsie.cz\/wp-content\/uploads\/2021\/03\/foto22x-96x64.jpg 96w, https:\/\/www.dogsie.cz\/wp-content\/uploads\/2021\/03\/foto22x-42x28.jpg 42w, https:\/\/www.dogsie.cz\/wp-content\/uploads\/2021\/03\/foto22x-60x40.jpg 60w, https:\/\/www.dogsie.cz\/wp-content\/uploads\/2021\/03\/foto22x.jpg 1260w\" sizes=\"auto, (max-width: 1024px) 100vw, 1024px\" \/><\/figure>\n\n\n\n<figure class=\"wp-block-image size-large\"><img loading=\"lazy\" decoding=\"async\" width=\"600\" height=\"560\" src=\"https:\/\/www.dogsie.cz\/wp-content\/uploads\/2021\/03\/foto32x.jpg\" alt=\"\" class=\"wp-image-122095\" srcset=\"https:\/\/www.dogsie.cz\/wp-content\/uploads\/2021\/03\/foto32x.jpg 600w, https:\/\/www.dogsie.cz\/wp-content\/uploads\/2021\/03\/foto32x-300x280.jpg 300w, https:\/\/www.dogsie.cz\/wp-content\/uploads\/2021\/03\/foto32x-96x90.jpg 96w, https:\/\/www.dogsie.cz\/wp-content\/uploads\/2021\/03\/foto32x-42x39.jpg 42w, https:\/\/www.dogsie.cz\/wp-content\/uploads\/2021\/03\/foto32x-60x56.jpg 60w\" sizes=\"auto, (max-width: 600px) 100vw, 600px\" \/><\/figure>\n\n\n\n<figure class=\"wp-block-image size-large\"><img loading=\"lazy\" decoding=\"async\" width=\"1024\" height=\"788\" src=\"https:\/\/www.dogsie.cz\/wp-content\/uploads\/2021\/03\/foto42x-1024x788.jpg\" alt=\"\" class=\"wp-image-122097\" srcset=\"https:\/\/www.dogsie.cz\/wp-content\/uploads\/2021\/03\/foto42x-1024x788.jpg 1024w, https:\/\/www.dogsie.cz\/wp-content\/uploads\/2021\/03\/foto42x-300x231.jpg 300w, https:\/\/www.dogsie.cz\/wp-content\/uploads\/2021\/03\/foto42x-768x591.jpg 768w, https:\/\/www.dogsie.cz\/wp-content\/uploads\/2021\/03\/foto42x-96x74.jpg 96w, https:\/\/www.dogsie.cz\/wp-content\/uploads\/2021\/03\/foto42x-42x32.jpg 42w, https:\/\/www.dogsie.cz\/wp-content\/uploads\/2021\/03\/foto42x-60x46.jpg 60w, https:\/\/www.dogsie.cz\/wp-content\/uploads\/2021\/03\/foto42x.jpg 1040w\" sizes=\"auto, (max-width: 1024px) 100vw, 1024px\" \/><\/figure>\n\n\n\n<figure class=\"wp-block-image size-large\"><img loading=\"lazy\" decoding=\"async\" width=\"1024\" height=\"630\" src=\"https:\/\/www.dogsie.cz\/wp-content\/uploads\/2021\/03\/foto52x-1024x630.jpg\" alt=\"\" class=\"wp-image-122099\" srcset=\"https:\/\/www.dogsie.cz\/wp-content\/uploads\/2021\/03\/foto52x-1024x630.jpg 1024w, https:\/\/www.dogsie.cz\/wp-content\/uploads\/2021\/03\/foto52x-300x185.jpg 300w, https:\/\/www.dogsie.cz\/wp-content\/uploads\/2021\/03\/foto52x-768x473.jpg 768w, https:\/\/www.dogsie.cz\/wp-content\/uploads\/2021\/03\/foto52x-96x59.jpg 96w, https:\/\/www.dogsie.cz\/wp-content\/uploads\/2021\/03\/foto52x-42x26.jpg 42w, https:\/\/www.dogsie.cz\/wp-content\/uploads\/2021\/03\/foto52x-60x37.jpg 60w, https:\/\/www.dogsie.cz\/wp-content\/uploads\/2021\/03\/foto52x.jpg 1040w\" sizes=\"auto, (max-width: 1024px) 100vw, 1024px\" \/><\/figure>\n<\/figure>\n\n\n\n<p><\/p>\n<\/div>\n<\/div><\/section>\n\n\n\n<section class=\"wp-block-uagb-section uagb-section__wrap uagb-section__background-undefined uagb-block-01f0560d\"><div class=\"uagb-section__overlay\"><\/div><div class=\"uagb-section__inner-wrap\">\n<div class=\"wp-block-columns is-layout-flex wp-container-core-columns-is-layout-1 wp-block-columns-is-layout-flex\">\n<div class=\"wp-block-column is-layout-flow wp-block-column-is-layout-flow\" style=\"flex-basis:33.33%\">\n<figure class=\"wp-block-image size-large\"><img loading=\"lazy\" decoding=\"async\" width=\"140\" height=\"140\" src=\"https:\/\/www.dogsie.cz\/wp-content\/uploads\/2020\/10\/20proc.svg\" alt=\"\" class=\"wp-image-105251\" \/><\/figure>\n\n\n<div class=\"wp-block-image\">\n<figure class=\"aligncenter size-large\"><img loading=\"lazy\" decoding=\"async\" width=\"75\" height=\"90\" src=\"https:\/\/www.dogsie.cz\/wp-content\/uploads\/2020\/10\/docasky-logo.svg\" alt=\"\" class=\"wp-image-105245\" \/><\/figure><\/div>\n\n<div class=\"wp-block-image\">\n<figure class=\"aligncenter size-large\"><img loading=\"lazy\" decoding=\"async\" width=\"136\" height=\"80\" src=\"https:\/\/www.dogsie.cz\/wp-content\/uploads\/2020\/10\/nejvernejsi-logo.svg\" alt=\"\" class=\"wp-image-105116\" \/><\/figure><\/div><\/div>\n\n\n\n<div class=\"wp-block-column is-layout-flow wp-block-column-is-layout-flow\" style=\"flex-basis:66.66%\">\n    <div class=\"info-box info-box--left container container--850 site__section \">\n\n\t\t\n\t\t\n\t\t            <h3 class=\"title info-box__title info-box__title--baloo\"><strong>S pejsky to mysl\u00edme dob\u0159e<\/strong><\/h3>\n\t\t\n\t\t\n\t\t            <div class=\"info-box__desc\">\n\t\t\t\t<strong>Cel\u00fdch 20&nbsp;% zisku<\/strong> pravideln\u011b pos\u00edl\u00e1me na\u0161im ov\u011b\u0159en\u00fdm neziskov\u00fdm partner\u016fm Pes nejv\u011brn\u011bj\u0161\u00ed p\u0159\u00edtel a&nbsp;Do\u010dasky.cz. S&nbsp;bal\u00ed\u010dkem Dogsie tak objev\u00edte novinky na trhu s&nbsp;pamlsky, nadchnete va\u0161eho chlup\u00e1\u010de a&nbsp;je\u0161t\u011b pom\u016f\u017eete opu\u0161t\u011bn\u00fdm pejsk\u016fm, kte\u0159\u00ed sv\u00e9ho \u010dlov\u011bka st\u00e1le hledaj\u00ed.            <\/div>\n\t\t\t\n\t\t\n\t\t            <div class=\"info-box__btn\">\n                <a href=\"https:\/\/www.dogsie.cz\/kategorie\/pomoc-psum-v-nouzi\/\"\n                   class=\"btn btn--outline\">v\u00edce o&nbsp;podporov\u00e1n\u00ed<\/a>\n            <\/div>\n\t\t\n\t\t\n\n        <\/div>\n\n\t\t<\/div>\n<\/div>\n<\/div><\/section>\n\n\n        <div class=\"partners site__section\">\n            <div class=\"container container--1070\">\n                <p class=\"title title--pretitle partners__title\">chv\u00e1l\u00ed n\u00e1s v&nbsp;m\u00e9di\u00edch<\/p>\n                <div class=\"partners__wrapper\">\n\t\t\t\t\t                        <div class=\"partner-item\">\n\t\t\t\t\t\t\t<img loading=\"lazy\" decoding=\"async\" width=\"231\" height=\"40\" src=\"https:\/\/www.dogsie.cz\/wp-content\/uploads\/2020\/10\/media-tyinternety.png\" class=\"attachment-full size-full\" alt=\"\" srcset=\"https:\/\/www.dogsie.cz\/wp-content\/uploads\/2020\/10\/media-tyinternety.png 231w, https:\/\/www.dogsie.cz\/wp-content\/uploads\/2020\/10\/media-tyinternety-96x17.png 96w, https:\/\/www.dogsie.cz\/wp-content\/uploads\/2020\/10\/media-tyinternety-42x7.png 42w, https:\/\/www.dogsie.cz\/wp-content\/uploads\/2020\/10\/media-tyinternety-60x10.png 60w\" sizes=\"auto, (max-width: 231px) 100vw, 231px\" \/>                        <\/div>\n\t\t\t\t\t                        <div class=\"partner-item\">\n\t\t\t\t\t\t\t<img loading=\"lazy\" decoding=\"async\" width=\"448\" height=\"60\" src=\"https:\/\/www.dogsie.cz\/wp-content\/uploads\/2020\/10\/media-lidovky2x.png\" class=\"attachment-full size-full\" alt=\"\" srcset=\"https:\/\/www.dogsie.cz\/wp-content\/uploads\/2020\/10\/media-lidovky2x.png 448w, https:\/\/www.dogsie.cz\/wp-content\/uploads\/2020\/10\/media-lidovky2x-300x40.png 300w, https:\/\/www.dogsie.cz\/wp-content\/uploads\/2020\/10\/media-lidovky2x-96x13.png 96w, https:\/\/www.dogsie.cz\/wp-content\/uploads\/2020\/10\/media-lidovky2x-42x6.png 42w, https:\/\/www.dogsie.cz\/wp-content\/uploads\/2020\/10\/media-lidovky2x-60x8.png 60w\" sizes=\"auto, (max-width: 448px) 100vw, 448px\" \/>                        <\/div>\n\t\t\t\t\t                        <div class=\"partner-item\">\n\t\t\t\t\t\t\t<img loading=\"lazy\" decoding=\"async\" width=\"244\" height=\"140\" src=\"https:\/\/www.dogsie.cz\/wp-content\/uploads\/2020\/10\/media-ct2x.png\" class=\"attachment-full size-full\" alt=\"\" srcset=\"https:\/\/www.dogsie.cz\/wp-content\/uploads\/2020\/10\/media-ct2x.png 244w, https:\/\/www.dogsie.cz\/wp-content\/uploads\/2020\/10\/media-ct2x-96x55.png 96w, https:\/\/www.dogsie.cz\/wp-content\/uploads\/2020\/10\/media-ct2x-42x24.png 42w, https:\/\/www.dogsie.cz\/wp-content\/uploads\/2020\/10\/media-ct2x-60x34.png 60w\" sizes=\"auto, (max-width: 244px) 100vw, 244px\" \/>                        <\/div>\n\t\t\t\t\t                        <div class=\"partner-item\">\n\t\t\t\t\t\t\t<img loading=\"lazy\" decoding=\"async\" width=\"170\" height=\"160\" src=\"https:\/\/www.dogsie.cz\/wp-content\/uploads\/2020\/10\/media-svetzeny2x.png\" class=\"attachment-full size-full\" alt=\"\" srcset=\"https:\/\/www.dogsie.cz\/wp-content\/uploads\/2020\/10\/media-svetzeny2x.png 170w, https:\/\/www.dogsie.cz\/wp-content\/uploads\/2020\/10\/media-svetzeny2x-96x90.png 96w, https:\/\/www.dogsie.cz\/wp-content\/uploads\/2020\/10\/media-svetzeny2x-42x40.png 42w, https:\/\/www.dogsie.cz\/wp-content\/uploads\/2020\/10\/media-svetzeny2x-60x56.png 60w\" sizes=\"auto, (max-width: 170px) 100vw, 170px\" \/>                        <\/div>\n\t\t\t\t\t                        <div class=\"partner-item\">\n\t\t\t\t\t\t\t<img loading=\"lazy\" decoding=\"async\" width=\"292\" height=\"70\" src=\"https:\/\/www.dogsie.cz\/wp-content\/uploads\/2020\/10\/media-vlasta2x.png\" class=\"attachment-full size-full\" alt=\"\" srcset=\"https:\/\/www.dogsie.cz\/wp-content\/uploads\/2020\/10\/media-vlasta2x.png 292w, https:\/\/www.dogsie.cz\/wp-content\/uploads\/2020\/10\/media-vlasta2x-96x23.png 96w, https:\/\/www.dogsie.cz\/wp-content\/uploads\/2020\/10\/media-vlasta2x-42x10.png 42w, https:\/\/www.dogsie.cz\/wp-content\/uploads\/2020\/10\/media-vlasta2x-60x14.png 60w\" sizes=\"auto, (max-width: 292px) 100vw, 292px\" \/>                        <\/div>\n\t\t\t\t\t                <\/div>\n            <\/div>\n        <\/div>\n\t\t\n\n\n    <div class=\"info-box info-box--center container container--850 site__section \">\n\n\t\t\n\t\t\n\t\t            <h2 class=\"title info-box__title info-box__title--luckiestguy\">my dva a&nbsp;dogsie<\/h2>\n\t\t\n\t\t\n\t\t            <div class=\"info-box__desc\">\n\t\t\t\tDogsie vzniklo v&nbsp;roce 2016 jako studentsk\u00fd projekt na p\u016fd\u011b \u010cZU. Zakladatel\u00e9 Tom\u00e1\u0161 s&nbsp;Maty\u00e1\u0161em se jako pejska\u0159i rozhodli vytvo\u0159it slu\u017ebu, kter\u00e1 p\u00e1n\u00ed\u010dk\u016fm usnad\u0148uje odm\u011b\u0148ov\u00e1n\u00ed jejich \u010dty\u0159noh\u00fdch par\u0165\u00e1k\u016f a&nbsp;z\u00e1rove\u0148 m\u00e1 spole\u010densk\u00fd p\u0159esah.            <\/div>\n\t\t\t\n\t\t\n\t\t\n\t\t\n\n        <\/div>\n\n\t\t\n\n\n<section class=\"wp-block-uagb-section uagb-section__wrap uagb-section__background-undefined uagb-block-249c9730\"><div class=\"uagb-section__overlay\"><\/div><div class=\"uagb-section__inner-wrap\">\n<div class=\"wp-block-columns is-layout-flex wp-container-core-columns-is-layout-2 wp-block-columns-is-layout-flex\">\n<div class=\"wp-block-column is-layout-flow wp-block-column-is-layout-flow\" style=\"flex-basis:40%\">\n<figure class=\"wp-block-image size-medium\"><img decoding=\"async\" src=\"https:\/\/www.dogsie.cz\/wp-content\/uploads\/2019\/07\/My_dva_Dogsie_od_Patrika_H\u00e1chy_ATTV-300x200.jpeg\" alt=\"zakladatel\u00e9 Dogsie\" class=\"wp-image-79244\" \/><\/figure>\n<\/div>\n\n\n\n<div class=\"wp-block-column is-layout-flow wp-block-column-is-layout-flow\" style=\"flex-basis:60%\">\n<div class=\"wp-block-uagb-advanced-heading uagb-block-ebab1186\"><h3 class=\"uagb-heading-text\">20&nbsp;000 pejsk\u016f u\u017e m\u00e1 radost<\/h3><p class=\"uagb-desc-text\">Z mal\u00e9ho projektu se Dogsie stalo rostouc\u00edm start-upem, kter\u00fd u\u017e\u00a0<strong>ud\u011blal radost v\u00edce ne\u017e 15\u2006000 pejsk\u016fm po \u010cR i\u00a0SR<\/strong>\u00a0a\u00a0p\u0159isp\u011bl p\u0159es 500\u2006000\u00a0K\u010d na pomoc hafan\u016fm v\u00a0nouzi.<\/p><\/div>\n\n\n\n<div style=\"height:30px\" aria-hidden=\"true\" class=\"wp-block-spacer\"><\/div>\n\n\n\n<p class=\"has-text-color has-normal-font-size\" style=\"color:#52311f\">Dal\u0161\u00ed kapitolou ve v\u00fdvoji Dogsie byla snaha o&nbsp;udr\u017eitelnost a&nbsp;minim\u00e1ln\u00ed z\u00e1t\u011b\u017e pro \u017eivotn\u00ed prost\u0159ed\u00ed. Dogsie u\u017e na \u010desk\u00fd trh uvedlo prvn\u00ed vlastn\u00ed udr\u017eitelnou dobrotu, dent\u00e1ln\u00ed pamlsek Himal\u00e1jsk\u00e1 ty\u010dka, vyr\u00e1b\u011bnou z&nbsp;belgick\u00e9ho ml\u00e9ka z&nbsp;voln\u00e9ho chovu. Himal\u00e1jsk\u00e1 ty\u010dka se nav\u00edc bal\u00ed s&nbsp;minimem obalov\u00e9ho materi\u00e1lu, kter\u00fd se z\u00e1rove\u0148 pou\u017e\u00edv\u00e1 opakovan\u011b. Tento p\u0159\u00edstup Dogsie postupn\u011b roz\u0161\u00ed\u0159ilo na v\u0161echny origin\u00e1ln\u00ed produkty v&nbsp;bal\u00ed\u010dc\u00edch.<\/p>\n\n\n\n<p>Aktu\u00e1ln\u011b se Dogsie zam\u011b\u0159uje na vyv\u00edjen\u00ed nov\u00fdch zaj\u00edmav\u00fdch produkt\u016f, kter\u00e9 p\u0159in\u00e1\u0161\u00ed na \u010desk\u00fd trh. V\u0161echny najdete v&nbsp;<a href=\"https:\/\/www.dogsie.cz\/obchod\/\">ps\u00edm obch\u016fdku<\/a>.<\/p>\n<\/div>\n<\/div>\n\n\n<div class=\"site__section-footer button button--center\">\n  <a href=\"https:\/\/www.dogsie.cz\/vyber-balicku-dogsie\/\">\n    <button class=\"btn btn--primary\">Po\u0159idit Dogsie<\/button>\n  <\/a>\n<\/div>\n<\/div><\/section>\n\n\n<div class=\"container\">\n    <div class=\"table-boxes\">\n        <header class=\"table-boxes__header center\">\n            <h3 class=\"title title--pretitle\">Na\u0161e filozofie<\/h3>\n            <h2 class=\"title title--widget-large\">P\u00e9\u010de o&nbsp;dom\u00e1c\u00ed mazl\u00ed\u010dky lep\u0161\u00ed a&nbsp;z\u00e1bavn\u011bj\u0161\u00ed<\/h2>\n        <\/header>\n\n        <ul class=\"table-boxes__items\">\n\t\t\t                <li class=\"table-boxes__item\">\n                    <div class=\"table-boxes__item-counter\">1<\/div>\n                    <div class=\"table-boxes__item-content\"><b><strong>Kvalitn\u00ed dobroty z\u00a0\u010ceska a&nbsp;vybran\u00fdch dodavatel\u016f z&nbsp;EU<\/strong> \u2014 <\/b>R\u00e1di podporujeme \u010desk\u00e9 lok\u00e1ln\u00ed v\u00fdrobce, kte\u0159\u00ed nepou\u017e\u00edvaj\u00ed \u017e\u00e1dn\u00e9 chemick\u00e9 p\u0159\u00edsady a&nbsp;dochucovadla. Pamlsky jsou z&nbsp;p\u0159edev\u0161\u00edm z&nbsp;masa a&nbsp;my za jejich kvalitu d\u00e1me klidn\u011b tlapku do ohn\u011b! Mrkn\u011bte na n\u011b na <a href=\"https:\/\/www.dogsie.cz\/obchod\/\">e-shopu<\/a>.<\/div>\n                <\/li>\n\n\t\t\t\t                <li class=\"table-boxes__item\">\n                    <div class=\"table-boxes__item-counter\">2<\/div>\n                    <div class=\"table-boxes__item-content\"><b>Pom\u016f\u017eete ps\u016fm v&nbsp;nouzi \u2014 <\/b>Mysl\u00edme i&nbsp;na m\u00e9n\u011b \u0161\u0165astn\u00e9 \u010di nemocn\u00e9 pejsky v&nbsp;\u00fatulc\u00edch a&nbsp;do\u010dask\u00e1ch, a&nbsp;tak jim z&nbsp;ka\u017ed\u00e9 prodan\u00e9 krabice pos\u00edl\u00e1me 20&nbsp;% zisku. Doposud jsme u\u017e pejsk\u016fm darovali v\u00edce ne\u017e 500&nbsp;000&nbsp;K\u010d.<\/div>\n                <\/li>\n\n\t\t\t\t                <li class=\"table-boxes__item\">\n                    <div class=\"table-boxes__item-counter\">3<\/div>\n                    <div class=\"table-boxes__item-content\"><b>100% garance spokojenosti \u2014 <\/b>Stoj\u00edme si za kvalitou pamlsk\u016f i&nbsp;hra\u010dek, a&nbsp;proto v\u00a0p\u0159\u00edpad\u011b nespokojenosti vrac\u00edme pen\u00edze, bez nutnosti pos\u00edlat bal\u00ed\u010dek zp\u011bt. Jsme p\u0159ipraveni se s&nbsp;ka\u017ed\u00fdm o&nbsp;v\u0161em pobavit, sta\u010d\u00ed n\u00e1m napsat na\u00a0<a href=\"mailto:vase@dogsie.cz\">vase@dogsie.cz<\/a>.\u00a0<\/div>\n                <\/li>\n\n\t\t\t\t                <li class=\"table-boxes__item\">\n                    <div class=\"table-boxes__item-counter\">4<\/div>\n                    <div class=\"table-boxes__item-content\"><b>Chr\u00e1n\u00edme \u017eivotn\u00ed prost\u0159ed\u00ed \u2014 <\/b>Pou\u017e\u00edv\u00e1me biologicky rozlo\u017eiteln\u00e9 obaly i&nbsp;etikety. Na\u0161i krabici lze nav\u00edc opakovan\u011b vyu\u017e\u00edt p\u0159i pos\u00edl\u00e1n\u00ed z\u00e1silek, ukl\u00e1d\u00e1n\u00ed r\u016fzn\u00fdch drobnost\u00ed, \u010di m\u016f\u017ee slou\u017eit mal\u00fdm pejsk\u016fm jako skv\u011bl\u00fd pel\u00ed\u0161ek. N\u00e1m se do nich schov\u00e1vaj\u00ed p\u0159edev\u0161\u00edm ko\u010dky.<\/div>\n                <\/li>\n\n\t\t\t\t                <li class=\"table-boxes__item\">\n                    <div class=\"table-boxes__item-counter\">5<\/div>\n                    <div class=\"table-boxes__item-content\"><b>Ps\u00ed radost nyn\u00ed kdykoliv \u2014 <\/b>N\u00e1\u0161 bal\u00ed\u010dek pln\u00fd toho nejlep\u0161\u00edho, co se v\u00a0Dogsie objevilo, m\u016f\u017eete nyn\u00ed objednat po cel\u00fd rok. Je tak ide\u00e1ln\u00edm d\u00e1rkem nap\u0159\u00edklad na pejskovy narozeniny, p\u0159ivezeniny \u010di adoptiny. Pokud u\u017e aktu\u00e1ln\u00ed Dogsie bal\u00ed\u010dek m\u00e1te doma, m\u016f\u017eete pejskovi sestavit jeho vlastn\u00ed bal\u00ed\u010dek pln\u00fd toho, co m\u00e1 nejrad\u011bji. Od \u0159\u00edjna bude v&nbsp;prodeji tak\u00e9 tradi\u010dn\u00ed v\u00e1no\u010dn\u00ed bal\u00ed\u010dek!<\/div>\n                <\/li>\n\n\t\t\t\t            <li class=\"table-boxes__item table-boxes__item--center\">\n                <div class=\"table-boxes__item-counter\"><\/div>\n                <div class=\"table-boxes__item-content\"><b>M\u00e1te na n\u00e1s n\u011bjak\u00e9 ot\u00e1zky?<\/b><br> \u2192 <a href=\"mailto:vase@dogsie.cz\">vase@dogsie.cz<\/a><\/div>\n            <\/li>\n\n        <\/ul>\n    <\/div>\n\n","protected":false},"excerpt":{"rendered":"","protected":false},"author":1,"featured_media":0,"parent":0,"menu_order":0,"comment_status":"closed","ping_status":"closed","template":"","meta":{"_uag_custom_page_level_css":"","footnotes":""},"class_list":["post-106568","page","type-page","status-publish","hentry"],"uagb_featured_image_src":{"full":false,"thumbnail":false,"medium":false,"medium_large":false,"large":false,"1536x1536":false,"2048x2048":false,"blog-featured":false,"blog-recommended":false,"single-featured":false,"review":false,"product-card":false,"woocommerce_thumbnail":false,"woocommerce_single":false,"woocommerce_gallery_thumbnail":false,"140-140":false},"uagb_author_info":{"display_name":"Tom\u00e1\u0161 Pokorn\u00fd","author_link":"https:\/\/www.dogsie.cz\/sk\/author\/admin\/"},"uagb_comment_info":0,"uagb_excerpt":null,"_links":{"self":[{"href":"https:\/\/www.dogsie.cz\/sk\/wp-json\/wp\/v2\/pages\/106568","targetHints":{"allow":["GET"]}}],"collection":[{"href":"https:\/\/www.dogsie.cz\/sk\/wp-json\/wp\/v2\/pages"}],"about":[{"href":"https:\/\/www.dogsie.cz\/sk\/wp-json\/wp\/v2\/types\/page"}],"author":[{"embeddable":true,"href":"https:\/\/www.dogsie.cz\/sk\/wp-json\/wp\/v2\/users\/1"}],"replies":[{"embeddable":true,"href":"https:\/\/www.dogsie.cz\/sk\/wp-json\/wp\/v2\/comments?post=106568"}],"version-history":[{"count":17,"href":"https:\/\/www.dogsie.cz\/sk\/wp-json\/wp\/v2\/pages\/106568\/revisions"}],"predecessor-version":[{"id":142945,"href":"https:\/\/www.dogsie.cz\/sk\/wp-json\/wp\/v2\/pages\/106568\/revisions\/142945"}],"wp:attachment":[{"href":"https:\/\/www.dogsie.cz\/sk\/wp-json\/wp\/v2\/media?parent=106568"}],"curies":[{"name":"wp","href":"https:\/\/api.w.org\/{rel}","templated":true}]}}