{"id":106569,"date":"2016-10-24T12:23:31","date_gmt":"2016-10-24T10:23:31","guid":{"rendered":"https:\/\/www.dogsie.cz\/partneri\/"},"modified":"2016-10-24T12:23:31","modified_gmt":"2016-10-24T10:23:31","slug":"partneri","status":"publish","type":"page","link":"https:\/\/www.dogsie.cz\/sk\/partneri\/","title":{"rendered":"Partne\u0159i"},"content":{"rendered":"\n    <div class=\"info-box info-box--center container container--850 site__section \">\n\n\t\t\n\t\t\n\t\t            <h2 class=\"title info-box__title info-box__title--luckiestguy\">Podporujeme<\/h2>\n\t\t\n\t\t\n\t\t            <div class=\"info-box__desc\">\n\t\t\t\tJi\u017e p\u0159i zakl\u00e1d\u00e1n\u00ed projektu jsme v\u011bd\u011bli, \u017ee chceme spole\u010dnosti tak\u00e9 vracet. S&nbsp;t\u011bmito partnery spolupracujeme od \u00fapln\u00e9ho za\u010d\u00e1tku a&nbsp;jsme jim vd\u011b\u010dn\u00ed za to, s&nbsp;jakou l\u00e1skou a&nbsp;trp\u011blivost\u00ed se staraj\u00ed o&nbsp;nalezen\u00e9 a&nbsp;t\u00fdran\u00e9 pejsky, kter\u00fdm hledaj\u00ed nov\u00fd domov.            <\/div>\n\t\t\t\n\t\t\n\t\t\n\t\t\n\n        <\/div>\n\n\t\t\n\n\n<section class=\"wp-block-uagb-section uagb-section__wrap uagb-section__background-undefined uagb-block-8895e6df\"><div class=\"uagb-section__overlay\"><\/div><div class=\"uagb-section__inner-wrap\">\n<section class=\"wp-block-uagb-columns uagb-columns__wrap uagb-columns__background-undefined uagb-columns__stack-mobile uagb-columns__valign-undefined uagb-columns__gap-10 alignundefined uagb-block-8844eac6\"><div class=\"uagb-columns__overlay\"><\/div><div class=\"uagb-columns__inner-wrap uagb-columns__columns-2\">\n<div class=\"wp-block-uagb-column uagb-column__wrap uagb-column__background-undefined uagb-block-ab5d62d5\"><div class=\"uagb-column__overlay\"><\/div><div class=\"uagb-column__inner-wrap\">\n<figure class=\"wp-block-image size-full\"><img loading=\"lazy\" decoding=\"async\" width=\"136\" height=\"80\" src=\"https:\/\/www.dogsie.cz\/wp-content\/uploads\/2020\/10\/nejvernejsi-logo.svg\" alt=\"\" class=\"wp-image-105116\"\/><\/figure>\n<\/div><\/div>\n\n\n\n<div class=\"wp-block-uagb-column uagb-column__wrap uagb-column__background-undefined uagb-block-2f4b08c6\"><div class=\"uagb-column__overlay\"><\/div><div class=\"uagb-column__inner-wrap\">\n<p class=\"has-text-color has-normal-font-size\" style=\"color:#513400\">Spolek PES nejv\u011brn\u011bj\u0161\u00ed p\u0159\u00edtel zalo\u017een\u00fd na za\u010d\u00e1tku roku 2015 se stal na\u0161\u00edm prvn\u00edm partnerem, a&nbsp;to hlavn\u011b d\u00edky c\u00edlev\u011bdomosti zakladatelek a&nbsp;jejich obrovsk\u00e9mu nad\u0161en\u00ed pro v\u011bc. C\u00edlem spolku je pom\u00e1hat nemocn\u00fdm, star\u00fdm nebo opu\u0161t\u011bn\u00fdm ps\u016fm a&nbsp;chr\u00e1nit je p\u0159ed t\u00fdr\u00e1n\u00edm \u010di nevhodn\u00fdm zach\u00e1zen\u00edm. Zabezpe\u010duj\u00ed jim veterin\u00e1rn\u00ed p\u00e9\u010di, kvalitn\u00ed krmen\u00ed a&nbsp;poskytuj\u00ed pejsk\u016fm do\u010dasn\u00fd domov, dokud spole\u010dn\u00fdmi silami nenajdou domov nov\u00fd, vhodn\u011bj\u0161\u00ed. Provoz spolku a&nbsp;ve\u0161ker\u00e9 n\u00e1klady s&nbsp;t\u00edm spojen\u00e9 jsou kompletn\u011b financov\u00e1ny z&nbsp;dobrovoln\u00fdch p\u0159\u00edsp\u011bvk\u016f a&nbsp;dar\u016f. P\u0159esto\u017ee se spolek rychle rozr\u016fst\u00e1, pr\u00e1ce m\u00e1 \u010d\u00edm d\u00e1l t\u00edm v\u00edce a&nbsp;nezvl\u00e1d\u00e1 pom\u00e1hat v\u0161em ps\u016fm v&nbsp;nouzi, kter\u00fdm by si p\u0159\u00e1l. Do toho se situace v&nbsp;\u010cR st\u00e1le zhor\u0161uje (nap\u0159. probl\u00e9m mno\u017e\u00edren), a&nbsp;tak douf\u00e1me, \u017ee na\u0161e spolupr\u00e1ce pozitivn\u011b p\u0159isp\u011bje ke zlep\u0161en\u00ed t\u00e9to situace.<\/p>\n<\/div><\/div>\n<\/div><\/section>\n\n\n\n<section class=\"wp-block-uagb-columns uagb-columns__wrap uagb-columns__background-undefined uagb-columns__stack-mobile uagb-columns__valign-undefined uagb-columns__gap-10 alignundefined uagb-block-8754560a\"><div class=\"uagb-columns__overlay\"><\/div><div class=\"uagb-columns__inner-wrap uagb-columns__columns-2\">\n<div class=\"wp-block-uagb-column uagb-column__wrap uagb-column__background-undefined uagb-block-c00a4723\"><div class=\"uagb-column__overlay\"><\/div><div class=\"uagb-column__inner-wrap\">\n<figure class=\"wp-block-image size-large\"><img loading=\"lazy\" decoding=\"async\" width=\"75\" height=\"90\" src=\"https:\/\/www.dogsie.cz\/wp-content\/uploads\/2020\/10\/docasky-logo.svg\" alt=\"\" class=\"wp-image-105245\"\/><\/figure>\n<\/div><\/div>\n\n\n\n<div class=\"wp-block-uagb-column uagb-column__wrap uagb-column__background-undefined uagb-block-dbce3ece\"><div class=\"uagb-column__overlay\"><\/div><div class=\"uagb-column__inner-wrap\">\n<p class=\"has-text-color has-normal-font-size\" style=\"color:#513400\">Do\u010dasky.cz byly zalo\u017eeny dne 19.&nbsp;7.&nbsp;2013 skupinou dobrovoln\u00edk\u016f, kter\u00fdm nebyl a&nbsp;st\u00e1le nen\u00ed osud opu\u0161t\u011bn\u00fdch, toulav\u00fdch \u010di t\u00fdran\u00fdch ps\u016f lhostejn\u00fd. Hlavn\u00ed n\u00e1pln\u00ed \u010dinnosti spolku je poskytov\u00e1n\u00ed do\u010dasn\u00e9 p\u00e9\u010de opu\u0161t\u011bn\u00fdm ps\u016fm do doby, ne\u017e se pro n\u011b nalezne vhodn\u00e1 adoptivn\u00ed rodina, roz\u0161i\u0159uje pov\u011bdom\u00ed ve\u0159ejnosti o&nbsp;mo\u017enostech DP. D\u00e1le se v\u011bnuje resocializaci psychicky naru\u0161en\u00fdch ps\u016f, poskytuje poradenstv\u00ed v&nbsp;oblasti v\u00fdchovy a&nbsp;p\u00e9\u010de o&nbsp;psa, v&nbsp;neposledn\u00ed \u0159ad\u011b usiluje o&nbsp;legislativn\u00ed zm\u011bny v&nbsp;oblasti chovu ps\u016f v&nbsp;dom\u00e1cnostech.<\/p>\n<\/div><\/div>\n<\/div><\/section>\n\n\n\n<p><\/p>\n<\/div><\/section>\n\n\n<div class=\"site__section-footer button button--center\">\n  <a href=\"https:\/\/www.dogsie.cz\/vyber-balicku-dogsie\/\">\n    <button class=\"btn btn--primary\">Po\u0159\u00eddit Dogsie<\/button>\n  <\/a>\n<\/div>\n","protected":false},"excerpt":{"rendered":"","protected":false},"author":1,"featured_media":0,"parent":0,"menu_order":0,"comment_status":"closed","ping_status":"closed","template":"","meta":{"_uag_custom_page_level_css":"","footnotes":""},"class_list":["post-106569","page","type-page","status-publish","hentry"],"uagb_featured_image_src":{"full":false,"thumbnail":false,"medium":false,"medium_large":false,"large":false,"1536x1536":false,"2048x2048":false,"blog-featured":false,"blog-recommended":false,"single-featured":false,"review":false,"product-card":false,"woocommerce_thumbnail":false,"woocommerce_single":false,"woocommerce_gallery_thumbnail":false,"140-140":false},"uagb_author_info":{"display_name":"Tom\u00e1\u0161 Pokorn\u00fd","author_link":"https:\/\/www.dogsie.cz\/sk\/author\/admin\/"},"uagb_comment_info":0,"uagb_excerpt":null,"_links":{"self":[{"href":"https:\/\/www.dogsie.cz\/sk\/wp-json\/wp\/v2\/pages\/106569","targetHints":{"allow":["GET"]}}],"collection":[{"href":"https:\/\/www.dogsie.cz\/sk\/wp-json\/wp\/v2\/pages"}],"about":[{"href":"https:\/\/www.dogsie.cz\/sk\/wp-json\/wp\/v2\/types\/page"}],"author":[{"embeddable":true,"href":"https:\/\/www.dogsie.cz\/sk\/wp-json\/wp\/v2\/users\/1"}],"replies":[{"embeddable":true,"href":"https:\/\/www.dogsie.cz\/sk\/wp-json\/wp\/v2\/comments?post=106569"}],"version-history":[{"count":0,"href":"https:\/\/www.dogsie.cz\/sk\/wp-json\/wp\/v2\/pages\/106569\/revisions"}],"wp:attachment":[{"href":"https:\/\/www.dogsie.cz\/sk\/wp-json\/wp\/v2\/media?parent=106569"}],"curies":[{"name":"wp","href":"https:\/\/api.w.org\/{rel}","templated":true}]}}