{"id":106570,"date":"2016-09-19T23:20:17","date_gmt":"2016-09-19T21:20:17","guid":{"rendered":"https:\/\/www.dogsie.cz\/ochrana-osobnich-udaju\/"},"modified":"2016-09-19T23:20:17","modified_gmt":"2016-09-19T21:20:17","slug":"ochrana-osobnich-udaju","status":"publish","type":"page","link":"https:\/\/www.dogsie.cz\/sk\/landpage\/ochrana-osobnich-udaju\/","title":{"rendered":"Ochrana osobn\u00edch \u00fadaj\u016f"},"content":{"rendered":"\n    <div class=\"info-box info-box--center container container--850 site__section \">\n\n\t\t\n\t\t\n\t\t            <h2 class=\"title info-box__title info-box__title--luckiestguy\">Ochrana osobn\u00edch \u00fadaj\u016f<\/h2>\n\t\t\n\t\t\n\t\t            <div class=\"info-box__desc\">\n\t\t\t\t<strong>Informace o&nbsp;zpracov\u00e1n\u00ed osobn\u00edch \u00fadaj\u016f<\/strong>            <\/div>\n\t\t\t\n\t\t\n\t\t\n\t\t\n\n        <\/div>\n\n\t\t\n\n\n<section class=\"wp-block-uagb-section uagb-section__wrap uagb-section__background-undefined uagb-block-47624bff\"><div class=\"uagb-section__overlay\"><\/div><div class=\"uagb-section__inner-wrap\">\n<p><span style=\"color: #52321f;\">V\u00e1\u017een\u00ed z\u00e1kazn\u00edci,<\/span><\/p>\n<p><span style=\"color: #52321f;\">jednou z&nbsp;na\u0161ich priorit je ochrana Va\u0161ich osobn\u00edch \u00fadaj\u016f. V&nbsp;tomto dokumentu najdete v\u0161echny pot\u0159ebn\u00e9 informace ohledn\u011b Va\u0161ich osobn\u00edch \u00fadaj\u016f zpracov\u00e1van\u00fdch spole\u010dnost\u00ed <strong>HumbleWood s.r.o.<\/strong>, I\u010cO: 05289785, se s\u00eddlem Kam\u00fdck\u00e1 1281, Suchdol, 165&nbsp;00 Praha 6, zapsan\u00e9 v&nbsp;obchodn\u00edm rejst\u0159\u00edku veden\u00e9m u&nbsp;M\u011bstsk\u00e9ho soudu v&nbsp;Praze, odd\u00edl C, vlo\u017eka 261292 (d\u00e1le jen \u201e<strong>Provozovatel<\/strong>\u201c), coby spr\u00e1vcem osobn\u00edch \u00fadaj\u016f, v&nbsp;souvislosti s&nbsp;provozem e-shopu Provozovatele na webov\u00e9 str\u00e1nce <a style=\"color: #52321f;\" href=\"http:\/\/www.dogsie.cz\">www.dogsie.cz<\/a> (d\u00e1le jen \u201e<strong>Web dogsie.cz<\/strong>\u201c), prost\u0159ednictv\u00edm kter\u00e9ho u\u017eivatel\u00e9 uzav\u00edraj\u00ed kupn\u00ed smlouvy (d\u00e1le jen \u201e<strong>Kupn\u00ed<\/strong> <strong>smlouva<\/strong>\u201c) s&nbsp;Provozovatelem.<\/span><\/p>\n<p><span style=\"color: #52321f;\">Pro jak\u00e9koli ot\u00e1zky t\u00fdkaj\u00edc\u00ed se ochrany soukrom\u00ed a&nbsp;uplat\u0148ov\u00e1n\u00ed Va\u0161ich pr\u00e1v vyu\u017eijte e-mail vase@dogsie.cz.<\/span><\/p>\n<h3><span style=\"color: #52321f;\">1.     Za jak\u00fdm \u00fa\u010delem a&nbsp;jak\u00e9 osobn\u00ed \u00fadaje zpracov\u00e1v\u00e1me?<\/span><\/h3>\n<h4><span style=\"color: #52321f;\"><strong>1.1.          <\/strong><strong>Uzav\u0159en\u00ed Smlouvy a&nbsp;pln\u011bn\u00ed Smlouvy<\/strong><\/span><\/h4>\n<p><span style=\"color: #52321f;\">Osobn\u00ed \u00fadaje zpracov\u00e1v\u00e1me za \u00fa\u010delem uzav\u0159en\u00ed Kupn\u00ed smlouvy a&nbsp;realizace z\u00e1vazk\u016f ze Kupn\u00ed smlouvy. K&nbsp;tomu pot\u0159ebujeme \u00fadaje v&nbsp;n\u00e1sleduj\u00edc\u00edm rozsahu:<\/span><\/p>\n<ul>\n<li><span style=\"color: #52321f;\">identifika\u010dn\u00ed \u00fadaje (jm\u00e9no, p\u0159\u00edjmen\u00ed), p\u0159\u00edpadn\u011b identifika\u010dn\u00ed \u00fadaje fyzick\u00fdch osob v&nbsp;anga\u017em\u00e1, pokud je Kupn\u00ed smlouva uzav\u00edr\u00e1na za kupuj\u00edc\u00edho \u2013 pr\u00e1vnickou osobu,<\/span><\/li>\n<li><span style=\"color: #52321f;\">kontaktn\u00ed \u00fadaje (e-mail, telefonn\u00ed \u010d\u00edslo, doru\u010dovac\u00ed a&nbsp;faktura\u010dn\u00ed adresa), p\u0159\u00edpadn\u011b kontaktn\u00ed \u00fadaje fyzick\u00fdch osob v&nbsp;anga\u017em\u00e1, pokud je Kupn\u00ed smlouva uzav\u00edr\u00e1na za kupuj\u00edc\u00edho \u2013 pr\u00e1vnickou osobu,<\/span><\/li>\n<li><span style=\"color: #52321f;\">v z\u00e1vislosti na volbu zp\u016fsobu platby za V\u00e1mi objednan\u00e9 zbo\u017e\u00ed t\u00e9\u017e \u010d\u00edslo bankovn\u00edho \u00fa\u010dtu a&nbsp;jin\u00e9 platebn\u00ed \u00fadaje,<\/span><\/li>\n<li><span style=\"color: #52321f;\">informace z&nbsp;komunikace s&nbsp;V\u00e1mi a&nbsp;informace o&nbsp;pln\u011bn\u00ed Kupn\u00ed smlouvy,<\/span><\/li>\n<li><span style=\"color: #52321f;\">narozeniny a&nbsp;jm\u00e9no psa pat\u0159\u00edc\u00edho osob\u011b uveden\u00e9 v&nbsp;Kupn\u00ed smlouv\u011b.<\/span><\/li>\n<\/ul>\n<p><span style=\"color: #52321f;\">Jako\u017eto na\u0161im z\u00e1kazn\u00edk\u016fm V\u00e1m za \u00fa\u010delem usnadn\u011bn\u00ed objedn\u00e1v\u00e1n\u00ed zbo\u017e\u00ed prost\u0159ednictv\u00edm rozhran\u00ed Webu dogsie.cz z\u0159izujeme po uzav\u0159en\u00ed Kupn\u00ed smlouvy U\u017eivatelsk\u00fd \u00fa\u010det. V&nbsp;souvislosti s&nbsp;t\u00edm, nad r\u00e1mec v\u00fd\u0161e uveden\u00fdch \u00fadaj\u016f, zpracov\u00e1v\u00e1me tak\u00e9:<\/span><\/p>\n<ul>\n<li><span style=\"color: #52321f;\">\u00fadaje o&nbsp;Va\u0161ich objedn\u00e1vk\u00e1ch a&nbsp;p\u0159edplatn\u00fdch,<\/span><\/li>\n<li><span style=\"color: #52321f;\">p\u0159\u00edstupov\u00e9 \u00fadaje (u\u017eivatelsk\u00e9 jm\u00e9no a&nbsp;heslo),<\/span><\/li>\n<li><span style=\"color: #52321f;\">\u00fadaje o&nbsp;odm\u011bn\u00e1ch z\u00edskan\u00fdch za n\u00e1kupy u&nbsp;Provozovatele.<\/span><\/li>\n<\/ul>\n<p><span style=\"color: #52321f;\">Zpracov\u00e1n\u00ed t\u011bchto osobn\u00edch \u00fadaj\u016f je nezbytn\u00e9 pro sjedn\u00e1n\u00ed Kupn\u00ed smlouvy a&nbsp;pln\u011bn\u00ed na\u0161ich smluvn\u00edch povinnost\u00ed plynouc\u00edch z&nbsp;Kupn\u00ed smlouvy.<\/span><\/p>\n<h4><span style=\"color: #52321f;\"><strong>1.2.          <\/strong><strong>Opr\u00e1vn\u011bn\u00e9 z\u00e1jmy a&nbsp;pr\u00e1vn\u00ed povinnosti<\/strong><\/span><\/h4>\n<p><span style=\"color: #52321f;\">V od\u016fvodn\u011bn\u00fdch p\u0159\u00edpadech zpracov\u00e1v\u00e1me osobn\u00ed \u00fadaje i&nbsp;za \u00fa\u010delem ochrany na\u0161ich z\u00e1jm\u016f, typicky v&nbsp;p\u0159\u00edpad\u011b pr\u00e1vn\u00edch spor\u016f, \u0159\u00edzen\u00ed p\u0159ed soudem \u010di p\u0159i kontrol\u00e1ch ze strany org\u00e1n\u016f ve\u0159ejn\u00e9 spr\u00e1vy (\u010cesk\u00e1 obchodn\u00ed inspekce apod.). Zde mus\u00edme prokazovat, \u017ee jsme p\u0159i pln\u011bn\u00ed Kupn\u00ed smlouvy jednali v&nbsp;souladu s&nbsp;pr\u00e1vn\u00edmi p\u0159edpisy.<\/span><\/p>\n<p><span style=\"color: #52321f;\">\u010casto zpracov\u00e1n\u00ed osobn\u00edho \u00fadaje ukl\u00e1d\u00e1 i&nbsp;z\u00e1kon, zde zpracov\u00e1v\u00e1me osobn\u00ed \u00fadaje typicky p\u0159i veden\u00ed \u00fa\u010detnictv\u00ed a&nbsp;pln\u011bn\u00ed souvisej\u00edc\u00edch da\u0148ov\u00fdch povinnost\u00ed nebo archivov\u00e1n\u00ed.<\/span><\/p>\n<p><span style=\"color: #52321f;\">Vzhledem ke skute\u010dnosti, \u017ee v\u00e1m v&nbsp;p\u0159\u00edpad\u011b uzav\u00edr\u00e1n\u00ed Kupn\u00ed smlouvy skrze e-shop na Webu dogsie.cz umo\u017e\u0148ujeme hradit kupn\u00ed cenu t\u00e9\u017e prost\u0159ednictv\u00edm platebn\u00ed br\u00e1ny GoPay provozovan\u00e9 spole\u010dnost\u00ed GOPAY s.r.o., I\u010cO: 260&nbsp;46&nbsp;768, se s\u00eddlem Plan\u00e1 67, PS\u010c 37001 (d\u00e1le jen \u201e<strong>GOPAY<\/strong>\u201c), mus\u00edme plnit povinnosti, kter\u00e9 pro n\u00e1s vypl\u00fdvaj\u00ed ze smlouvy uzav\u0159en\u00e9 se spole\u010dnost\u00ed GOPAY. Mezi takov\u00e9 na\u0161e povinnosti pat\u0159\u00ed i&nbsp;povinnost uchov\u00e1vat doklady o&nbsp;dod\u00e1n\u00ed zbo\u017e\u00ed na\u0161im z\u00e1kazn\u00edk\u016fm.<\/span><\/p>\n<h4><span style=\"color: #52321f;\"><strong>1.3.          <\/strong><strong>Zas\u00edl\u00e1n\u00ed informac\u00ed a&nbsp;novinek o&nbsp;na\u0161ich slu\u017eb\u00e1ch \u010di v\u00fdrobc\u00edch (obchodn\u00edch sd\u011blen\u00ed)<\/strong><\/span><\/h4>\n<p><span style=\"color: #52321f;\">Na\u0161im z\u00e1kazn\u00edk\u016fm, u&nbsp;kter\u00fdch jsme z\u00edskali jejich e-mail a\/nebo telefon v&nbsp;souvislosti s&nbsp;uzav\u0159en\u00edm Kupn\u00ed smlouvy, nebo osob\u00e1m, kter\u00e9 se p\u0159ihl\u00e1sili k&nbsp;odb\u011bru novinek prost\u0159ednictv\u00edm Webu dogsie.cz, a&nbsp;za t\u00edmto \u00fa\u010delem n\u00e1m sd\u011blili sv\u016fj e-mail, zpracov\u00e1v\u00e1me tyto osobn\u00ed \u00fadaje za \u00fa\u010delem zas\u00edl\u00e1n\u00ed informac\u00ed a&nbsp;novinek o&nbsp;na\u0161ich slu\u017eb\u00e1ch \u010di v\u00fdrobc\u00edch. V&nbsp;p\u0159\u00edpad\u011b, \u017ee nechcete tyto zpr\u00e1vy dost\u00e1vat, m\u00e1te mo\u017enost se kdykoli zdarma odhl\u00e1sit. Zp\u016fsob bude v\u017edy uveden v&nbsp;r\u00e1mci takov\u00e9ho sd\u011blen\u00ed. V&nbsp;p\u0159\u00edpad\u011b, \u017ee tyto zpr\u00e1vu v\u016fbec nechcete dost\u00e1vat, kontaktujte n\u00e1s na e-mailu uveden\u00e9m v\u00fd\u0161e.<\/span><\/p>\n<p><span style=\"color: #52321f;\">V r\u00e1mci na\u0161\u00ed \u010dinnosti m\u016f\u017ee doch\u00e1zet k&nbsp;profilov\u00e1n\u00ed (nap\u0159. pro \u00fa\u010dely c\u00edlen\u00ed reklamy), p\u0159i jak\u00e9mkoli rozhodov\u00e1n\u00ed o&nbsp;pr\u00e1vech a&nbsp;povinnostech na\u0161ich z\u00e1kazn\u00edk\u016f je v\u0161ak v\u017edy zahrnut lidsk\u00fd faktor.<\/span><\/p>\n<p><span style=\"color: #52321f;\">Za \u00fa\u010delem zji\u0161\u0165ov\u00e1n\u00ed, jak Web dogsie.cz vyu\u017e\u00edv\u00e1n a&nbsp;jeho n\u00e1sledn\u00e9ho zlep\u0161ov\u00e1n\u00ed pak sledujeme i&nbsp;chov\u00e1n\u00ed na\u0161ich klient\u016f pomoc\u00ed tzv. logov\u00e1n\u00ed a&nbsp;trackov\u00e1n\u00ed (tedy historii p\u0159ihla\u0161ov\u00e1n\u00ed a&nbsp;vyu\u017e\u00edv\u00e1n\u00ed jednotliv\u00fdch funkc\u00ed Webu dogsie.cz).<\/span><\/p>\n<h3><span style=\"color: #52321f;\">2.     Od koho osobn\u00ed \u00fadaje dost\u00e1v\u00e1me a&nbsp;komu je p\u0159ed\u00e1v\u00e1me?<\/span><\/h3>\n<p><span style=\"color: #52321f;\">Osobn\u00ed \u00fadaje z\u00edsk\u00e1v\u00e1me prim\u00e1rn\u011b od V\u00e1s. Jste povinni n\u00e1m poskytovat pouze p\u0159esn\u00e9 \u00fadaje a&nbsp;pokud se Va\u0161e osobn\u00ed \u00fadaje zm\u011bn\u00ed, mus\u00edte \u00fadaje aktualizovat.<\/span><\/p>\n<p><span style=\"color: #52321f;\">Automatizovan\u011b z\u00edsk\u00e1v\u00e1me \u00fadaje, kter\u00e9 vzniknou Va\u0161\u00ed aktivitou v&nbsp;r\u00e1mci Webu dogsie.cz.<\/span><\/p>\n<p><span style=\"color: #52321f;\">Osobn\u00ed \u00fadaje nejsou p\u0159ed\u00e1v\u00e1ny mimo EU, nen\u00ed-li n\u00ed\u017ee uvedeno jinak.<\/span><\/p>\n<p><span style=\"color: #52321f;\">Ke zpracov\u00e1n\u00ed Va\u0161ich osobn\u00edch \u00fadaj\u016f vyu\u017e\u00edv\u00e1me n\u00e1sleduj\u00edc\u00ed zpracovatele:<\/span><\/p>\n<ul>\n<li><span style=\"color: #52321f;\">Integromat s.r.o., I\u010cO: 29152861 (provozovatel slu\u017eby Integromat slou\u017e\u00edc\u00ed k&nbsp;automatizaci aplikac\u00ed, webov\u00fdch str\u00e1nek a&nbsp;slu\u017eeb t\u0159et\u00edch stran),<\/span><\/li>\n<li><span style=\"color: #52321f;\">The Rocket Science Group, LLC, se s\u00eddlem 675 Ponce de Leon Ave NE, Suite 5000, Atlanta, GA 30308 USA (provozovatel slu\u017eby rozes\u00edl\u00e1n\u00ed e-mailov\u00fdch kampan\u00ed MailChimp); m\u016f\u017ee se jednat o&nbsp;p\u0159ed\u00e1n\u00ed \u00fadaj\u016f do USA za podm\u00ednek tzv. Privacy Shieldu (<a style=\"color: #52321f;\" href=\"https:\/\/www.privacyshield.gov\/welcome\">https:\/\/www.privacyshield.gov\/<\/a>)<\/span><\/li>\n<li><span style=\"color: #52321f;\">CZ, s.r.o., I\u010cO: 02762943 (provozovatel slu\u017eeb automatizovan\u00e9ho e-mailingu)<\/span><\/li>\n<li><span style=\"color: #52321f;\">Google Ireland Limited, registra\u010dn\u00ed \u010d\u00edslo: 368047, se s\u00eddlem Gordon House, Barrow Street, Dublin 4, Irsko (provozovatel slu\u017eby Google Disc, Google AdWords)<\/span><\/li>\n<li><span style=\"color: #52321f;\">Adlive marketing s.r.o., I\u010cO: 05850827 (slu\u017eby marketingov\u00e9 agentury)<\/span><\/li>\n<li><span style=\"color: #52321f;\">Datagran (n\u00e1stroj pro optimalizaci kampan\u00ed na s\u00edt\u00edch Facebook a&nbsp;Instagram),<\/span><\/li>\n<li><span style=\"color: #52321f;\">Solitea \u010cesk\u00e1 republika, a.s., I\u010cO: 25568736 (provozovatel slu\u017eby iDoklad)<\/span><\/li>\n<li><span style=\"color: #52321f;\">\u00da\u010detn\u00ed mentoring, s.r.o., I\u010cO: 03961427 (poskytovatel \u00fa\u010detn\u00edch slu\u017eeb)<\/span><\/li>\n<li><span style=\"color: #52321f;\">Central Warehouse Solution s.r.o., I\u010cO: 04253311 (poskytovatel slu\u017eby Skladon \u2013 odbavov\u00e1n\u00ed zbo\u017e\u00ed, slu\u017eby fulfilmentu)<\/span><\/li>\n<li><span style=\"color: #52321f;\">Facebook Ireland &#8211; 4 Grand Canal Square, Dublin, Ireland Dublin 2 (slu\u017eba Facebook a&nbsp;Instagram)<\/span><\/li>\n<li><span style=\"color: #52321f;\">Z\u00e1silkovna s.r.o., I\u010cO: 28408306, provozovatel slu\u017eby Z\u00e1silkovna,<\/span><\/li>\n<li><span style=\"color: #52321f;\">Aut O\u2019Mattic A8C Ireland Ltd., Business Centre, No.1 Lower Mayor Street, International Financial Services Centre, Dublin 1, Ireland (provozovatel slu\u017eeb WordPress a&nbsp;WooCommerce pro spr\u00e1vu e-shopu, objedn\u00e1vkov\u00fd syst\u00e9m),<\/span><\/li>\n<li><span style=\"color: #52321f;\">Slack Technologies, Inc., 500 Howard Street, San Francisco, CA, 94105, United States (provozovatel aplikace Slack). Jedn\u00e1 se o&nbsp;p\u0159ed\u00e1n\u00ed osobn\u00edch \u00fadaj\u016f do USA za podm\u00ednek tzv. Privacy Shieldu.<\/span><\/li>\n<\/ul>\n<p><span style=\"color: #52321f;\">Osobn\u00ed \u00fadaje mohou b\u00fdt p\u0159ed\u00e1ny org\u00e1n\u016fm ve\u0159ejn\u00e9 spr\u00e1vy za \u00fa\u010delem v\u00fdkonu jejich z\u00e1konn\u00fdch opr\u00e1vn\u011bn\u00ed.<\/span><\/p>\n<p><span style=\"color: #52321f;\">Osobn\u00ed \u00fadaje mohou b\u00fdt p\u0159ed\u00e1ny t\u00e9\u017e spole\u010dnosti GOPAY v&nbsp;souvislosti s&nbsp;pln\u011bn\u00edm na\u0161ich z\u00e1vazk\u016f v\u016f\u010di t\u00e9to spole\u010dnosti, a&nbsp;d\u00e1le jednotliv\u00fdm p\u0159epravc\u016fm zaji\u0161\u0165uj\u00edc\u00edm doru\u010dov\u00e1n\u00ed zbo\u017e\u00ed na\u0161im z\u00e1kazn\u00edk\u016fm.<\/span><\/p>\n<h3><span style=\"color: #52321f;\">3.     Jak zpracov\u00e1v\u00e1me osobn\u00ed \u00fadaje?<\/span><\/h3>\n<p><span style=\"color: #52321f;\">Va\u0161e osobn\u00ed \u00fadaje zpracov\u00e1v\u00e1me manu\u00e1ln\u011b v&nbsp;souladu s&nbsp;p\u0159\u00edslu\u0161n\u00fdm \u00fa\u010delem, kde je nezbytn\u00e9 \u010di vhodn\u00e9 manu\u00e1ln\u00ed zpracov\u00e1n\u00ed. P\u0159i spr\u00e1v\u011b Va\u0161ich dat mohou vystupovat na\u0161i zam\u011bstnanci \u010di jin\u00e9 osoby pro n\u00e1s pracuj\u00edc\u00ed, a&nbsp;to mimo jin\u00e9 za \u00fa\u010delem odstra\u0148ov\u00e1n\u00ed chyb, nep\u0159esnost\u00ed apod. Tyto osoby v\u0161ak mohou zpracov\u00e1vat osobn\u00ed \u00fadaje pouze za podm\u00ednek a&nbsp;v&nbsp;rozsahu v\u00fd\u0161e uveden\u00e9m a&nbsp;jsou v\u00e1z\u00e1ny povinnost\u00ed zachov\u00e1vat ml\u010denlivost o&nbsp;osobn\u00edch \u00fadaj\u00edch a&nbsp;o&nbsp;bezpe\u010dnostn\u00edch opat\u0159en\u00edch, jejich\u017e zve\u0159ejn\u011bn\u00ed by ohrozilo zabezpe\u010den\u00ed osobn\u00edch \u00fadaj\u016f.<\/span><\/p>\n<p><span style=\"color: #52321f;\">Osobn\u00ed \u00fadaje mohou b\u00fdt zpracov\u00e1v\u00e1ny v&nbsp;elektronick\u00e9 podob\u011b automatizovan\u00fdmi prost\u0159edky, a&nbsp;to konkr\u00e9tn\u011b na Webu dogsie.cz, a&nbsp;d\u00e1le syst\u00e9my jednotliv\u00fdch zpracovatel\u016f, jak jsou uvedeny v\u00fd\u0161e.<\/span><\/p>\n<p><span style=\"color: #52321f;\">Osobn\u00ed \u00fadaje zpracov\u00e1v\u00e1me v\u017edy v&nbsp;souladu s&nbsp;p\u0159\u00edslu\u0161n\u00fdmi pr\u00e1vn\u00edmi p\u0159edpisy a&nbsp;zaji\u0161\u0165ujeme jim n\u00e1le\u017eitou p\u00e9\u010di a&nbsp;ochranu. Star\u00e1me se, abyste neutrp\u011bli \u00fajmu na sv\u00fdch pr\u00e1vech, zejm\u00e9na na pr\u00e1vu na zachov\u00e1n\u00ed lidsk\u00e9 d\u016fstojnosti, a&nbsp;nezasahujeme do Va\u0161eho soukrom\u00e9ho a&nbsp;osobn\u00edho \u017eivota.<\/span><\/p>\n<h3><span style=\"color: #52321f;\">4.     Jak dlouho zpracov\u00e1v\u00e1me osobn\u00ed \u00fadaje?<\/span><\/h3>\n<h4><span style=\"color: #52321f;\"><strong>4.1.          <\/strong><strong>Kupn\u00ed smlouva, U\u017eivatelsk\u00fd \u00fa\u010det a&nbsp;opr\u00e1vn\u011bn\u00e9 z\u00e1jmy<\/strong><\/span><\/h4>\n<p><span style=\"color: #52321f;\">Va\u0161e osobn\u00ed \u00fadaje zpracov\u00e1van\u00e9 pro \u00fa\u010dely pln\u011bn\u00ed Kupn\u00ed smlouvy uchov\u00e1v\u00e1me po dobu \u00fa\u010dinnosti Kupn\u00ed smlouvy.<\/span><\/p>\n<p><span style=\"color: #52321f;\">Pot\u00e9 Va\u0161e \u00fadaje uchov\u00e1me po dobu b\u011bhu p\u0159\u00edslu\u0161n\u00fdch proml\u010dec\u00edch lh\u016ft (kter\u00e9 mohou b\u00fdt v&nbsp;\u010cesk\u00e9 republice a\u017e 15 let od vzniku relevantn\u00ed ud\u00e1losti) za \u00fa\u010delem vy\u0159izov\u00e1n\u00ed reklamac\u00ed a&nbsp;uplat\u0148ov\u00e1n\u00ed pr\u00e1v v\u016f\u010di Provozovateli, resp. ochrany na\u0161ich pr\u00e1v p\u0159i uplat\u0148ov\u00e1n\u00ed pr\u00e1v v\u016f\u010di V\u00e1m. V&nbsp;t\u00e9to souvislosti zpracov\u00e1v\u00e1me Va\u0161e identifika\u010dn\u00ed \u00fadaje (jm\u00e9no a&nbsp;p\u0159\u00edjmen\u00ed, I\u010cO, DI\u010c, bydli\u0161t\u011b\/s\u00eddlo) a&nbsp;kontaktn\u00ed \u00fadaje (e-mail, telefon), p\u0159\u00edpadn\u011b takov\u00e9 identifika\u010dn\u00ed a&nbsp;kontaktn\u00ed \u00fadaje fyzick\u00fdch osob v&nbsp;anga\u017em\u00e1, \u00fadaje o&nbsp;pln\u011bn\u00ed Kupn\u00ed smlouvy (obsah Kupn\u00ed smlouvy, informace o&nbsp;jej\u00edm pln\u011bn\u00ed), informace z&nbsp;komunikace s&nbsp;V\u00e1mi. Nen\u00ed-li to od\u016fvodn\u011bno zah\u00e1jen\u00edm ur\u010dit\u00e9ho \u0159\u00edzen\u00ed, zpracov\u00e1v\u00e1me \u00fadaje po dobu 5 let od z\u00e1niku Kupn\u00ed smlouvy.<\/span><\/p>\n<p><span style=\"color: #52321f;\">V\u00e1\u0161 U\u017eivatelsk\u00fd \u00fa\u010det, kter\u00fd V\u00e1m v&nbsp;r\u00e1mci Webu dogsie.cz zakl\u00e1d\u00e1me, uchov\u00e1v\u00e1me, dokud jej nezru\u0161\u00edte, nejd\u00e9le po dobu 5 let od okam\u017eiku posledn\u00edho p\u0159ihl\u00e1\u0161en\u00ed.<\/span><\/p>\n<h4><span style=\"color: #52321f;\"><strong>4.2.          <\/strong><strong>Pr\u00e1vn\u00ed povinnosti<\/strong><\/span><\/h4>\n<p><span style=\"color: #52321f;\"><strong>\u00da\u010detnictv\u00ed a&nbsp;archivace dokument\u016f<\/strong><\/span><\/p>\n<p><span style=\"color: #52321f;\">Osobn\u00ed \u00fadaje, kter\u00e9 vy\u017eaduje pr\u00e1vn\u00ed p\u0159edpis (typicky faktura\u010dn\u00ed \u00fadaje a&nbsp;informace o&nbsp;poskytovan\u00e9m pln\u011bn\u00ed), mus\u00edme zpracovat pro \u00fa\u010dely \u00fa\u010detnictv\u00ed a&nbsp;pln\u011bn\u00ed da\u0148ov\u00fdch povinnost\u00ed (event. pro \u00fa\u010dely archivace). Doba zpracov\u00e1n\u00ed je 5 let od konce \u00fa\u010detn\u00edho obdob\u00ed, v&nbsp;p\u0159\u00edpad\u011b doklad\u016f relevantn\u00edch pro platby DPH je to 10 let od konce zda\u0148ovac\u00edho obdob\u00ed, ve kter\u00e9m se pln\u011bn\u00ed uskute\u010dnilo.<\/span><\/p>\n<p><span style=\"color: #52321f;\">S ohledem na na\u0161i povinnost vypl\u00fdvaj\u00edc\u00ed ze smlouvy, kterou jsme uzav\u0159eli se spole\u010dnosti GOPAY, uchov\u00e1v\u00e1me po dobu 10 let od proveden\u00ed transakce (prost\u0159ednictv\u00edm platebn\u00ed br\u00e1ny GoPay) doklady o&nbsp;dod\u00e1n\u00ed zbo\u017e\u00ed V\u00e1m.<\/span><\/p>\n<p><span style=\"color: #52321f;\">Pot\u0159ebn\u00e9 osobn\u00ed \u00fadaje archivujeme v&nbsp;souladu s&nbsp;po\u017eadavky z\u00e1kona o&nbsp;archivnictv\u00ed.<\/span><\/p>\n<h4><span style=\"color: #52321f;\"><strong>4.3.          <\/strong><strong>Zas\u00edl\u00e1n\u00ed obchodn\u00edch sd\u011blen\u00ed<\/strong><\/span><\/h4>\n<p><span style=\"color: #52321f;\">Obchodn\u00ed sd\u011blen\u00ed, jak je uvedeno v\u00fd\u0161e, zas\u00edl\u00e1me, dokud se neodhl\u00e1s\u00edte. Tato mo\u017enost je uvedena v&nbsp;r\u00e1mci ka\u017ed\u00e9ho sd\u011blen\u00ed a&nbsp;je zdarma.<\/span><\/p>\n<p><span style=\"color: #52321f;\">Osobn\u00ed \u00fadaje nejsou zpracov\u00e1ny na z\u00e1klad\u011b souhlasu, a&nbsp;tedy nen\u00ed mo\u017en\u00e9 odvol\u00e1vat souhlas se zpracov\u00e1n\u00edm. V\u017edy v\u0161ak na z\u00e1klad\u011b \u017e\u00e1dosti posoud\u00edme, zda dan\u00e9 \u00fadaje ji\u017e nen\u00ed nutn\u00e9 zpracov\u00e1vat.<\/span><\/p>\n<h3><span style=\"color: #52321f;\">5.     Jak\u00e1 m\u00e1te pr\u00e1va?<\/span><\/h3>\n<h4><span style=\"color: #52321f;\">V prv\u00e9 \u0159ad\u011b m\u00e1te pr\u00e1vo n\u00e1s po\u017e\u00e1dat o&nbsp;p\u0159\u00edstup k&nbsp;Va\u0161im osobn\u00edm \u00fadaj\u016fm v\u010detn\u011b vyhotoven\u00ed kopie v\u0161ech nosi\u010d\u016f Va\u0161ich osobn\u00edch \u00fadaj\u016f a&nbsp;poskytnut\u00ed seznamu zpracov\u00e1van\u00fdch osobn\u00edch \u00fadaj\u016f.<\/span><\/h4>\n<p><span style=\"color: #52321f;\">V\u017edy V\u00e1s budeme informovat o:<\/span><\/p>\n<ol>\n<li><span style=\"color: #52321f;\">\u00fa\u010delu zpracov\u00e1n\u00ed osobn\u00edch \u00fadaj\u016f,<\/span><\/li>\n<li><span style=\"color: #52321f;\">osobn\u00edch \u00fadaj\u00edch, p\u0159\u00edpadn\u011b kategori\u00edch osobn\u00edch \u00fadaj\u016f, kter\u00e9 jsou p\u0159edm\u011btem zpracov\u00e1n\u00ed, v\u010detn\u011b ve\u0161ker\u00fdch dostupn\u00fdch informac\u00ed o&nbsp;jejich zdroji,<\/span><\/li>\n<li><span style=\"color: #52321f;\">povaze automatizovan\u00e9ho zpracov\u00e1n\u00ed v\u010detn\u011b profilov\u00e1n\u00ed a&nbsp;informace t\u00fdkaj\u00edc\u00ed se pou\u017eit\u00e9ho postupu, jako\u017e i&nbsp;v\u00fdznamu a&nbsp;p\u0159edpokl\u00e1dan\u00fdch d\u016fsledk\u016f takov\u00e9ho zpracov\u00e1n\u00ed pro subjekt \u00fadaj\u016f,<\/span><\/li>\n<li><span style=\"color: #52321f;\">p\u0159\u00edjemci, p\u0159\u00edpadn\u011b kategori\u00edch p\u0159\u00edjemc\u016f,<\/span><\/li>\n<li><span style=\"color: #52321f;\">pl\u00e1novan\u00e9 dob\u011b, po kterou budou osobn\u00ed \u00fadaje ulo\u017eeny, nebo nen\u00ed-li ji mo\u017en\u00e9 ur\u010dit, krit\u00e9ria pou\u017eit\u00e1 ke stanoven\u00ed t\u00e9to doby,<\/span><\/li>\n<li><span style=\"color: #52321f;\">ve\u0161ker\u00fdch dostupn\u00fdch informac\u00ed o&nbsp;zdroji osobn\u00edch \u00fadaj\u016f, pokud nejsou z\u00edsk\u00e1ny od V\u00e1s.<\/span><\/li>\n<\/ol>\n<h4><span style=\"color: #52321f;\">Mezi Va\u0161e dal\u0161\u00ed pr\u00e1va pat\u0159\u00ed<\/span><\/h4>\n<ol>\n<li><span style=\"color: #52321f;\">po\u017e\u00e1dat n\u00e1s o&nbsp;vysv\u011btlen\u00ed,<\/span><\/li>\n<li><span style=\"color: #52321f;\">po\u017eadovat, abychom odstranili vznikl\u00fd stav, zejm\u00e9na se m\u016f\u017ee jednat o&nbsp;blokov\u00e1n\u00ed, proveden\u00ed opravy, dopln\u011bn\u00ed, omezen\u00ed zpracov\u00e1n\u00ed nebo likvidaci osobn\u00edch \u00fadaj\u016f (pr\u00e1vo b\u00fdt zapomenut),<\/span><\/li>\n<li><span style=\"color: #52321f;\">po\u017eadovat osobn\u00ed \u00fadaje, kter\u00e9 se V\u00e1s t\u00fdkaj\u00ed ve strukturovan\u00e9m, b\u011b\u017en\u011b pou\u017e\u00edvan\u00e9m a&nbsp;strojov\u011b \u010diteln\u00e9m form\u00e1tu, a&nbsp;p\u0159edat tyto \u00fadaje jin\u00e9mu spr\u00e1vci, ani\u017e bychom tomu jakkoli br\u00e1nili,<\/span><\/li>\n<li><span style=\"color: #52321f;\">podat dotaz, resp. st\u00ed\u017enost na \u00da\u0159ad pro ochranu osobn\u00edch \u00fadaj\u016f, se s\u00eddlem Sochora 27, 170&nbsp;00 Praha 7,<\/span><\/li>\n<li><span style=\"color: #52321f;\">vzn\u00e9st n\u00e1mitku proti zpracov\u00e1n\u00ed osobn\u00edch \u00fadaj\u016f, kter\u00e9 se V\u00e1s t\u00fdkaj\u00ed.<\/span><\/li>\n<\/ol>\n<h3><span style=\"color: #52321f;\">6.     Jak Va\u0161e osobn\u00ed \u00fadaje chr\u00e1n\u00edme<\/span><\/h3>\n<p><span style=\"color: #52321f;\">K zabezpe\u010den\u00ed \u00fadaj\u016f slou\u017e\u00ed mimo jin\u00e9 n\u00e1sleduj\u00edc\u00ed prost\u0159edky zabezpe\u010den\u00ed:<\/span><\/p>\n<ul>\n<li><span style=\"color: #52321f;\">Antivirov\u00e9 ochrany, firewally,<\/span><\/li>\n<li><span style=\"color: #52321f;\">\u0160ifrov\u00e1n\u00ed,<\/span><\/li>\n<li><span style=\"color: #52321f;\">Ochrana p\u0159\u00edstupov\u00fdmi hesly, autoriza\u010dn\u00edmi \u00fadaji,<\/span><\/li>\n<li><span style=\"color: #52321f;\">Prost\u0159edky fyzick\u00e9 ochrany (st\u0159e\u017een\u00e9 objekty, uzamykateln\u00e9 prostory), a&nbsp;dal\u0161\u00ed.<\/span><\/li>\n<\/ul>\n<\/div><\/section>\n","protected":false},"excerpt":{"rendered":"","protected":false},"author":1,"featured_media":0,"parent":106572,"menu_order":0,"comment_status":"closed","ping_status":"closed","template":"template-default-typography-boxed.php","meta":{"_uag_custom_page_level_css":"","footnotes":""},"class_list":["post-106570","page","type-page","status-publish","hentry"],"uagb_featured_image_src":{"full":false,"thumbnail":false,"medium":false,"medium_large":false,"large":false,"1536x1536":false,"2048x2048":false,"blog-featured":false,"blog-recommended":false,"single-featured":false,"review":false,"product-card":false,"woocommerce_thumbnail":false,"woocommerce_single":false,"woocommerce_gallery_thumbnail":false,"140-140":false},"uagb_author_info":{"display_name":"Tom\u00e1\u0161 Pokorn\u00fd","author_link":"https:\/\/www.dogsie.cz\/sk\/author\/admin\/"},"uagb_comment_info":0,"uagb_excerpt":null,"_links":{"self":[{"href":"https:\/\/www.dogsie.cz\/sk\/wp-json\/wp\/v2\/pages\/106570","targetHints":{"allow":["GET"]}}],"collection":[{"href":"https:\/\/www.dogsie.cz\/sk\/wp-json\/wp\/v2\/pages"}],"about":[{"href":"https:\/\/www.dogsie.cz\/sk\/wp-json\/wp\/v2\/types\/page"}],"author":[{"embeddable":true,"href":"https:\/\/www.dogsie.cz\/sk\/wp-json\/wp\/v2\/users\/1"}],"replies":[{"embeddable":true,"href":"https:\/\/www.dogsie.cz\/sk\/wp-json\/wp\/v2\/comments?post=106570"}],"version-history":[{"count":0,"href":"https:\/\/www.dogsie.cz\/sk\/wp-json\/wp\/v2\/pages\/106570\/revisions"}],"up":[{"embeddable":true,"href":"https:\/\/www.dogsie.cz\/sk\/wp-json\/wp\/v2\/pages\/106572"}],"wp:attachment":[{"href":"https:\/\/www.dogsie.cz\/sk\/wp-json\/wp\/v2\/media?parent=106570"}],"curies":[{"name":"wp","href":"https:\/\/api.w.org\/{rel}","templated":true}]}}