{"id":106573,"date":"2020-03-23T11:31:17","date_gmt":"2020-03-23T10:31:17","guid":{"rendered":"https:\/\/www.dogsie.cz\/aktualni-informace-2\/"},"modified":"2020-03-23T11:31:17","modified_gmt":"2020-03-23T10:31:17","slug":"aktualni-informace","status":"publish","type":"page","link":"https:\/\/www.dogsie.cz\/sk\/aktualni-informace\/","title":{"rendered":"COVID-19: Aktu\u00e1ln\u00ed informace pro na\u0161e z\u00e1kazn\u00edky"},"content":{"rendered":"\n    <div class=\"info-box info-box--center container container--850 site__section \">\n\n\t\t\n\t\t            <div class=\"title title--widget\">COVID-19<\/div>\n\t\t\n\t\t            <h2 class=\"title info-box__title info-box__title--luckiestguy\">Aktu\u00e1ln\u00ed informace<\/h2>\n\t\t\n\t\t\n\t\t            <div class=\"info-box__desc\">\n\t\t\t\tDogsie je tu pro v\u00e1s i&nbsp;po \u010das nouzov\u00fdch opat\u0159en\u00ed. Ps\u00ed radost pos\u00edl\u00e1me d\u00e1l, p\u0159\u00edprava a&nbsp;expedice objedn\u00e1vek funguje v&nbsp;norm\u00e1ln\u00edm re\u017eimu s&nbsp;dodate\u010dn\u00fdmi hygienick\u00fdmi opat\u0159en\u00edmi.            <\/div>\n\t\t\t\n\t\t\n\t\t\n\t\t\n\n        <\/div>\n\n\t\t\r\n\r\n\r\n<section class=\"wp-block-uagb-section uagb-section__wrap uagb-section__background-undefined uagb-block-1af62aea\"><div class=\"uagb-section__overlay\"><\/div><div class=\"uagb-section__inner-wrap\">\r\n<h4 class=\"p1\">1. V\u00fdb\u011br doru\u010dovac\u00ed adresy<\/h4>\r\n<p class=\"p1\">Zvol\u00edte-li si doru\u010den\u00ed bal\u00ed\u010dku na adresu, <strong>ujist\u011bte se pros\u00edm, \u017ee je adresa spr\u00e1vn\u00e1 a&nbsp;\u017ee nejde o&nbsp;m\u00edsto, kter\u00e9 je uzav\u0159en\u00e9 ve spojitosti s&nbsp;pandemi\u00ed<\/strong> (\u0161kola, obchod, firma apod.). Na tato m\u00edsta toti\u017e kur\u00fd\u0159i v&nbsp;sou\u010dasnosti nedoru\u010duj\u00ed a&nbsp;bal\u00ed\u010dek by se bohu\u017eel vr\u00e1til zp\u011bt k&nbsp;n\u00e1m.<\/p>\r\n<h4 class=\"p1\">2. Doru\u010den\u00ed p\u0159es Z\u00e1silkovnu<\/h4>\r\n<p class=\"p1\">V\u00fddejn\u00ed s\u00ed\u0165 <a href=\"https:\/\/blog.zasilkovna.cz\/aktualni-situace\/\">Z\u00e1silkovny<\/a> v&nbsp;\u010cesk\u00e9 republice a&nbsp;na Slovensku nad\u00e1le funguje. I&nbsp;v\u00fddejn\u00ed m\u00edsta v&nbsp;provozovn\u00e1ch, kter\u00e9 maj\u00ed d\u00edky nouzov\u00e9mu stavu z\u00e1kaz prodeje, mohou d\u00e1l p\u0159ij\u00edmat a&nbsp;vyd\u00e1vat z\u00e1silky bez omezen\u00ed. D\u00edky zv\u00fd\u0161en\u00e9mu z\u00e1jmu nav\u00edc Z\u00e1silkovn\u011b rychle p\u0159ib\u00fdvaj\u00ed nov\u00e1 v\u00fddejn\u00ed m\u00edsta.<\/p>\r\n<h4 class=\"p1\">3. Doru\u010den\u00ed p\u0159es GLS<\/h4>\r\n<p class=\"p1\">\u010cesk\u00fdm z\u00e1kazn\u00edk\u016fm GLS doru\u010duje z\u00e1silky na adresu bez omezen\u00ed, p\u0159ed\u00e1n\u00ed prob\u00edh\u00e1 s&nbsp;co nejv\u011bt\u0161\u00edm omezen\u00edm fyzick\u00e9ho kontaktu. Aktualizovan\u00e1 mapa GLS ParcelShop\u016f <a href=\"https:\/\/ps-maps.gls-czech.cz\/\">tady<\/a>.<\/p>\r\n<p class=\"p1\">Na Slovensku z\u00e1silky doru\u010dovan\u00e9 GLS nab\u00edraj\u00ed zpo\u017ed\u011bn\u00ed. Bal\u00ed\u010dky proto podle aktu\u00e1ln\u00ed kapacity pos\u00edl\u00e1me i&nbsp;p\u0159es Slovenskou po\u0161tu a&nbsp;Remax, aby k&nbsp;v\u00e1m dorazily bez zbyte\u010dn\u00e9ho zdr\u017een\u00ed.<\/p>\r\n<h4 class=\"p1\">4. Doru\u010den\u00ed p\u0159es \u010ceskou po\u0161tu<\/h4>\r\n<p class=\"p1\">\u010cesk\u00e1 po\u0161ta d\u00e1l doru\u010duje z\u00e1silky na adresu. Pokud v\u00e1s \u010cP nezastihne s&nbsp;doru\u010dov\u00e1n\u00edm, je mo\u017en\u00e9 po\u017e\u00e1dat o&nbsp;n\u00e1hradn\u00ed pokus o&nbsp;doru\u010den\u00ed soused\u016fm. Aktu\u00e1ln\u00ed p\u0159ehled pobo\u010dek najdete na <a href=\"https:\/\/www.ceskaposta.cz\/uzavrene-provozovny\">webu \u010cesk\u00e9 po\u0161ty<\/a>.<\/p>\r\n<h4 class=\"p1\">5. Doru\u010den\u00ed p\u0159es Slovenskou po\u0161tu<\/h4>\r\n<p class=\"p1\">Slovensk\u00e1 po\u0161ta d\u00e1l doru\u010duje z\u00e1silky na adresu. Od vyzvednut\u00ed na pobo\u010dk\u00e1ch ale odrazuje, prodlu\u017euje zdarma \u00falo\u017en\u00ed dobu a&nbsp;doporu\u010duje vyu\u017e\u00edvat Bal\u00edkoBOX. Zkracuje se tak\u00e9 otev\u00edrac\u00ed doba n\u011bkter\u00fdch pobo\u010dek.<\/p>\r\n<\/div><\/section>\r\n","protected":false},"excerpt":{"rendered":"","protected":false},"author":1,"featured_media":0,"parent":0,"menu_order":0,"comment_status":"closed","ping_status":"closed","template":"","meta":{"_uag_custom_page_level_css":"","footnotes":""},"class_list":["post-106573","page","type-page","status-publish","hentry"],"uagb_featured_image_src":{"full":false,"thumbnail":false,"medium":false,"medium_large":false,"large":false,"1536x1536":false,"2048x2048":false,"blog-featured":false,"blog-recommended":false,"single-featured":false,"review":false,"product-card":false,"woocommerce_thumbnail":false,"woocommerce_single":false,"woocommerce_gallery_thumbnail":false,"140-140":false},"uagb_author_info":{"display_name":"Tom\u00e1\u0161 Pokorn\u00fd","author_link":"https:\/\/www.dogsie.cz\/sk\/author\/admin\/"},"uagb_comment_info":0,"uagb_excerpt":null,"_links":{"self":[{"href":"https:\/\/www.dogsie.cz\/sk\/wp-json\/wp\/v2\/pages\/106573","targetHints":{"allow":["GET"]}}],"collection":[{"href":"https:\/\/www.dogsie.cz\/sk\/wp-json\/wp\/v2\/pages"}],"about":[{"href":"https:\/\/www.dogsie.cz\/sk\/wp-json\/wp\/v2\/types\/page"}],"author":[{"embeddable":true,"href":"https:\/\/www.dogsie.cz\/sk\/wp-json\/wp\/v2\/users\/1"}],"replies":[{"embeddable":true,"href":"https:\/\/www.dogsie.cz\/sk\/wp-json\/wp\/v2\/comments?post=106573"}],"version-history":[{"count":0,"href":"https:\/\/www.dogsie.cz\/sk\/wp-json\/wp\/v2\/pages\/106573\/revisions"}],"wp:attachment":[{"href":"https:\/\/www.dogsie.cz\/sk\/wp-json\/wp\/v2\/media?parent=106573"}],"curies":[{"name":"wp","href":"https:\/\/api.w.org\/{rel}","templated":true}]}}