{"id":134016,"date":"2022-03-01T15:46:13","date_gmt":"2022-03-01T14:46:13","guid":{"rendered":"https:\/\/www.dogsie.cz\/?page_id=134016"},"modified":"2022-03-04T23:29:04","modified_gmt":"2022-03-04T22:29:04","slug":"pomoc-zviratum-na-ukrajine","status":"publish","type":"page","link":"https:\/\/www.dogsie.cz\/sk\/pomoc-zviratum-na-ukrajine\/","title":{"rendered":"Pomoc zv\u00ed\u0159at\u016fm na Ukrajin\u011b"},"content":{"rendered":"\n<figure class=\"wp-block-image size-large\"><img loading=\"lazy\" decoding=\"async\" width=\"1200\" height=\"457\" src=\"https:\/\/www.dogsie.cz\/wp-content\/uploads\/2022\/03\/navrh-bez-nazvu-43-1200x457.png\" alt=\"\" class=\"wp-image-134067\" srcset=\"https:\/\/www.dogsie.cz\/wp-content\/uploads\/2022\/03\/navrh-bez-nazvu-43-1200x457.png 1200w, https:\/\/www.dogsie.cz\/wp-content\/uploads\/2022\/03\/navrh-bez-nazvu-43-600x228.png 600w, https:\/\/www.dogsie.cz\/wp-content\/uploads\/2022\/03\/navrh-bez-nazvu-43-768x292.png 768w, https:\/\/www.dogsie.cz\/wp-content\/uploads\/2022\/03\/navrh-bez-nazvu-43-96x37.png 96w, https:\/\/www.dogsie.cz\/wp-content\/uploads\/2022\/03\/navrh-bez-nazvu-43-42x16.png 42w, https:\/\/www.dogsie.cz\/wp-content\/uploads\/2022\/03\/navrh-bez-nazvu-43-60x23.png 60w, https:\/\/www.dogsie.cz\/wp-content\/uploads\/2022\/03\/navrh-bez-nazvu-43-1536x585.png 1536w, https:\/\/www.dogsie.cz\/wp-content\/uploads\/2022\/03\/navrh-bez-nazvu-43.png 1920w\" sizes=\"auto, (max-width: 1200px) 100vw, 1200px\" \/><\/figure>\n\n\n\n    <div class=\"info-box info-box--center container container--850 site__section \">\n\n\t\t\n\t\t\n\t\t            <h2 class=\"title info-box__title info-box__title--luckiestguy\">Rozcestn\u00edk<\/h2>\n\t\t\n\t\t\n\t\t            <div class=\"info-box__desc\">\n\t\t\t\tV\u00e1lka, kter\u00e1 pr\u00e1v\u011b te\u010f prob\u00edh\u00e1 na Ukrajin\u011b, zas\u00e1hla nejen lidi, ale tak\u00e9 zv\u00ed\u0159ata. A&nbsp;pomoc pot\u0159ebuj\u00ed v\u0161ichni. <strong>Jsme v&nbsp;aktivn\u00edm spojen\u00ed s&nbsp;\u010desk\u00fdmi neziskov\u00fdmi organizacemi, kter\u00e9 \u00fatulk\u016fm a&nbsp;zv\u00ed\u0159at\u016fm na Ukrajin\u011b pom\u00e1haj\u00ed. Ve spolupr\u00e1ci s&nbsp;nimi p\u0159in\u00e1\u0161\u00edme informace o&nbsp;mo\u017enostech, jak zv\u00ed\u0159at\u016fm nejv\u00edce pomoci.<\/strong><br><br>Zaj\u00edm\u00e1 V\u00e1s konkr\u00e9tn\u00ed pomoc? Klikn\u011bte na jeden z&nbsp;odkaz\u016f:<br><a href=\"https:\/\/www.dogsie.cz\/pomoc-zviratum-na-ukrajine\/#financnipomoc\"><br><\/a><a href=\"https:\/\/www.dogsie.cz\/pomoc-zviratum-na-ukrajine\/#materialnipomoc\">Materi\u00e1ln\u00ed pomoc<\/a><br><a href=\"https:\/\/www.dogsie.cz\/pomoc-zviratum-na-ukrajine\/#financnipomoc\">Finan\u010dn\u00ed pomoc<\/a><a href=\"https:\/\/www.dogsie.cz\/pomoc-zviratum-na-ukrajine\/#materialnipomoc\"><br><\/a><a href=\"https:\/\/www.dogsie.cz\/pomoc-zviratum-na-ukrajine\/#vstupzvirat\">Vstup zv\u00ed\u0159at z&nbsp;Ukrajiny do ostatn\u00edch zem\u00ed<br><\/a><a href=\"https:\/\/www.dogsie.cz\/pomoc-zviratum-na-ukrajine\/#docasnapece\">Do\u010dasn\u00e1 p\u00e9\u010de v&nbsp;\u010cR<\/a>            <\/div>\n\t\t\t\n\t\t\n\t\t\n\t\t\n\n        <\/div>\n\n\t\t\n\n\n<section class=\"wp-block-uagb-section uagb-section__wrap uagb-section__background-undefined uagb-block-37223638\" id=\"materialnipomoc\"><div class=\"uagb-section__overlay\"><\/div><div class=\"uagb-section__inner-wrap\">\n    <div class=\"info-box info-box--left container container--850 site__section \">\n\n\t\t\n\t\t\n\t\t            <h2 class=\"title info-box__title info-box__title--luckiestguy\">Materi\u00e1ln\u00ed pomoc<\/h2>\n\t\t\n\t\t\n\t\t            <div class=\"info-box__desc\">\n\t\t\t\tNa Facebooku vznikla skupina, kter\u00e1 se materi\u00e1ln\u00ed sb\u00edrce pro zv\u00ed\u0159ata p\u0159\u00edmo v\u011bnuje a&nbsp;organizuje ji. Vznikla ve spolupr\u00e1ci s&nbsp;Pln\u00e9 b\u0159\u00ed\u0161ko z. s. a&nbsp;dal\u0161\u00edmi \u00fatulky, azyly a&nbsp;spolky. Spole\u010dn\u011b organizuj\u00ed odvoz materi\u00e1ln\u00ed pomoci do jednotliv\u00fdch \u00fatulk\u016f na Ukrajin\u011b, kter\u00e9 se poda\u0159ilo kontaktovat. Sb\u011brn\u00e1 m\u00edsta najdete po cel\u00e9 \u010cesk\u00e9 republice. <a href=\"https:\/\/www.facebook.com\/groups\/ukrajina2022\">V\u00edce informac\u00ed i&nbsp;adresy m\u00edst najdete p\u0159\u00edmo ve skupin\u011b<\/a>.<br><br><em><strong>Pozor:<\/strong> V\u017edy pros\u00edm pe\u010dliv\u011b zkontrolujte, zda je vybran\u00e9 sb\u011brn\u00e9 m\u00edsto aktu\u00e1ln\u00ed. Pokud ji\u017e dal\u0161\u00ed v\u011bci nep\u0159ij\u00edm\u00e1, pod\u00edvejte se po jin\u00e9m sb\u011brn\u00e9m m\u00edst\u011b ve sv\u00e9m okol\u00ed. Aby se p\u0159ede\u0161lo zmatk\u016fm, neorganizujte sb\u011brn\u00e1 m\u00edsta samostatn\u011b a&nbsp;rad\u011bji se p\u0159idejte k&nbsp;ji\u017e zaveden\u00fdm sb\u011brn\u00fdm m\u00edst\u016fm, kter\u00e9 organizuj\u00ed v\u011bt\u0161\u00ed organizace.<\/em><br><br><strong>Co te\u010f \u00fatulky pot\u0159ebuj\u00ed nejv\u00edce?<br><\/strong>&#8211; Krmivo (<strong>granule<\/strong> a&nbsp;konzervy)<br>&#8211; L\u00e9ky a&nbsp;od\u010dervovac\u00ed tablety<br>&#8211; Su\u0161en\u00e9 ml\u00e9ko pro ko\u0165ata a&nbsp;\u0161t\u011b\u0148ata<br>&#8211; D\u0159evit\u00e1 vlna a&nbsp;deky<br>&#8211; Zdravotnick\u00fd materi\u00e1l (dezinfekce, obvazy, \u010dtverce, rukavice, kanyly)<br>&#8211; Hygienick\u00e9 pot\u0159eby (podlo\u017eky, pleny, vlh\u010den\u00e9 ubrousky)            <\/div>\n\t\t\t\n\t\t\n\t\t\n\t\t\n\n        <\/div>\n\n\t\t<\/div><\/section>\n\n\n\n<section class=\"wp-block-uagb-section uagb-section__wrap uagb-section__background-undefined uagb-block-b4449eeb\" id=\"financnipomoc\"><div class=\"uagb-section__overlay\"><\/div><div class=\"uagb-section__inner-wrap\">\n    <div class=\"info-box info-box--left container container--850 site__section \">\n\n\t\t\n\t\t\n\t\t            <h2 class=\"title info-box__title info-box__title--luckiestguy\">Finan\u010dn\u00ed pomoc<\/h2>\n\t\t\n\t\t\n\t\t            <div class=\"info-box__desc\">\n\t\t\t\tV \u010cesk\u00e9 republice i&nbsp;na Slovensku ji\u017e vzniklo mnoho sb\u00edrek na pomoc na Ukrajin\u011b. Nap\u0159\u00edklad na str\u00e1nce <a href=\"https:\/\/www.darujme.cz\">darujme.cz<\/a> najdete kategorii sb\u00edrek pro pomoc Ukrajin\u011b. Mezi nimi je ji\u017e n\u011bkolik sb\u00edrek na pomoc ps\u016fm a&nbsp;dal\u0161\u00edm zv\u00ed\u0159at\u016fm v&nbsp;nouzi:<br><br><a href=\"https:\/\/www.darujme.cz\/projekt\/1205979\"><\/a><a href=\"https:\/\/www.darujme.cz\/projekt\/1205979\"><strong>Svoboda zv\u00ed\u0159at: Pomoc zv\u00ed\u0159at\u016fm na Ukrajin\u011b<\/strong><\/a><br>Svoboda zv\u00ed\u0159at je organizace, kter\u00e1 po\u0159\u00e1d\u00e1 sb\u00edrku \u201ePomoc zv\u00ed\u0159at\u016fm na Ukrajin\u011b. Vybranou \u010d\u00e1stku zas\u00edl\u00e1 ukrajinsk\u00e9 organizaci UAnimals, kter\u00e1 d\u00e1le p\u0159erozd\u011bluje finan\u010dn\u00ed dary mezi ukrajinsk\u00e9 \u00fatulky, z\u00e1chrann\u00e9 stanice a&nbsp;zv\u00ed\u0159ec\u00ed azyly.<br><br><a href=\"https:\/\/www.darujme.cz\/projekt\/1205954\"><\/a><a href=\"https:\/\/www.darujme.cz\/projekt\/1205954\"><strong>Ps\u00ed \u017eivot, z. s.: Pomoc ukrajinsk\u00e9mu \u00fatulku Friend<\/strong><\/a><br>Ps\u00ed \u017eivot, z. s. je organizace, kter\u00e1 se zam\u011b\u0159uje p\u0159edev\u0161\u00edm na zv\u00ed\u0159ata, kter\u00e1 pat\u0159\u00ed lidem bez domova. Nyn\u00ed po\u0159\u00e1d\u00e1 sb\u00edrku pro \u00fatulek Friend i&nbsp;dal\u0161\u00ed \u00fatulky na Ukrajin\u011b, kter\u00e9 pom\u00e1haj\u00ed zran\u011bn\u00fdm a&nbsp;opu\u0161t\u011bn\u00fdm zv\u00ed\u0159at\u016fm, jejich\u017e po\u010det bohu\u017eel nar\u016fst\u00e1.<br><br><a href=\"https:\/\/www.darujme.cz\/projekt\/1205978\"><\/a><a href=\"https:\/\/www.darujme.cz\/projekt\/1205978\"><strong>B\u011bhejme a&nbsp;pom\u00e1hejme \u00fatulk\u016fm z.s.: POMOC ost\u0159elovan\u00e9mu kyjevsk\u00e9mu \u00fatulku Gostomel a&nbsp;dal\u0161\u00edm 12 \u00fatulk\u016fm z&nbsp;m\u011bst Kyjev, Charkov, Od\u011bsa na Ukrajin\u011b<\/strong><\/a><br>Tato organizace obvykle pom\u00e1h\u00e1 hlavn\u011b t\u00fdran\u00fdm a&nbsp;opu\u0161t\u011bn\u00fdm ps\u016fm v&nbsp;\u010cR. Nyn\u00ed po\u0159\u00e1d\u00e1 sb\u00edrku pro \u00fatulky v&nbsp;ukrajinsk\u00e9m hlavn\u00edm m\u011bst\u011b a&nbsp;v&nbsp;jeho okol\u00ed. Tyto \u00fatulky se staraj\u00ed o&nbsp;stovky ps\u016f a&nbsp;ko\u010dek, kter\u00e9 jsou v\u00e1lkou p\u0159\u00edmo zasa\u017eeny.<br><br><a href=\"https:\/\/www.darujme.cz\/projekt\/1206002\"><strong>ZO \u010cSOP Spole\u010dnost pro zv\u00ed\u0159ata: SOS zv\u00ed\u0159ata UKRAJINA<\/strong><\/a><br>Neziskov\u00e1 organizace bojuj\u00edc\u00ed za pr\u00e1va zv\u00ed\u0159at na plnohodnotn\u00fd \u017eivot a&nbsp;dal\u0161\u00ed pomoc zv\u00ed\u0159at\u016fm po\u0159\u00e1d\u00e1 sb\u00edrku na pomoc v\u0161em zv\u00ed\u0159at\u016fm na Ukrajin\u011b. Finan\u010dn\u00ed p\u0159\u00edsp\u011bvky jsou zas\u00edl\u00e1ny \u00fatulk\u016fm, na n\u00e1kup krmen\u00ed, materi\u00e1lu, veterin\u00e1rn\u00edch l\u00e9k\u016f a&nbsp;trauma set\u016f, kter\u00fd doru\u010d\u00ed p\u0159\u00edmo do Ukrajiny.<br><br><a href=\"https:\/\/www.darujme.cz\/projekt\/1206004\"><strong>Veterin\u00e1\u0159i bez hranic \u010cR, o.p.s.: Prch\u00e1me spolu<\/strong><\/a><br>Veterin\u00e1\u0159i bez hranic \u010cR, o.p.s. je \u010desk\u00e1 neziskov\u00e1 organizace, kter\u00e1 si klade za c\u00edl pom\u00e1hat zv\u00ed\u0159at\u016fm a&nbsp;lidem tam, kde je to t\u0159eba. Nyn\u00ed ob\u010dan\u016fm Ukrajiny p\u0159ich\u00e1zej\u00edc\u00edm se sv\u00fdmi \u010dty\u0159noh\u00fdmi spole\u010dn\u00edky do \u010cesk\u00e9 republiky pom\u016f\u017ee uhradit n\u00e1klady na veterin\u00e1rn\u00ed p\u00e9\u010di, krmen\u00ed a&nbsp;z\u00e1kladn\u00ed chovatelsk\u00e9 pot\u0159eby.            <\/div>\n\t\t\t\n\t\t\n\t\t\n\t\t\n\n        <\/div>\n\n\t\t<\/div><\/section>\n\n\n\n<section class=\"wp-block-uagb-section uagb-section__wrap uagb-section__background-undefined uagb-block-289288b6\" id=\"vstupzvirat\"><div class=\"uagb-section__overlay\"><\/div><div class=\"uagb-section__inner-wrap\">\n    <div class=\"info-box info-box--left container container--850 site__section \">\n\n\t\t\n\t\t\n\t\t            <h2 class=\"title info-box__title info-box__title--luckiestguy\">Vstup zv\u00ed\u0159at z&nbsp;Ukrajiny<\/h2>\n\t\t\n\t\t\n\t\t            <div class=\"info-box__desc\">\n\t\t\t\t<strong>Polsko, Slovensko, Ma\u010farsko a&nbsp;Rumunsko<\/strong> umo\u017e\u0148uj\u00ed vstup zv\u00ed\u0159at z&nbsp;Ukrajiny na sv\u00e1 \u00fazem\u00ed i&nbsp;bez dokument\u016f. Ve\u0161ker\u00e9 formality se vy\u0159\u00edd\u00ed na hranic\u00edch. <strong>Je d\u016fle\u017eit\u00e9, aby lid\u00e9 na Ukrajin\u011b tyto informace v\u011bd\u011bli a&nbsp;nenech\u00e1vali sv\u00e1 zv\u00ed\u0159ata na Ukrajin\u011b. Sv\u00e9 mazl\u00ed\u010dky mohou vz\u00edt s&nbsp;sebou!<\/strong><br><br><strong>SLOVENSKO<\/strong><br>V\u0161echny 4 hrani\u010dn\u00ed p\u0159echody na Slovensko pou\u0161t\u00ed zv\u00ed\u0159ata bez dokument\u016f (zv\u00ed\u0159ata nemus\u00ed m\u00edt pas ani o\u010dkovac\u00ed pr\u016fkaz).\u00a0Na hranic\u00edch lid\u00e9 se zv\u00ed\u0159aty vypln\u00ed formul\u00e1\u0159 a&nbsp;ten se n\u00e1sledn\u011b p\u0159ed\u00e1 veterin\u00e1rn\u00ed spr\u00e1v\u011b. Zv\u00ed\u0159ata mus\u00ed do karant\u00e9ny na\u0159\u00edzen\u00e9 Slovenskem (5&nbsp;dn\u00ed).\u00a0Veterin\u00e1rn\u00ed spr\u00e1va p\u0159ed\u00e1 vypln\u011bn\u00fd formul\u00e1\u0159 konkr\u00e9tn\u00ed stanici, kde bude zv\u00ed\u0159e v&nbsp;karant\u00e9n\u011b. Stanice bude v&nbsp;kontaktu s&nbsp;majitelem a&nbsp;po uplynut\u00ed karant\u00e9ny zv\u00ed\u0159e vyd\u00e1 zp\u011bt do jeho rukou.<br><br><strong>\u010cESK\u00c1 REPUBLIKA<\/strong><br>Psi, ko\u010dky a&nbsp;fretky mohou nyn\u00ed do zem\u011b vstoupit voln\u011b i&nbsp;bez mikro\u010dipu, tetov\u00e1n\u00ed, doklad\u016f a&nbsp;vy\u0161et\u0159en\u00ed. Po vstupu plat\u00ed pro tato zv\u00ed\u0159ata karant\u00e9na trvaj\u00edc\u00ed 10&nbsp;dn\u00ed. Do t\u0159\u00ed dn\u016f mus\u00ed b\u00fdt zv\u00ed\u0159e vy\u0161et\u0159eno soukrom\u00fdm veterin\u00e1\u0159em, aby se p\u0159ede\u0161lo riziku vztekliny. Pokud zv\u00ed\u0159e nevykazuje p\u0159\u00edznaky vztekliny, bude proti n\u00ed nejpozd\u011bji des\u00e1t\u00fd den karant\u00e9ny nao\u010dkov\u00e1no, dostane mikro\u010dip a&nbsp;zv\u00ed\u0159eti se vystav\u00ed pr\u016fkaz. Ostatn\u00ed zv\u00ed\u0159ata nemaj\u00ed vstup do \u010cR nijak omezen.<br><br>Veterin\u00e1rn\u00ed pomoc ji\u017e nab\u00edz\u00ed mnoho veterin\u00e1\u0159\u016f a&nbsp;organizac\u00ed. Mimo jin\u00e9 ji nab\u00edz\u00ed nap\u0159\u00edklad <a href=\"https:\/\/veterina.czu.cz\">v\u00fdukov\u00e1 veterin\u00e1rn\u00ed ambulance \u010cesk\u00e9 zem\u011bd\u011blsk\u00e9 univerzity v&nbsp;Praze<\/a>, kter\u00e1 poskytne zdarma veterin\u00e1rn\u00ed vy\u0161et\u0159en\u00ed a&nbsp;o\u010dkov\u00e1n\u00ed proti vzteklin\u011b pro zv\u00ed\u0159ata, kter\u00e1 doprov\u00e1z\u00ed uprchl\u00edky z&nbsp;Ukrajiny. Organizace Veterin\u00e1\u0159i bez hranici n\u00e1s informovala o&nbsp;sv\u00e9m projektu <a href=\"http:\/\/www.vsf-cz.eu\/cz\/projekty\/prchame-spolu\">Prch\u00e1me spolu<\/a>, d\u00edky kter\u00e9mu jsou schopn\u00ed hradit n\u00e1klady na veterin\u00e1rn\u00ed p\u00e9\u010di, krmen\u00ed a&nbsp;chovatelsk\u00e9 pot\u0159eby.            <\/div>\n\t\t\t\n\t\t\n\t\t\n\t\t\n\n        <\/div>\n\n\t\t<\/div><\/section>\n\n\n\n<section class=\"wp-block-uagb-section uagb-section__wrap uagb-section__background-undefined uagb-block-f49b23f7\" id=\"docasnapece\"><div class=\"uagb-section__overlay\"><\/div><div class=\"uagb-section__inner-wrap\">\n    <div class=\"info-box info-box--left container container--850 site__section \">\n\n\t\t\n\t\t\n\t\t            <h2 class=\"title info-box__title info-box__title--luckiestguy\">Do\u010dasn\u00e1 p\u00e9\u010de v&nbsp;\u010cR<\/h2>\n\t\t\n\t\t\n\t\t            <div class=\"info-box__desc\">\n\t\t\t\t<strong><strong>Do\u010dasn\u00e1 p\u00e9\u010de zat\u00edm nen\u00ed mo\u017en\u00e1, proto\u017ee je velmi obt\u00ed\u017en\u00e9 p\u0159iv\u00e9zt opu\u0161t\u011bn\u00e1 zv\u00ed\u0159ata z&nbsp;Ukrajiny do \u010cesk\u00e9 republiky. Jsme v\u0161ak ve spojen\u00ed s&nbsp;neziskov\u00fdmi organizacemi a&nbsp;s&nbsp;na\u0161imi dlouholet\u00fdmi partnery, kte\u0159\u00ed budou pozd\u011bji do\u010dasnou p\u00e9\u010di pro pejsky hledat. Jakmile bude mo\u017en\u00e9 do\u010dasnou p\u00e9\u010di \u0159e\u0161it, budeme zde informovat o&nbsp;v\u0161ech mo\u017enostech.<\/strong><\/strong>            <\/div>\n\t\t\t\n\t\t\n\t\t\n\t\t\n\n        <\/div>\n\n\t\t<\/div><\/section>\n\n\n\n<p><\/p>\n","protected":false},"excerpt":{"rendered":"","protected":false},"author":1,"featured_media":0,"parent":0,"menu_order":0,"comment_status":"closed","ping_status":"closed","template":"template-default-typography-boxed.php","meta":{"_uag_custom_page_level_css":"","footnotes":""},"class_list":["post-134016","page","type-page","status-publish","hentry"],"uagb_featured_image_src":{"full":false,"thumbnail":false,"medium":false,"medium_large":false,"large":false,"1536x1536":false,"2048x2048":false,"blog-featured":false,"blog-recommended":false,"single-featured":false,"review":false,"product-card":false,"woocommerce_thumbnail":false,"woocommerce_single":false,"woocommerce_gallery_thumbnail":false,"140-140":false},"uagb_author_info":{"display_name":"Tom\u00e1\u0161 Pokorn\u00fd","author_link":"https:\/\/www.dogsie.cz\/sk\/author\/admin\/"},"uagb_comment_info":0,"uagb_excerpt":null,"_links":{"self":[{"href":"https:\/\/www.dogsie.cz\/sk\/wp-json\/wp\/v2\/pages\/134016","targetHints":{"allow":["GET"]}}],"collection":[{"href":"https:\/\/www.dogsie.cz\/sk\/wp-json\/wp\/v2\/pages"}],"about":[{"href":"https:\/\/www.dogsie.cz\/sk\/wp-json\/wp\/v2\/types\/page"}],"author":[{"embeddable":true,"href":"https:\/\/www.dogsie.cz\/sk\/wp-json\/wp\/v2\/users\/1"}],"replies":[{"embeddable":true,"href":"https:\/\/www.dogsie.cz\/sk\/wp-json\/wp\/v2\/comments?post=134016"}],"version-history":[{"count":34,"href":"https:\/\/www.dogsie.cz\/sk\/wp-json\/wp\/v2\/pages\/134016\/revisions"}],"predecessor-version":[{"id":134087,"href":"https:\/\/www.dogsie.cz\/sk\/wp-json\/wp\/v2\/pages\/134016\/revisions\/134087"}],"wp:attachment":[{"href":"https:\/\/www.dogsie.cz\/sk\/wp-json\/wp\/v2\/media?parent=134016"}],"curies":[{"name":"wp","href":"https:\/\/api.w.org\/{rel}","templated":true}]}}