{"id":135022,"date":"2022-03-31T14:40:19","date_gmt":"2022-03-31T12:40:19","guid":{"rendered":"https:\/\/www.dogsie.cz\/?page_id=135022"},"modified":"2025-04-01T12:00:06","modified_gmt":"2025-04-01T10:00:06","slug":"april-2025","status":"publish","type":"page","link":"https:\/\/www.dogsie.cz\/sk\/april-2025\/","title":{"rendered":"Apr\u00edl 2025"},"content":{"rendered":"\n<section class=\"wp-block-uagb-section uagb-section__wrap uagb-section__background-undefined uagb-block-55fc4526\"><div class=\"uagb-section__overlay\"><\/div><div class=\"uagb-section__inner-wrap\">\n\n<\/div><\/section>\n\n\n\n    <div class=\"info-box info-box--center container container--850 site__section \">\n\n\t\t\n\t\t\n\t\t            <h1 class=\"title info-box__title info-box__title--luckiestguy\">Apr\u00edl! \ud83d\ude42<\/h1>\n\t\t\n\t\t\n\t\t            <div class=\"info-box__desc\">\n\t\t\t\tHimal\u00e1jskou ty\u010dku s&nbsp;kokosov\u00fdm ml\u00e9kem zat\u00edm nem\u00e1me. Ale kreativita je z\u00e1klad p\u0159e\u017eit\u00ed, tak\u017ee kdov\u00ed? Mo\u017en\u00e1 se brzy n\u011bjak\u00e1 nov\u00e1 p\u0159\u00edchu\u0165 objev\u00ed. Napad\u00e1 n\u00e1s t\u0159eba Spicy PaP\u00c1JA. \ud83c\udf36\ufe0f\ud83e\udd6d Napi\u0161te n\u00e1m do koment\u00e1\u0159\u016f, jak\u00e1 p\u0159\u00edchu\u0165 by podle v\u00e1s byla hitem. Zat\u00edm si m\u016f\u017eete objednat <a href=\"https:\/\/www.dogsie.cz\/obchod\/himalajska-tycka\/\">klasiku<\/a> nebo <a href=\"https:\/\/www.dogsie.cz\/obchod\/dentalni-pamlsek-pro-psy-himalajska-tycka-se-spirulinou\/\">spirulinovou<\/a> variantu. <br><br>Aby v\u00e1m tento vt\u00edpek p\u0159inesl alespo\u0148 malou radost, m\u00e1me pro v\u00e1s 10&nbsp;% slevu na cel\u00fd n\u00e1kup. Sta\u010d\u00ed v&nbsp;ko\u0161\u00edku zadat k\u00f3d APRIL2025. K\u00f3d bude platit do 14.&nbsp;4.&nbsp;2025.            <\/div>\n\t\t\t\n\t\t\n\t\t            <div class=\"info-box__btn\">\n                <a href=\"https:\/\/www.dogsie.cz\/obchod\/\"\n                   class=\"btn btn--primary\">P\u0159ej\u00edt na e-shop<\/a>\n            <\/div>\n\t\t\n\t\t\n\n        <\/div>\n\n\t\t","protected":false},"excerpt":{"rendered":"","protected":false},"author":1,"featured_media":0,"parent":0,"menu_order":0,"comment_status":"closed","ping_status":"closed","template":"","meta":{"_uag_custom_page_level_css":"","footnotes":""},"class_list":["post-135022","page","type-page","status-publish","hentry"],"uagb_featured_image_src":{"full":false,"thumbnail":false,"medium":false,"medium_large":false,"large":false,"1536x1536":false,"2048x2048":false,"blog-featured":false,"blog-recommended":false,"single-featured":false,"review":false,"product-card":false,"woocommerce_thumbnail":false,"woocommerce_single":false,"woocommerce_gallery_thumbnail":false,"140-140":false},"uagb_author_info":{"display_name":"Tom\u00e1\u0161 Pokorn\u00fd","author_link":"https:\/\/www.dogsie.cz\/sk\/author\/admin\/"},"uagb_comment_info":0,"uagb_excerpt":null,"_links":{"self":[{"href":"https:\/\/www.dogsie.cz\/sk\/wp-json\/wp\/v2\/pages\/135022","targetHints":{"allow":["GET"]}}],"collection":[{"href":"https:\/\/www.dogsie.cz\/sk\/wp-json\/wp\/v2\/pages"}],"about":[{"href":"https:\/\/www.dogsie.cz\/sk\/wp-json\/wp\/v2\/types\/page"}],"author":[{"embeddable":true,"href":"https:\/\/www.dogsie.cz\/sk\/wp-json\/wp\/v2\/users\/1"}],"replies":[{"embeddable":true,"href":"https:\/\/www.dogsie.cz\/sk\/wp-json\/wp\/v2\/comments?post=135022"}],"version-history":[{"count":23,"href":"https:\/\/www.dogsie.cz\/sk\/wp-json\/wp\/v2\/pages\/135022\/revisions"}],"predecessor-version":[{"id":146686,"href":"https:\/\/www.dogsie.cz\/sk\/wp-json\/wp\/v2\/pages\/135022\/revisions\/146686"}],"wp:attachment":[{"href":"https:\/\/www.dogsie.cz\/sk\/wp-json\/wp\/v2\/media?parent=135022"}],"curies":[{"name":"wp","href":"https:\/\/api.w.org\/{rel}","templated":true}]}}