{"id":135906,"date":"2022-06-01T10:37:20","date_gmt":"2022-06-01T08:37:20","guid":{"rendered":"https:\/\/www.dogsie.cz\/?page_id=135906"},"modified":"2022-06-01T10:37:21","modified_gmt":"2022-06-01T08:37:21","slug":"poklad","status":"publish","type":"page","link":"https:\/\/www.dogsie.cz\/sk\/poklad\/","title":{"rendered":"Poklad"},"content":{"rendered":"\n<section class=\"wp-block-uagb-section uagb-section__wrap uagb-section__background-undefined uagb-block-6579ef6e\"><div class=\"uagb-section__overlay\"><\/div><div class=\"uagb-section__inner-wrap\">\n<div class=\"wp-block-image\"><figure class=\"aligncenter size-large is-resized\"><img loading=\"lazy\" decoding=\"async\" src=\"https:\/\/www.dogsie.cz\/wp-content\/uploads\/2022\/06\/poklad.png\" alt=\"\" class=\"wp-image-135907\" width=\"250\" height=\"250\" srcset=\"https:\/\/www.dogsie.cz\/wp-content\/uploads\/2022\/06\/poklad.png 500w, https:\/\/www.dogsie.cz\/wp-content\/uploads\/2022\/06\/poklad-300x300.png 300w, https:\/\/www.dogsie.cz\/wp-content\/uploads\/2022\/06\/poklad-96x96.png 96w, https:\/\/www.dogsie.cz\/wp-content\/uploads\/2022\/06\/poklad-42x42.png 42w, https:\/\/www.dogsie.cz\/wp-content\/uploads\/2022\/06\/poklad-60x60.png 60w, https:\/\/www.dogsie.cz\/wp-content\/uploads\/2022\/06\/poklad-250x250.png 250w, https:\/\/www.dogsie.cz\/wp-content\/uploads\/2022\/06\/poklad-100x100.png 100w\" sizes=\"auto, (max-width: 250px) 100vw, 250px\" \/><\/figure><\/div>\n\n\n\n    <div class=\"info-box info-box--center container container--850 site__section \">\n\n\t\t\n\t\t\n\t\t            <h2 class=\"title info-box__title info-box__title--baloo\"><strong>Gratulujeme, na\u0161li jste tajn\u00fd pir\u00e1tsk\u00fd poklad!<\/strong><\/h2>\n\t\t\n\t\t\n\t\t            <div class=\"info-box__desc\">\n\t\t\t\tV zakopan\u00e9 truhle se ukr\u00fdv\u00e1 slevov\u00fd k\u00f3d se\u00a0<strong>slevou 20&nbsp;%<\/strong>\u00a0na cokoliv z&nbsp;na\u0161eho e-shopu. Sta\u010d\u00ed zadat k\u00f3d\u00a0<strong>JSEMPIRAT\u00a0<\/strong>v ko\u0161\u00edku nebo pokladn\u011b a&nbsp;poklad je V\u00e1\u0161!<br><br>Slevov\u00fd k\u00f3d plat\u00ed do konce \u010dervence p\u0159i n\u00e1kupu nad 500&nbsp;K\u010d a&nbsp;ka\u017ed\u00fd pir\u00e1t m\u016f\u017ee k\u00f3d vyu\u017e\u00edt jednou. Tak co si u&nbsp;n\u00e1s vyberete?            <\/div>\n\t\t\t\n\t\t\n\t\t            <div class=\"info-box__btn\">\n                <a href=\"https:\/\/www.dogsie.cz\/obchod\/\"\n                   class=\"btn btn--primary\">Prozkoumat eshop<\/a>\n            <\/div>\n\t\t\n\t\t\n\n        <\/div>\n\n\t\t<\/div><\/section>\n","protected":false},"excerpt":{"rendered":"","protected":false},"author":1,"featured_media":0,"parent":0,"menu_order":0,"comment_status":"closed","ping_status":"closed","template":"","meta":{"_uag_custom_page_level_css":"","footnotes":""},"class_list":["post-135906","page","type-page","status-publish","hentry"],"uagb_featured_image_src":{"full":false,"thumbnail":false,"medium":false,"medium_large":false,"large":false,"1536x1536":false,"2048x2048":false,"blog-featured":false,"blog-recommended":false,"single-featured":false,"review":false,"product-card":false,"woocommerce_thumbnail":false,"woocommerce_single":false,"woocommerce_gallery_thumbnail":false,"140-140":false},"uagb_author_info":{"display_name":"Tom\u00e1\u0161 Pokorn\u00fd","author_link":"https:\/\/www.dogsie.cz\/sk\/author\/admin\/"},"uagb_comment_info":0,"uagb_excerpt":null,"_links":{"self":[{"href":"https:\/\/www.dogsie.cz\/sk\/wp-json\/wp\/v2\/pages\/135906","targetHints":{"allow":["GET"]}}],"collection":[{"href":"https:\/\/www.dogsie.cz\/sk\/wp-json\/wp\/v2\/pages"}],"about":[{"href":"https:\/\/www.dogsie.cz\/sk\/wp-json\/wp\/v2\/types\/page"}],"author":[{"embeddable":true,"href":"https:\/\/www.dogsie.cz\/sk\/wp-json\/wp\/v2\/users\/1"}],"replies":[{"embeddable":true,"href":"https:\/\/www.dogsie.cz\/sk\/wp-json\/wp\/v2\/comments?post=135906"}],"version-history":[{"count":3,"href":"https:\/\/www.dogsie.cz\/sk\/wp-json\/wp\/v2\/pages\/135906\/revisions"}],"predecessor-version":[{"id":135912,"href":"https:\/\/www.dogsie.cz\/sk\/wp-json\/wp\/v2\/pages\/135906\/revisions\/135912"}],"wp:attachment":[{"href":"https:\/\/www.dogsie.cz\/sk\/wp-json\/wp\/v2\/media?parent=135906"}],"curies":[{"name":"wp","href":"https:\/\/api.w.org\/{rel}","templated":true}]}}