{"id":138392,"date":"2022-11-18T09:11:07","date_gmt":"2022-11-18T08:11:07","guid":{"rendered":"https:\/\/www.dogsie.cz\/?page_id=138392"},"modified":"2024-11-26T17:46:06","modified_gmt":"2024-11-26T16:46:06","slug":"tipy-na-darky-pro-psy","status":"publish","type":"page","link":"https:\/\/www.dogsie.cz\/sk\/tipy-na-darky-pro-psy\/","title":{"rendered":"Tipy na d\u00e1rky pro psy"},"content":{"rendered":"\n<section class=\"wp-block-uagb-section uagb-section__wrap uagb-section__background-color uagb-block-668659b0\"><div class=\"uagb-section__overlay\"><\/div><div class=\"uagb-section__inner-wrap\">\n<p class=\"has-text-align-center title title--section center has-white-color has-text-color\">Tipy na d\u00e1rky<\/p>\n\n\n\n<section class=\"wp-block-uagb-section uagb-section__wrap uagb-section__background-undefined uagb-block-d0bc97f0\"><div class=\"uagb-section__overlay\"><\/div><div class=\"uagb-section__inner-wrap\">\n<div class=\"wp-block-buttons is-horizontal is-content-justification-center is-layout-flex wp-container-core-buttons-is-layout-1 wp-block-buttons-is-layout-flex\">\n<div class=\"wp-block-button has-custom-font-size is-style-outline is-style-outline--1\" style=\"font-size:16px\"><a class=\"wp-block-button__link has-white-color has-text-color wp-element-button\" href=\"#darky-pro-psy\" style=\"border-radius:2px\">D\u00e1rky pro psy<\/a><\/div>\n\n\n\n<div class=\"wp-block-button has-custom-font-size is-style-outline is-style-outline--2\" style=\"font-size:16px\"><a class=\"wp-block-button__link has-white-color has-text-color wp-element-button\" href=\"#darky-pro-panicky\" style=\"border-radius:2px\">D\u00e1rky pro p\u00e1n\u00ed\u010dky<\/a><\/div>\n<\/div>\n<\/div><\/section>\n<\/div><\/section>\n\n\n\n<section class=\"wp-block-uagb-section uagb-section__wrap uagb-section__background-none uagb-block-e83c43d7 uagb-section__background-undefined\" id=\"darky-pro-psy\"><div class=\"uagb-section__overlay\"><\/div><div class=\"uagb-section__inner-wrap\"><section class=\"info-boxes\">\n    <div class=\"container container--1070\">\n        <header class=\"site__section-header\">\n            <h2 class=\"title title--section center\">D\u00e1rky pro psy<\/h2>\n\t\t\t<p>Nezapome\u0148te o&nbsp;V\u00e1noc\u00edch na sv\u00e9 ps\u00ed par\u0165\u00e1ky. I&nbsp;oni si p\u0159ece zaslou\u017e\u00ed za\u017e\u00edt radost z&nbsp;rodinn\u00e9ho rozbalov\u00e1n\u00ed d\u00e1rk\u016f o&nbsp;V\u00e1noc\u00edch. Vyberte jim to, d\u00edky \u010demu budou nekontrolovateln\u011b vrt\u011bt oc\u00e1skem.<\/p>\n<p>\u00a0<\/p>\n<p><a href=\"https:\/\/www.dogsie.cz\/vyber-balicku-dogsie\/#\/\"><img loading=\"lazy\" decoding=\"async\" class=\"alignnone size-medium wp-image-146082\" src=\"https:\/\/www.dogsie.cz\/wp-content\/uploads\/2020\/10\/banner-vanocni-dogsie-600x190.png\" alt=\"V\u00e1no\u010dn\u00ed Dogsie bal\u00ed\u010dek\" width=\"600\" height=\"190\" srcset=\"https:\/\/www.dogsie.cz\/wp-content\/uploads\/2020\/10\/banner-vanocni-dogsie-600x190.png 600w, https:\/\/www.dogsie.cz\/wp-content\/uploads\/2020\/10\/banner-vanocni-dogsie.png 630w\" sizes=\"auto, (max-width: 600px) 100vw, 600px\" \/><\/a><\/p>        <\/header>\n        <section class=\"info-boxes-list\">\n\t\t\t                <div class=\"info-boxes-item\">\n\t\t\t\t\t                    <h3><\/h3>\n                    <p><\/p>\n\t\t\t\t\t                        <a href=\"https:\/\/www.dogsie.cz\/stitek-produktu\/pro-male-pejsky\/\"\n                           class=\"btn btn--outline\">D\u00e1rky pro mal\u00e9 psy<\/a>\n\t\t\t\t\t                <\/div>\n\t\t\t                <div class=\"info-boxes-item\">\n\t\t\t\t\t                    <h3><\/h3>\n                    <p><\/p>\n\t\t\t\t\t                        <a href=\"https:\/\/www.dogsie.cz\/stitek-produktu\/pro-stredni-pejsky\/\"\n                           class=\"btn btn--outline\">D\u00e1rky pro st\u0159edn\u00ed psy<\/a>\n\t\t\t\t\t                <\/div>\n\t\t\t                <div class=\"info-boxes-item\">\n\t\t\t\t\t                    <h3><\/h3>\n                    <p><\/p>\n\t\t\t\t\t                        <a href=\"https:\/\/www.dogsie.cz\/stitek-produktu\/pro-velke-pejsky\/\"\n                           class=\"btn btn--outline\">D\u00e1rky pro velk\u00e9 psy<\/a>\n\t\t\t\t\t                <\/div>\n\t\t\t                <div class=\"info-boxes-item\">\n\t\t\t\t\t                    <h3><\/h3>\n                    <p><\/p>\n\t\t\t\t\t                        <a href=\"https:\/\/www.dogsie.cz\/stitek-produktu\/pro-hracicky\/\"\n                           class=\"btn btn--outline\">Hra\u010dky pro psy<\/a>\n\t\t\t\t\t                <\/div>\n\t\t\t                <div class=\"info-boxes-item\">\n\t\t\t\t\t                    <h3><\/h3>\n                    <p><\/p>\n\t\t\t\t\t                        <a href=\"https:\/\/www.dogsie.cz\/stitek-produktu\/pro-mlsouny\/\"\n                           class=\"btn btn--outline\">Pamlsky pro psy<\/a>\n\t\t\t\t\t                <\/div>\n\t\t\t                <div class=\"info-boxes-item\">\n\t\t\t\t\t                    <h3><\/h3>\n                    <p><\/p>\n\t\t\t\t\t                        <a href=\"https:\/\/www.dogsie.cz\/stitek-produktu\/pro-trhace\/\"\n                           class=\"btn btn--outline\">Pro n\u00e1ro\u010dn\u00e9<\/a>\n\t\t\t\t\t                <\/div>\n\t\t\t        <\/section>\n    <\/div>\n<\/section>\n<\/div><\/section>\n\n\n\n<section class=\"wp-block-uagb-section uagb-section__wrap uagb-section__background-none uagb-block-68a6716f uagb-section__background-undefined\" id=\"darky-pro-panicky\"><div class=\"uagb-section__overlay\"><\/div><div class=\"uagb-section__inner-wrap\"><section class=\"info-boxes\">\n    <div class=\"container container--1070\">\n        <header class=\"site__section-header\">\n            <h2 class=\"title title--section center\">D\u00e1rky pro p\u00e1n\u00ed\u010dky<\/h2>\n\t\t\t<p><span style=\"font-weight: 400\">Pot\u011b\u0161it pejska\u0159e \u010di ko\u010dka\u0159e nen\u00ed v\u017edy jednoduch\u00e9. My pro V\u00e1s ale p\u0159eci jen m\u00e1me n\u011bkolik tip\u016f na d\u00e1rky, kter\u00fdmi ur\u010dit\u011b ud\u011bl\u00e1te radost.<\/span><\/p>        <\/header>\n        <section class=\"info-boxes-list\">\n\t\t\t                <div class=\"info-boxes-item\">\n\t\t\t\t\t                    <h3><\/h3>\n                    <p><\/p>\n\t\t\t\t\t                        <a href=\"https:\/\/www.dogsie.cz\/stitek-produktu\/pro-pejskare\/\"\n                           class=\"btn btn--outline\">D\u00e1rky pro pejska\u0159e<\/a>\n\t\t\t\t\t                <\/div>\n\t\t\t                <div class=\"info-boxes-item\">\n\t\t\t\t\t                    <h3><\/h3>\n                    <p><\/p>\n\t\t\t\t\t                        <a href=\"https:\/\/www.dogsie.cz\/stitek-produktu\/pro-kockare\/\"\n                           class=\"btn btn--outline\">D\u00e1rky pro ko\u010dka\u0159e<\/a>\n\t\t\t\t\t                <\/div>\n\t\t\t        <\/section>\n    <\/div>\n<\/section>\n<\/div><\/section>\n","protected":false},"excerpt":{"rendered":"","protected":false},"author":1,"featured_media":0,"parent":0,"menu_order":0,"comment_status":"closed","ping_status":"closed","template":"","meta":{"_uag_custom_page_level_css":"","footnotes":""},"class_list":["post-138392","page","type-page","status-publish","hentry"],"uagb_featured_image_src":{"full":false,"thumbnail":false,"medium":false,"medium_large":false,"large":false,"1536x1536":false,"2048x2048":false,"blog-featured":false,"blog-recommended":false,"single-featured":false,"review":false,"product-card":false,"woocommerce_thumbnail":false,"woocommerce_single":false,"woocommerce_gallery_thumbnail":false,"140-140":false},"uagb_author_info":{"display_name":"Tom\u00e1\u0161 Pokorn\u00fd","author_link":"https:\/\/www.dogsie.cz\/sk\/author\/admin\/"},"uagb_comment_info":0,"uagb_excerpt":null,"_links":{"self":[{"href":"https:\/\/www.dogsie.cz\/sk\/wp-json\/wp\/v2\/pages\/138392","targetHints":{"allow":["GET"]}}],"collection":[{"href":"https:\/\/www.dogsie.cz\/sk\/wp-json\/wp\/v2\/pages"}],"about":[{"href":"https:\/\/www.dogsie.cz\/sk\/wp-json\/wp\/v2\/types\/page"}],"author":[{"embeddable":true,"href":"https:\/\/www.dogsie.cz\/sk\/wp-json\/wp\/v2\/users\/1"}],"replies":[{"embeddable":true,"href":"https:\/\/www.dogsie.cz\/sk\/wp-json\/wp\/v2\/comments?post=138392"}],"version-history":[{"count":52,"href":"https:\/\/www.dogsie.cz\/sk\/wp-json\/wp\/v2\/pages\/138392\/revisions"}],"predecessor-version":[{"id":146106,"href":"https:\/\/www.dogsie.cz\/sk\/wp-json\/wp\/v2\/pages\/138392\/revisions\/146106"}],"wp:attachment":[{"href":"https:\/\/www.dogsie.cz\/sk\/wp-json\/wp\/v2\/media?parent=138392"}],"curies":[{"name":"wp","href":"https:\/\/api.w.org\/{rel}","templated":true}]}}