{"id":110334,"date":"2020-11-16T17:10:18","date_gmt":"2020-11-16T16:10:18","guid":{"rendered":"https:\/\/www.dogsie.cz\/obchod\/selfsie-pamlskodrzak-na-telefon\/"},"modified":"2026-04-20T05:38:38","modified_gmt":"2026-04-20T03:38:38","slug":"selfsie-pamlskodrzak-na-telefon","status":"publish","type":"product","link":"https:\/\/www.dogsie.cz\/sk\/obchod\/selfsie-pamlskodrzak-na-telefon\/","title":{"rendered":"Selfsie &#8211; pamlskodr\u017e\u00e1k na telefon"},"content":{"rendered":"<p>Nechce se v\u00e1\u0161 pejsek fotit? Chcete si ud\u011blat hezkou fotku sv\u00e9ho pejska a&nbsp;on neust\u00e1le kouk\u00e1, kde co l\u00edt\u00e1? I&nbsp;moucha je zaj\u00edmav\u011bj\u0161\u00ed ne\u017e vy? Pak je Selfsie pamlskodr\u017e\u00e1k pr\u00e1v\u011b pro v\u00e1s!<\/p>\n<p>P\u0159ipevn\u011bte Selfsie na sv\u016fj telefon a&nbsp;na druh\u00fd konec pamlskodr\u017e\u00e1ku p\u0159idejte obl\u00edbenou pochoutku. Pejsek se tak bude d\u00edvat p\u0159\u00edmo do objektivu. Od te\u010f bude ka\u017ed\u00e1 fotka va\u0161eho pejska dokonal\u00e1!<\/p>\n<ul>\n<li>kompatibiln\u00ed se v\u0161emi telefony<\/li>\n<li>vhodn\u00e9 i&nbsp;pro focen\u00ed selfie<\/li>\n<li>vejde se do do ka\u017ed\u00e9ho batohu i&nbsp;kabelky<\/li>\n<li>oh\u00fdbateln\u00e9 a&nbsp;p\u0159izp\u016fsobiteln\u00e9<\/li>\n<\/ul>\n","protected":false},"excerpt":{"rendered":"<p><strong>Selfsie <\/strong>&#8211; Dr\u017e\u00e1k na pamlsky, kter\u00fd lze jednodu\u0161e p\u0159id\u011blat na telefon. S&nbsp;jeho pomoc\u00ed u\u017e nikdy nebude probl\u00e9m vyfotit pejska koukaj\u00edc\u00edho p\u0159\u00edmo do objektivu telefonu. Vhodn\u00e9 na ka\u017ed\u00fd telefon.<\/p>\n","protected":false},"featured_media":106829,"template":"","meta":{"_uag_custom_page_level_css":""},"product_brand":[],"product_cat":[94],"product_tag":[679,674],"product-label":[526],"class_list":{"0":"post-110334","1":"product","2":"type-product","3":"status-publish","4":"has-post-thumbnail","6":"product_cat-pre-panov","7":"product_tag-pro-kockare-sk","8":"product_tag-pro-pejskare-sk","9":"product-label-tip-na-darek","11":"first","12":"instock","13":"sale","14":"taxable","15":"shipping-taxable","16":"purchasable","17":"product-type-simple"},"uagb_featured_image_src":{"full":["https:\/\/www.dogsie.cz\/wp-content\/uploads\/2020\/11\/selfsie-ukazka-pes.jpg",1200,1200,false],"thumbnail":["https:\/\/www.dogsie.cz\/wp-content\/uploads\/2020\/11\/selfsie-ukazka-pes-150x150.jpg",150,150,true],"medium":["https:\/\/www.dogsie.cz\/wp-content\/uploads\/2020\/11\/selfsie-ukazka-pes-300x300.jpg",300,300,true],"medium_large":["https:\/\/www.dogsie.cz\/wp-content\/uploads\/2020\/11\/selfsie-ukazka-pes-768x768.jpg",768,768,true],"large":["https:\/\/www.dogsie.cz\/wp-content\/uploads\/2020\/11\/selfsie-ukazka-pes-1024x1024.jpg",1024,1024,true],"1536x1536":["https:\/\/www.dogsie.cz\/wp-content\/uploads\/2020\/11\/selfsie-ukazka-pes.jpg",1200,1200,false],"2048x2048":["https:\/\/www.dogsie.cz\/wp-content\/uploads\/2020\/11\/selfsie-ukazka-pes.jpg",1200,1200,false],"blog-featured":["https:\/\/www.dogsie.cz\/wp-content\/uploads\/2020\/11\/selfsie-ukazka-pes-500x240.jpg",500,240,true],"blog-recommended":["https:\/\/www.dogsie.cz\/wp-content\/uploads\/2020\/11\/selfsie-ukazka-pes-300x140.jpg",300,140,true],"single-featured":["https:\/\/www.dogsie.cz\/wp-content\/uploads\/2020\/11\/selfsie-ukazka-pes-850x400.jpg",850,400,true],"review":["https:\/\/www.dogsie.cz\/wp-content\/uploads\/2020\/11\/selfsie-ukazka-pes-60x60.jpg",60,60,true],"product-card":["https:\/\/www.dogsie.cz\/wp-content\/uploads\/2020\/11\/selfsie-ukazka-pes-250x250.jpg",250,250,true],"woocommerce_thumbnail":["https:\/\/www.dogsie.cz\/wp-content\/uploads\/2020\/11\/selfsie-ukazka-pes-600x600.jpg",600,600,true],"woocommerce_single":["https:\/\/www.dogsie.cz\/wp-content\/uploads\/2020\/11\/selfsie-ukazka-pes-600x600.jpg",600,600,true],"woocommerce_gallery_thumbnail":["https:\/\/www.dogsie.cz\/wp-content\/uploads\/2020\/11\/selfsie-ukazka-pes-100x100.jpg",100,100,true],"140-140":["https:\/\/www.dogsie.cz\/wp-content\/uploads\/2020\/11\/selfsie-ukazka-pes.jpg",140,140,false]},"uagb_author_info":{"display_name":"Tom\u00e1\u0161 Pokorn\u00fd","author_link":"https:\/\/www.dogsie.cz\/sk\/author\/"},"uagb_comment_info":0,"uagb_excerpt":"Selfsie - Dr\u017e\u00e1k na pamlsky, kter\u00fd lze jednodu\u0161e p\u0159id\u011blat na telefon. S jeho pomoc\u00ed u\u017e nikdy nebude probl\u00e9m vyfotit pejska koukaj\u00edc\u00edho p\u0159\u00edmo do objektivu telefonu. Vhodn\u00e9 na ka\u017ed\u00fd telefon.","expiration_date":"","_links":{"self":[{"href":"https:\/\/www.dogsie.cz\/sk\/wp-json\/wp\/v2\/product\/110334","targetHints":{"allow":["GET"]}}],"collection":[{"href":"https:\/\/www.dogsie.cz\/sk\/wp-json\/wp\/v2\/product"}],"about":[{"href":"https:\/\/www.dogsie.cz\/sk\/wp-json\/wp\/v2\/types\/product"}],"wp:featuredmedia":[{"embeddable":true,"href":"https:\/\/www.dogsie.cz\/sk\/wp-json\/wp\/v2\/media\/106829"}],"wp:attachment":[{"href":"https:\/\/www.dogsie.cz\/sk\/wp-json\/wp\/v2\/media?parent=110334"}],"wp:term":[{"taxonomy":"product_brand","embeddable":true,"href":"https:\/\/www.dogsie.cz\/sk\/wp-json\/wp\/v2\/product_brand?post=110334"},{"taxonomy":"product_cat","embeddable":true,"href":"https:\/\/www.dogsie.cz\/sk\/wp-json\/wp\/v2\/product_cat?post=110334"},{"taxonomy":"product_tag","embeddable":true,"href":"https:\/\/www.dogsie.cz\/sk\/wp-json\/wp\/v2\/product_tag?post=110334"},{"taxonomy":"product-label","embeddable":true,"href":"https:\/\/www.dogsie.cz\/sk\/wp-json\/wp\/v2\/product-label?post=110334"}],"curies":[{"name":"wp","href":"https:\/\/api.w.org\/{rel}","templated":true}]}}