{"id":110347,"date":"2020-10-29T12:28:40","date_gmt":"2020-10-29T11:28:40","guid":{"rendered":"https:\/\/www.dogsie.cz\/obchod\/avokado-plysove\/"},"modified":"2026-05-05T05:38:38","modified_gmt":"2026-05-05T03:38:38","slug":"avokado-plysove","status":"publish","type":"product","link":"https:\/\/www.dogsie.cz\/sk\/obchod\/avokado-plysove\/","title":{"rendered":"Hra\u010dka pro psy &#8211; Ply\u0161ov\u00e9 avok\u00e1do"},"content":{"rendered":"<h4>Hra\u010dka pro psy &#8211; Ply\u0161ov\u00e9 avok\u00e1do<\/h4>\n<p>Roztomil\u00e9 ply\u0161ov\u00e9 avok\u00e1do s&nbsp;p\u00edsk\u00e1tkem uprost\u0159ed pro v\u011bt\u0161\u00ed pob\u00eddnut\u00ed ke h\u0159e. Vhodn\u00e1 pro men\u0161\u00ed a&nbsp;st\u0159ed\u00ed pejsky.<\/p>\n","protected":false},"excerpt":{"rendered":"<h4>Avok\u00e1do &#8211; ply\u0161ov\u00e9 &#8211;\u00a0<strong>tematick\u00e1 hra\u010dka\u00a0<\/strong><strong>z bal\u00ed\u010dku Ovocn\u00e1 exploze.<\/strong><\/h4>\n<p>Roztomil\u00e9 ply\u0161ov\u00e9 avok\u00e1do s&nbsp;p\u00edsk\u00e1tkem uprost\u0159ed pro v\u011bt\u0161\u00ed pob\u00eddnut\u00ed ke h\u0159e. Vhodn\u00e1 pro mal\u00e9 a&nbsp;st\u0159edn\u00ed pejsky.<\/p>\n","protected":false},"featured_media":105563,"template":"","meta":{"_uag_custom_page_level_css":""},"product_brand":[],"product_cat":[93],"product_tag":[678,672,675],"product-label":[260,258],"class_list":{"0":"post-110347","1":"product","2":"type-product","3":"status-publish","4":"has-post-thumbnail","6":"product_cat-hracky-sk","7":"product_tag-pro-hracicky-sk","8":"product_tag-pro-male-pejsky-sk","9":"product_tag-pro-stredni-pejsky-sk","10":"product-label-piskaci","11":"product-label-plys","13":"first","14":"instock","15":"taxable","16":"shipping-taxable","17":"purchasable","18":"product-type-simple"},"uagb_featured_image_src":{"full":["https:\/\/www.dogsie.cz\/wp-content\/uploads\/2020\/10\/rijen-na-sirku-1920x1080px-avokado.jpg",1080,1080,false],"thumbnail":["https:\/\/www.dogsie.cz\/wp-content\/uploads\/2020\/10\/rijen-na-sirku-1920x1080px-avokado-150x150.jpg",150,150,true],"medium":["https:\/\/www.dogsie.cz\/wp-content\/uploads\/2020\/10\/rijen-na-sirku-1920x1080px-avokado-300x300.jpg",300,300,true],"medium_large":["https:\/\/www.dogsie.cz\/wp-content\/uploads\/2020\/10\/rijen-na-sirku-1920x1080px-avokado-768x768.jpg",768,768,true],"large":["https:\/\/www.dogsie.cz\/wp-content\/uploads\/2020\/10\/rijen-na-sirku-1920x1080px-avokado-1024x1024.jpg",1024,1024,true],"1536x1536":["https:\/\/www.dogsie.cz\/wp-content\/uploads\/2020\/10\/rijen-na-sirku-1920x1080px-avokado.jpg",1080,1080,false],"2048x2048":["https:\/\/www.dogsie.cz\/wp-content\/uploads\/2020\/10\/rijen-na-sirku-1920x1080px-avokado.jpg",1080,1080,false],"blog-featured":["https:\/\/www.dogsie.cz\/wp-content\/uploads\/2020\/10\/rijen-na-sirku-1920x1080px-avokado.jpg",240,240,false],"blog-recommended":["https:\/\/www.dogsie.cz\/wp-content\/uploads\/2020\/10\/rijen-na-sirku-1920x1080px-avokado.jpg",140,140,false],"single-featured":["https:\/\/www.dogsie.cz\/wp-content\/uploads\/2020\/10\/rijen-na-sirku-1920x1080px-avokado.jpg",400,400,false],"review":["https:\/\/www.dogsie.cz\/wp-content\/uploads\/2020\/10\/rijen-na-sirku-1920x1080px-avokado.jpg",60,60,false],"product-card":["https:\/\/www.dogsie.cz\/wp-content\/uploads\/2020\/10\/rijen-na-sirku-1920x1080px-avokado.jpg",250,250,false],"woocommerce_thumbnail":["https:\/\/www.dogsie.cz\/wp-content\/uploads\/2020\/10\/rijen-na-sirku-1920x1080px-avokado-600x600.jpg",600,600,true],"woocommerce_single":["https:\/\/www.dogsie.cz\/wp-content\/uploads\/2020\/10\/rijen-na-sirku-1920x1080px-avokado-600x600.jpg",600,600,true],"woocommerce_gallery_thumbnail":["https:\/\/www.dogsie.cz\/wp-content\/uploads\/2020\/10\/rijen-na-sirku-1920x1080px-avokado-100x100.jpg",100,100,true],"140-140":["https:\/\/www.dogsie.cz\/wp-content\/uploads\/2020\/10\/rijen-na-sirku-1920x1080px-avokado.jpg",140,140,false]},"uagb_author_info":{"display_name":"Tereza Rou\u010dkov\u00e1","author_link":"https:\/\/www.dogsie.cz\/sk\/author\/"},"uagb_comment_info":0,"uagb_excerpt":"Avok\u00e1do - ply\u0161ov\u00e9 -\u00a0tematick\u00e1 hra\u010dka\u00a0z bal\u00ed\u010dku Ovocn\u00e1 exploze. Roztomil\u00e9 ply\u0161ov\u00e9 avok\u00e1do s p\u00edsk\u00e1tkem uprost\u0159ed pro v\u011bt\u0161\u00ed pob\u00eddnut\u00ed ke h\u0159e. Vhodn\u00e1 pro mal\u00e9 a st\u0159edn\u00ed pejsky.","expiration_date":"","_links":{"self":[{"href":"https:\/\/www.dogsie.cz\/sk\/wp-json\/wp\/v2\/product\/110347","targetHints":{"allow":["GET"]}}],"collection":[{"href":"https:\/\/www.dogsie.cz\/sk\/wp-json\/wp\/v2\/product"}],"about":[{"href":"https:\/\/www.dogsie.cz\/sk\/wp-json\/wp\/v2\/types\/product"}],"wp:featuredmedia":[{"embeddable":true,"href":"https:\/\/www.dogsie.cz\/sk\/wp-json\/wp\/v2\/media\/105563"}],"wp:attachment":[{"href":"https:\/\/www.dogsie.cz\/sk\/wp-json\/wp\/v2\/media?parent=110347"}],"wp:term":[{"taxonomy":"product_brand","embeddable":true,"href":"https:\/\/www.dogsie.cz\/sk\/wp-json\/wp\/v2\/product_brand?post=110347"},{"taxonomy":"product_cat","embeddable":true,"href":"https:\/\/www.dogsie.cz\/sk\/wp-json\/wp\/v2\/product_cat?post=110347"},{"taxonomy":"product_tag","embeddable":true,"href":"https:\/\/www.dogsie.cz\/sk\/wp-json\/wp\/v2\/product_tag?post=110347"},{"taxonomy":"product-label","embeddable":true,"href":"https:\/\/www.dogsie.cz\/sk\/wp-json\/wp\/v2\/product-label?post=110347"}],"curies":[{"name":"wp","href":"https:\/\/api.w.org\/{rel}","templated":true}]}}