{"id":118709,"date":"2021-01-08T10:40:16","date_gmt":"2021-01-08T09:40:16","guid":{"rendered":"https:\/\/www.dogsie.cz\/?post_type=product&#038;p=118709"},"modified":"2026-05-12T05:37:52","modified_gmt":"2026-05-12T03:37:52","slug":"plysova-rybicka-s-mickem","status":"publish","type":"product","link":"https:\/\/www.dogsie.cz\/sk\/obchod\/plysova-rybicka-s-mickem\/","title":{"rendered":"Ply\u0161ov\u00e1 rybi\u010dka s&nbsp;m\u00ed\u010dkem &#8211; \u010dernob\u00edl\u00e1"},"content":{"rendered":"<h4>Ply\u0161ov\u00e1 rybi\u010dka s&nbsp;m\u00ed\u010dkem &#8211; \u010dernob\u00edl\u00e1<\/h4>\n<p>Mal\u00e1 ply\u0161ov\u00e1 rybi\u010dka s&nbsp;ply\u0161ov\u00fdm m\u00ed\u010dkem v&nbsp;\u010dernob\u00edl\u00e9 barv\u011b. Tyto dv\u011b hra\u010dky ud\u011blaj\u00ed radost ka\u017ed\u00e9mu mal\u00e9mu pejskovi \u010di \u0161t\u011b\u0148\u00e1tku. Neobsahuj\u00ed p\u00edsk\u00e1tko.<\/p>\n<ul>\n<li>Ply\u0161<\/li>\n<li>Dva v&nbsp;jednom<\/li>\n<\/ul>\n<p>&nbsp;<\/p>\n<p>Vyrobeno v&nbsp;\u010c\u00edn\u011b<\/p>\n","protected":false},"excerpt":{"rendered":"<p><strong>Ply\u0161ov\u00e1 rybi\u010dka s&nbsp;m\u00ed\u010dkem &#8211; \u010dernob\u00edl\u00e1<\/strong> &#8211;\u00a0Hra\u010dka pro ko\u010dky, mal\u00e9 psy a&nbsp;\u0161t\u011b\u0148ata ve tvaru roztomil\u00e9 rybi\u010dky s&nbsp;m\u00ed\u010dkem.<\/p>\n","protected":false},"featured_media":118727,"template":"","meta":{"_uag_custom_page_level_css":""},"product_brand":[],"product_cat":[93],"product_tag":[246,678,679,672],"product-label":[258],"class_list":{"0":"post-118709","1":"product","2":"type-product","3":"status-publish","4":"has-post-thumbnail","6":"product_cat-hracky-sk","7":"product_tag-doggovy-prvni-vanoce-sk","8":"product_tag-pro-hracicky-sk","9":"product_tag-pro-kockare-sk","10":"product_tag-pro-male-pejsky-sk","11":"product-label-plys","13":"first","14":"instock","15":"taxable","16":"shipping-taxable","17":"purchasable","18":"product-type-simple"},"uagb_featured_image_src":{"full":["https:\/\/www.dogsie.cz\/wp-content\/uploads\/2021\/01\/1920x1080px-plysova-rybka.jpg",1079,1079,false],"thumbnail":["https:\/\/www.dogsie.cz\/wp-content\/uploads\/2021\/01\/1920x1080px-plysova-rybka-150x150.jpg",150,150,true],"medium":["https:\/\/www.dogsie.cz\/wp-content\/uploads\/2021\/01\/1920x1080px-plysova-rybka-300x300.jpg",300,300,true],"medium_large":["https:\/\/www.dogsie.cz\/wp-content\/uploads\/2021\/01\/1920x1080px-plysova-rybka-768x768.jpg",768,768,true],"large":["https:\/\/www.dogsie.cz\/wp-content\/uploads\/2021\/01\/1920x1080px-plysova-rybka-1024x1024.jpg",1024,1024,true],"1536x1536":["https:\/\/www.dogsie.cz\/wp-content\/uploads\/2021\/01\/1920x1080px-plysova-rybka.jpg",1079,1079,false],"2048x2048":["https:\/\/www.dogsie.cz\/wp-content\/uploads\/2021\/01\/1920x1080px-plysova-rybka.jpg",1079,1079,false],"blog-featured":["https:\/\/www.dogsie.cz\/wp-content\/uploads\/2021\/01\/1920x1080px-plysova-rybka-500x240.jpg",500,240,true],"blog-recommended":["https:\/\/www.dogsie.cz\/wp-content\/uploads\/2021\/01\/1920x1080px-plysova-rybka-300x140.jpg",300,140,true],"single-featured":["https:\/\/www.dogsie.cz\/wp-content\/uploads\/2021\/01\/1920x1080px-plysova-rybka-850x400.jpg",850,400,true],"review":["https:\/\/www.dogsie.cz\/wp-content\/uploads\/2021\/01\/1920x1080px-plysova-rybka-60x60.jpg",60,60,true],"product-card":["https:\/\/www.dogsie.cz\/wp-content\/uploads\/2021\/01\/1920x1080px-plysova-rybka-250x250.jpg",250,250,true],"woocommerce_thumbnail":["https:\/\/www.dogsie.cz\/wp-content\/uploads\/2021\/01\/1920x1080px-plysova-rybka-600x600.jpg",600,600,true],"woocommerce_single":["https:\/\/www.dogsie.cz\/wp-content\/uploads\/2021\/01\/1920x1080px-plysova-rybka-600x600.jpg",600,600,true],"woocommerce_gallery_thumbnail":["https:\/\/www.dogsie.cz\/wp-content\/uploads\/2021\/01\/1920x1080px-plysova-rybka-100x100.jpg",100,100,true],"140-140":["https:\/\/www.dogsie.cz\/wp-content\/uploads\/2021\/01\/1920x1080px-plysova-rybka.jpg",140,140,false]},"uagb_author_info":{"display_name":"Tereza Rou\u010dkov\u00e1","author_link":"https:\/\/www.dogsie.cz\/sk\/author\/"},"uagb_comment_info":0,"uagb_excerpt":"Ply\u0161ov\u00e1 rybi\u010dka s m\u00ed\u010dkem - \u010dernob\u00edl\u00e1 -\u00a0Hra\u010dka pro ko\u010dky, mal\u00e9 psy a \u0161t\u011b\u0148ata ve tvaru roztomil\u00e9 rybi\u010dky s m\u00ed\u010dkem.","expiration_date":"","_links":{"self":[{"href":"https:\/\/www.dogsie.cz\/sk\/wp-json\/wp\/v2\/product\/118709","targetHints":{"allow":["GET"]}}],"collection":[{"href":"https:\/\/www.dogsie.cz\/sk\/wp-json\/wp\/v2\/product"}],"about":[{"href":"https:\/\/www.dogsie.cz\/sk\/wp-json\/wp\/v2\/types\/product"}],"wp:featuredmedia":[{"embeddable":true,"href":"https:\/\/www.dogsie.cz\/sk\/wp-json\/wp\/v2\/media\/118727"}],"wp:attachment":[{"href":"https:\/\/www.dogsie.cz\/sk\/wp-json\/wp\/v2\/media?parent=118709"}],"wp:term":[{"taxonomy":"product_brand","embeddable":true,"href":"https:\/\/www.dogsie.cz\/sk\/wp-json\/wp\/v2\/product_brand?post=118709"},{"taxonomy":"product_cat","embeddable":true,"href":"https:\/\/www.dogsie.cz\/sk\/wp-json\/wp\/v2\/product_cat?post=118709"},{"taxonomy":"product_tag","embeddable":true,"href":"https:\/\/www.dogsie.cz\/sk\/wp-json\/wp\/v2\/product_tag?post=118709"},{"taxonomy":"product-label","embeddable":true,"href":"https:\/\/www.dogsie.cz\/sk\/wp-json\/wp\/v2\/product-label?post=118709"}],"curies":[{"name":"wp","href":"https:\/\/api.w.org\/{rel}","templated":true}]}}