{"id":121101,"date":"2021-02-15T18:29:54","date_gmt":"2021-02-15T17:29:54","guid":{"rendered":"https:\/\/www.dogsie.cz\/?post_type=product&#038;p=121101"},"modified":"2026-05-01T05:38:30","modified_gmt":"2026-05-01T03:38:30","slug":"plysovy-velsky-drak","status":"publish","type":"product","link":"https:\/\/www.dogsie.cz\/sk\/obchod\/plysovy-velsky-drak\/","title":{"rendered":"Hra\u010dka pro psy &#8211; Ply\u0161ov\u00fd vel\u0161sk\u00fd drak"},"content":{"rendered":"<h4>Ply\u0161ov\u00fd vel\u0161sk\u00fd drak &#8211; ply\u0161ov\u00e1 hra\u010dka pro psy<\/h4>\n<p>Roztomil\u00fd ply\u0161ov\u00fd dr\u00e1\u010dek vhodn\u00fd pro st\u0159edn\u00ed a&nbsp;v\u011bt\u0161\u00ed pejsky.<\/p>\n<ul>\n<li>Ply\u0161ov\u00e1<\/li>\n<\/ul>\n","protected":false},"excerpt":{"rendered":"<p><strong>Ply\u0161ov\u00fd vel\u0161sk\u00fd drak<\/strong> &#8211; Roztomil\u00e1 ply\u0161ov\u00e1 hra\u010dka pro psy ve tvaru zelen\u00e9ho dr\u00e1\u010dka.<\/p>\n","protected":false},"featured_media":121073,"template":"","meta":{"_uag_custom_page_level_css":""},"product_brand":[],"product_cat":[93],"product_tag":[678,675,677],"product-label":[258],"class_list":{"0":"post-121101","1":"product","2":"type-product","3":"status-publish","4":"has-post-thumbnail","6":"product_cat-hracky-sk","7":"product_tag-pro-hracicky-sk","8":"product_tag-pro-stredni-pejsky-sk","9":"product_tag-pro-velke-pejsky-sk","10":"product-label-plys","12":"first","13":"instock","14":"taxable","15":"shipping-taxable","16":"purchasable","17":"product-type-simple"},"uagb_featured_image_src":{"full":["https:\/\/www.dogsie.cz\/wp-content\/uploads\/2021\/02\/1920x1080px-drak.jpg",1079,1079,false],"thumbnail":["https:\/\/www.dogsie.cz\/wp-content\/uploads\/2021\/02\/1920x1080px-drak-150x150.jpg",150,150,true],"medium":["https:\/\/www.dogsie.cz\/wp-content\/uploads\/2021\/02\/1920x1080px-drak-300x300.jpg",300,300,true],"medium_large":["https:\/\/www.dogsie.cz\/wp-content\/uploads\/2021\/02\/1920x1080px-drak-768x768.jpg",768,768,true],"large":["https:\/\/www.dogsie.cz\/wp-content\/uploads\/2021\/02\/1920x1080px-drak-1024x1024.jpg",1024,1024,true],"1536x1536":["https:\/\/www.dogsie.cz\/wp-content\/uploads\/2021\/02\/1920x1080px-drak.jpg",1079,1079,false],"2048x2048":["https:\/\/www.dogsie.cz\/wp-content\/uploads\/2021\/02\/1920x1080px-drak.jpg",1079,1079,false],"blog-featured":["https:\/\/www.dogsie.cz\/wp-content\/uploads\/2021\/02\/1920x1080px-drak-500x240.jpg",500,240,true],"blog-recommended":["https:\/\/www.dogsie.cz\/wp-content\/uploads\/2021\/02\/1920x1080px-drak-300x140.jpg",300,140,true],"single-featured":["https:\/\/www.dogsie.cz\/wp-content\/uploads\/2021\/02\/1920x1080px-drak-850x400.jpg",850,400,true],"review":["https:\/\/www.dogsie.cz\/wp-content\/uploads\/2021\/02\/1920x1080px-drak-60x60.jpg",60,60,true],"product-card":["https:\/\/www.dogsie.cz\/wp-content\/uploads\/2021\/02\/1920x1080px-drak-250x250.jpg",250,250,true],"woocommerce_thumbnail":["https:\/\/www.dogsie.cz\/wp-content\/uploads\/2021\/02\/1920x1080px-drak-600x600.jpg",600,600,true],"woocommerce_single":["https:\/\/www.dogsie.cz\/wp-content\/uploads\/2021\/02\/1920x1080px-drak-600x600.jpg",600,600,true],"woocommerce_gallery_thumbnail":["https:\/\/www.dogsie.cz\/wp-content\/uploads\/2021\/02\/1920x1080px-drak-100x100.jpg",100,100,true],"140-140":["https:\/\/www.dogsie.cz\/wp-content\/uploads\/2021\/02\/1920x1080px-drak.jpg",140,140,false]},"uagb_author_info":{"display_name":"Tereza Rou\u010dkov\u00e1","author_link":"https:\/\/www.dogsie.cz\/sk\/author\/"},"uagb_comment_info":0,"uagb_excerpt":"Ply\u0161ov\u00fd vel\u0161sk\u00fd drak - Roztomil\u00e1 ply\u0161ov\u00e1 hra\u010dka pro psy ve tvaru zelen\u00e9ho dr\u00e1\u010dka.","expiration_date":"","_links":{"self":[{"href":"https:\/\/www.dogsie.cz\/sk\/wp-json\/wp\/v2\/product\/121101","targetHints":{"allow":["GET"]}}],"collection":[{"href":"https:\/\/www.dogsie.cz\/sk\/wp-json\/wp\/v2\/product"}],"about":[{"href":"https:\/\/www.dogsie.cz\/sk\/wp-json\/wp\/v2\/types\/product"}],"wp:featuredmedia":[{"embeddable":true,"href":"https:\/\/www.dogsie.cz\/sk\/wp-json\/wp\/v2\/media\/121073"}],"wp:attachment":[{"href":"https:\/\/www.dogsie.cz\/sk\/wp-json\/wp\/v2\/media?parent=121101"}],"wp:term":[{"taxonomy":"product_brand","embeddable":true,"href":"https:\/\/www.dogsie.cz\/sk\/wp-json\/wp\/v2\/product_brand?post=121101"},{"taxonomy":"product_cat","embeddable":true,"href":"https:\/\/www.dogsie.cz\/sk\/wp-json\/wp\/v2\/product_cat?post=121101"},{"taxonomy":"product_tag","embeddable":true,"href":"https:\/\/www.dogsie.cz\/sk\/wp-json\/wp\/v2\/product_tag?post=121101"},{"taxonomy":"product-label","embeddable":true,"href":"https:\/\/www.dogsie.cz\/sk\/wp-json\/wp\/v2\/product-label?post=121101"}],"curies":[{"name":"wp","href":"https:\/\/api.w.org\/{rel}","templated":true}]}}