{"id":122998,"date":"2021-04-18T16:31:43","date_gmt":"2021-04-18T14:31:43","guid":{"rendered":"https:\/\/www.dogsie.cz\/?post_type=product&#038;p=122998"},"modified":"2026-04-20T05:38:26","modified_gmt":"2026-04-20T03:38:26","slug":"dogsie-salad-interaktivni-hracka-pro-psy","status":"publish","type":"product","link":"https:\/\/www.dogsie.cz\/sk\/obchod\/dogsie-salad-interaktivni-hracka-pro-psy\/","title":{"rendered":"Dogsie Salad &#8211; interaktivn\u00ed hra\u010dka pro psy"},"content":{"rendered":"<h4>Dogsie salad &#8211; interaktivn\u00ed hra\u010dka pro psy<\/h4>\n<p>Dogsie salad je interaktivn\u00ed hra\u010dka, kter\u00e1 dok\u00e1\u017ee zabavit ka\u017ed\u00e9ho pejska. Ka\u017ed\u00fd hafan r\u00e1d \u010dmuch\u00e1 a&nbsp;hled\u00e1. Obzvl\u00e1\u0161\u0165, kdy\u017e z&nbsp;toho kouk\u00e1 n\u011bjak\u00e1 odm\u011bna. A&nbsp;ze sal\u00e1tu jich m\u016f\u017ee koukat spousta &#8211; a&nbsp;t\u011bch nejobl\u00edben\u011bj\u0161\u00edch!<\/p>\n<p><strong>O co jde?<\/strong><\/p>\n<p>Dogsie salad je hra\u010dka zalo\u017een\u00e1 na principu \u010dmuchac\u00edch podlo\u017eek. Tento \u010dmuchac\u00ed kobere\u010dek ve tvaru sal\u00e1tu je u\u0161it\u00fd z&nbsp;l\u00e1tky, do kter\u00e9 lze snadno schovat obl\u00edben\u00e9 dobroty. Ty pot\u00e9 pejsek m\u016f\u017ee pomoc\u00ed \u010dichu hledat, tr\u00e9novat d\u00edky tomu mozek a&nbsp;s\u00e1m se i&nbsp;odm\u011b\u0148ovat. Krom\u011b tr\u00e9nov\u00e1n\u00ed pr\u00e1ce s&nbsp;\u010dichem tak\u00e9 zamezuje hlt\u00e1n\u00ed. No nen\u00ed to super?<\/p>\n<p><strong>Jak\u00e9 jsou v\u00fdhody sal\u00e1tu?<\/strong><\/p>\n<ul>\n<li style=\"font-weight: 400\"><span style=\"font-weight: 400\">V\u00fdzva pro ps\u00ed hlavi\u010dky zakon\u010den\u00e1 odm\u011bnou<\/span><\/li>\n<li style=\"font-weight: 400\"><span style=\"font-weight: 400\">Lehce se \u010dist\u00ed &#8211; m\u016f\u017eete pr\u00e1t v&nbsp;pra\u010dce<\/span><\/li>\n<li style=\"font-weight: 400\"><span style=\"font-weight: 400\">Ru\u010dn\u011b \u0161it\u00fd \u010dmuchac\u00ed koberec, neobsahuje \u017e\u00e1dn\u00e9 plastov\u00e9 \u010d\u00e1sti<\/span><\/li>\n<li style=\"font-weight: 400\"><span style=\"font-weight: 400\">Vhodn\u00e9 pro pejsky v\u0161ech plemen i&nbsp;velikost\u00ed<\/span><\/li>\n<li style=\"font-weight: 400\"><span style=\"font-weight: 400\">Nastaviteln\u00e1 \u00farove\u0148 obt\u00ed\u017enosti<\/span><\/li>\n<\/ul>\n<p><strong>Jak na to?<\/strong><\/p>\n<p>Vyberte obl\u00edben\u00e9 dobroty, schovejte je do sal\u00e1tu a&nbsp;nechte pejska, aby je hledal pomoc\u00ed \u010dum\u00e1\u010dku. Samotn\u00e9 nalezen\u00ed dobroty je pro pejska odm\u011bnou, d\u00edky pochvale ale m\u016f\u017eete doc\u00edlit toho, \u017ee hled\u00e1n\u00ed pamlsk\u016f v&nbsp;\u010dmuchac\u00edm kobere\u010dku pejska bude bavit je\u0161t\u011b v\u00edce a&nbsp;bude se v&nbsp;tom zlep\u0161ovat. Pejska kontrolujte a&nbsp;zabra\u0148te, aby si pom\u00e1hal packami \u010di p\u0159evracen\u00edm sal\u00e1tu. Postupem \u010dasu m\u016f\u017eete zvy\u0161ovat obt\u00ed\u017enost pomoc\u00ed uta\u017een\u00ed stahovac\u00ed \u0161\u0148\u016frky na sal\u00e1tu.<\/p>\n<div class=\"container-video\"><\/div>\n<p><strong>Jak\u00e9 pamlsky do sal\u00e1tu schov\u00e1vat?<\/strong><\/p>\n<p>V\u0161echny, kter\u00e9 m\u00e1 v\u00e1\u0161 pejsek r\u00e1d! Do sal\u00e1tu m\u016f\u017eete schovat cokoliv, co bude pejsek r\u00e1d hledat. Men\u0161\u00ed pamlsky budou pro pejska d\u00edky sv\u00e9 velikosti v&nbsp;l\u00e1tce v\u011bt\u0161\u00ed v\u00fdzvou. V\u011bt\u0161\u00ed pamlsky pro n\u011bj zase budou v\u011bt\u0161\u00ed odm\u011bnou, co\u017e se bude hodit p\u0159edev\u0161\u00edm na za\u010d\u00e1tku, kdy\u017e se pejsek bude u\u010dit v&nbsp;\u010dmuchac\u00ed dece hledat. Mrkn\u011bte k&nbsp;n\u00e1m na e-shop a&nbsp;p\u0159iho\u010fte k&nbsp;sal\u00e1tu rovnou i&nbsp;z\u00e1sobu pamlsk\u016f!<\/p>\n<ul>\n<li>L\u00e1tka<\/li>\n<li>Protiskluzov\u00e9 dno<\/li>\n<li>Mo\u017enost m\u011bnit obt\u00ed\u017enost<\/li>\n<\/ul>\n","protected":false},"excerpt":{"rendered":"<p><strong>Dogsie salad &#8211; interaktivn\u00ed hra\u010dka pro psy <\/strong>&#8211;\u00a0Interaktivn\u00ed hra\u010dka, kter\u00e1 zabav\u00ed ka\u017ed\u00e9ho pejska i&nbsp;na hodiny. Pejsek s&nbsp;n\u00ed tr\u00e9nuje hlavu, \u010dich a&nbsp;z\u00e1rove\u0148 si pochutn\u00e1.<\/p>\n","protected":false},"featured_media":125396,"template":"","meta":{"_uag_custom_page_level_css":""},"product_brand":[],"product_cat":[93],"product_tag":[279,517,678,672,673,674,675,677],"product-label":[272,247,526],"class_list":{"0":"post-122998","1":"product","2":"type-product","3":"status-publish","4":"has-post-thumbnail","6":"product_cat-hracky-sk","7":"product_tag-hubneme-do-plavek-sk","8":"product_tag-showcase-sk","9":"product_tag-pro-hracicky-sk","10":"product_tag-pro-male-pejsky-sk","11":"product_tag-pro-mlsouny-sk","12":"product_tag-pro-pejskare-sk","13":"product_tag-pro-stredni-pejsky-sk","14":"product_tag-pro-velke-pejsky-sk","15":"product-label-interaktivni","16":"product-label-novinka","17":"product-label-tip-na-darek","19":"first","20":"instock","21":"taxable","22":"shipping-taxable","23":"purchasable","24":"product-type-simple"},"uagb_featured_image_src":{"full":["https:\/\/www.dogsie.cz\/wp-content\/uploads\/2020\/10\/dogsie-salad-hlavni-foto.jpg",1080,1080,false],"thumbnail":["https:\/\/www.dogsie.cz\/wp-content\/uploads\/2020\/10\/dogsie-salad-hlavni-foto-300x300.jpg",300,300,true],"medium":["https:\/\/www.dogsie.cz\/wp-content\/uploads\/2020\/10\/dogsie-salad-hlavni-foto-600x600.jpg",600,600,true],"medium_large":["https:\/\/www.dogsie.cz\/wp-content\/uploads\/2020\/10\/dogsie-salad-hlavni-foto-768x768.jpg",768,768,true],"large":["https:\/\/www.dogsie.cz\/wp-content\/uploads\/2020\/10\/dogsie-salad-hlavni-foto.jpg",1080,1080,false],"1536x1536":["https:\/\/www.dogsie.cz\/wp-content\/uploads\/2020\/10\/dogsie-salad-hlavni-foto.jpg",1080,1080,false],"2048x2048":["https:\/\/www.dogsie.cz\/wp-content\/uploads\/2020\/10\/dogsie-salad-hlavni-foto.jpg",1080,1080,false],"blog-featured":["https:\/\/www.dogsie.cz\/wp-content\/uploads\/2020\/10\/dogsie-salad-hlavni-foto-500x240.jpg",500,240,true],"blog-recommended":["https:\/\/www.dogsie.cz\/wp-content\/uploads\/2020\/10\/dogsie-salad-hlavni-foto-300x140.jpg",300,140,true],"single-featured":["https:\/\/www.dogsie.cz\/wp-content\/uploads\/2020\/10\/dogsie-salad-hlavni-foto-850x400.jpg",850,400,true],"review":["https:\/\/www.dogsie.cz\/wp-content\/uploads\/2020\/10\/dogsie-salad-hlavni-foto-60x60.jpg",60,60,true],"product-card":["https:\/\/www.dogsie.cz\/wp-content\/uploads\/2020\/10\/dogsie-salad-hlavni-foto-250x250.jpg",250,250,true],"woocommerce_thumbnail":["https:\/\/www.dogsie.cz\/wp-content\/uploads\/2020\/10\/dogsie-salad-hlavni-foto-600x600.jpg",600,600,true],"woocommerce_single":["https:\/\/www.dogsie.cz\/wp-content\/uploads\/2020\/10\/dogsie-salad-hlavni-foto-600x600.jpg",600,600,true],"woocommerce_gallery_thumbnail":["https:\/\/www.dogsie.cz\/wp-content\/uploads\/2020\/10\/dogsie-salad-hlavni-foto-100x100.jpg",100,100,true],"140-140":["https:\/\/www.dogsie.cz\/wp-content\/uploads\/2020\/10\/dogsie-salad-hlavni-foto.jpg",140,140,false]},"uagb_author_info":{"display_name":"Tereza Rou\u010dkov\u00e1","author_link":"https:\/\/www.dogsie.cz\/sk\/author\/"},"uagb_comment_info":0,"uagb_excerpt":"Dogsie salad - interaktivn\u00ed hra\u010dka pro psy -\u00a0Interaktivn\u00ed hra\u010dka, kter\u00e1 zabav\u00ed ka\u017ed\u00e9ho pejska i na hodiny. Pejsek s n\u00ed tr\u00e9nuje hlavu, \u010dich a z\u00e1rove\u0148 si pochutn\u00e1.","expiration_date":"","_links":{"self":[{"href":"https:\/\/www.dogsie.cz\/sk\/wp-json\/wp\/v2\/product\/122998","targetHints":{"allow":["GET"]}}],"collection":[{"href":"https:\/\/www.dogsie.cz\/sk\/wp-json\/wp\/v2\/product"}],"about":[{"href":"https:\/\/www.dogsie.cz\/sk\/wp-json\/wp\/v2\/types\/product"}],"wp:featuredmedia":[{"embeddable":true,"href":"https:\/\/www.dogsie.cz\/sk\/wp-json\/wp\/v2\/media\/125396"}],"wp:attachment":[{"href":"https:\/\/www.dogsie.cz\/sk\/wp-json\/wp\/v2\/media?parent=122998"}],"wp:term":[{"taxonomy":"product_brand","embeddable":true,"href":"https:\/\/www.dogsie.cz\/sk\/wp-json\/wp\/v2\/product_brand?post=122998"},{"taxonomy":"product_cat","embeddable":true,"href":"https:\/\/www.dogsie.cz\/sk\/wp-json\/wp\/v2\/product_cat?post=122998"},{"taxonomy":"product_tag","embeddable":true,"href":"https:\/\/www.dogsie.cz\/sk\/wp-json\/wp\/v2\/product_tag?post=122998"},{"taxonomy":"product-label","embeddable":true,"href":"https:\/\/www.dogsie.cz\/sk\/wp-json\/wp\/v2\/product-label?post=122998"}],"curies":[{"name":"wp","href":"https:\/\/api.w.org\/{rel}","templated":true}]}}