{"id":123215,"date":"2021-04-23T14:23:15","date_gmt":"2021-04-23T12:23:15","guid":{"rendered":"https:\/\/www.dogsie.cz\/?post_type=product&#038;p=123215"},"modified":"2026-05-12T05:37:44","modified_gmt":"2026-05-12T03:37:44","slug":"akinu-plovaci-aqua-kost-pro-psy-21cm","status":"publish","type":"product","link":"https:\/\/www.dogsie.cz\/sk\/obchod\/akinu-plovaci-aqua-kost-pro-psy-21cm\/","title":{"rendered":"Plovac\u00ed AQUA kost pro psy 21cm"},"content":{"rendered":"<h4>Akinu &#8211; plovac\u00ed AQUA kost pro psy 21cm<\/h4>\n<p>Kosti\u010dka, kterou pejsek ocen\u00ed b\u011bhem hork\u00fdch letn\u00edch dn\u016f. Kost plave na hladin\u011b a&nbsp;pejsek si s&nbsp;n\u00ed tedy u\u017eije spoustu z\u00e1bavy nejen u&nbsp;vody, ale i&nbsp;ve vod\u011b! D\u00edky z\u00e1\u0159iv\u00fdm barv\u00e1m pejsek kost ve vod\u011b neztrat\u00ed.<\/p>\n<ul>\n<li>Plave na hladin\u011b<\/li>\n<li>D\u00edky barv\u011b se neztrat\u00ed<\/li>\n<li>Neoprenov\u00fd materi\u00e1l<\/li>\n<\/ul>\n","protected":false},"excerpt":{"rendered":"<p><strong>Akinu &#8211; plovac\u00ed AQUA kost pro psy 21cm<\/strong> &#8211; hra\u010dka pro psy ide\u00e1ln\u00ed na hran\u00ed ve vod\u011b. Kosti\u010dka plave na vod\u011b a&nbsp;d\u00edky z\u00e1\u0159iv\u00fdm barv\u00e1m ji pejsek neztrat\u00ed.<\/p>\n","protected":false},"featured_media":123195,"template":"","meta":{"_uag_custom_page_level_css":""},"product_brand":[],"product_cat":[93],"product_tag":[402,678,672,675,677],"product-label":[273],"class_list":{"0":"post-123215","1":"product","2":"type-product","3":"status-publish","4":"has-post-thumbnail","6":"product_cat-hracky-sk","7":"product_tag-hracky-do-vody-sk","8":"product_tag-pro-hracicky-sk","9":"product_tag-pro-male-pejsky-sk","10":"product_tag-pro-stredni-pejsky-sk","11":"product_tag-pro-velke-pejsky-sk","12":"product-label-do-vody","14":"first","15":"instock","16":"taxable","17":"shipping-taxable","18":"purchasable","19":"product-type-simple"},"uagb_featured_image_src":{"full":["https:\/\/www.dogsie.cz\/wp-content\/uploads\/2021\/04\/1920x1080px-aqua-toy-1.jpg",0,0,false],"thumbnail":["https:\/\/www.dogsie.cz\/wp-content\/uploads\/2021\/04\/1920x1080px-aqua-toy-1.jpg",1,1,false],"medium":["https:\/\/www.dogsie.cz\/wp-content\/uploads\/2021\/04\/1920x1080px-aqua-toy-1.jpg",1,1,false],"medium_large":["https:\/\/www.dogsie.cz\/wp-content\/uploads\/2021\/04\/1920x1080px-aqua-toy-1.jpg",1,1,false],"large":["https:\/\/www.dogsie.cz\/wp-content\/uploads\/2021\/04\/1920x1080px-aqua-toy-1.jpg",1,1,false],"1536x1536":["https:\/\/www.dogsie.cz\/wp-content\/uploads\/2021\/04\/1920x1080px-aqua-toy-1.jpg",1,1,false],"2048x2048":["https:\/\/www.dogsie.cz\/wp-content\/uploads\/2021\/04\/1920x1080px-aqua-toy-1.jpg",1,1,false],"blog-featured":["https:\/\/www.dogsie.cz\/wp-content\/uploads\/2021\/04\/1920x1080px-aqua-toy-1.jpg",1,1,false],"blog-recommended":["https:\/\/www.dogsie.cz\/wp-content\/uploads\/2021\/04\/1920x1080px-aqua-toy-1.jpg",1,1,false],"single-featured":["https:\/\/www.dogsie.cz\/wp-content\/uploads\/2021\/04\/1920x1080px-aqua-toy-1.jpg",1,1,false],"review":["https:\/\/www.dogsie.cz\/wp-content\/uploads\/2021\/04\/1920x1080px-aqua-toy-1.jpg",1,1,false],"product-card":["https:\/\/www.dogsie.cz\/wp-content\/uploads\/2021\/04\/1920x1080px-aqua-toy-1.jpg",1,1,false],"woocommerce_thumbnail":["https:\/\/www.dogsie.cz\/wp-content\/uploads\/2021\/04\/1920x1080px-aqua-toy-1.jpg",1,1,false],"woocommerce_single":["https:\/\/www.dogsie.cz\/wp-content\/uploads\/2021\/04\/1920x1080px-aqua-toy-1.jpg",1,1,false],"woocommerce_gallery_thumbnail":["https:\/\/www.dogsie.cz\/wp-content\/uploads\/2021\/04\/1920x1080px-aqua-toy-1.jpg",1,1,false],"140-140":["https:\/\/www.dogsie.cz\/wp-content\/uploads\/2021\/04\/1920x1080px-aqua-toy-1.jpg",1,1,false]},"uagb_author_info":{"display_name":"Tereza Rou\u010dkov\u00e1","author_link":"https:\/\/www.dogsie.cz\/sk\/author\/"},"uagb_comment_info":0,"uagb_excerpt":"Akinu - plovac\u00ed AQUA kost pro psy 21cm - hra\u010dka pro psy ide\u00e1ln\u00ed na hran\u00ed ve vod\u011b. Kosti\u010dka plave na vod\u011b a d\u00edky z\u00e1\u0159iv\u00fdm barv\u00e1m ji pejsek neztrat\u00ed.","expiration_date":"","_links":{"self":[{"href":"https:\/\/www.dogsie.cz\/sk\/wp-json\/wp\/v2\/product\/123215","targetHints":{"allow":["GET"]}}],"collection":[{"href":"https:\/\/www.dogsie.cz\/sk\/wp-json\/wp\/v2\/product"}],"about":[{"href":"https:\/\/www.dogsie.cz\/sk\/wp-json\/wp\/v2\/types\/product"}],"wp:featuredmedia":[{"embeddable":true,"href":"https:\/\/www.dogsie.cz\/sk\/wp-json\/wp\/v2\/media\/123195"}],"wp:attachment":[{"href":"https:\/\/www.dogsie.cz\/sk\/wp-json\/wp\/v2\/media?parent=123215"}],"wp:term":[{"taxonomy":"product_brand","embeddable":true,"href":"https:\/\/www.dogsie.cz\/sk\/wp-json\/wp\/v2\/product_brand?post=123215"},{"taxonomy":"product_cat","embeddable":true,"href":"https:\/\/www.dogsie.cz\/sk\/wp-json\/wp\/v2\/product_cat?post=123215"},{"taxonomy":"product_tag","embeddable":true,"href":"https:\/\/www.dogsie.cz\/sk\/wp-json\/wp\/v2\/product_tag?post=123215"},{"taxonomy":"product-label","embeddable":true,"href":"https:\/\/www.dogsie.cz\/sk\/wp-json\/wp\/v2\/product-label?post=123215"}],"curies":[{"name":"wp","href":"https:\/\/api.w.org\/{rel}","templated":true}]}}