{"id":127968,"date":"2021-10-03T19:05:51","date_gmt":"2021-10-03T17:05:51","guid":{"rendered":"https:\/\/www.dogsie.cz\/?post_type=product&#038;p=127968"},"modified":"2024-12-13T13:23:32","modified_gmt":"2024-12-13T12:23:32","slug":"pamlsek-pro-psy-jeleni-parozi-pro-psy","status":"publish","type":"product","link":"https:\/\/www.dogsie.cz\/sk\/obchod\/pamlsek-pro-psy-jeleni-parozi-pro-psy\/","title":{"rendered":"Pamlsek pro psy &#8211; Jelen\u00ed paro\u017e\u00ed z&nbsp;\u0161umavsk\u00fdch les\u016f"},"content":{"rendered":"<p><strong>Jelen\u00ed paro\u017e\u00ed pro psy &#8211; dent\u00e1ln\u00ed pamlsek<\/strong><\/p>\n<p><strong data-rich-text-format-boundary=\"true\">Prav\u00e9 jelen\u00ed paro\u017e\u00ed z&nbsp;\u0161umavsk\u00fdch les\u016f<\/strong>, kter\u00e9 poch\u00e1z\u00ed ze shoz\u016f. Par\u016f\u017eek je ide\u00e1ln\u00edm p\u0159\u00edrodn\u00edm \u017ev\u00fdkac\u00edm pamlskem, kter\u00fd se vyr\u00e1b\u00ed opracov\u00e1n\u00edm shozen\u00fdch paroh\u016f tak, aby poskytl dlouhotrvaj\u00edc\u00ed a&nbsp;bezpe\u010dnou z\u00e1bavu.<\/p>\n<ul>\n<li>Odoln\u00e9<\/li>\n<li>P\u0159\u00edrodn\u00ed<\/li>\n<li>Ze shoz\u016f<\/li>\n<\/ul>\n<p>Velikosti:<\/p>\n<ul>\n<li>XS &#8211; 10 &#8211; 50 g<\/li>\n<li>S &#8211; 70 &#8211; 100 g<\/li>\n<li>M &#8211; 101 &#8211; 150 g<\/li>\n<li>L &#8211; 151 &#8211; 200 g<\/li>\n<\/ul>\n<p>Konkr\u00e9tn\u00ed velikost, v\u00e1ha i&nbsp;tvar par\u016f\u017ek\u016f se m\u016f\u017ee li\u0161it, jeliko\u017e se jedn\u00e1 o&nbsp;p\u0159\u00edrodn\u00ed produkt. V\u017edy je ale v&nbsp;uveden\u00e9m rozmez\u00ed.<\/p>\n","protected":false},"excerpt":{"rendered":"<p><strong data-rich-text-format-boundary=\"true\">Jelen\u00ed paro\u017e\u00ed pro psy &#8211;<\/strong> Paro\u017e\u00ed poch\u00e1zej\u00edc\u00ed ze shoz\u016f z&nbsp;\u0161umavsk\u00fdch les\u016f. Par\u016f\u017eek je ide\u00e1ln\u00edm p\u0159\u00edrodn\u00edm \u017ev\u00fdkac\u00edm pamlskem, kter\u00fd se vyr\u00e1b\u00ed opracov\u00e1n\u00edm shozen\u00fdch paroh\u016f tak, aby poskytl dlouhotrvaj\u00edc\u00ed a&nbsp;bezpe\u010dnou z\u00e1bavu.<\/p>\n","protected":false},"featured_media":127926,"template":"","meta":{"_uag_custom_page_level_css":""},"product_brand":[],"product_cat":[92],"product_tag":[447,517,672,675,676,677],"product-label":[276],"class_list":{"0":"post-127968","1":"product","2":"type-product","3":"status-publish","4":"has-post-thumbnail","6":"product_cat-dogsie-maskrty","7":"product_tag-lovecka-sezona-sk","8":"product_tag-showcase-sk","9":"product_tag-pro-male-pejsky-sk","10":"product_tag-pro-stredni-pejsky-sk","11":"product_tag-pro-trhace-sk","12":"product_tag-pro-velke-pejsky-sk","13":"product-label-na-kousani","15":"first","16":"outofstock","17":"taxable","18":"shipping-taxable","19":"product-type-variable"},"uagb_featured_image_src":{"full":["https:\/\/www.dogsie.cz\/wp-content\/uploads\/2021\/09\/paruzky-eshop-1200x1200px.jpg",1200,1200,false],"thumbnail":["https:\/\/www.dogsie.cz\/wp-content\/uploads\/2021\/09\/paruzky-eshop-1200x1200px-300x300.jpg",300,300,true],"medium":["https:\/\/www.dogsie.cz\/wp-content\/uploads\/2021\/09\/paruzky-eshop-1200x1200px-600x600.jpg",600,600,true],"medium_large":["https:\/\/www.dogsie.cz\/wp-content\/uploads\/2021\/09\/paruzky-eshop-1200x1200px-768x768.jpg",768,768,true],"large":["https:\/\/www.dogsie.cz\/wp-content\/uploads\/2021\/09\/paruzky-eshop-1200x1200px.jpg",1200,1200,false],"1536x1536":["https:\/\/www.dogsie.cz\/wp-content\/uploads\/2021\/09\/paruzky-eshop-1200x1200px.jpg",1200,1200,false],"2048x2048":["https:\/\/www.dogsie.cz\/wp-content\/uploads\/2021\/09\/paruzky-eshop-1200x1200px.jpg",1200,1200,false],"blog-featured":["https:\/\/www.dogsie.cz\/wp-content\/uploads\/2021\/09\/paruzky-eshop-1200x1200px-500x240.jpg",500,240,true],"blog-recommended":["https:\/\/www.dogsie.cz\/wp-content\/uploads\/2021\/09\/paruzky-eshop-1200x1200px-300x140.jpg",300,140,true],"single-featured":["https:\/\/www.dogsie.cz\/wp-content\/uploads\/2021\/09\/paruzky-eshop-1200x1200px-850x400.jpg",850,400,true],"review":["https:\/\/www.dogsie.cz\/wp-content\/uploads\/2021\/09\/paruzky-eshop-1200x1200px-60x60.jpg",60,60,true],"product-card":["https:\/\/www.dogsie.cz\/wp-content\/uploads\/2021\/09\/paruzky-eshop-1200x1200px-250x250.jpg",250,250,true],"woocommerce_thumbnail":["https:\/\/www.dogsie.cz\/wp-content\/uploads\/2021\/09\/paruzky-eshop-1200x1200px-600x600.jpg",600,600,true],"woocommerce_single":["https:\/\/www.dogsie.cz\/wp-content\/uploads\/2021\/09\/paruzky-eshop-1200x1200px-600x600.jpg",600,600,true],"woocommerce_gallery_thumbnail":["https:\/\/www.dogsie.cz\/wp-content\/uploads\/2021\/09\/paruzky-eshop-1200x1200px-100x100.jpg",100,100,true],"140-140":["https:\/\/www.dogsie.cz\/wp-content\/uploads\/2021\/09\/paruzky-eshop-1200x1200px.jpg",140,140,false]},"uagb_author_info":{"display_name":"Tereza Rou\u010dkov\u00e1","author_link":"https:\/\/www.dogsie.cz\/sk\/author\/"},"uagb_comment_info":0,"uagb_excerpt":"Jelen\u00ed paro\u017e\u00ed pro psy - Paro\u017e\u00ed poch\u00e1zej\u00edc\u00ed ze shoz\u016f z \u0161umavsk\u00fdch les\u016f. Par\u016f\u017eek je ide\u00e1ln\u00edm p\u0159\u00edrodn\u00edm \u017ev\u00fdkac\u00edm pamlskem, kter\u00fd se vyr\u00e1b\u00ed opracov\u00e1n\u00edm shozen\u00fdch paroh\u016f tak, aby poskytl dlouhotrvaj\u00edc\u00ed a bezpe\u010dnou z\u00e1bavu.","expiration_date":"","_links":{"self":[{"href":"https:\/\/www.dogsie.cz\/sk\/wp-json\/wp\/v2\/product\/127968","targetHints":{"allow":["GET"]}}],"collection":[{"href":"https:\/\/www.dogsie.cz\/sk\/wp-json\/wp\/v2\/product"}],"about":[{"href":"https:\/\/www.dogsie.cz\/sk\/wp-json\/wp\/v2\/types\/product"}],"wp:featuredmedia":[{"embeddable":true,"href":"https:\/\/www.dogsie.cz\/sk\/wp-json\/wp\/v2\/media\/127926"}],"wp:attachment":[{"href":"https:\/\/www.dogsie.cz\/sk\/wp-json\/wp\/v2\/media?parent=127968"}],"wp:term":[{"taxonomy":"product_brand","embeddable":true,"href":"https:\/\/www.dogsie.cz\/sk\/wp-json\/wp\/v2\/product_brand?post=127968"},{"taxonomy":"product_cat","embeddable":true,"href":"https:\/\/www.dogsie.cz\/sk\/wp-json\/wp\/v2\/product_cat?post=127968"},{"taxonomy":"product_tag","embeddable":true,"href":"https:\/\/www.dogsie.cz\/sk\/wp-json\/wp\/v2\/product_tag?post=127968"},{"taxonomy":"product-label","embeddable":true,"href":"https:\/\/www.dogsie.cz\/sk\/wp-json\/wp\/v2\/product-label?post=127968"}],"curies":[{"name":"wp","href":"https:\/\/api.w.org\/{rel}","templated":true}]}}