{"id":129371,"date":"2021-11-11T17:38:23","date_gmt":"2021-11-11T16:38:23","guid":{"rendered":"https:\/\/www.dogsie.cz\/?post_type=product&#038;p=129371"},"modified":"2026-05-12T05:37:37","modified_gmt":"2026-05-12T03:37:37","slug":"pamlsek-pro-psy-dogsie-fair-surikati-bobky-jehneci-kulicky-s-exotickym-ovocem","status":"publish","type":"product","link":"https:\/\/www.dogsie.cz\/sk\/obchod\/pamlsek-pro-psy-dogsie-fair-surikati-bobky-jehneci-kulicky-s-exotickym-ovocem\/","title":{"rendered":"Pamlsek pro psy Dogsie Fair Surikat\u00ed bobky &#8211; jehn\u011b\u010d\u00ed kuli\u010dky s&nbsp;exotick\u00fdm ovocem"},"content":{"rendered":"<p><strong>Surikat\u00ed bobky &#8211; jehn\u011b\u010d\u00ed kuli\u010dky s&nbsp;exotick\u00fdm ovocem<\/strong><\/p>\n<p><span style=\"font-weight: 400\">Jeden z&nbsp;bestseller\u016f mezi Dogsie pamlsky, ale tentokr\u00e1t ve verzi grain free! <\/span><\/p>\n<p><span style=\"font-weight: 400\">Surikat\u00ed bobky se poprv\u00e9 objevily na trhu v&nbsp;safari bal\u00ed\u010dku Dogsie v&nbsp;b\u0159eznu\u00a0<\/span><span style=\"font-weight: 400\">2020 a&nbsp;hned si z\u00edskaly p\u0159\u00edze\u0148 pejsk\u016f, kte\u0159\u00ed je v&nbsp;mnoha p\u0159\u00edpadech zblajzli na\u00a0<\/span><span style=\"font-weight: 400\">posezen\u00ed. Sv\u016fj comeback pot\u00e9 za\u017eili v&nbsp;roce 2021 v&nbsp;\u010dervnov\u00e9m zoo bal\u00ed\u010dku <\/span><span style=\"font-weight: 400\">a i&nbsp;tam slavily obrovsk\u00fd \u00fasp\u011bch. Nesm\u011bly tedy chyb\u011bt v&nbsp;Dogsie Fair.<\/span><\/p>\n<p><span style=\"font-weight: 400\">Surikat\u00ed bobky jsou mal\u00e9 m\u011bkk\u00e9 kuli\u010dky z&nbsp;jehn\u011b\u010d\u00edho masa, kter\u00e9 je dob\u0159e <\/span><span style=\"font-weight: 400\">straviteln\u00e9, dietn\u00ed a&nbsp;velmi chutn\u00e9, s&nbsp;p\u0159idan\u00fdmi kousky exotick\u00e9ho ovoce &#8211; konkr\u00e9tn\u011b v&nbsp;kuli\u010dk\u00e1ch najdete kokos, ban\u00e1n, ananas, datle a&nbsp;mango.\u00a0<\/span><span style=\"font-weight: 400\">Pamlsek je zcela bez obilovin, vyroben\u00fd v&nbsp;\u010cesku a&nbsp;zabalen\u00fd do rozlo\u017eiteln\u00e9ho obalu. Se Surikat\u00edmi bobky je pod\u00e1v\u00e1n\u00ed l\u00e9k\u016f mnohem jednodu\u0161\u0161\u00ed! Pr\u00e1\u0161ek sta\u010d\u00ed ukr\u00fdt do kuli\u010dky a&nbsp;je vyhr\u00e1no.\u00a0<\/span><\/p>\n<p><strong>Slo\u017een\u00ed:\u00a0<\/strong>su\u0161en\u00fd jehn\u011b\u010d\u00ed protein 37 %, hr\u00e1ch, kolagen, su\u0161en\u00fd kokos 1&nbsp;%, su\u0161en\u00fd ban\u00e1n 1&nbsp;%, su\u0161en\u00fd ananas 1&nbsp;%, su\u0161en\u00e9 datle 1&nbsp;%, su\u0161en\u00e9 mango 1&nbsp;%.<\/p>\n<p><strong>Dogsie Fair <\/strong>&#8211; <span style=\"font-weight: 400\">Dali jsme dohromady to \u00fapln\u011b nejlep\u0161\u00ed, co jsme pro psy na trhu na\u0161li, a&nbsp;vytvo\u0159ili jsme spole\u010dn\u011b s&nbsp;na\u0161imi dodavateli, kte\u0159\u00ed maj\u00ed stejnou vizi jako my, vlastn\u00ed \u0159adu pamlsk\u016f. Dogsie Fair, kter\u00e9 je prost\u011b f\u00e9r. Kvalitn\u00ed pamlsky vyr\u00e1b\u011bn\u00e9 s&nbsp;l\u00e1skou a&nbsp;\u0161etrnost\u00ed z&nbsp;t\u011bch nejlep\u0161\u00edch surovin a&nbsp;balen\u00e9 v&nbsp;ekologick\u00fdch obalech. Pamlsky, kter\u00e9 s&nbsp;radost\u00ed d\u00e1me na\u0161im pejsk\u016fm. Bu\u010fme f\u00e9r k&nbsp;sob\u011b, ke zv\u00ed\u0159at\u016fm i&nbsp;k&nbsp;planet\u011b s&nbsp;Dogsie Fair.<\/span><\/p>\n<p>Balen\u00ed: 75 g<\/p>\n","protected":false},"excerpt":{"rendered":"<p><strong>Dogsie Fair Surikat\u00ed bobky &#8211; jehn\u011b\u010d\u00ed kuli\u010dky s&nbsp;exotick\u00fdm ovocem <\/strong>&#8211; pamlsek vhodn\u00fd pro v\u0161echny velikosti pejsk\u016f. Dobrota z&nbsp;jehn\u011b\u010d\u00edho masa s&nbsp;p\u0159idan\u00fdm exotick\u00fdm ovocem, na kter\u00e9m si ka\u017ed\u00fd hafan pochutn\u00e1.<\/p>\n","protected":false},"featured_media":145565,"template":"","meta":{"_uag_custom_page_level_css":""},"product_brand":[],"product_cat":[92,252],"product_tag":[500,680,672,673,675,677],"product-label":[616,248,257],"class_list":{"0":"post-129371","1":"product","2":"type-product","3":"status-publish","4":"has-post-thumbnail","6":"product_cat-dogsie-maskrty","7":"product_cat-treningove-maskrty","8":"product_tag-dogsie-fair-sk","9":"product_tag-na-trenink-sk","10":"product_tag-pro-male-pejsky-sk","11":"product_tag-pro-mlsouny-sk","12":"product_tag-pro-stredni-pejsky-sk","13":"product_tag-pro-velke-pejsky-sk","14":"product-label-bez-obilovin","15":"product-label-bio","16":"product-label-mekke","18":"first","19":"instock","20":"taxable","21":"shipping-taxable","22":"purchasable","23":"product-type-simple"},"uagb_featured_image_src":{"full":["https:\/\/www.dogsie.cz\/wp-content\/uploads\/2021\/11\/surikati-bobky-1200x1200px-1.jpg",1200,1200,false],"thumbnail":["https:\/\/www.dogsie.cz\/wp-content\/uploads\/2021\/11\/surikati-bobky-1200x1200px-1-300x300.jpg",300,300,true],"medium":["https:\/\/www.dogsie.cz\/wp-content\/uploads\/2021\/11\/surikati-bobky-1200x1200px-1-600x600.jpg",600,600,true],"medium_large":["https:\/\/www.dogsie.cz\/wp-content\/uploads\/2021\/11\/surikati-bobky-1200x1200px-1-768x768.jpg",768,768,true],"large":["https:\/\/www.dogsie.cz\/wp-content\/uploads\/2021\/11\/surikati-bobky-1200x1200px-1.jpg",1200,1200,false],"1536x1536":["https:\/\/www.dogsie.cz\/wp-content\/uploads\/2021\/11\/surikati-bobky-1200x1200px-1.jpg",1200,1200,false],"2048x2048":["https:\/\/www.dogsie.cz\/wp-content\/uploads\/2021\/11\/surikati-bobky-1200x1200px-1.jpg",1200,1200,false],"blog-featured":["https:\/\/www.dogsie.cz\/wp-content\/uploads\/2021\/11\/surikati-bobky-1200x1200px-1-500x240.jpg",500,240,true],"blog-recommended":["https:\/\/www.dogsie.cz\/wp-content\/uploads\/2021\/11\/surikati-bobky-1200x1200px-1-300x140.jpg",300,140,true],"single-featured":["https:\/\/www.dogsie.cz\/wp-content\/uploads\/2021\/11\/surikati-bobky-1200x1200px-1-850x400.jpg",850,400,true],"review":["https:\/\/www.dogsie.cz\/wp-content\/uploads\/2021\/11\/surikati-bobky-1200x1200px-1-60x60.jpg",60,60,true],"product-card":["https:\/\/www.dogsie.cz\/wp-content\/uploads\/2021\/11\/surikati-bobky-1200x1200px-1-250x250.jpg",250,250,true],"woocommerce_thumbnail":["https:\/\/www.dogsie.cz\/wp-content\/uploads\/2021\/11\/surikati-bobky-1200x1200px-1-600x600.jpg",600,600,true],"woocommerce_single":["https:\/\/www.dogsie.cz\/wp-content\/uploads\/2021\/11\/surikati-bobky-1200x1200px-1-600x600.jpg",600,600,true],"woocommerce_gallery_thumbnail":["https:\/\/www.dogsie.cz\/wp-content\/uploads\/2021\/11\/surikati-bobky-1200x1200px-1-100x100.jpg",100,100,true],"140-140":["https:\/\/www.dogsie.cz\/wp-content\/uploads\/2021\/11\/surikati-bobky-1200x1200px-1-140x140.jpg",140,140,true]},"uagb_author_info":{"display_name":"Lucie Schwarzov\u00e1","author_link":"https:\/\/www.dogsie.cz\/sk\/author\/"},"uagb_comment_info":0,"uagb_excerpt":"Dogsie Fair Surikat\u00ed bobky - jehn\u011b\u010d\u00ed kuli\u010dky s exotick\u00fdm ovocem - pamlsek vhodn\u00fd pro v\u0161echny velikosti pejsk\u016f. Dobrota z jehn\u011b\u010d\u00edho masa s p\u0159idan\u00fdm exotick\u00fdm ovocem, na kter\u00e9m si ka\u017ed\u00fd hafan pochutn\u00e1.","expiration_date":"31.03.2027","_links":{"self":[{"href":"https:\/\/www.dogsie.cz\/sk\/wp-json\/wp\/v2\/product\/129371","targetHints":{"allow":["GET"]}}],"collection":[{"href":"https:\/\/www.dogsie.cz\/sk\/wp-json\/wp\/v2\/product"}],"about":[{"href":"https:\/\/www.dogsie.cz\/sk\/wp-json\/wp\/v2\/types\/product"}],"wp:featuredmedia":[{"embeddable":true,"href":"https:\/\/www.dogsie.cz\/sk\/wp-json\/wp\/v2\/media\/145565"}],"wp:attachment":[{"href":"https:\/\/www.dogsie.cz\/sk\/wp-json\/wp\/v2\/media?parent=129371"}],"wp:term":[{"taxonomy":"product_brand","embeddable":true,"href":"https:\/\/www.dogsie.cz\/sk\/wp-json\/wp\/v2\/product_brand?post=129371"},{"taxonomy":"product_cat","embeddable":true,"href":"https:\/\/www.dogsie.cz\/sk\/wp-json\/wp\/v2\/product_cat?post=129371"},{"taxonomy":"product_tag","embeddable":true,"href":"https:\/\/www.dogsie.cz\/sk\/wp-json\/wp\/v2\/product_tag?post=129371"},{"taxonomy":"product-label","embeddable":true,"href":"https:\/\/www.dogsie.cz\/sk\/wp-json\/wp\/v2\/product-label?post=129371"}],"curies":[{"name":"wp","href":"https:\/\/api.w.org\/{rel}","templated":true}]}}