{"id":129373,"date":"2021-11-11T17:38:09","date_gmt":"2021-11-11T16:38:09","guid":{"rendered":"https:\/\/www.dogsie.cz\/?post_type=product&#038;p=129373"},"modified":"2026-04-30T05:38:07","modified_gmt":"2026-04-30T03:38:07","slug":"pamlsek-pro-psy-dogsie-fair-dog-cheese-popcorn-pecene-kousky-himalajske-tycky","status":"publish","type":"product","link":"https:\/\/www.dogsie.cz\/sk\/obchod\/pamlsek-pro-psy-dogsie-fair-dog-cheese-popcorn-pecene-kousky-himalajske-tycky\/","title":{"rendered":"Dogsie Ps\u00ed Popcorn &#8211; Hotov\u00e9 pukance Himal\u00e1jsk\u00e9 ty\u010dky"},"content":{"rendered":"<p><strong>Dog Cheese Popcorn &#8211; pe\u010den\u00e9 kousky himal\u00e1jsk\u00e9 ty\u010dky<\/strong><\/p>\n<p class=\"p1\"><span class=\"s1\">Milovan\u00e1 <a href=\"https:\/\/www.dogsie.cz\/sk\/obchod\/himalajska-tycka\/\">Himal\u00e1jsk\u00e1 ty\u010dka<\/a> m\u00e1 sv\u00e9ho men\u0161\u00edho br\u00e1\u0161ku! <\/span><strong><span class=\"s2\">Dogsie Popcorn<\/span><\/strong><span class=\"s1\"> je vyroben\u00fd ze stejn\u00e9ho kvalitn\u00edho ml\u00e9ka, jen v&nbsp;jin\u00e9 form\u011b \u2013 men\u0161\u00ed, leh\u010d\u00ed a&nbsp;snadno straviteln\u00fd. D\u00edky speci\u00e1ln\u00edmu pe\u010den\u00ed kousky kr\u00e1sn\u011b <\/span><span class=\"s2\">puknou do podoby k\u0159upav\u00e9ho popcornu<\/span><span class=\"s1\">, kter\u00fd pejskovi zachutn\u00e1 na prvn\u00ed k\u0159upnut\u00ed.<\/span><\/p>\n<p><span style=\"font-weight: 400\">Perfektn\u00ed jako mal\u00e1 odm\u011bna nebo sva\u010dinka na cesty. K\u0159upne, von\u00ed, nezap\u00e1ch\u00e1 \u2013 a&nbsp;pejska 100% pot\u011b\u0161\u00ed. Pamlsek je bez lepku, obsahuje jen minimum lakt\u00f3zy, je vegetari\u00e1nsk\u00fd a&nbsp;<\/span><span style=\"font-weight: 400\">zabalen\u00fd ekologicky s&nbsp;l\u00e1skou k&nbsp;planet\u011b.<\/span><\/p>\n<p>Pro\u010d si ho zamilujete:<\/p>\n<ul>\n<li><span style=\"font-weight: 400\">Su\u0161en\u00e9 a&nbsp;pe\u010den\u00e9 kousky z&nbsp;kvalitn\u00edho ml\u00e9ka<\/span><\/li>\n<li>Leh\u010d\u00ed a&nbsp;straviteln\u011bj\u0161\u00ed alternativa \u010di dopln\u011bk k&nbsp;ty\u010dce<\/li>\n<li><span style=\"font-weight: 400\">Minimum lakt\u00f3zy, bez lepku<\/span><\/li>\n<li><span style=\"font-weight: 400\">Vegetari\u00e1nsk\u00fd pamlsek<\/span><\/li>\n<li><span style=\"font-weight: 400\">Vyrobeno v&nbsp;EU, baleno ekologicky<\/span><\/li>\n<\/ul>\n<p><b>Slo\u017een\u00ed: <\/b><span style=\"font-weight: 400\">ml\u00e9ko a&nbsp;ml\u00e9\u010dn\u00e9 komponenty 100&nbsp;%<\/span><\/p>\n<p class=\"p1\"><span class=\"s1\">\ud83d\udca1 Tip: Pokud chcete za\u017e\u00edt p\u0159\u00edpravu p\u0159\u00edmo doma, s\u00e1hn\u011bte po <\/span><a href=\"https:\/\/www.dogsie.cz\/sk\/obchod\/pamlsek-pro-psy-domaci-psi-popcorn-himalajske-pukance-do-mikrovlnky\/\">verzi do mikrovlnky!<\/a><\/p>\n<p>Balen\u00ed: 45 g<\/p>\n","protected":false},"excerpt":{"rendered":"<p><strong>Dogsie Fair Dog Cheese Popcorn &#8211; pe\u010den\u00e9 kousky himal\u00e1jsk\u00e9 ty\u010dky <\/strong>&#8211; k\u0159upav\u00e9 kousky himal\u00e1jsk\u00e9 ty\u010dky jsou skv\u011bl\u00fdm pamlskem pro v\u0161echny velikosti pejsk\u016f. Nav\u00edc obsahuj\u00ed jen minim\u00e1ln\u00ed mno\u017estv\u00ed lakt\u00f3zy a&nbsp;\u017e\u00e1dn\u00e9 obiloviny.<\/p>\n","protected":false},"featured_media":145385,"template":"","meta":{"_uag_custom_page_level_css":""},"product_brand":[],"product_cat":[92,242],"product_tag":[500,517,672,673,675,677],"product-label":[248,255,526],"class_list":{"0":"post-129373","1":"product","2":"type-product","3":"status-publish","4":"has-post-thumbnail","6":"product_cat-dogsie-maskrty","7":"product_cat-himalajska-tycka-sk","8":"product_tag-dogsie-fair-sk","9":"product_tag-showcase-sk","10":"product_tag-pro-male-pejsky-sk","11":"product_tag-pro-mlsouny-sk","12":"product_tag-pro-stredni-pejsky-sk","13":"product_tag-pro-velke-pejsky-sk","14":"product-label-bio","15":"product-label-susene","16":"product-label-tip-na-darek","18":"first","19":"instock","20":"taxable","21":"shipping-taxable","22":"purchasable","23":"product-type-simple"},"uagb_featured_image_src":{"full":["https:\/\/www.dogsie.cz\/wp-content\/uploads\/2021\/11\/1200x1200px-popcorn-sm.jpg",1200,1200,false],"thumbnail":["https:\/\/www.dogsie.cz\/wp-content\/uploads\/2021\/11\/1200x1200px-popcorn-sm-300x300.jpg",300,300,true],"medium":["https:\/\/www.dogsie.cz\/wp-content\/uploads\/2021\/11\/1200x1200px-popcorn-sm-600x600.jpg",600,600,true],"medium_large":["https:\/\/www.dogsie.cz\/wp-content\/uploads\/2021\/11\/1200x1200px-popcorn-sm-768x768.jpg",768,768,true],"large":["https:\/\/www.dogsie.cz\/wp-content\/uploads\/2021\/11\/1200x1200px-popcorn-sm.jpg",1200,1200,false],"1536x1536":["https:\/\/www.dogsie.cz\/wp-content\/uploads\/2021\/11\/1200x1200px-popcorn-sm.jpg",1200,1200,false],"2048x2048":["https:\/\/www.dogsie.cz\/wp-content\/uploads\/2021\/11\/1200x1200px-popcorn-sm.jpg",1200,1200,false],"blog-featured":["https:\/\/www.dogsie.cz\/wp-content\/uploads\/2021\/11\/1200x1200px-popcorn-sm-500x240.jpg",500,240,true],"blog-recommended":["https:\/\/www.dogsie.cz\/wp-content\/uploads\/2021\/11\/1200x1200px-popcorn-sm-300x140.jpg",300,140,true],"single-featured":["https:\/\/www.dogsie.cz\/wp-content\/uploads\/2021\/11\/1200x1200px-popcorn-sm-850x400.jpg",850,400,true],"review":["https:\/\/www.dogsie.cz\/wp-content\/uploads\/2021\/11\/1200x1200px-popcorn-sm-60x60.jpg",60,60,true],"product-card":["https:\/\/www.dogsie.cz\/wp-content\/uploads\/2021\/11\/1200x1200px-popcorn-sm-250x250.jpg",250,250,true],"woocommerce_thumbnail":["https:\/\/www.dogsie.cz\/wp-content\/uploads\/2021\/11\/1200x1200px-popcorn-sm-600x600.jpg",600,600,true],"woocommerce_single":["https:\/\/www.dogsie.cz\/wp-content\/uploads\/2021\/11\/1200x1200px-popcorn-sm-600x600.jpg",600,600,true],"woocommerce_gallery_thumbnail":["https:\/\/www.dogsie.cz\/wp-content\/uploads\/2021\/11\/1200x1200px-popcorn-sm-100x100.jpg",100,100,true],"140-140":["https:\/\/www.dogsie.cz\/wp-content\/uploads\/2021\/11\/1200x1200px-popcorn-sm-140x140.jpg",140,140,true]},"uagb_author_info":{"display_name":"Lucie Schwarzov\u00e1","author_link":"https:\/\/www.dogsie.cz\/sk\/author\/"},"uagb_comment_info":0,"uagb_excerpt":"Dogsie Fair Dog Cheese Popcorn - pe\u010den\u00e9 kousky himal\u00e1jsk\u00e9 ty\u010dky - k\u0159upav\u00e9 kousky himal\u00e1jsk\u00e9 ty\u010dky jsou skv\u011bl\u00fdm pamlskem pro v\u0161echny velikosti pejsk\u016f. Nav\u00edc obsahuj\u00ed jen minim\u00e1ln\u00ed mno\u017estv\u00ed lakt\u00f3zy a \u017e\u00e1dn\u00e9 obiloviny.","expiration_date":"","_links":{"self":[{"href":"https:\/\/www.dogsie.cz\/sk\/wp-json\/wp\/v2\/product\/129373","targetHints":{"allow":["GET"]}}],"collection":[{"href":"https:\/\/www.dogsie.cz\/sk\/wp-json\/wp\/v2\/product"}],"about":[{"href":"https:\/\/www.dogsie.cz\/sk\/wp-json\/wp\/v2\/types\/product"}],"wp:featuredmedia":[{"embeddable":true,"href":"https:\/\/www.dogsie.cz\/sk\/wp-json\/wp\/v2\/media\/145385"}],"wp:attachment":[{"href":"https:\/\/www.dogsie.cz\/sk\/wp-json\/wp\/v2\/media?parent=129373"}],"wp:term":[{"taxonomy":"product_brand","embeddable":true,"href":"https:\/\/www.dogsie.cz\/sk\/wp-json\/wp\/v2\/product_brand?post=129373"},{"taxonomy":"product_cat","embeddable":true,"href":"https:\/\/www.dogsie.cz\/sk\/wp-json\/wp\/v2\/product_cat?post=129373"},{"taxonomy":"product_tag","embeddable":true,"href":"https:\/\/www.dogsie.cz\/sk\/wp-json\/wp\/v2\/product_tag?post=129373"},{"taxonomy":"product-label","embeddable":true,"href":"https:\/\/www.dogsie.cz\/sk\/wp-json\/wp\/v2\/product-label?post=129373"}],"curies":[{"name":"wp","href":"https:\/\/api.w.org\/{rel}","templated":true}]}}