{"id":132451,"date":"2022-01-04T13:41:45","date_gmt":"2022-01-04T12:41:45","guid":{"rendered":"https:\/\/www.dogsie.cz\/?post_type=product&#038;p=132451"},"modified":"2026-04-17T05:38:02","modified_gmt":"2026-04-17T03:38:02","slug":"interaktivni-hracka-pro-psy-pamlskovnik-planetka","status":"publish","type":"product","link":"https:\/\/www.dogsie.cz\/sk\/obchod\/interaktivni-hracka-pro-psy-pamlskovnik-planetka\/","title":{"rendered":"Interaktivn\u00ed hra\u010dka pro psy &#8211; pamlskovn\u00edk Planetka"},"content":{"rendered":"<p><strong>Interaktivn\u00ed hra\u010dka pamlskovn\u00edk Planetka<\/strong><\/p>\n<p>Interaktivn\u00ed hra\u010dka pro psy ve tvaru kulat\u00e9 planetky s&nbsp;prstencem, kter\u00e1 spolehliv\u011b zabav\u00ed pejsky v\u0161ech velikost\u00ed.<\/p>\n<ul>\n<li>Otev\u0159ete planetku, napl\u0148te obl\u00edben\u00fdmi drobn\u00fdmi pamlsky a&nbsp;zav\u0159ete.<\/li>\n<li>P\u0159i kut\u00e1len\u00ed hra\u010dkou za\u010dnou pamlsky z&nbsp;planetky vypad\u00e1vat na zem.<\/li>\n<li>Pejsek brzy cel\u00fd postup pochop\u00ed a&nbsp;gravitace planety u\u017e ho nebude cht\u00edt pustit.<\/li>\n<li>Pozor, planetka m\u00e1 k\u0159ehk\u00fd ochrann\u00fd \u0161t\u00edt. Proto s&nbsp;planetou neh\u00e1zejte a&nbsp;rad\u011bji kut\u00e1lejte nebo rozt\u00e1\u010dejte.<\/li>\n<\/ul>\n","protected":false},"excerpt":{"rendered":"<p><strong>Interaktivn\u00ed hra\u010dka pamlskovn\u00edk Planetka <\/strong>&#8211; Interaktivn\u00ed hra\u010dka pro psy ve tvaru kulat\u00e9 planetky s&nbsp;prstencem, kter\u00e1 spolehliv\u011b zabav\u00ed pejsky v\u0161ech velikost\u00ed. Sta\u010d\u00ed naplnit obl\u00edben\u00fdmi pamlsky a&nbsp;nechat pejska si hr\u00e1t.<\/p>\n","protected":false},"featured_media":132483,"template":"","meta":{"_uag_custom_page_level_css":""},"product_brand":[],"product_cat":[93],"product_tag":[529,678,679,672,673,675,676,677],"product-label":[272,247],"class_list":{"0":"post-132451","1":"product","2":"type-product","3":"status-publish","4":"has-post-thumbnail","6":"product_cat-hracky-sk","7":"product_tag-doggova-uzasna-cesta-vesmirem-sk","8":"product_tag-pro-hracicky-sk","9":"product_tag-pro-kockare-sk","10":"product_tag-pro-male-pejsky-sk","11":"product_tag-pro-mlsouny-sk","12":"product_tag-pro-stredni-pejsky-sk","13":"product_tag-pro-trhace-sk","14":"product_tag-pro-velke-pejsky-sk","15":"product-label-interaktivni","16":"product-label-novinka","18":"first","19":"instock","20":"taxable","21":"shipping-taxable","22":"purchasable","23":"product-type-simple"},"uagb_featured_image_src":{"full":["https:\/\/www.dogsie.cz\/wp-content\/uploads\/2022\/01\/3.png",1200,1200,false],"thumbnail":["https:\/\/www.dogsie.cz\/wp-content\/uploads\/2022\/01\/3-300x300.png",300,300,true],"medium":["https:\/\/www.dogsie.cz\/wp-content\/uploads\/2022\/01\/3-600x600.png",600,600,true],"medium_large":["https:\/\/www.dogsie.cz\/wp-content\/uploads\/2022\/01\/3-768x768.png",768,768,true],"large":["https:\/\/www.dogsie.cz\/wp-content\/uploads\/2022\/01\/3.png",1200,1200,false],"1536x1536":["https:\/\/www.dogsie.cz\/wp-content\/uploads\/2022\/01\/3.png",1200,1200,false],"2048x2048":["https:\/\/www.dogsie.cz\/wp-content\/uploads\/2022\/01\/3.png",1200,1200,false],"blog-featured":["https:\/\/www.dogsie.cz\/wp-content\/uploads\/2022\/01\/3-500x240.png",500,240,true],"blog-recommended":["https:\/\/www.dogsie.cz\/wp-content\/uploads\/2022\/01\/3-300x140.png",300,140,true],"single-featured":["https:\/\/www.dogsie.cz\/wp-content\/uploads\/2022\/01\/3-850x400.png",850,400,true],"review":["https:\/\/www.dogsie.cz\/wp-content\/uploads\/2022\/01\/3-60x60.png",60,60,true],"product-card":["https:\/\/www.dogsie.cz\/wp-content\/uploads\/2022\/01\/3-250x250.png",250,250,true],"woocommerce_thumbnail":["https:\/\/www.dogsie.cz\/wp-content\/uploads\/2022\/01\/3-600x600.png",600,600,true],"woocommerce_single":["https:\/\/www.dogsie.cz\/wp-content\/uploads\/2022\/01\/3-600x600.png",600,600,true],"woocommerce_gallery_thumbnail":["https:\/\/www.dogsie.cz\/wp-content\/uploads\/2022\/01\/3-100x100.png",100,100,true],"140-140":["https:\/\/www.dogsie.cz\/wp-content\/uploads\/2022\/01\/3.png",140,140,false]},"uagb_author_info":{"display_name":"Lucie Schwarzov\u00e1","author_link":"https:\/\/www.dogsie.cz\/sk\/author\/"},"uagb_comment_info":0,"uagb_excerpt":"Interaktivn\u00ed hra\u010dka pamlskovn\u00edk Planetka - Interaktivn\u00ed hra\u010dka pro psy ve tvaru kulat\u00e9 planetky s prstencem, kter\u00e1 spolehliv\u011b zabav\u00ed pejsky v\u0161ech velikost\u00ed. Sta\u010d\u00ed naplnit obl\u00edben\u00fdmi pamlsky a nechat pejska si hr\u00e1t.","expiration_date":"","_links":{"self":[{"href":"https:\/\/www.dogsie.cz\/sk\/wp-json\/wp\/v2\/product\/132451","targetHints":{"allow":["GET"]}}],"collection":[{"href":"https:\/\/www.dogsie.cz\/sk\/wp-json\/wp\/v2\/product"}],"about":[{"href":"https:\/\/www.dogsie.cz\/sk\/wp-json\/wp\/v2\/types\/product"}],"wp:featuredmedia":[{"embeddable":true,"href":"https:\/\/www.dogsie.cz\/sk\/wp-json\/wp\/v2\/media\/132483"}],"wp:attachment":[{"href":"https:\/\/www.dogsie.cz\/sk\/wp-json\/wp\/v2\/media?parent=132451"}],"wp:term":[{"taxonomy":"product_brand","embeddable":true,"href":"https:\/\/www.dogsie.cz\/sk\/wp-json\/wp\/v2\/product_brand?post=132451"},{"taxonomy":"product_cat","embeddable":true,"href":"https:\/\/www.dogsie.cz\/sk\/wp-json\/wp\/v2\/product_cat?post=132451"},{"taxonomy":"product_tag","embeddable":true,"href":"https:\/\/www.dogsie.cz\/sk\/wp-json\/wp\/v2\/product_tag?post=132451"},{"taxonomy":"product-label","embeddable":true,"href":"https:\/\/www.dogsie.cz\/sk\/wp-json\/wp\/v2\/product-label?post=132451"}],"curies":[{"name":"wp","href":"https:\/\/api.w.org\/{rel}","templated":true}]}}