{"id":132557,"date":"2022-01-05T20:29:35","date_gmt":"2022-01-05T19:29:35","guid":{"rendered":"https:\/\/www.dogsie.cz\/?post_type=product&#038;p=132557"},"modified":"2026-04-13T05:38:57","modified_gmt":"2026-04-13T03:38:57","slug":"hracka-pro-psy-nabruceny-plysovy-grinch","status":"publish","type":"product","link":"https:\/\/www.dogsie.cz\/sk\/obchod\/hracka-pro-psy-nabruceny-plysovy-grinch\/","title":{"rendered":"Hra\u010dka pro psy &#8211; Nabru\u010den\u00fd ply\u0161ov\u00fd Grinch"},"content":{"rendered":"<p><strong>Hra\u010dka pro psy &#8211; Nabru\u010den\u00fd ply\u0161ov\u00fd Grinch<\/strong><\/p>\n<p><span style=\"font-weight: 400\">Ply\u0161ov\u00e1 hra\u010dka ve tvaru chlupat\u00e9ho zelen\u00e9ho Dogrinche. Ide\u00e1ln\u00ed na umazlen\u00ed, roztrh\u00e1n\u00ed \u010di zahrab\u00e1n\u00ed &#8211; hlavn\u011b kdy\u017e to hafanovi ud\u011bl\u00e1 radost!<\/span><\/p>\n<ul>\n<li>Ply\u0161ov\u00fd<\/li>\n<li>Nep\u00edsk\u00e1, p\u0159esto\u017ee to s\u00e1m tvrd\u00ed<\/li>\n<\/ul>\n","protected":false},"excerpt":{"rendered":"<p><strong>Nabru\u010den\u00fd ply\u0161ov\u00fd Grinch <\/strong>&#8211; Ply\u0161ov\u00e1 hra\u010dka ve tvaru chlupat\u00e9ho zelen\u00e9ho Dogrinche. Ide\u00e1ln\u00ed na umazlen\u00ed, roztrh\u00e1n\u00ed \u010di zahrab\u00e1n\u00ed pro mal\u00e9 a&nbsp;st\u0159edn\u00ed pejsky.<\/p>\n","protected":false},"featured_media":132559,"template":"","meta":{"_uag_custom_page_level_css":""},"product_brand":[],"product_cat":[93],"product_tag":[678,672,675,677],"product-label":[258,526],"class_list":{"0":"post-132557","1":"product","2":"type-product","3":"status-publish","4":"has-post-thumbnail","6":"product_cat-hracky-sk","7":"product_tag-pro-hracicky-sk","8":"product_tag-pro-male-pejsky-sk","9":"product_tag-pro-stredni-pejsky-sk","10":"product_tag-pro-velke-pejsky-sk","11":"product-label-plys","12":"product-label-tip-na-darek","14":"first","15":"instock","16":"taxable","17":"shipping-taxable","18":"purchasable","19":"product-type-simple"},"uagb_featured_image_src":{"full":["https:\/\/www.dogsie.cz\/wp-content\/uploads\/2022\/01\/grinch-1200x1200px.jpg",1200,1200,false],"thumbnail":["https:\/\/www.dogsie.cz\/wp-content\/uploads\/2022\/01\/grinch-1200x1200px-300x300.jpg",300,300,true],"medium":["https:\/\/www.dogsie.cz\/wp-content\/uploads\/2022\/01\/grinch-1200x1200px-600x600.jpg",600,600,true],"medium_large":["https:\/\/www.dogsie.cz\/wp-content\/uploads\/2022\/01\/grinch-1200x1200px-768x768.jpg",768,768,true],"large":["https:\/\/www.dogsie.cz\/wp-content\/uploads\/2022\/01\/grinch-1200x1200px.jpg",1200,1200,false],"1536x1536":["https:\/\/www.dogsie.cz\/wp-content\/uploads\/2022\/01\/grinch-1200x1200px.jpg",1200,1200,false],"2048x2048":["https:\/\/www.dogsie.cz\/wp-content\/uploads\/2022\/01\/grinch-1200x1200px.jpg",1200,1200,false],"blog-featured":["https:\/\/www.dogsie.cz\/wp-content\/uploads\/2022\/01\/grinch-1200x1200px-500x240.jpg",500,240,true],"blog-recommended":["https:\/\/www.dogsie.cz\/wp-content\/uploads\/2022\/01\/grinch-1200x1200px-300x140.jpg",300,140,true],"single-featured":["https:\/\/www.dogsie.cz\/wp-content\/uploads\/2022\/01\/grinch-1200x1200px-850x400.jpg",850,400,true],"review":["https:\/\/www.dogsie.cz\/wp-content\/uploads\/2022\/01\/grinch-1200x1200px-60x60.jpg",60,60,true],"product-card":["https:\/\/www.dogsie.cz\/wp-content\/uploads\/2022\/01\/grinch-1200x1200px-250x250.jpg",250,250,true],"woocommerce_thumbnail":["https:\/\/www.dogsie.cz\/wp-content\/uploads\/2022\/01\/grinch-1200x1200px-600x600.jpg",600,600,true],"woocommerce_single":["https:\/\/www.dogsie.cz\/wp-content\/uploads\/2022\/01\/grinch-1200x1200px-600x600.jpg",600,600,true],"woocommerce_gallery_thumbnail":["https:\/\/www.dogsie.cz\/wp-content\/uploads\/2022\/01\/grinch-1200x1200px-100x100.jpg",100,100,true],"140-140":["https:\/\/www.dogsie.cz\/wp-content\/uploads\/2022\/01\/grinch-1200x1200px.jpg",140,140,false]},"uagb_author_info":{"display_name":"Lucie Schwarzov\u00e1","author_link":"https:\/\/www.dogsie.cz\/sk\/author\/"},"uagb_comment_info":0,"uagb_excerpt":"Nabru\u010den\u00fd ply\u0161ov\u00fd Grinch - Ply\u0161ov\u00e1 hra\u010dka ve tvaru chlupat\u00e9ho zelen\u00e9ho Dogrinche. Ide\u00e1ln\u00ed na umazlen\u00ed, roztrh\u00e1n\u00ed \u010di zahrab\u00e1n\u00ed pro mal\u00e9 a st\u0159edn\u00ed pejsky.","expiration_date":"","_links":{"self":[{"href":"https:\/\/www.dogsie.cz\/sk\/wp-json\/wp\/v2\/product\/132557","targetHints":{"allow":["GET"]}}],"collection":[{"href":"https:\/\/www.dogsie.cz\/sk\/wp-json\/wp\/v2\/product"}],"about":[{"href":"https:\/\/www.dogsie.cz\/sk\/wp-json\/wp\/v2\/types\/product"}],"wp:featuredmedia":[{"embeddable":true,"href":"https:\/\/www.dogsie.cz\/sk\/wp-json\/wp\/v2\/media\/132559"}],"wp:attachment":[{"href":"https:\/\/www.dogsie.cz\/sk\/wp-json\/wp\/v2\/media?parent=132557"}],"wp:term":[{"taxonomy":"product_brand","embeddable":true,"href":"https:\/\/www.dogsie.cz\/sk\/wp-json\/wp\/v2\/product_brand?post=132557"},{"taxonomy":"product_cat","embeddable":true,"href":"https:\/\/www.dogsie.cz\/sk\/wp-json\/wp\/v2\/product_cat?post=132557"},{"taxonomy":"product_tag","embeddable":true,"href":"https:\/\/www.dogsie.cz\/sk\/wp-json\/wp\/v2\/product_tag?post=132557"},{"taxonomy":"product-label","embeddable":true,"href":"https:\/\/www.dogsie.cz\/sk\/wp-json\/wp\/v2\/product-label?post=132557"}],"curies":[{"name":"wp","href":"https:\/\/api.w.org\/{rel}","templated":true}]}}