{"id":133488,"date":"2022-02-01T19:55:18","date_gmt":"2022-02-01T18:55:18","guid":{"rendered":"https:\/\/www.dogsie.cz\/?post_type=product&#038;p=133488"},"modified":"2026-04-20T05:38:04","modified_gmt":"2026-04-20T03:38:04","slug":"hracka-pro-psy-babyyoda","status":"publish","type":"product","link":"https:\/\/www.dogsie.cz\/sk\/obchod\/hracka-pro-psy-babyyoda\/","title":{"rendered":"Hra\u010dka pro psy &#8211; BabyYoda"},"content":{"rendered":"<p><strong>BabyYoda<\/strong><\/p>\n<p><span style=\"font-weight: 400\">Ply\u0161ov\u00e1 hra\u010dka pro psy ve tvaru roztomil\u00e9ho Yody. Vhodn\u00e1 pro mal\u00e9 a&nbsp;st\u0159edn\u00ed pejsky.<\/span><\/p>\n<ul>\n<li>ply\u0161ov\u00e1<\/li>\n<li>velikost &#8211; 13 cm<\/li>\n<\/ul>\n","protected":false},"excerpt":{"rendered":"<p><strong>Hra\u010dka pro psy &#8211; BabyYoda <\/strong>&#8211; <span style=\"font-weight: 400\">Ply\u0161ov\u00e1 hra\u010dka pro psy ve tvaru roztomil\u00e9ho Yody. Vhodn\u00e1 pro mal\u00e9 pejsky.<\/span><\/p>\n","protected":false},"featured_media":145428,"template":"","meta":{"_uag_custom_page_level_css":""},"product_brand":[],"product_cat":[93],"product_tag":[529],"product-label":[247,258],"class_list":{"0":"post-133488","1":"product","2":"type-product","3":"status-publish","4":"has-post-thumbnail","6":"product_cat-hracky-sk","7":"product_tag-doggova-uzasna-cesta-vesmirem-sk","8":"product-label-novinka","9":"product-label-plys","11":"first","12":"instock","13":"taxable","14":"shipping-taxable","15":"purchasable","16":"product-type-simple"},"uagb_featured_image_src":{"full":["https:\/\/www.dogsie.cz\/wp-content\/uploads\/2022\/02\/1200x1200px-baby-yoda.jpg",1200,1200,false],"thumbnail":["https:\/\/www.dogsie.cz\/wp-content\/uploads\/2022\/02\/1200x1200px-baby-yoda-300x300.jpg",300,300,true],"medium":["https:\/\/www.dogsie.cz\/wp-content\/uploads\/2022\/02\/1200x1200px-baby-yoda-600x600.jpg",600,600,true],"medium_large":["https:\/\/www.dogsie.cz\/wp-content\/uploads\/2022\/02\/1200x1200px-baby-yoda-768x768.jpg",768,768,true],"large":["https:\/\/www.dogsie.cz\/wp-content\/uploads\/2022\/02\/1200x1200px-baby-yoda.jpg",1200,1200,false],"1536x1536":["https:\/\/www.dogsie.cz\/wp-content\/uploads\/2022\/02\/1200x1200px-baby-yoda.jpg",1200,1200,false],"2048x2048":["https:\/\/www.dogsie.cz\/wp-content\/uploads\/2022\/02\/1200x1200px-baby-yoda.jpg",1200,1200,false],"blog-featured":["https:\/\/www.dogsie.cz\/wp-content\/uploads\/2022\/02\/1200x1200px-baby-yoda-500x240.jpg",500,240,true],"blog-recommended":["https:\/\/www.dogsie.cz\/wp-content\/uploads\/2022\/02\/1200x1200px-baby-yoda-300x140.jpg",300,140,true],"single-featured":["https:\/\/www.dogsie.cz\/wp-content\/uploads\/2022\/02\/1200x1200px-baby-yoda-850x400.jpg",850,400,true],"review":["https:\/\/www.dogsie.cz\/wp-content\/uploads\/2022\/02\/1200x1200px-baby-yoda-60x60.jpg",60,60,true],"product-card":["https:\/\/www.dogsie.cz\/wp-content\/uploads\/2022\/02\/1200x1200px-baby-yoda-250x250.jpg",250,250,true],"woocommerce_thumbnail":["https:\/\/www.dogsie.cz\/wp-content\/uploads\/2022\/02\/1200x1200px-baby-yoda-600x600.jpg",600,600,true],"woocommerce_single":["https:\/\/www.dogsie.cz\/wp-content\/uploads\/2022\/02\/1200x1200px-baby-yoda-600x600.jpg",600,600,true],"woocommerce_gallery_thumbnail":["https:\/\/www.dogsie.cz\/wp-content\/uploads\/2022\/02\/1200x1200px-baby-yoda-100x100.jpg",100,100,true],"140-140":["https:\/\/www.dogsie.cz\/wp-content\/uploads\/2022\/02\/1200x1200px-baby-yoda-140x140.jpg",140,140,true]},"uagb_author_info":{"display_name":"Lucie Schwarzov\u00e1","author_link":"https:\/\/www.dogsie.cz\/sk\/author\/"},"uagb_comment_info":0,"uagb_excerpt":"Hra\u010dka pro psy - BabyYoda - Ply\u0161ov\u00e1 hra\u010dka pro psy ve tvaru roztomil\u00e9ho Yody. Vhodn\u00e1 pro mal\u00e9 pejsky.","expiration_date":"","_links":{"self":[{"href":"https:\/\/www.dogsie.cz\/sk\/wp-json\/wp\/v2\/product\/133488","targetHints":{"allow":["GET"]}}],"collection":[{"href":"https:\/\/www.dogsie.cz\/sk\/wp-json\/wp\/v2\/product"}],"about":[{"href":"https:\/\/www.dogsie.cz\/sk\/wp-json\/wp\/v2\/types\/product"}],"wp:featuredmedia":[{"embeddable":true,"href":"https:\/\/www.dogsie.cz\/sk\/wp-json\/wp\/v2\/media\/145428"}],"wp:attachment":[{"href":"https:\/\/www.dogsie.cz\/sk\/wp-json\/wp\/v2\/media?parent=133488"}],"wp:term":[{"taxonomy":"product_brand","embeddable":true,"href":"https:\/\/www.dogsie.cz\/sk\/wp-json\/wp\/v2\/product_brand?post=133488"},{"taxonomy":"product_cat","embeddable":true,"href":"https:\/\/www.dogsie.cz\/sk\/wp-json\/wp\/v2\/product_cat?post=133488"},{"taxonomy":"product_tag","embeddable":true,"href":"https:\/\/www.dogsie.cz\/sk\/wp-json\/wp\/v2\/product_tag?post=133488"},{"taxonomy":"product-label","embeddable":true,"href":"https:\/\/www.dogsie.cz\/sk\/wp-json\/wp\/v2\/product-label?post=133488"}],"curies":[{"name":"wp","href":"https:\/\/api.w.org\/{rel}","templated":true}]}}