{"id":133490,"date":"2022-02-01T19:55:22","date_gmt":"2022-02-01T18:55:22","guid":{"rendered":"https:\/\/www.dogsie.cz\/?post_type=product&#038;p=133490"},"modified":"2026-04-23T05:38:02","modified_gmt":"2026-04-23T03:38:02","slug":"hracka-pro-psy-turbo-raketak","status":"publish","type":"product","link":"https:\/\/www.dogsie.cz\/sk\/obchod\/hracka-pro-psy-turbo-raketak\/","title":{"rendered":"Hra\u010dka pro psy &#8211; Turbo rake\u0165\u00e1k"},"content":{"rendered":"<p><strong>Turbo rake\u0165\u00e1k<\/strong><\/p>\n<p><span style=\"font-weight: 400\">Ply\u0161ov\u00e1 hra\u010dka ve tvaru velk\u00e9 vesm\u00edrn\u00e9 rakety! Vhodn\u00e1 i&nbsp;pro v\u011bt\u0161\u00ed pejsky.<\/span><\/p>\n<ul>\n<li>ply\u0161ov\u00e1<\/li>\n<li>p\u00edskaj\u00edc\u00ed<\/li>\n<li>odoln\u00e1<\/li>\n<\/ul>\n<p>&nbsp;<\/p>\n<p>Vyrobeno v&nbsp;\u010c\u00edn\u011b<\/p>\n","protected":false},"excerpt":{"rendered":"<p><strong>Hra\u010dka pro psy Turbo rake\u0165\u00e1k <\/strong>&#8211; Ply\u0161ov\u00e1 hra\u010dka pro psy ve tvaru velk\u00e9 vesm\u00edrn\u00e9 rakety! Vhodn\u00e1 i&nbsp;pro v\u011bt\u0161\u00ed pejsky.<\/p>\n","protected":false},"featured_media":133492,"template":"","meta":{"_uag_custom_page_level_css":""},"product_brand":[],"product_cat":[93],"product_tag":[529,678,675,677],"product-label":[247,260,258],"class_list":{"0":"post-133490","1":"product","2":"type-product","3":"status-publish","4":"has-post-thumbnail","6":"product_cat-hracky-sk","7":"product_tag-doggova-uzasna-cesta-vesmirem-sk","8":"product_tag-pro-hracicky-sk","9":"product_tag-pro-stredni-pejsky-sk","10":"product_tag-pro-velke-pejsky-sk","11":"product-label-novinka","12":"product-label-piskaci","13":"product-label-plys","15":"first","16":"instock","17":"taxable","18":"shipping-taxable","19":"purchasable","20":"product-type-simple"},"uagb_featured_image_src":{"full":["https:\/\/www.dogsie.cz\/wp-content\/uploads\/2022\/02\/turbo-raketa-1200x1200px.jpg",1200,1200,false],"thumbnail":["https:\/\/www.dogsie.cz\/wp-content\/uploads\/2022\/02\/turbo-raketa-1200x1200px-300x300.jpg",300,300,true],"medium":["https:\/\/www.dogsie.cz\/wp-content\/uploads\/2022\/02\/turbo-raketa-1200x1200px-600x600.jpg",600,600,true],"medium_large":["https:\/\/www.dogsie.cz\/wp-content\/uploads\/2022\/02\/turbo-raketa-1200x1200px-768x768.jpg",768,768,true],"large":["https:\/\/www.dogsie.cz\/wp-content\/uploads\/2022\/02\/turbo-raketa-1200x1200px.jpg",1200,1200,false],"1536x1536":["https:\/\/www.dogsie.cz\/wp-content\/uploads\/2022\/02\/turbo-raketa-1200x1200px.jpg",1200,1200,false],"2048x2048":["https:\/\/www.dogsie.cz\/wp-content\/uploads\/2022\/02\/turbo-raketa-1200x1200px.jpg",1200,1200,false],"blog-featured":["https:\/\/www.dogsie.cz\/wp-content\/uploads\/2022\/02\/turbo-raketa-1200x1200px-500x240.jpg",500,240,true],"blog-recommended":["https:\/\/www.dogsie.cz\/wp-content\/uploads\/2022\/02\/turbo-raketa-1200x1200px-300x140.jpg",300,140,true],"single-featured":["https:\/\/www.dogsie.cz\/wp-content\/uploads\/2022\/02\/turbo-raketa-1200x1200px-850x400.jpg",850,400,true],"review":["https:\/\/www.dogsie.cz\/wp-content\/uploads\/2022\/02\/turbo-raketa-1200x1200px-60x60.jpg",60,60,true],"product-card":["https:\/\/www.dogsie.cz\/wp-content\/uploads\/2022\/02\/turbo-raketa-1200x1200px-250x250.jpg",250,250,true],"woocommerce_thumbnail":["https:\/\/www.dogsie.cz\/wp-content\/uploads\/2022\/02\/turbo-raketa-1200x1200px-600x600.jpg",600,600,true],"woocommerce_single":["https:\/\/www.dogsie.cz\/wp-content\/uploads\/2022\/02\/turbo-raketa-1200x1200px-600x600.jpg",600,600,true],"woocommerce_gallery_thumbnail":["https:\/\/www.dogsie.cz\/wp-content\/uploads\/2022\/02\/turbo-raketa-1200x1200px-100x100.jpg",100,100,true],"140-140":["https:\/\/www.dogsie.cz\/wp-content\/uploads\/2022\/02\/turbo-raketa-1200x1200px.jpg",140,140,false]},"uagb_author_info":{"display_name":"Lucie Schwarzov\u00e1","author_link":"https:\/\/www.dogsie.cz\/sk\/author\/"},"uagb_comment_info":0,"uagb_excerpt":"Hra\u010dka pro psy Turbo rake\u0165\u00e1k - Ply\u0161ov\u00e1 hra\u010dka pro psy ve tvaru velk\u00e9 vesm\u00edrn\u00e9 rakety! Vhodn\u00e1 i pro v\u011bt\u0161\u00ed pejsky.","expiration_date":"","_links":{"self":[{"href":"https:\/\/www.dogsie.cz\/sk\/wp-json\/wp\/v2\/product\/133490","targetHints":{"allow":["GET"]}}],"collection":[{"href":"https:\/\/www.dogsie.cz\/sk\/wp-json\/wp\/v2\/product"}],"about":[{"href":"https:\/\/www.dogsie.cz\/sk\/wp-json\/wp\/v2\/types\/product"}],"wp:featuredmedia":[{"embeddable":true,"href":"https:\/\/www.dogsie.cz\/sk\/wp-json\/wp\/v2\/media\/133492"}],"wp:attachment":[{"href":"https:\/\/www.dogsie.cz\/sk\/wp-json\/wp\/v2\/media?parent=133490"}],"wp:term":[{"taxonomy":"product_brand","embeddable":true,"href":"https:\/\/www.dogsie.cz\/sk\/wp-json\/wp\/v2\/product_brand?post=133490"},{"taxonomy":"product_cat","embeddable":true,"href":"https:\/\/www.dogsie.cz\/sk\/wp-json\/wp\/v2\/product_cat?post=133490"},{"taxonomy":"product_tag","embeddable":true,"href":"https:\/\/www.dogsie.cz\/sk\/wp-json\/wp\/v2\/product_tag?post=133490"},{"taxonomy":"product-label","embeddable":true,"href":"https:\/\/www.dogsie.cz\/sk\/wp-json\/wp\/v2\/product-label?post=133490"}],"curies":[{"name":"wp","href":"https:\/\/api.w.org\/{rel}","templated":true}]}}