{"id":135424,"date":"2022-05-10T19:05:02","date_gmt":"2022-05-10T17:05:02","guid":{"rendered":"https:\/\/www.dogsie.cz\/?post_type=product&#038;p=135424"},"modified":"2026-05-14T05:37:25","modified_gmt":"2026-05-14T03:37:25","slug":"hracka-pro-psy-p-l-a-y-lucerna","status":"publish","type":"product","link":"https:\/\/www.dogsie.cz\/sk\/obchod\/hracka-pro-psy-p-l-a-y-lucerna\/","title":{"rendered":"Hra\u010dka pro psy &#8211; P.L.A.Y. Lucerna"},"content":{"rendered":"<p><strong>P.L.A.Y. Lucerna<\/strong><\/p>\n<p>Pot\u011b\u0161te a&nbsp;zabavte va\u0161eho psa na dlouhou dobu! Hra\u010dky P.L.A.Y. jsou vtipn\u00e9 a&nbsp;rozko\u0161n\u00e9, ale z\u00e1rove\u0148 extra-odoln\u00e9 a&nbsp;interaktivn\u00ed. Hra\u010dky P.L.A.Y. jsou vyhotoveny v&nbsp;perfektn\u00ed kvalit\u011b s&nbsp;dvouvrstv\u00fdm potahem a&nbsp;zes\u00edlen\u00fdm \u0161it\u00edm, aby odolaly po\u0159\u00e1dn\u00e9mu kousnut\u00ed.<\/p>\n<p>Hra\u010dky P.L.A.Y. jsou ekologick\u00e9 a&nbsp;bezpe\u010dn\u00e9. Jejich v\u00fdpl\u0148 tvo\u0159\u00ed certifikovan\u00fd materi\u00e1l z&nbsp;recyklovan\u00e9ho plastu. Hra\u010dky podl\u00e9haj\u00ed standard\u016fm pro d\u011btsk\u00e9 hra\u010dky a&nbsp;neobsahuj\u00ed AZO barviva. Nav\u00edc je m\u016f\u017eete pr\u00e1t a&nbsp;su\u0161it v&nbsp;su\u0161i\u010dce, tak\u017ee budou po\u0159\u00e1d \u010dist\u00e9 a&nbsp;vo\u0148av\u00e9.<\/p>\n<ul>\n<li>ru\u010dn\u00ed v\u00fdroba<\/li>\n<li>v\u00fdpl\u0148 z&nbsp;recyklovan\u00fdch plastov\u00fdch lahv\u00ed<\/li>\n<li>100% bezpe\u010dn\u00e1 a&nbsp;certifikovan\u00e1 v\u00fdpl\u0148<\/li>\n<li>dvouvrstv\u00fd potah a&nbsp;zes\u00edlen\u00e9 \u0161it\u00ed<\/li>\n<li>neobsahuje AZO barviva<\/li>\n<li>podl\u00e9h\u00e1 standard\u016fm pro d\u011btsk\u00e9 hra\u010dky<\/li>\n<li>lze pr\u00e1t v&nbsp;pra\u010dce a&nbsp;su\u0161it v&nbsp;su\u0161i\u010dce<\/li>\n<\/ul>\n<p>&nbsp;<\/p>\n<p>Vyrobeno v&nbsp;\u010c\u00edn\u011b<\/p>\n","protected":false},"excerpt":{"rendered":"<p><strong>Hra\u010dka pro psy &#8211; P.L.A.Y. Lucerna <\/strong>&#8211; Hra\u010dky pro psy P.L.A.Y. jsou vyhotoveny v&nbsp;perfektn\u00ed kvalit\u011b s&nbsp;dvouvrstv\u00fdm potahem a&nbsp;zes\u00edlen\u00fdm \u0161it\u00edm, aby odolaly po\u0159\u00e1dn\u00e9mu kousnut\u00ed.<\/p>\n","protected":false},"featured_media":135440,"template":"","meta":{"_uag_custom_page_level_css":""},"product_brand":[],"product_cat":[93],"product_tag":[584,678,675,677],"product-label":[247,260,258],"class_list":{"0":"post-135424","1":"product","2":"type-product","3":"status-publish","4":"has-post-thumbnail","6":"product_cat-hracky-sk","7":"product_tag-p-l-a-y-sk","8":"product_tag-pro-hracicky-sk","9":"product_tag-pro-stredni-pejsky-sk","10":"product_tag-pro-velke-pejsky-sk","11":"product-label-novinka","12":"product-label-piskaci","13":"product-label-plys","15":"first","16":"outofstock","17":"taxable","18":"shipping-taxable","19":"purchasable","20":"product-type-simple"},"uagb_featured_image_src":{"full":["https:\/\/www.dogsie.cz\/wp-content\/uploads\/2022\/05\/play-lucerna2.jpg",720,720,false],"thumbnail":["https:\/\/www.dogsie.cz\/wp-content\/uploads\/2022\/05\/play-lucerna2-300x300.jpg",300,300,true],"medium":["https:\/\/www.dogsie.cz\/wp-content\/uploads\/2022\/05\/play-lucerna2-600x600.jpg",600,600,true],"medium_large":["https:\/\/www.dogsie.cz\/wp-content\/uploads\/2022\/05\/play-lucerna2.jpg",720,720,false],"large":["https:\/\/www.dogsie.cz\/wp-content\/uploads\/2022\/05\/play-lucerna2.jpg",720,720,false],"1536x1536":["https:\/\/www.dogsie.cz\/wp-content\/uploads\/2022\/05\/play-lucerna2.jpg",720,720,false],"2048x2048":["https:\/\/www.dogsie.cz\/wp-content\/uploads\/2022\/05\/play-lucerna2.jpg",720,720,false],"blog-featured":["https:\/\/www.dogsie.cz\/wp-content\/uploads\/2022\/05\/play-lucerna2-500x240.jpg",500,240,true],"blog-recommended":["https:\/\/www.dogsie.cz\/wp-content\/uploads\/2022\/05\/play-lucerna2-300x140.jpg",300,140,true],"single-featured":["https:\/\/www.dogsie.cz\/wp-content\/uploads\/2022\/05\/play-lucerna2-720x400.jpg",720,400,true],"review":["https:\/\/www.dogsie.cz\/wp-content\/uploads\/2022\/05\/play-lucerna2-60x60.jpg",60,60,true],"product-card":["https:\/\/www.dogsie.cz\/wp-content\/uploads\/2022\/05\/play-lucerna2-250x250.jpg",250,250,true],"woocommerce_thumbnail":["https:\/\/www.dogsie.cz\/wp-content\/uploads\/2022\/05\/play-lucerna2-600x600.jpg",600,600,true],"woocommerce_single":["https:\/\/www.dogsie.cz\/wp-content\/uploads\/2022\/05\/play-lucerna2-600x600.jpg",600,600,true],"woocommerce_gallery_thumbnail":["https:\/\/www.dogsie.cz\/wp-content\/uploads\/2022\/05\/play-lucerna2-100x100.jpg",100,100,true],"140-140":["https:\/\/www.dogsie.cz\/wp-content\/uploads\/2022\/05\/play-lucerna2.jpg",140,140,false]},"uagb_author_info":{"display_name":"Lucie Schwarzov\u00e1","author_link":"https:\/\/www.dogsie.cz\/sk\/author\/"},"uagb_comment_info":0,"uagb_excerpt":"Hra\u010dka pro psy - P.L.A.Y. Lucerna - Hra\u010dky pro psy P.L.A.Y. jsou vyhotoveny v perfektn\u00ed kvalit\u011b s dvouvrstv\u00fdm potahem a zes\u00edlen\u00fdm \u0161it\u00edm, aby odolaly po\u0159\u00e1dn\u00e9mu kousnut\u00ed.","expiration_date":"","_links":{"self":[{"href":"https:\/\/www.dogsie.cz\/sk\/wp-json\/wp\/v2\/product\/135424","targetHints":{"allow":["GET"]}}],"collection":[{"href":"https:\/\/www.dogsie.cz\/sk\/wp-json\/wp\/v2\/product"}],"about":[{"href":"https:\/\/www.dogsie.cz\/sk\/wp-json\/wp\/v2\/types\/product"}],"wp:featuredmedia":[{"embeddable":true,"href":"https:\/\/www.dogsie.cz\/sk\/wp-json\/wp\/v2\/media\/135440"}],"wp:attachment":[{"href":"https:\/\/www.dogsie.cz\/sk\/wp-json\/wp\/v2\/media?parent=135424"}],"wp:term":[{"taxonomy":"product_brand","embeddable":true,"href":"https:\/\/www.dogsie.cz\/sk\/wp-json\/wp\/v2\/product_brand?post=135424"},{"taxonomy":"product_cat","embeddable":true,"href":"https:\/\/www.dogsie.cz\/sk\/wp-json\/wp\/v2\/product_cat?post=135424"},{"taxonomy":"product_tag","embeddable":true,"href":"https:\/\/www.dogsie.cz\/sk\/wp-json\/wp\/v2\/product_tag?post=135424"},{"taxonomy":"product-label","embeddable":true,"href":"https:\/\/www.dogsie.cz\/sk\/wp-json\/wp\/v2\/product-label?post=135424"}],"curies":[{"name":"wp","href":"https:\/\/api.w.org\/{rel}","templated":true}]}}