{"id":137840,"date":"2022-09-29T17:42:23","date_gmt":"2022-09-29T15:42:23","guid":{"rendered":"https:\/\/www.dogsie.cz\/?post_type=product&#038;p=137840"},"modified":"2026-05-01T05:37:52","modified_gmt":"2026-05-01T03:37:52","slug":"hracka-pro-psy-lahvac-plysova-hracka-pro-mensi-psy","status":"publish","type":"product","link":"https:\/\/www.dogsie.cz\/sk\/obchod\/hracka-pro-psy-lahvac-plysova-hracka-pro-mensi-psy\/","title":{"rendered":"Hra\u010dka pro psy &#8211; Lahv\u00e1\u010d &#8211; ply\u0161ov\u00e1 hra\u010dka pro men\u0161\u00ed psy"},"content":{"rendered":"<p><strong>Lahv\u00e1\u010d &#8211; ply\u0161ov\u00e1 hra\u010dka pro men\u0161\u00ed psy<\/strong><\/p>\n<p>Kvalitn\u00ed hra\u010dka pro psy ve tvaru pivn\u00ed l\u00e1hve. Vhodn\u00e9 pro men\u0161\u00ed a&nbsp;st\u0159edn\u00ed pejsky a&nbsp;pro v\u0161echny milovn\u00edky piva.<\/p>\n<ul>\n<li>ply\u0161ov\u00e1<\/li>\n<li>p\u00edskaj\u00edc\u00ed<\/li>\n<\/ul>\n<p>&nbsp;<\/p>\n<p>Vyrobeno v&nbsp;\u010c\u00edn\u011b<\/p>\n","protected":false},"excerpt":{"rendered":"<p><strong>Hra\u010dka pro psy &#8211; Lahv\u00e1\u010d &#8211; ply\u0161ov\u00e1 hra\u010dka pro men\u0161\u00ed psy <\/strong>&#8211; Kvalitn\u00ed hra\u010dka pro psy ve tvaru pivn\u00ed l\u00e1hve. Vhodn\u00e9 pro mal\u00e9 a&nbsp;st\u0159edn\u00ed<span style=\"font-weight: 400\"> pejsky a&nbsp;pro v\u0161echny milovn\u00edky piva.<\/span><\/p>\n","protected":false},"featured_media":137842,"template":"","meta":{"_uag_custom_page_level_css":""},"product_brand":[],"product_cat":[93],"product_tag":[636,678,672,675],"product-label":[247,260,258],"class_list":{"0":"post-137840","1":"product","2":"type-product","3":"status-publish","4":"has-post-thumbnail","6":"product_cat-hracky-sk","7":"product_tag-jdeme-na-jedno-sk","8":"product_tag-pro-hracicky-sk","9":"product_tag-pro-male-pejsky-sk","10":"product_tag-pro-stredni-pejsky-sk","11":"product-label-novinka","12":"product-label-piskaci","13":"product-label-plys","15":"first","16":"instock","17":"taxable","18":"shipping-taxable","19":"purchasable","20":"product-type-simple"},"uagb_featured_image_src":{"full":["https:\/\/www.dogsie.cz\/wp-content\/uploads\/2022\/09\/1200x1200px-pivo-lahvove-plys.jpg",1200,1200,false],"thumbnail":["https:\/\/www.dogsie.cz\/wp-content\/uploads\/2022\/09\/1200x1200px-pivo-lahvove-plys-300x300.jpg",300,300,true],"medium":["https:\/\/www.dogsie.cz\/wp-content\/uploads\/2022\/09\/1200x1200px-pivo-lahvove-plys-600x600.jpg",600,600,true],"medium_large":["https:\/\/www.dogsie.cz\/wp-content\/uploads\/2022\/09\/1200x1200px-pivo-lahvove-plys-768x768.jpg",768,768,true],"large":["https:\/\/www.dogsie.cz\/wp-content\/uploads\/2022\/09\/1200x1200px-pivo-lahvove-plys.jpg",1200,1200,false],"1536x1536":["https:\/\/www.dogsie.cz\/wp-content\/uploads\/2022\/09\/1200x1200px-pivo-lahvove-plys.jpg",1200,1200,false],"2048x2048":["https:\/\/www.dogsie.cz\/wp-content\/uploads\/2022\/09\/1200x1200px-pivo-lahvove-plys.jpg",1200,1200,false],"blog-featured":["https:\/\/www.dogsie.cz\/wp-content\/uploads\/2022\/09\/1200x1200px-pivo-lahvove-plys-500x240.jpg",500,240,true],"blog-recommended":["https:\/\/www.dogsie.cz\/wp-content\/uploads\/2022\/09\/1200x1200px-pivo-lahvove-plys-300x140.jpg",300,140,true],"single-featured":["https:\/\/www.dogsie.cz\/wp-content\/uploads\/2022\/09\/1200x1200px-pivo-lahvove-plys-850x400.jpg",850,400,true],"review":["https:\/\/www.dogsie.cz\/wp-content\/uploads\/2022\/09\/1200x1200px-pivo-lahvove-plys-60x60.jpg",60,60,true],"product-card":["https:\/\/www.dogsie.cz\/wp-content\/uploads\/2022\/09\/1200x1200px-pivo-lahvove-plys-250x250.jpg",250,250,true],"woocommerce_thumbnail":["https:\/\/www.dogsie.cz\/wp-content\/uploads\/2022\/09\/1200x1200px-pivo-lahvove-plys-600x600.jpg",600,600,true],"woocommerce_single":["https:\/\/www.dogsie.cz\/wp-content\/uploads\/2022\/09\/1200x1200px-pivo-lahvove-plys-600x600.jpg",600,600,true],"woocommerce_gallery_thumbnail":["https:\/\/www.dogsie.cz\/wp-content\/uploads\/2022\/09\/1200x1200px-pivo-lahvove-plys-100x100.jpg",100,100,true],"140-140":["https:\/\/www.dogsie.cz\/wp-content\/uploads\/2022\/09\/1200x1200px-pivo-lahvove-plys-140x140.jpg",140,140,true]},"uagb_author_info":{"display_name":"Jasm\u00edna Fojt\u00edkov\u00e1","author_link":"https:\/\/www.dogsie.cz\/sk\/author\/"},"uagb_comment_info":0,"uagb_excerpt":"Hra\u010dka pro psy - Lahv\u00e1\u010d - ply\u0161ov\u00e1 hra\u010dka pro men\u0161\u00ed psy - Kvalitn\u00ed hra\u010dka pro psy ve tvaru pivn\u00ed l\u00e1hve. Vhodn\u00e9 pro mal\u00e9 a st\u0159edn\u00ed pejsky a pro v\u0161echny milovn\u00edky piva.","expiration_date":"","_links":{"self":[{"href":"https:\/\/www.dogsie.cz\/sk\/wp-json\/wp\/v2\/product\/137840","targetHints":{"allow":["GET"]}}],"collection":[{"href":"https:\/\/www.dogsie.cz\/sk\/wp-json\/wp\/v2\/product"}],"about":[{"href":"https:\/\/www.dogsie.cz\/sk\/wp-json\/wp\/v2\/types\/product"}],"wp:featuredmedia":[{"embeddable":true,"href":"https:\/\/www.dogsie.cz\/sk\/wp-json\/wp\/v2\/media\/137842"}],"wp:attachment":[{"href":"https:\/\/www.dogsie.cz\/sk\/wp-json\/wp\/v2\/media?parent=137840"}],"wp:term":[{"taxonomy":"product_brand","embeddable":true,"href":"https:\/\/www.dogsie.cz\/sk\/wp-json\/wp\/v2\/product_brand?post=137840"},{"taxonomy":"product_cat","embeddable":true,"href":"https:\/\/www.dogsie.cz\/sk\/wp-json\/wp\/v2\/product_cat?post=137840"},{"taxonomy":"product_tag","embeddable":true,"href":"https:\/\/www.dogsie.cz\/sk\/wp-json\/wp\/v2\/product_tag?post=137840"},{"taxonomy":"product-label","embeddable":true,"href":"https:\/\/www.dogsie.cz\/sk\/wp-json\/wp\/v2\/product-label?post=137840"}],"curies":[{"name":"wp","href":"https:\/\/api.w.org\/{rel}","templated":true}]}}