{"id":137848,"date":"2022-09-30T10:30:52","date_gmt":"2022-09-30T08:30:52","guid":{"rendered":"https:\/\/www.dogsie.cz\/?post_type=product&#038;p=137848"},"modified":"2026-05-02T05:37:51","modified_gmt":"2026-05-02T03:37:51","slug":"hracka-pro-psy-gumak-micek-na-pamlsky","status":"publish","type":"product","link":"https:\/\/www.dogsie.cz\/sk\/obchod\/hracka-pro-psy-gumak-micek-na-pamlsky\/","title":{"rendered":"Hra\u010dka pro psy &#8211; Gum\u00e1k &#8211; m\u00ed\u010dek na pamlsky"},"content":{"rendered":"<p><strong>Gum\u00e1k &#8211; m\u00ed\u010dek na pamlsky<\/strong><\/p>\n<p>Kvalitn\u00ed hra\u010dka pro psy. M\u00ed\u010dek na pamlsky velikosti L. P\u0159i \u017ev\u00fdk\u00e1n\u00ed si pejsek \u010dist\u00ed zoubky. Vhodn\u00e9 pro st\u0159edn\u00ed a&nbsp;v\u011bt\u0161\u00ed pejsky.<\/p>\n<ul>\n<li>gumov\u00fd<\/li>\n<li>na pamlsky<\/li>\n<li>dent\u00e1ln\u00ed<\/li>\n<\/ul>\n<p>&nbsp;<\/p>\n<p>Vyrobeno v&nbsp;\u010c\u00edn\u011b<\/p>\n","protected":false},"excerpt":{"rendered":"<p><strong>Hra\u010dka pro psy &#8211; Gum\u00e1k &#8211; m\u00ed\u010dek na pamlsky <\/strong>&#8211; Kvalitn\u00ed hra\u010dka pro psy. M\u00ed\u010dek na pamlsky velikosti L. P\u0159i \u017ev\u00fdk\u00e1n\u00ed si pejsek \u010dist\u00ed zoubky. Vhodn\u00e9 pro st\u0159edn\u00ed a&nbsp;v\u011bt\u0161\u00ed pejsky.<\/p>\n","protected":false},"featured_media":137850,"template":"","meta":{"_uag_custom_page_level_css":""},"product_brand":[],"product_cat":[93],"product_tag":[636,678,675,677],"product-label":[259,276,247],"class_list":{"0":"post-137848","1":"product","2":"type-product","3":"status-publish","4":"has-post-thumbnail","6":"product_cat-hracky-sk","7":"product_tag-jdeme-na-jedno-sk","8":"product_tag-pro-hracicky-sk","9":"product_tag-pro-stredni-pejsky-sk","10":"product_tag-pro-velke-pejsky-sk","11":"product-label-guma","12":"product-label-na-kousani","13":"product-label-novinka","15":"first","16":"instock","17":"taxable","18":"shipping-taxable","19":"purchasable","20":"product-type-simple"},"uagb_featured_image_src":{"full":["https:\/\/www.dogsie.cz\/wp-content\/uploads\/2022\/09\/1200x1200px-micek.jpg",1200,1200,false],"thumbnail":["https:\/\/www.dogsie.cz\/wp-content\/uploads\/2022\/09\/1200x1200px-micek-300x300.jpg",300,300,true],"medium":["https:\/\/www.dogsie.cz\/wp-content\/uploads\/2022\/09\/1200x1200px-micek-600x600.jpg",600,600,true],"medium_large":["https:\/\/www.dogsie.cz\/wp-content\/uploads\/2022\/09\/1200x1200px-micek-768x768.jpg",768,768,true],"large":["https:\/\/www.dogsie.cz\/wp-content\/uploads\/2022\/09\/1200x1200px-micek.jpg",1200,1200,false],"1536x1536":["https:\/\/www.dogsie.cz\/wp-content\/uploads\/2022\/09\/1200x1200px-micek.jpg",1200,1200,false],"2048x2048":["https:\/\/www.dogsie.cz\/wp-content\/uploads\/2022\/09\/1200x1200px-micek.jpg",1200,1200,false],"blog-featured":["https:\/\/www.dogsie.cz\/wp-content\/uploads\/2022\/09\/1200x1200px-micek-500x240.jpg",500,240,true],"blog-recommended":["https:\/\/www.dogsie.cz\/wp-content\/uploads\/2022\/09\/1200x1200px-micek-300x140.jpg",300,140,true],"single-featured":["https:\/\/www.dogsie.cz\/wp-content\/uploads\/2022\/09\/1200x1200px-micek-850x400.jpg",850,400,true],"review":["https:\/\/www.dogsie.cz\/wp-content\/uploads\/2022\/09\/1200x1200px-micek-60x60.jpg",60,60,true],"product-card":["https:\/\/www.dogsie.cz\/wp-content\/uploads\/2022\/09\/1200x1200px-micek-250x250.jpg",250,250,true],"woocommerce_thumbnail":["https:\/\/www.dogsie.cz\/wp-content\/uploads\/2022\/09\/1200x1200px-micek-600x600.jpg",600,600,true],"woocommerce_single":["https:\/\/www.dogsie.cz\/wp-content\/uploads\/2022\/09\/1200x1200px-micek-600x600.jpg",600,600,true],"woocommerce_gallery_thumbnail":["https:\/\/www.dogsie.cz\/wp-content\/uploads\/2022\/09\/1200x1200px-micek-100x100.jpg",100,100,true],"140-140":["https:\/\/www.dogsie.cz\/wp-content\/uploads\/2022\/09\/1200x1200px-micek-140x140.jpg",140,140,true]},"uagb_author_info":{"display_name":"Jasm\u00edna Fojt\u00edkov\u00e1","author_link":"https:\/\/www.dogsie.cz\/sk\/author\/"},"uagb_comment_info":0,"uagb_excerpt":"Hra\u010dka pro psy - Gum\u00e1k - m\u00ed\u010dek na pamlsky - Kvalitn\u00ed hra\u010dka pro psy. M\u00ed\u010dek na pamlsky velikosti L. P\u0159i \u017ev\u00fdk\u00e1n\u00ed si pejsek \u010dist\u00ed zoubky. Vhodn\u00e9 pro st\u0159edn\u00ed a v\u011bt\u0161\u00ed pejsky.","expiration_date":"","_links":{"self":[{"href":"https:\/\/www.dogsie.cz\/sk\/wp-json\/wp\/v2\/product\/137848","targetHints":{"allow":["GET"]}}],"collection":[{"href":"https:\/\/www.dogsie.cz\/sk\/wp-json\/wp\/v2\/product"}],"about":[{"href":"https:\/\/www.dogsie.cz\/sk\/wp-json\/wp\/v2\/types\/product"}],"wp:featuredmedia":[{"embeddable":true,"href":"https:\/\/www.dogsie.cz\/sk\/wp-json\/wp\/v2\/media\/137850"}],"wp:attachment":[{"href":"https:\/\/www.dogsie.cz\/sk\/wp-json\/wp\/v2\/media?parent=137848"}],"wp:term":[{"taxonomy":"product_brand","embeddable":true,"href":"https:\/\/www.dogsie.cz\/sk\/wp-json\/wp\/v2\/product_brand?post=137848"},{"taxonomy":"product_cat","embeddable":true,"href":"https:\/\/www.dogsie.cz\/sk\/wp-json\/wp\/v2\/product_cat?post=137848"},{"taxonomy":"product_tag","embeddable":true,"href":"https:\/\/www.dogsie.cz\/sk\/wp-json\/wp\/v2\/product_tag?post=137848"},{"taxonomy":"product-label","embeddable":true,"href":"https:\/\/www.dogsie.cz\/sk\/wp-json\/wp\/v2\/product-label?post=137848"}],"curies":[{"name":"wp","href":"https:\/\/api.w.org\/{rel}","templated":true}]}}