{"id":138243,"date":"2022-11-08T10:22:13","date_gmt":"2022-11-08T09:22:13","guid":{"rendered":"https:\/\/www.dogsie.cz\/?post_type=product&#038;p=138243"},"modified":"2026-04-13T05:37:47","modified_gmt":"2026-04-13T03:37:47","slug":"hracka-pro-psy-mr-kvak-gumova-hracka-pro-stredni-a-vetsi-psy","status":"publish","type":"product","link":"https:\/\/www.dogsie.cz\/sk\/obchod\/hracka-pro-psy-mr-kvak-gumova-hracka-pro-stredni-a-vetsi-psy\/","title":{"rendered":"Hra\u010dka pro psy &#8211; Mr.Kv\u00e1k &#8211; gumov\u00e1 hra\u010dka pro st\u0159edn\u00ed a&nbsp;v\u011bt\u0161\u00ed psy"},"content":{"rendered":"<p><strong>Hra\u010dka pro psy &#8211; Mr.Kv\u00e1k &#8211; gumov\u00e1 hra\u010dka pro st\u0159edn\u00ed a&nbsp;v\u011bt\u0161\u00ed psy<\/strong><\/p>\n<p>Kvalitn\u00ed hra\u010dka pro psy ve tvaru mrkve. Vhodn\u00e9 pro st\u0159edn\u00ed a&nbsp;v\u011bt\u0161\u00ed pejsky a&nbsp;v\u0161echny milovn\u00edky zeleniny.<\/p>\n<ul>\n<li>odoln\u00e1<\/li>\n<li>gumov\u00e1<\/li>\n<\/ul>\n<p>&nbsp;<\/p>\n<p>Vyrobeno v&nbsp;\u010c\u00edn\u011b<\/p>\n","protected":false},"excerpt":{"rendered":"<p><strong>Hra\u010dka pro psy &#8211; Mr.Kv\u00e1k &#8211; gumov\u00e1 hra\u010dka pro st\u0159edn\u00ed a&nbsp;v\u011bt\u0161\u00ed psy <\/strong>&#8211; Kvalitn\u00ed hra\u010dka pro psy ve tvaru mrkve. Vhodn\u00e9 pro st\u0159edn\u00ed a&nbsp;v\u011bt\u0161\u00ed pejsky a&nbsp;v\u0161echny milovn\u00edky zeleniny.<\/p>\n","protected":false},"featured_media":138245,"template":"","meta":{"_uag_custom_page_level_css":""},"product_brand":[],"product_cat":[93],"product_tag":[675,677,658],"product-label":[247,264],"class_list":{"0":"post-138243","1":"product","2":"type-product","3":"status-publish","4":"has-post-thumbnail","6":"product_cat-hracky-sk","7":"product_tag-pro-stredni-pejsky-sk","8":"product_tag-pro-velke-pejsky-sk","9":"product_tag-zelenine-zdar-sk","10":"product-label-novinka","11":"product-label-odolne","13":"first","14":"instock","15":"taxable","16":"shipping-taxable","17":"purchasable","18":"product-type-simple"},"uagb_featured_image_src":{"full":["https:\/\/www.dogsie.cz\/wp-content\/uploads\/2022\/11\/1200x1200px-mrkev-hracka.jpg",1200,1200,false],"thumbnail":["https:\/\/www.dogsie.cz\/wp-content\/uploads\/2022\/11\/1200x1200px-mrkev-hracka-300x300.jpg",300,300,true],"medium":["https:\/\/www.dogsie.cz\/wp-content\/uploads\/2022\/11\/1200x1200px-mrkev-hracka-600x600.jpg",600,600,true],"medium_large":["https:\/\/www.dogsie.cz\/wp-content\/uploads\/2022\/11\/1200x1200px-mrkev-hracka-768x768.jpg",768,768,true],"large":["https:\/\/www.dogsie.cz\/wp-content\/uploads\/2022\/11\/1200x1200px-mrkev-hracka.jpg",1200,1200,false],"1536x1536":["https:\/\/www.dogsie.cz\/wp-content\/uploads\/2022\/11\/1200x1200px-mrkev-hracka.jpg",1200,1200,false],"2048x2048":["https:\/\/www.dogsie.cz\/wp-content\/uploads\/2022\/11\/1200x1200px-mrkev-hracka.jpg",1200,1200,false],"blog-featured":["https:\/\/www.dogsie.cz\/wp-content\/uploads\/2022\/11\/1200x1200px-mrkev-hracka-500x240.jpg",500,240,true],"blog-recommended":["https:\/\/www.dogsie.cz\/wp-content\/uploads\/2022\/11\/1200x1200px-mrkev-hracka-300x140.jpg",300,140,true],"single-featured":["https:\/\/www.dogsie.cz\/wp-content\/uploads\/2022\/11\/1200x1200px-mrkev-hracka-850x400.jpg",850,400,true],"review":["https:\/\/www.dogsie.cz\/wp-content\/uploads\/2022\/11\/1200x1200px-mrkev-hracka-60x60.jpg",60,60,true],"product-card":["https:\/\/www.dogsie.cz\/wp-content\/uploads\/2022\/11\/1200x1200px-mrkev-hracka-250x250.jpg",250,250,true],"woocommerce_thumbnail":["https:\/\/www.dogsie.cz\/wp-content\/uploads\/2022\/11\/1200x1200px-mrkev-hracka-600x600.jpg",600,600,true],"woocommerce_single":["https:\/\/www.dogsie.cz\/wp-content\/uploads\/2022\/11\/1200x1200px-mrkev-hracka-600x600.jpg",600,600,true],"woocommerce_gallery_thumbnail":["https:\/\/www.dogsie.cz\/wp-content\/uploads\/2022\/11\/1200x1200px-mrkev-hracka-100x100.jpg",100,100,true],"140-140":["https:\/\/www.dogsie.cz\/wp-content\/uploads\/2022\/11\/1200x1200px-mrkev-hracka-140x140.jpg",140,140,true]},"uagb_author_info":{"display_name":"Jasm\u00edna Fojt\u00edkov\u00e1","author_link":"https:\/\/www.dogsie.cz\/sk\/author\/"},"uagb_comment_info":0,"uagb_excerpt":"Hra\u010dka pro psy - Mr.Kv\u00e1k - gumov\u00e1 hra\u010dka pro st\u0159edn\u00ed a v\u011bt\u0161\u00ed psy - Kvalitn\u00ed hra\u010dka pro psy ve tvaru mrkve. Vhodn\u00e9 pro st\u0159edn\u00ed a v\u011bt\u0161\u00ed pejsky a v\u0161echny milovn\u00edky zeleniny.","expiration_date":"","_links":{"self":[{"href":"https:\/\/www.dogsie.cz\/sk\/wp-json\/wp\/v2\/product\/138243","targetHints":{"allow":["GET"]}}],"collection":[{"href":"https:\/\/www.dogsie.cz\/sk\/wp-json\/wp\/v2\/product"}],"about":[{"href":"https:\/\/www.dogsie.cz\/sk\/wp-json\/wp\/v2\/types\/product"}],"wp:featuredmedia":[{"embeddable":true,"href":"https:\/\/www.dogsie.cz\/sk\/wp-json\/wp\/v2\/media\/138245"}],"wp:attachment":[{"href":"https:\/\/www.dogsie.cz\/sk\/wp-json\/wp\/v2\/media?parent=138243"}],"wp:term":[{"taxonomy":"product_brand","embeddable":true,"href":"https:\/\/www.dogsie.cz\/sk\/wp-json\/wp\/v2\/product_brand?post=138243"},{"taxonomy":"product_cat","embeddable":true,"href":"https:\/\/www.dogsie.cz\/sk\/wp-json\/wp\/v2\/product_cat?post=138243"},{"taxonomy":"product_tag","embeddable":true,"href":"https:\/\/www.dogsie.cz\/sk\/wp-json\/wp\/v2\/product_tag?post=138243"},{"taxonomy":"product-label","embeddable":true,"href":"https:\/\/www.dogsie.cz\/sk\/wp-json\/wp\/v2\/product-label?post=138243"}],"curies":[{"name":"wp","href":"https:\/\/api.w.org\/{rel}","templated":true}]}}