{"id":142325,"date":"2023-04-11T17:49:25","date_gmt":"2023-04-11T15:49:25","guid":{"rendered":"https:\/\/www.dogsie.cz\/?post_type=product&#038;p=142325"},"modified":"2026-05-14T05:37:14","modified_gmt":"2026-05-14T03:37:14","slug":"hracka-pro-psy-granat-maly-odolna-hracka-pro-psy","status":"publish","type":"product","link":"https:\/\/www.dogsie.cz\/sk\/obchod\/hracka-pro-psy-granat-maly-odolna-hracka-pro-psy\/","title":{"rendered":"Hra\u010dka pro psy &#8211; Gran\u00e1t velk\u00fd &#8211; odoln\u00e1 hra\u010dka pro psy"},"content":{"rendered":"<p><strong>Hra\u010dka pro psy &#8211; Gran\u00e1t velk\u00fd &#8211; odoln\u00e1 hra\u010dka pro psy <\/strong><\/p>\n<p>Kvalitn\u00ed hra\u010dka pro psy ve tvaru gran\u00e1tu, d\u016fle\u017eit\u00e1 sou\u010d\u00e1st v\u00fdbavy ka\u017ed\u00e9ho mafi\u00e1na. Vhodn\u00e9 pro v\u011bt\u0161\u00ed pejsky.<\/p>\n<ul>\n<li>odoln\u00e1<\/li>\n<li>gumov\u00e1<\/li>\n<li>p\u0159etahovac\u00ed<\/li>\n<\/ul>\n<p>&nbsp;<\/p>\n<p>Vyrobeno v&nbsp;\u010c\u00edn\u011b<\/p>\n","protected":false},"excerpt":{"rendered":"<p><strong>Hra\u010dka pro psy &#8211; Gran\u00e1t velk\u00fd &#8211; odoln\u00e1 hra\u010dka pro psy <\/strong>&#8211; Kvalitn\u00ed mafi\u00e1nsk\u00e1 hra\u010dka pro psy ve tvaru gran\u00e1tu. Vhodn\u00e9 pro v\u011bt\u0161\u00ed velikosti pejsk\u016f.<\/p>\n","protected":false},"featured_media":142353,"template":"","meta":{"_uag_custom_page_level_css":""},"product_brand":[],"product_cat":[93],"product_tag":[678,675,676,677],"product-label":[259,264,262],"class_list":{"0":"post-142325","1":"product","2":"type-product","3":"status-publish","4":"has-post-thumbnail","6":"product_cat-hracky-sk","7":"product_tag-pro-hracicky-sk","8":"product_tag-pro-stredni-pejsky-sk","9":"product_tag-pro-trhace-sk","10":"product_tag-pro-velke-pejsky-sk","11":"product-label-guma","12":"product-label-odolne","13":"product-label-pretahovaci","15":"first","16":"instock","17":"taxable","18":"shipping-taxable","19":"purchasable","20":"product-type-simple"},"uagb_featured_image_src":{"full":["https:\/\/www.dogsie.cz\/wp-content\/uploads\/2023\/04\/1200x1200px-granat-velky.jpg",1200,1200,false],"thumbnail":["https:\/\/www.dogsie.cz\/wp-content\/uploads\/2023\/04\/1200x1200px-granat-velky-300x300.jpg",300,300,true],"medium":["https:\/\/www.dogsie.cz\/wp-content\/uploads\/2023\/04\/1200x1200px-granat-velky-600x600.jpg",600,600,true],"medium_large":["https:\/\/www.dogsie.cz\/wp-content\/uploads\/2023\/04\/1200x1200px-granat-velky-768x768.jpg",768,768,true],"large":["https:\/\/www.dogsie.cz\/wp-content\/uploads\/2023\/04\/1200x1200px-granat-velky.jpg",1200,1200,false],"1536x1536":["https:\/\/www.dogsie.cz\/wp-content\/uploads\/2023\/04\/1200x1200px-granat-velky.jpg",1200,1200,false],"2048x2048":["https:\/\/www.dogsie.cz\/wp-content\/uploads\/2023\/04\/1200x1200px-granat-velky.jpg",1200,1200,false],"blog-featured":["https:\/\/www.dogsie.cz\/wp-content\/uploads\/2023\/04\/1200x1200px-granat-velky-500x240.jpg",500,240,true],"blog-recommended":["https:\/\/www.dogsie.cz\/wp-content\/uploads\/2023\/04\/1200x1200px-granat-velky-300x140.jpg",300,140,true],"single-featured":["https:\/\/www.dogsie.cz\/wp-content\/uploads\/2023\/04\/1200x1200px-granat-velky-850x400.jpg",850,400,true],"review":["https:\/\/www.dogsie.cz\/wp-content\/uploads\/2023\/04\/1200x1200px-granat-velky-60x60.jpg",60,60,true],"product-card":["https:\/\/www.dogsie.cz\/wp-content\/uploads\/2023\/04\/1200x1200px-granat-velky-250x250.jpg",250,250,true],"woocommerce_thumbnail":["https:\/\/www.dogsie.cz\/wp-content\/uploads\/2023\/04\/1200x1200px-granat-velky-600x600.jpg",600,600,true],"woocommerce_single":["https:\/\/www.dogsie.cz\/wp-content\/uploads\/2023\/04\/1200x1200px-granat-velky-600x600.jpg",600,600,true],"woocommerce_gallery_thumbnail":["https:\/\/www.dogsie.cz\/wp-content\/uploads\/2023\/04\/1200x1200px-granat-velky-100x100.jpg",100,100,true],"140-140":["https:\/\/www.dogsie.cz\/wp-content\/uploads\/2023\/04\/1200x1200px-granat-velky-140x140.jpg",140,140,true]},"uagb_author_info":{"display_name":"Jasm\u00edna Fojt\u00edkov\u00e1","author_link":"https:\/\/www.dogsie.cz\/sk\/author\/"},"uagb_comment_info":0,"uagb_excerpt":"Hra\u010dka pro psy - Gran\u00e1t velk\u00fd - odoln\u00e1 hra\u010dka pro psy - Kvalitn\u00ed mafi\u00e1nsk\u00e1 hra\u010dka pro psy ve tvaru gran\u00e1tu. Vhodn\u00e9 pro v\u011bt\u0161\u00ed velikosti pejsk\u016f.","expiration_date":"","_links":{"self":[{"href":"https:\/\/www.dogsie.cz\/sk\/wp-json\/wp\/v2\/product\/142325","targetHints":{"allow":["GET"]}}],"collection":[{"href":"https:\/\/www.dogsie.cz\/sk\/wp-json\/wp\/v2\/product"}],"about":[{"href":"https:\/\/www.dogsie.cz\/sk\/wp-json\/wp\/v2\/types\/product"}],"wp:featuredmedia":[{"embeddable":true,"href":"https:\/\/www.dogsie.cz\/sk\/wp-json\/wp\/v2\/media\/142353"}],"wp:attachment":[{"href":"https:\/\/www.dogsie.cz\/sk\/wp-json\/wp\/v2\/media?parent=142325"}],"wp:term":[{"taxonomy":"product_brand","embeddable":true,"href":"https:\/\/www.dogsie.cz\/sk\/wp-json\/wp\/v2\/product_brand?post=142325"},{"taxonomy":"product_cat","embeddable":true,"href":"https:\/\/www.dogsie.cz\/sk\/wp-json\/wp\/v2\/product_cat?post=142325"},{"taxonomy":"product_tag","embeddable":true,"href":"https:\/\/www.dogsie.cz\/sk\/wp-json\/wp\/v2\/product_tag?post=142325"},{"taxonomy":"product-label","embeddable":true,"href":"https:\/\/www.dogsie.cz\/sk\/wp-json\/wp\/v2\/product-label?post=142325"}],"curies":[{"name":"wp","href":"https:\/\/api.w.org\/{rel}","templated":true}]}}