{"id":142355,"date":"2023-04-14T15:18:19","date_gmt":"2023-04-14T13:18:19","guid":{"rendered":"https:\/\/www.dogsie.cz\/?post_type=product&#038;p=142355"},"modified":"2026-04-15T05:37:43","modified_gmt":"2026-04-15T03:37:43","slug":"hracka-pro-psy-granat-maly-odolna-hracka-pro-psy-2","status":"publish","type":"product","link":"https:\/\/www.dogsie.cz\/sk\/obchod\/hracka-pro-psy-granat-maly-odolna-hracka-pro-psy-2\/","title":{"rendered":"Hra\u010dka pro psy &#8211; Gran\u00e1t mal\u00fd &#8211; odoln\u00e1 hra\u010dka pro psy"},"content":{"rendered":"<p><strong>Hra\u010dka pro psy &#8211; Gran\u00e1t mal\u00fd &#8211; odoln\u00e1 hra\u010dka pro psy <\/strong><\/p>\n<p>Kvalitn\u00ed hra\u010dka pro psy ve tvaru gran\u00e1tu, d\u016fle\u017eit\u00e1 sou\u010d\u00e1st v\u00fdbavy ka\u017ed\u00e9ho mafi\u00e1na. Vhodn\u00e9 pro men\u0161\u00ed pejsky.<\/p>\n<ul>\n<li>odoln\u00e1<\/li>\n<li>gumov\u00e1<\/li>\n<li>p\u0159etahovac\u00ed<\/li>\n<\/ul>\n<p>&nbsp;<\/p>\n<p>Vyrobeno v&nbsp;\u010c\u00edn\u011b<\/p>\n","protected":false},"excerpt":{"rendered":"<p><strong>Hra\u010dka pro psy &#8211; Gran\u00e1t mal\u00fd &#8211; odoln\u00e1 hra\u010dka pro psy <\/strong>&#8211; Kvalitn\u00ed mafi\u00e1nsk\u00e1 hra\u010dka pro psy ve tvaru gran\u00e1tu. Vhodn\u00e9 pro men\u0161\u00ed velikosti pejsk\u016f.<\/p>\n","protected":false},"featured_media":142327,"template":"","meta":{"_uag_custom_page_level_css":""},"product_brand":[],"product_cat":[93],"product_tag":[678,672,676],"product-label":[259,264,262],"class_list":{"0":"post-142355","1":"product","2":"type-product","3":"status-publish","4":"has-post-thumbnail","6":"product_cat-hracky-sk","7":"product_tag-pro-hracicky-sk","8":"product_tag-pro-male-pejsky-sk","9":"product_tag-pro-trhace-sk","10":"product-label-guma","11":"product-label-odolne","12":"product-label-pretahovaci","14":"first","15":"instock","16":"taxable","17":"shipping-taxable","18":"purchasable","19":"product-type-simple"},"uagb_featured_image_src":{"full":["https:\/\/www.dogsie.cz\/wp-content\/uploads\/2023\/04\/1200x1200px-granat-maly.jpg",1200,1200,false],"thumbnail":["https:\/\/www.dogsie.cz\/wp-content\/uploads\/2023\/04\/1200x1200px-granat-maly-300x300.jpg",300,300,true],"medium":["https:\/\/www.dogsie.cz\/wp-content\/uploads\/2023\/04\/1200x1200px-granat-maly-600x600.jpg",600,600,true],"medium_large":["https:\/\/www.dogsie.cz\/wp-content\/uploads\/2023\/04\/1200x1200px-granat-maly-768x768.jpg",768,768,true],"large":["https:\/\/www.dogsie.cz\/wp-content\/uploads\/2023\/04\/1200x1200px-granat-maly.jpg",1200,1200,false],"1536x1536":["https:\/\/www.dogsie.cz\/wp-content\/uploads\/2023\/04\/1200x1200px-granat-maly.jpg",1200,1200,false],"2048x2048":["https:\/\/www.dogsie.cz\/wp-content\/uploads\/2023\/04\/1200x1200px-granat-maly.jpg",1200,1200,false],"blog-featured":["https:\/\/www.dogsie.cz\/wp-content\/uploads\/2023\/04\/1200x1200px-granat-maly-500x240.jpg",500,240,true],"blog-recommended":["https:\/\/www.dogsie.cz\/wp-content\/uploads\/2023\/04\/1200x1200px-granat-maly-300x140.jpg",300,140,true],"single-featured":["https:\/\/www.dogsie.cz\/wp-content\/uploads\/2023\/04\/1200x1200px-granat-maly-850x400.jpg",850,400,true],"review":["https:\/\/www.dogsie.cz\/wp-content\/uploads\/2023\/04\/1200x1200px-granat-maly-60x60.jpg",60,60,true],"product-card":["https:\/\/www.dogsie.cz\/wp-content\/uploads\/2023\/04\/1200x1200px-granat-maly-250x250.jpg",250,250,true],"woocommerce_thumbnail":["https:\/\/www.dogsie.cz\/wp-content\/uploads\/2023\/04\/1200x1200px-granat-maly-600x600.jpg",600,600,true],"woocommerce_single":["https:\/\/www.dogsie.cz\/wp-content\/uploads\/2023\/04\/1200x1200px-granat-maly-600x600.jpg",600,600,true],"woocommerce_gallery_thumbnail":["https:\/\/www.dogsie.cz\/wp-content\/uploads\/2023\/04\/1200x1200px-granat-maly-100x100.jpg",100,100,true],"140-140":["https:\/\/www.dogsie.cz\/wp-content\/uploads\/2023\/04\/1200x1200px-granat-maly-140x140.jpg",140,140,true]},"uagb_author_info":{"display_name":"Jasm\u00edna Fojt\u00edkov\u00e1","author_link":"https:\/\/www.dogsie.cz\/sk\/author\/"},"uagb_comment_info":0,"uagb_excerpt":"Hra\u010dka pro psy - Gran\u00e1t mal\u00fd - odoln\u00e1 hra\u010dka pro psy - Kvalitn\u00ed mafi\u00e1nsk\u00e1 hra\u010dka pro psy ve tvaru gran\u00e1tu. Vhodn\u00e9 pro men\u0161\u00ed velikosti pejsk\u016f.","expiration_date":"","_links":{"self":[{"href":"https:\/\/www.dogsie.cz\/sk\/wp-json\/wp\/v2\/product\/142355","targetHints":{"allow":["GET"]}}],"collection":[{"href":"https:\/\/www.dogsie.cz\/sk\/wp-json\/wp\/v2\/product"}],"about":[{"href":"https:\/\/www.dogsie.cz\/sk\/wp-json\/wp\/v2\/types\/product"}],"wp:featuredmedia":[{"embeddable":true,"href":"https:\/\/www.dogsie.cz\/sk\/wp-json\/wp\/v2\/media\/142327"}],"wp:attachment":[{"href":"https:\/\/www.dogsie.cz\/sk\/wp-json\/wp\/v2\/media?parent=142355"}],"wp:term":[{"taxonomy":"product_brand","embeddable":true,"href":"https:\/\/www.dogsie.cz\/sk\/wp-json\/wp\/v2\/product_brand?post=142355"},{"taxonomy":"product_cat","embeddable":true,"href":"https:\/\/www.dogsie.cz\/sk\/wp-json\/wp\/v2\/product_cat?post=142355"},{"taxonomy":"product_tag","embeddable":true,"href":"https:\/\/www.dogsie.cz\/sk\/wp-json\/wp\/v2\/product_tag?post=142355"},{"taxonomy":"product-label","embeddable":true,"href":"https:\/\/www.dogsie.cz\/sk\/wp-json\/wp\/v2\/product-label?post=142355"}],"curies":[{"name":"wp","href":"https:\/\/api.w.org\/{rel}","templated":true}]}}