{"id":142905,"date":"2023-06-13T12:40:00","date_gmt":"2023-06-13T10:40:00","guid":{"rendered":"https:\/\/www.dogsie.cz\/?post_type=product&#038;p=142905"},"modified":"2026-05-05T05:37:35","modified_gmt":"2026-05-05T03:37:35","slug":"hracka-pro-psy-dragon-fruit-pamlskovnik","status":"publish","type":"product","link":"https:\/\/www.dogsie.cz\/sk\/obchod\/hracka-pro-psy-dragon-fruit-pamlskovnik\/","title":{"rendered":"Hra\u010dka pro psy &#8211; Dragon Fruit &#8211; pamlskovn\u00edk"},"content":{"rendered":"<h4>Hra\u010dka pro psy &#8211; Dragon Fruit &#8211; pamlskovn\u00edk<\/h4>\n<p>Tahle hra\u010dka odol\u00e1 i&nbsp;t\u011bm nejv\u011bt\u0161\u00edm tes\u00e1k\u016fm! Je vyrobena z&nbsp;vysoce pevn\u00e9 gumy a&nbsp;vydr\u017e\u00ed toho opravdu hodn\u011b. Hra\u010dka ve tvaru dra\u010d\u00edho ovoce se d\u00e1 nav\u00edc otvory naplnit dobrotami a&nbsp;poslou\u017e\u00ed tak i&nbsp;jako pamlskovn\u00edk. Vhodn\u00e1 pro st\u0159edn\u00ed a&nbsp;velk\u00e9 pejsky.<\/p>\n","protected":false},"excerpt":{"rendered":"<h4>Hra\u010dka pro psy &#8211; Dragon Fruit &#8211; pamlskovn\u00edk<\/h4>\n<p>Tahle hra\u010dka odol\u00e1 i&nbsp;t\u011bm nejv\u011bt\u0161\u00edm tes\u00e1k\u016fm! Je vyrobena z&nbsp;vysoce pevn\u00e9 gumy, d\u00e1 nav\u00edc otvory naplnit dobrotami a&nbsp;poslou\u017e\u00ed tak i&nbsp;jako pamlskovn\u00edk. Vhodn\u00e1 pro st\u0159edn\u00ed a&nbsp;velk\u00e9 pejsky.<\/p>\n","protected":false},"featured_media":142907,"template":"","meta":{"_uag_custom_page_level_css":""},"product_brand":[],"product_cat":[93],"product_tag":[678,675,676,677],"product-label":[264,263],"class_list":{"0":"post-142905","1":"product","2":"type-product","3":"status-publish","4":"has-post-thumbnail","6":"product_cat-hracky-sk","7":"product_tag-pro-hracicky-sk","8":"product_tag-pro-stredni-pejsky-sk","9":"product_tag-pro-trhace-sk","10":"product_tag-pro-velke-pejsky-sk","11":"product-label-odolne","12":"product-label-s-pridanou-hodnotou","14":"first","15":"instock","16":"taxable","17":"shipping-taxable","18":"purchasable","19":"product-type-simple"},"uagb_featured_image_src":{"full":["https:\/\/www.dogsie.cz\/wp-content\/uploads\/2023\/06\/hracka-1-1200x1200px.jpg",1200,1200,false],"thumbnail":["https:\/\/www.dogsie.cz\/wp-content\/uploads\/2023\/06\/hracka-1-1200x1200px-300x300.jpg",300,300,true],"medium":["https:\/\/www.dogsie.cz\/wp-content\/uploads\/2023\/06\/hracka-1-1200x1200px-600x600.jpg",600,600,true],"medium_large":["https:\/\/www.dogsie.cz\/wp-content\/uploads\/2023\/06\/hracka-1-1200x1200px-768x768.jpg",768,768,true],"large":["https:\/\/www.dogsie.cz\/wp-content\/uploads\/2023\/06\/hracka-1-1200x1200px.jpg",1200,1200,false],"1536x1536":["https:\/\/www.dogsie.cz\/wp-content\/uploads\/2023\/06\/hracka-1-1200x1200px.jpg",1200,1200,false],"2048x2048":["https:\/\/www.dogsie.cz\/wp-content\/uploads\/2023\/06\/hracka-1-1200x1200px.jpg",1200,1200,false],"blog-featured":["https:\/\/www.dogsie.cz\/wp-content\/uploads\/2023\/06\/hracka-1-1200x1200px-500x240.jpg",500,240,true],"blog-recommended":["https:\/\/www.dogsie.cz\/wp-content\/uploads\/2023\/06\/hracka-1-1200x1200px-300x140.jpg",300,140,true],"single-featured":["https:\/\/www.dogsie.cz\/wp-content\/uploads\/2023\/06\/hracka-1-1200x1200px-850x400.jpg",850,400,true],"review":["https:\/\/www.dogsie.cz\/wp-content\/uploads\/2023\/06\/hracka-1-1200x1200px-60x60.jpg",60,60,true],"product-card":["https:\/\/www.dogsie.cz\/wp-content\/uploads\/2023\/06\/hracka-1-1200x1200px-250x250.jpg",250,250,true],"woocommerce_thumbnail":["https:\/\/www.dogsie.cz\/wp-content\/uploads\/2023\/06\/hracka-1-1200x1200px-600x600.jpg",600,600,true],"woocommerce_single":["https:\/\/www.dogsie.cz\/wp-content\/uploads\/2023\/06\/hracka-1-1200x1200px-600x600.jpg",600,600,true],"woocommerce_gallery_thumbnail":["https:\/\/www.dogsie.cz\/wp-content\/uploads\/2023\/06\/hracka-1-1200x1200px-100x100.jpg",100,100,true],"140-140":["https:\/\/www.dogsie.cz\/wp-content\/uploads\/2023\/06\/hracka-1-1200x1200px-140x140.jpg",140,140,true]},"uagb_author_info":{"display_name":"Jasm\u00edna Fojt\u00edkov\u00e1","author_link":"https:\/\/www.dogsie.cz\/sk\/author\/"},"uagb_comment_info":0,"uagb_excerpt":"Hra\u010dka pro psy - Dragon Fruit - pamlskovn\u00edk Tahle hra\u010dka odol\u00e1 i t\u011bm nejv\u011bt\u0161\u00edm tes\u00e1k\u016fm! Je vyrobena z vysoce pevn\u00e9 gumy, d\u00e1 nav\u00edc otvory naplnit dobrotami a poslou\u017e\u00ed tak i jako pamlskovn\u00edk. Vhodn\u00e1 pro st\u0159edn\u00ed a velk\u00e9 pejsky.","expiration_date":"","_links":{"self":[{"href":"https:\/\/www.dogsie.cz\/sk\/wp-json\/wp\/v2\/product\/142905","targetHints":{"allow":["GET"]}}],"collection":[{"href":"https:\/\/www.dogsie.cz\/sk\/wp-json\/wp\/v2\/product"}],"about":[{"href":"https:\/\/www.dogsie.cz\/sk\/wp-json\/wp\/v2\/types\/product"}],"wp:featuredmedia":[{"embeddable":true,"href":"https:\/\/www.dogsie.cz\/sk\/wp-json\/wp\/v2\/media\/142907"}],"wp:attachment":[{"href":"https:\/\/www.dogsie.cz\/sk\/wp-json\/wp\/v2\/media?parent=142905"}],"wp:term":[{"taxonomy":"product_brand","embeddable":true,"href":"https:\/\/www.dogsie.cz\/sk\/wp-json\/wp\/v2\/product_brand?post=142905"},{"taxonomy":"product_cat","embeddable":true,"href":"https:\/\/www.dogsie.cz\/sk\/wp-json\/wp\/v2\/product_cat?post=142905"},{"taxonomy":"product_tag","embeddable":true,"href":"https:\/\/www.dogsie.cz\/sk\/wp-json\/wp\/v2\/product_tag?post=142905"},{"taxonomy":"product-label","embeddable":true,"href":"https:\/\/www.dogsie.cz\/sk\/wp-json\/wp\/v2\/product-label?post=142905"}],"curies":[{"name":"wp","href":"https:\/\/api.w.org\/{rel}","templated":true}]}}