{"id":143159,"date":"2023-08-08T18:55:50","date_gmt":"2023-08-08T16:55:50","guid":{"rendered":"https:\/\/www.dogsie.cz\/?post_type=product&#038;p=143159"},"modified":"2026-05-12T05:37:09","modified_gmt":"2026-05-12T03:37:09","slug":"pamlsek-pro-psy-cerny-uhlik-veprove-puky-s-zivym-uhlikem","status":"publish","type":"product","link":"https:\/\/www.dogsie.cz\/sk\/obchod\/pamlsek-pro-psy-cerny-uhlik-veprove-puky-s-zivym-uhlikem\/","title":{"rendered":"Pamlsek pro psy &#8211; \u010cern\u00fd uhl\u00edk &#8211; vep\u0159ov\u00e9 puky s&nbsp;\u017eiv\u00fdm uhl\u00edkem"},"content":{"rendered":"<p><strong>\u010cern\u00fd uhl\u00edk &#8211; vep\u0159ov\u00e9 puky s&nbsp;\u017eiv\u00fdm uhl\u00edkem<\/strong><\/p>\n<p><strong>\u010cERN\u00dd UHL\u00cdK<\/strong> je pamlsek s\u00a0\u017eiv\u00fdm uhl\u00edm, kter\u00fd byl vyroben ve spolupr\u00e1ci se start-upem \u017div\u00fd uhl\u00edk. <strong>\u017dIV\u00c9 UHL\u00cd<\/strong> je p\u0159\u00edrodn\u00ed p\u0159\u00edpravek z&nbsp;rostlinn\u00e9ho uhl\u00ed, podporuj\u00edc\u00ed zdrav\u00e9 tr\u00e1ven\u00ed. Pom\u00e1h\u00e1 udr\u017eovat rovnov\u00e1hu st\u0159evn\u00edho prost\u0159ed\u00ed a&nbsp;podporuje rozvoj st\u0159evn\u00ed mikrobioty. <span style=\"font-weight: 400\">Pamlsek je vyroben\u00fd v&nbsp;\u010cesku.<\/span><\/p>\n<p><strong>Slo\u017een\u00ed: <\/strong>Vep\u0159ov\u00e1 mou\u010dka 55 %, brambory 25 %, hr\u00e1ch 10 %, rostlinn\u00fd uhl\u00edk 5 %, kolagen 5&nbsp;%<\/p>\n<p>Balen\u00ed: 100 g<\/p>\n","protected":false},"excerpt":{"rendered":"<p><strong>\u010cern\u00fd uhl\u00edk &#8211; vep\u0159ov\u00e9 puky s&nbsp;\u017eiv\u00fdm uhl\u00edkem &#8211;<\/strong> pamlsek s&nbsp;\u017eiv\u00fdm uhl\u00edm . <strong>\u017dIV\u00c9 UHL\u00cd<\/strong> je p\u0159\u00edrodn\u00ed p\u0159\u00edpravek z&nbsp;rostlinn\u00e9ho uhl\u00ed, podporuj\u00edc\u00ed zdrav\u00e9 tr\u00e1ven\u00ed. Pom\u00e1h\u00e1 udr\u017eovat rovnov\u00e1hu st\u0159evn\u00edho prost\u0159ed\u00ed a&nbsp;podporuje rozvoj st\u0159evn\u00ed mikrobioty.<\/p>\n","protected":false},"featured_media":145379,"template":"","meta":{"_uag_custom_page_level_css":""},"product_brand":[],"product_cat":[92,252],"product_tag":[517,679,672,673,675,677],"product-label":[257,247,526],"class_list":{"0":"post-143159","1":"product","2":"type-product","3":"status-publish","4":"has-post-thumbnail","6":"product_cat-dogsie-maskrty","7":"product_cat-treningove-maskrty","8":"product_tag-showcase-sk","9":"product_tag-pro-kockare-sk","10":"product_tag-pro-male-pejsky-sk","11":"product_tag-pro-mlsouny-sk","12":"product_tag-pro-stredni-pejsky-sk","13":"product_tag-pro-velke-pejsky-sk","14":"product-label-mekke","15":"product-label-novinka","16":"product-label-tip-na-darek","18":"first","19":"instock","20":"taxable","21":"shipping-taxable","22":"purchasable","23":"product-type-simple"},"uagb_featured_image_src":{"full":["https:\/\/www.dogsie.cz\/wp-content\/uploads\/2023\/08\/1200x1200px-cerny-uhlik-pamlsek.jpg",1200,1200,false],"thumbnail":["https:\/\/www.dogsie.cz\/wp-content\/uploads\/2023\/08\/1200x1200px-cerny-uhlik-pamlsek-300x300.jpg",300,300,true],"medium":["https:\/\/www.dogsie.cz\/wp-content\/uploads\/2023\/08\/1200x1200px-cerny-uhlik-pamlsek-600x600.jpg",600,600,true],"medium_large":["https:\/\/www.dogsie.cz\/wp-content\/uploads\/2023\/08\/1200x1200px-cerny-uhlik-pamlsek-768x768.jpg",768,768,true],"large":["https:\/\/www.dogsie.cz\/wp-content\/uploads\/2023\/08\/1200x1200px-cerny-uhlik-pamlsek.jpg",1200,1200,false],"1536x1536":["https:\/\/www.dogsie.cz\/wp-content\/uploads\/2023\/08\/1200x1200px-cerny-uhlik-pamlsek.jpg",1200,1200,false],"2048x2048":["https:\/\/www.dogsie.cz\/wp-content\/uploads\/2023\/08\/1200x1200px-cerny-uhlik-pamlsek.jpg",1200,1200,false],"blog-featured":["https:\/\/www.dogsie.cz\/wp-content\/uploads\/2023\/08\/1200x1200px-cerny-uhlik-pamlsek-500x240.jpg",500,240,true],"blog-recommended":["https:\/\/www.dogsie.cz\/wp-content\/uploads\/2023\/08\/1200x1200px-cerny-uhlik-pamlsek-300x140.jpg",300,140,true],"single-featured":["https:\/\/www.dogsie.cz\/wp-content\/uploads\/2023\/08\/1200x1200px-cerny-uhlik-pamlsek-850x400.jpg",850,400,true],"review":["https:\/\/www.dogsie.cz\/wp-content\/uploads\/2023\/08\/1200x1200px-cerny-uhlik-pamlsek-60x60.jpg",60,60,true],"product-card":["https:\/\/www.dogsie.cz\/wp-content\/uploads\/2023\/08\/1200x1200px-cerny-uhlik-pamlsek-250x250.jpg",250,250,true],"woocommerce_thumbnail":["https:\/\/www.dogsie.cz\/wp-content\/uploads\/2023\/08\/1200x1200px-cerny-uhlik-pamlsek-600x600.jpg",600,600,true],"woocommerce_single":["https:\/\/www.dogsie.cz\/wp-content\/uploads\/2023\/08\/1200x1200px-cerny-uhlik-pamlsek-600x600.jpg",600,600,true],"woocommerce_gallery_thumbnail":["https:\/\/www.dogsie.cz\/wp-content\/uploads\/2023\/08\/1200x1200px-cerny-uhlik-pamlsek-100x100.jpg",100,100,true],"140-140":["https:\/\/www.dogsie.cz\/wp-content\/uploads\/2023\/08\/1200x1200px-cerny-uhlik-pamlsek-140x140.jpg",140,140,true]},"uagb_author_info":{"display_name":"Jasm\u00edna Fojt\u00edkov\u00e1","author_link":"https:\/\/www.dogsie.cz\/sk\/author\/"},"uagb_comment_info":0,"uagb_excerpt":"\u010cern\u00fd uhl\u00edk - vep\u0159ov\u00e9 puky s \u017eiv\u00fdm uhl\u00edkem - pamlsek s \u017eiv\u00fdm uhl\u00edm . \u017dIV\u00c9 UHL\u00cd je p\u0159\u00edrodn\u00ed p\u0159\u00edpravek z rostlinn\u00e9ho uhl\u00ed, podporuj\u00edc\u00ed zdrav\u00e9 tr\u00e1ven\u00ed. Pom\u00e1h\u00e1 udr\u017eovat rovnov\u00e1hu st\u0159evn\u00edho prost\u0159ed\u00ed a podporuje rozvoj st\u0159evn\u00ed mikrobioty.","expiration_date":"30.09.2026","_links":{"self":[{"href":"https:\/\/www.dogsie.cz\/sk\/wp-json\/wp\/v2\/product\/143159","targetHints":{"allow":["GET"]}}],"collection":[{"href":"https:\/\/www.dogsie.cz\/sk\/wp-json\/wp\/v2\/product"}],"about":[{"href":"https:\/\/www.dogsie.cz\/sk\/wp-json\/wp\/v2\/types\/product"}],"wp:featuredmedia":[{"embeddable":true,"href":"https:\/\/www.dogsie.cz\/sk\/wp-json\/wp\/v2\/media\/145379"}],"wp:attachment":[{"href":"https:\/\/www.dogsie.cz\/sk\/wp-json\/wp\/v2\/media?parent=143159"}],"wp:term":[{"taxonomy":"product_brand","embeddable":true,"href":"https:\/\/www.dogsie.cz\/sk\/wp-json\/wp\/v2\/product_brand?post=143159"},{"taxonomy":"product_cat","embeddable":true,"href":"https:\/\/www.dogsie.cz\/sk\/wp-json\/wp\/v2\/product_cat?post=143159"},{"taxonomy":"product_tag","embeddable":true,"href":"https:\/\/www.dogsie.cz\/sk\/wp-json\/wp\/v2\/product_tag?post=143159"},{"taxonomy":"product-label","embeddable":true,"href":"https:\/\/www.dogsie.cz\/sk\/wp-json\/wp\/v2\/product-label?post=143159"}],"curies":[{"name":"wp","href":"https:\/\/api.w.org\/{rel}","templated":true}]}}