{"id":143168,"date":"2023-08-08T19:10:24","date_gmt":"2023-08-08T17:10:24","guid":{"rendered":"https:\/\/www.dogsie.cz\/?post_type=product&#038;p=143168"},"modified":"2025-08-26T16:44:39","modified_gmt":"2025-08-26T14:44:39","slug":"dentalni-pamlsek-pro-psy-himalajska-tycka-se-spirulinou","status":"publish","type":"product","link":"https:\/\/www.dogsie.cz\/sk\/obchod\/dentalni-pamlsek-pro-psy-himalajska-tycka-se-spirulinou\/","title":{"rendered":"Dent\u00e1ln\u00ed pamlsek pro psy &#8211; Himal\u00e1jsk\u00e1 ty\u010dka se spirulinou"},"content":{"rendered":"<p><strong><span class=\"s1\">Horsk\u00e1 s\u00edla pro va\u0161eho hafana \u2013 nov\u011b obohacen\u00e1 o&nbsp;spirulinu<\/span><\/strong><\/p>\n<p class=\"p1\"><span class=\"s1\">Obl\u00edben\u00e1 Himal\u00e1jsk\u00e1 ty\u010dka od Dogsie dostala zelen\u00fd kab\u00e1tek! Tentokr\u00e1t jsme ji obohatili o&nbsp;<\/span><strong><span class=\"s2\">spirulinu \u2013 p\u0159\u00edrodn\u00ed superpotravinu<\/span><\/strong><span class=\"s1\">, kter\u00e1 podporuje imunitu, zdrav\u00e9 tr\u00e1ven\u00ed i&nbsp;sv\u011b\u017e\u00ed dech.<\/span><\/p>\n<p class=\"p1\"><span class=\"s1\">Stejn\u011b jako klasick\u00e1 varianta je i&nbsp;tato ty\u010dka <\/span><strong><span class=\"s2\">extra tvrd\u00e1 a&nbsp;dlouhotrvaj\u00edc\u00ed<\/span><\/strong><span class=\"s1\">. D\u00edky v\u00fdrob\u011b z&nbsp;kvalitn\u00edho belgick\u00e9ho ml\u00e9ka od kravi\u010dek z&nbsp;pastvin a&nbsp;pomal\u00e9mu su\u0161en\u00ed po dobu a\u017e 3 m\u011bs\u00edc\u016f se p\u0159i \u017ev\u00fdk\u00e1n\u00ed a&nbsp;slin\u011bn\u00ed postupn\u011b obru\u0161uje a&nbsp;m\u011bkne, tak\u017ee si ji pejsek bezpe\u010dn\u011b u\u017eije a&nbsp;p\u0159itom si \u010dist\u00ed zuby.<\/span><\/p>\n<ul>\n<li>Spirulina pro silnou imunitu, zdrav\u00e9 tr\u00e1ven\u00ed a&nbsp;sv\u011b\u017e\u00ed dech<\/li>\n<li>Bohat\u00e1 na b\u00edlkoviny a&nbsp;v\u00e1pn\u00edk <strong><span class=\"s1\">\u2013<\/span><\/strong> pro zdrav\u00e9 kosti a&nbsp;zuby<\/li>\n<li>Minim\u00e1ln\u00ed obsah lakt\u00f3zy, bez lepku<\/li>\n<li>Nezap\u00e1ch\u00e1 a&nbsp;ned\u011bl\u00e1 nepo\u0159\u00e1dek<\/li>\n<li>Postupn\u011b se obru\u0161uje <strong><span class=\"s1\">\u2013<\/span><\/strong> netvo\u0159\u00ed ostr\u00e9 \u00falomky jako kosti \u010di paro\u017e\u00ed<\/li>\n<\/ul>\n<p>O v\u0161ech v\u00fdhod\u00e1ch spiruliny si m\u016f\u017eete <a href=\"https:\/\/www.dogsie.cz\/himalajska-tycka-nyni-se-spirulinou-v-cem-je-tak-skvela\/\">p\u0159e\u010d\u00edst na na\u0161em blogu<\/a>.<\/p>\n<p class=\"p1\"><strong><span class=\"s1\">\ud83d\udc49 <\/span><span class=\"s2\">Dostupn\u00e9 velikosti:<\/span><\/strong><\/p>\n<ul>\n<li>\n<p class=\"p1\"><span class=\"s1\">SMALL (30\u201360 g) \u2013 pro men\u0161\u00ed plemena<\/span><\/p>\n<\/li>\n<li>\n<p class=\"p1\"><span class=\"s1\">MEDIUM (61\u2013100 g) \u2013 pro st\u0159edn\u00ed a&nbsp;v\u011bt\u0161\u00ed psy<\/span><\/p>\n<\/li>\n<\/ul>\n<p class=\"p1\"><span class=\"s1\">\u267b\ufe0f Ka\u017edou ty\u010dku pos\u00edl\u00e1me v&nbsp;ekologick\u00e9 krabi\u010dce z&nbsp;recyklovan\u00e9ho materi\u00e1lu \u2013 bez zbyte\u010dn\u00fdch plast\u016f, s&nbsp;ohledem na p\u0159\u00edrodu i&nbsp;bezpe\u010dnost p\u0159i p\u0159eprav\u011b.<\/span><\/p>\n<p class=\"p1\"><span class=\"s1\">\ud83d\udca1 Tip: Pokud pejskovi zbyde mal\u00fd kousek, dejte ho na chv\u00edli do mikrovlnky \u2013 prom\u011bn\u00ed se v&nbsp;lahodn\u00fd a&nbsp;k\u0159upav\u00fd \u201eps\u00ed popcorn\u201c.<\/span><\/p>\n<p>Slo\u017een\u00ed: ml\u00e9ko, mo\u0159sk\u00e1 s\u016fl, mo\u0159sk\u00e1 \u0159asa 0,5 %, spirulina 0,3 %, prebiotick\u00e1 \u010dekanka 0,18 %, petr\u017eel 0,05%, m\u00e1ta 0,02&nbsp;%<\/p>\n<p><b data-stringify-type=\"bold\">Doporu\u010den\u00ed k&nbsp;pou\u017eit\u00ed<\/b><br \/>\nPod\u00e1vejte v\u017edy pod dohledem. Nen\u00ed vhodn\u00e9 pro \u0161t\u011b\u0148ata p\u0159ed p\u0159ezuben\u00edm ani psy s&nbsp;citliv\u00fdm \u010di nemocn\u00fdm chrupem. Rozl\u00e1man\u00e9 kousky z&nbsp;bezpe\u010dnostn\u00edch d\u016fvod\u016f zlikvidujte. Zajist\u011bte psovi p\u0159\u00edstup k&nbsp;\u010derstv\u00e9 pitn\u00e9 vod\u011b. Vyberte spr\u00e1vnou velikost ty\u010dky podle v\u00e1hy a&nbsp;s\u00edly \u017ev\u00fdk\u00e1n\u00ed va\u0161eho psa.<br \/>\nUchov\u00e1vejte na such\u00e9m a&nbsp;chladn\u00e9m m\u00edst\u011b do 20&nbsp;\u00b0C mimo dosah p\u0159\u00edm\u00e9ho slune\u010dn\u00edho z\u00e1\u0159en\u00ed.<\/p>\n","protected":false},"excerpt":{"rendered":"<p><strong>Himal\u00e1jsk\u00e1 ty\u010dka se spirulinou <\/strong>&#8211; extra tvrd\u00fd dent\u00e1ln\u00ed pamlsek z&nbsp;kvalitn\u00edho ml\u00e9ka, kter\u00fd zabav\u00ed pejska na hodiny. Nezap\u00e1ch\u00e1, je bez lepku a&nbsp;s&nbsp;minim\u00e1ln\u00edm obsahem lakt\u00f3zy. Tato verze obsahuje nav\u00edc spirulinu, o&nbsp;kter\u00e9 si m\u016f\u017eete <a href=\"https:\/\/www.dogsie.cz\/himalajska-tycka-nyni-se-spirulinou-v-cem-je-tak-skvela\/\">p\u0159e\u010d\u00edst na na\u0161em blogu<\/a>.<\/p>\n","protected":false},"featured_media":145370,"template":"","meta":{"_uag_custom_page_level_css":""},"product_brand":[],"product_cat":[92,242],"product_tag":[517,672,675,677],"product-label":[276,247],"class_list":{"0":"post-143168","1":"product","2":"type-product","3":"status-publish","4":"has-post-thumbnail","6":"product_cat-dogsie-maskrty","7":"product_cat-himalajska-tycka-sk","8":"product_tag-showcase-sk","9":"product_tag-pro-male-pejsky-sk","10":"product_tag-pro-stredni-pejsky-sk","11":"product_tag-pro-velke-pejsky-sk","12":"product-label-na-kousani","13":"product-label-novinka","15":"first","16":"instock","17":"taxable","18":"shipping-taxable","19":"purchasable","20":"product-type-variable"},"uagb_featured_image_src":{"full":["https:\/\/www.dogsie.cz\/wp-content\/uploads\/2023\/11\/1200x1200px-ht-spirm-front.jpg",1200,1200,false],"thumbnail":["https:\/\/www.dogsie.cz\/wp-content\/uploads\/2023\/11\/1200x1200px-ht-spirm-front-300x300.jpg",300,300,true],"medium":["https:\/\/www.dogsie.cz\/wp-content\/uploads\/2023\/11\/1200x1200px-ht-spirm-front-600x600.jpg",600,600,true],"medium_large":["https:\/\/www.dogsie.cz\/wp-content\/uploads\/2023\/11\/1200x1200px-ht-spirm-front-768x768.jpg",768,768,true],"large":["https:\/\/www.dogsie.cz\/wp-content\/uploads\/2023\/11\/1200x1200px-ht-spirm-front.jpg",1200,1200,false],"1536x1536":["https:\/\/www.dogsie.cz\/wp-content\/uploads\/2023\/11\/1200x1200px-ht-spirm-front.jpg",1200,1200,false],"2048x2048":["https:\/\/www.dogsie.cz\/wp-content\/uploads\/2023\/11\/1200x1200px-ht-spirm-front.jpg",1200,1200,false],"blog-featured":["https:\/\/www.dogsie.cz\/wp-content\/uploads\/2023\/11\/1200x1200px-ht-spirm-front-500x240.jpg",500,240,true],"blog-recommended":["https:\/\/www.dogsie.cz\/wp-content\/uploads\/2023\/11\/1200x1200px-ht-spirm-front-300x140.jpg",300,140,true],"single-featured":["https:\/\/www.dogsie.cz\/wp-content\/uploads\/2023\/11\/1200x1200px-ht-spirm-front-850x400.jpg",850,400,true],"review":["https:\/\/www.dogsie.cz\/wp-content\/uploads\/2023\/11\/1200x1200px-ht-spirm-front-60x60.jpg",60,60,true],"product-card":["https:\/\/www.dogsie.cz\/wp-content\/uploads\/2023\/11\/1200x1200px-ht-spirm-front-250x250.jpg",250,250,true],"woocommerce_thumbnail":["https:\/\/www.dogsie.cz\/wp-content\/uploads\/2023\/11\/1200x1200px-ht-spirm-front-600x600.jpg",600,600,true],"woocommerce_single":["https:\/\/www.dogsie.cz\/wp-content\/uploads\/2023\/11\/1200x1200px-ht-spirm-front-600x600.jpg",600,600,true],"woocommerce_gallery_thumbnail":["https:\/\/www.dogsie.cz\/wp-content\/uploads\/2023\/11\/1200x1200px-ht-spirm-front-100x100.jpg",100,100,true],"140-140":["https:\/\/www.dogsie.cz\/wp-content\/uploads\/2023\/11\/1200x1200px-ht-spirm-front-140x140.jpg",140,140,true]},"uagb_author_info":{"display_name":"Jasm\u00edna Fojt\u00edkov\u00e1","author_link":"https:\/\/www.dogsie.cz\/sk\/author\/"},"uagb_comment_info":0,"uagb_excerpt":"Himal\u00e1jsk\u00e1 ty\u010dka se spirulinou - extra tvrd\u00fd dent\u00e1ln\u00ed pamlsek z kvalitn\u00edho ml\u00e9ka, kter\u00fd zabav\u00ed pejska na hodiny. Nezap\u00e1ch\u00e1, je bez lepku a s minim\u00e1ln\u00edm obsahem lakt\u00f3zy. Tato verze obsahuje nav\u00edc spirulinu, o kter\u00e9 si m\u016f\u017eete p\u0159e\u010d\u00edst na na\u0161em blogu.","expiration_date":"","_links":{"self":[{"href":"https:\/\/www.dogsie.cz\/sk\/wp-json\/wp\/v2\/product\/143168","targetHints":{"allow":["GET"]}}],"collection":[{"href":"https:\/\/www.dogsie.cz\/sk\/wp-json\/wp\/v2\/product"}],"about":[{"href":"https:\/\/www.dogsie.cz\/sk\/wp-json\/wp\/v2\/types\/product"}],"wp:featuredmedia":[{"embeddable":true,"href":"https:\/\/www.dogsie.cz\/sk\/wp-json\/wp\/v2\/media\/145370"}],"wp:attachment":[{"href":"https:\/\/www.dogsie.cz\/sk\/wp-json\/wp\/v2\/media?parent=143168"}],"wp:term":[{"taxonomy":"product_brand","embeddable":true,"href":"https:\/\/www.dogsie.cz\/sk\/wp-json\/wp\/v2\/product_brand?post=143168"},{"taxonomy":"product_cat","embeddable":true,"href":"https:\/\/www.dogsie.cz\/sk\/wp-json\/wp\/v2\/product_cat?post=143168"},{"taxonomy":"product_tag","embeddable":true,"href":"https:\/\/www.dogsie.cz\/sk\/wp-json\/wp\/v2\/product_tag?post=143168"},{"taxonomy":"product-label","embeddable":true,"href":"https:\/\/www.dogsie.cz\/sk\/wp-json\/wp\/v2\/product-label?post=143168"}],"curies":[{"name":"wp","href":"https:\/\/api.w.org\/{rel}","templated":true}]}}