{"id":143421,"date":"2023-10-13T20:24:09","date_gmt":"2023-10-13T18:24:09","guid":{"rendered":"https:\/\/www.dogsie.cz\/?post_type=product&#038;p=143421"},"modified":"2025-09-03T10:57:26","modified_gmt":"2025-09-03T08:57:26","slug":"himalajske-kombo-himalajska-tycka-popcorn","status":"publish","type":"product","link":"https:\/\/www.dogsie.cz\/sk\/obchod\/himalajske-kombo-himalajska-tycka-popcorn\/","title":{"rendered":"Himal\u00e1jsk\u00e9 kombo: Himal\u00e1jsk\u00e1 ty\u010dka + Popcorn"},"content":{"rendered":"<p><strong>Horsk\u00e1 s\u00edla pro va\u0161eho hafana ve form\u011b dent\u00e1ln\u00ed ty\u010dinky a&nbsp;dent\u00e1ln\u00edho pamlsku. P\u0159edstavujeme Himal\u00e1jsk\u00e9 kombo!<\/strong><\/p>\n<p>Spojili jsme pro v\u00e1s dva obl\u00edben\u00e9 produkty do v\u00fdhodn\u00e9 koup\u011b! Vychutnejte si kombinaci tradi\u010dn\u00ed Himal\u00e1jsk\u00e9 ty\u010dky a&nbsp;lahodn\u00fdch kousk\u016f z&nbsp;n\u00ed v&nbsp;podob\u011b na\u0161eho Dogsie Cheese Popcornu. Ide\u00e1ln\u00ed kombinace pro va\u0161eho \u010dty\u0159noh\u00e9ho mazl\u00ed\u010dka, kter\u00e1 mu nab\u00eddne nejen skv\u011blou chu\u0165, ale tak\u00e9 dlouhodobou z\u00e1bavu p\u0159i \u017ev\u00fdk\u00e1n\u00ed.<\/p>\n<p><strong> P\u0159i koupi Himal\u00e1jsk\u00e9ho komba z\u00edsk\u00e1te oba produkty o&nbsp;10-13&nbsp;% levn\u011bji ne\u017e p\u0159i samostatn\u00e9m n\u00e1kupu (z\u00e1le\u017e\u00ed na zvolen\u00e9 velikosti).<\/strong><\/p>\n<p><strong>Obsah balen\u00ed:<\/strong><\/p>\n<ol>\n<li><a href=\"https:\/\/www.dogsie.cz\/sk\/obchod\/himalajska-tycka\/\" target=\"_new\" rel=\"noopener\">Himal\u00e1jsk\u00e1 ty\u010dka<\/a> &#8211; tradi\u010dn\u00ed pochoutka pro psy, kter\u00e1 je zdrav\u00e1, dlouhotrvaj\u00edc\u00ed a&nbsp;pln\u00e1 miner\u00e1l\u016f.<\/li>\n<li><a href=\"https:\/\/www.dogsie.cz\/sk\/obchod\/pamlsek-pro-psy-dogsie-fair-dog-cheese-popcorn-pecene-kousky-himalajske-tycky\/\" target=\"_new\" rel=\"noopener\">Cheese Popcorn &#8211; pe\u010den\u00e9 kousky himal\u00e1jsk\u00e9 ty\u010dky<\/a> &#8211; k\u0159upav\u00e1 pochoutka, kter\u00e1 je ide\u00e1ln\u00ed jako odm\u011bna nebo jako m\u0148amka pro radost.<\/li>\n<\/ol>\n<p><b data-stringify-type=\"bold\">Doporu\u010den\u00ed k&nbsp;pou\u017eit\u00ed<\/b><\/p>\n<p>Pod\u00e1vejte v\u017edy pod dohledem. Nen\u00ed vhodn\u00e9 pro \u0161t\u011b\u0148ata p\u0159ed p\u0159ezuben\u00edm ani psy s&nbsp;citliv\u00fdm \u010di nemocn\u00fdm chrupem. Rozl\u00e1man\u00e9 kousky z&nbsp;bezpe\u010dnostn\u00edch d\u016fvod\u016f zlikvidujte. Zajist\u011bte psovi p\u0159\u00edstup k&nbsp;\u010derstv\u00e9 pitn\u00e9 vod\u011b. Vyberte spr\u00e1vnou velikost ty\u010dky podle v\u00e1hy a&nbsp;s\u00edly \u017ev\u00fdk\u00e1n\u00ed va\u0161eho psa.<br \/>\nUchov\u00e1vejte na such\u00e9m a&nbsp;chladn\u00e9m m\u00edst\u011b do 20&nbsp;\u00b0C mimo dosah p\u0159\u00edm\u00e9ho slune\u010dn\u00edho z\u00e1\u0159en\u00ed.<\/p>\n","protected":false},"excerpt":{"rendered":"<p>V\u00fdhodn\u00e9 kombo pro psy: kombinace obl\u00edben\u00e9 Himal\u00e1jsk\u00e9 ty\u010dky a&nbsp;k\u0159upav\u00e9ho Dogsie Cheese Popcornu. Ide\u00e1ln\u00ed pochoutka pro va\u0161eho mazl\u00ed\u010dka pln\u00e1 miner\u00e1l\u016f, b\u00edlkovin a&nbsp;chuti.<\/p>\n","protected":false},"featured_media":146181,"template":"","meta":{"_uag_custom_page_level_css":""},"product_brand":[],"product_cat":[92,242],"product_tag":[517,672,673,674,675,676,677],"product-label":[],"class_list":{"0":"post-143421","1":"product","2":"type-product","3":"status-publish","4":"has-post-thumbnail","6":"product_cat-dogsie-maskrty","7":"product_cat-himalajska-tycka-sk","8":"product_tag-showcase-sk","9":"product_tag-pro-male-pejsky-sk","10":"product_tag-pro-mlsouny-sk","11":"product_tag-pro-pejskare-sk","12":"product_tag-pro-stredni-pejsky-sk","13":"product_tag-pro-trhace-sk","14":"product_tag-pro-velke-pejsky-sk","16":"first","17":"instock","18":"sale","19":"taxable","20":"shipping-taxable","21":"purchasable","22":"product-type-variable"},"uagb_featured_image_src":{"full":["https:\/\/www.dogsie.cz\/wp-content\/uploads\/2023\/10\/6.png",1250,1248,false],"thumbnail":["https:\/\/www.dogsie.cz\/wp-content\/uploads\/2023\/10\/6-300x300.png",300,300,true],"medium":["https:\/\/www.dogsie.cz\/wp-content\/uploads\/2023\/10\/6-600x600.png",600,600,true],"medium_large":["https:\/\/www.dogsie.cz\/wp-content\/uploads\/2023\/10\/6-768x767.png",768,767,true],"large":["https:\/\/www.dogsie.cz\/wp-content\/uploads\/2023\/10\/6-1200x1198.png",1200,1198,true],"1536x1536":["https:\/\/www.dogsie.cz\/wp-content\/uploads\/2023\/10\/6.png",1250,1248,false],"2048x2048":["https:\/\/www.dogsie.cz\/wp-content\/uploads\/2023\/10\/6.png",1250,1248,false],"blog-featured":["https:\/\/www.dogsie.cz\/wp-content\/uploads\/2023\/10\/6-500x240.png",500,240,true],"blog-recommended":["https:\/\/www.dogsie.cz\/wp-content\/uploads\/2023\/10\/6-300x140.png",300,140,true],"single-featured":["https:\/\/www.dogsie.cz\/wp-content\/uploads\/2023\/10\/6-850x400.png",850,400,true],"review":["https:\/\/www.dogsie.cz\/wp-content\/uploads\/2023\/10\/6-60x60.png",60,60,true],"product-card":["https:\/\/www.dogsie.cz\/wp-content\/uploads\/2023\/10\/6-250x250.png",250,250,true],"woocommerce_thumbnail":["https:\/\/www.dogsie.cz\/wp-content\/uploads\/2023\/10\/6-600x600.png",600,600,true],"woocommerce_single":["https:\/\/www.dogsie.cz\/wp-content\/uploads\/2023\/10\/6-600x599.png",600,599,true],"woocommerce_gallery_thumbnail":["https:\/\/www.dogsie.cz\/wp-content\/uploads\/2023\/10\/6-100x100.png",100,100,true],"140-140":["https:\/\/www.dogsie.cz\/wp-content\/uploads\/2023\/10\/6-140x140.png",140,140,true]},"uagb_author_info":{"display_name":"Maty\u00e1\u0161 D\u0159evo","author_link":"https:\/\/www.dogsie.cz\/sk\/author\/"},"uagb_comment_info":0,"uagb_excerpt":"V\u00fdhodn\u00e9 kombo pro psy: kombinace obl\u00edben\u00e9 Himal\u00e1jsk\u00e9 ty\u010dky a k\u0159upav\u00e9ho Dogsie Cheese Popcornu. Ide\u00e1ln\u00ed pochoutka pro va\u0161eho mazl\u00ed\u010dka pln\u00e1 miner\u00e1l\u016f, b\u00edlkovin a chuti.","expiration_date":"","_links":{"self":[{"href":"https:\/\/www.dogsie.cz\/sk\/wp-json\/wp\/v2\/product\/143421","targetHints":{"allow":["GET"]}}],"collection":[{"href":"https:\/\/www.dogsie.cz\/sk\/wp-json\/wp\/v2\/product"}],"about":[{"href":"https:\/\/www.dogsie.cz\/sk\/wp-json\/wp\/v2\/types\/product"}],"wp:featuredmedia":[{"embeddable":true,"href":"https:\/\/www.dogsie.cz\/sk\/wp-json\/wp\/v2\/media\/146181"}],"wp:attachment":[{"href":"https:\/\/www.dogsie.cz\/sk\/wp-json\/wp\/v2\/media?parent=143421"}],"wp:term":[{"taxonomy":"product_brand","embeddable":true,"href":"https:\/\/www.dogsie.cz\/sk\/wp-json\/wp\/v2\/product_brand?post=143421"},{"taxonomy":"product_cat","embeddable":true,"href":"https:\/\/www.dogsie.cz\/sk\/wp-json\/wp\/v2\/product_cat?post=143421"},{"taxonomy":"product_tag","embeddable":true,"href":"https:\/\/www.dogsie.cz\/sk\/wp-json\/wp\/v2\/product_tag?post=143421"},{"taxonomy":"product-label","embeddable":true,"href":"https:\/\/www.dogsie.cz\/sk\/wp-json\/wp\/v2\/product-label?post=143421"}],"curies":[{"name":"wp","href":"https:\/\/api.w.org\/{rel}","templated":true}]}}