{"id":143581,"date":"2023-10-16T19:32:20","date_gmt":"2023-10-16T17:32:20","guid":{"rendered":"https:\/\/www.dogsie.cz\/?post_type=product&#038;p=143581"},"modified":"2026-04-17T05:37:20","modified_gmt":"2026-04-17T03:37:20","slug":"pamlsek-pro-psy-domaci-psi-popcorn-himalajske-pukance-do-mikrovlnky","status":"publish","type":"product","link":"https:\/\/www.dogsie.cz\/sk\/obchod\/pamlsek-pro-psy-domaci-psi-popcorn-himalajske-pukance-do-mikrovlnky\/","title":{"rendered":"Dogsie Ps\u00ed Popcorn &#8211; Pukance Himal\u00e1jsk\u00e9 ty\u010dky do mikrovlnky"},"content":{"rendered":"<p><strong>Dom\u00e1c\u00ed ps\u00ed popcorn &#8211; Himal\u00e1jsk\u00e9 pukance do mikrovlnky<\/strong><\/p>\n<p class=\"p1\"><span class=\"s1\">Chcete sv\u00e9mu pejskovi dop\u0159\u00e1t z\u00e1bavu i&nbsp;p\u0159i samotn\u00e9 p\u0159\u00edprav\u011b pamlsku? Vyzkou\u0161ejte <\/span><strong><span class=\"s2\">Dogsie Popcorn do mikrovlnky<\/span><\/strong><span class=\"s1\">! Sta\u010d\u00ed minuta a&nbsp;p\u016fl a&nbsp;m\u00e1te k\u0159upavou, vo\u0148avou a&nbsp;zdravou odm\u011bnu, kterou si zamiluje ka\u017ed\u00fd pejsek.<\/span><\/p>\n<p class=\"p1\"><span class=\"s1\">Stejn\u011b jako <a href=\"https:\/\/www.dogsie.cz\/sk\/obchod\/himalajska-tycka\/\">Himal\u00e1jsk\u00e1 ty\u010dka<\/a> je i&nbsp;popcorn vyroben\u00fd <strong>z <\/strong><\/span><strong><span class=\"s2\">kvalitn\u00edho belgick\u00e9ho ml\u00e9ka<\/span><\/strong><span class=\"s1\">, bez lepku, konzervant\u016f \u010di zbyte\u010dn\u00fdch p\u0159\u00edsad. Ka\u017ed\u00fd kousek projde speci\u00e1ln\u00edm procesem pe\u010den\u00ed, d\u00edky kter\u00e9mu kr\u00e1sn\u011b <\/span><strong><span class=\"s2\">\u201epukne\u201c do podoby popcornu<\/span><\/strong><span class=\"s1\"> \u2013 jen bez soli, tuku a&nbsp;jin\u00fdch nesmysl\u016f.<\/span><\/p>\n<h4 class=\"\" data-start=\"653\" data-end=\"680\"><strong>Pro\u010d si ho zamilujete:<\/strong><\/h4>\n<ul>\n<li>Z\u00e1bavn\u00e1 p\u0159\u00edprava doma v&nbsp;mikrovlnce<\/li>\n<li>100% p\u0159\u00edrodn\u00ed slo\u017een\u00ed &#8211; bez konzervant\u016f, lepku a&nbsp;zbyte\u010dnost\u00ed<\/li>\n<li>Lehce straviteln\u00e1, k\u0159upav\u00e1 a&nbsp;vo\u0148av\u00e1 odm\u011bna<\/li>\n<li>Vyrobeno v&nbsp;EU, ekologicky baleno<\/li>\n<\/ul>\n<p><strong>Upozorn\u011bn\u00ed:<\/strong> Po vyjmut\u00ed z&nbsp;mikrovlnky popcorn v\u017edy nechte d\u016fkladn\u011b vychladnout. Nepod\u00e1vejte nepukl\u00e9 nebo \u010d\u00e1ste\u010dn\u011b pukl\u00e9 kousky \u2013 mohou b\u00fdt tvrd\u00e9 nebo ostr\u00e9. V\u017edy se \u0159i\u010fte n\u00e1vodem na obalu.<\/p>\n<p><strong>Slo\u017een\u00ed:\u00a0<\/strong>100% ml\u00e9ko a&nbsp;ml\u00e9\u010dn\u00e9 komponenty<\/p>\n","protected":false},"excerpt":{"rendered":"<p><strong>Dom\u00e1c\u00ed ps\u00ed popcorn &#8211; Himal\u00e1jsk\u00e9 pukance do mikrovlnky &#8211; <\/strong>Popcorn do mikrovlnky pro psy jsou kousky Himal\u00e1jsk\u00e9 ty\u010dky vhodn\u00e9 pro v\u0161echny velikosti pejsk\u016f.<\/p>\n","protected":false},"featured_media":145367,"template":"","meta":{"_uag_custom_page_level_css":""},"product_brand":[],"product_cat":[92,242],"product_tag":[672,673,675,677],"product-label":[616,731,247],"class_list":{"0":"post-143581","1":"product","2":"type-product","3":"status-publish","4":"has-post-thumbnail","6":"product_cat-dogsie-maskrty","7":"product_cat-himalajska-tycka-sk","8":"product_tag-pro-male-pejsky-sk","9":"product_tag-pro-mlsouny-sk","10":"product_tag-pro-stredni-pejsky-sk","11":"product_tag-pro-velke-pejsky-sk","12":"product-label-bez-obilovin","13":"product-label-krupave","14":"product-label-novinka","16":"first","17":"instock","18":"taxable","19":"shipping-taxable","20":"purchasable","21":"product-type-simple"},"uagb_featured_image_src":{"full":["https:\/\/www.dogsie.cz\/wp-content\/uploads\/2023\/10\/1200x1200px-popcorn-mikro.jpg",1200,1200,false],"thumbnail":["https:\/\/www.dogsie.cz\/wp-content\/uploads\/2023\/10\/1200x1200px-popcorn-mikro-300x300.jpg",300,300,true],"medium":["https:\/\/www.dogsie.cz\/wp-content\/uploads\/2023\/10\/1200x1200px-popcorn-mikro-600x600.jpg",600,600,true],"medium_large":["https:\/\/www.dogsie.cz\/wp-content\/uploads\/2023\/10\/1200x1200px-popcorn-mikro-768x768.jpg",768,768,true],"large":["https:\/\/www.dogsie.cz\/wp-content\/uploads\/2023\/10\/1200x1200px-popcorn-mikro.jpg",1200,1200,false],"1536x1536":["https:\/\/www.dogsie.cz\/wp-content\/uploads\/2023\/10\/1200x1200px-popcorn-mikro.jpg",1200,1200,false],"2048x2048":["https:\/\/www.dogsie.cz\/wp-content\/uploads\/2023\/10\/1200x1200px-popcorn-mikro.jpg",1200,1200,false],"blog-featured":["https:\/\/www.dogsie.cz\/wp-content\/uploads\/2023\/10\/1200x1200px-popcorn-mikro-500x240.jpg",500,240,true],"blog-recommended":["https:\/\/www.dogsie.cz\/wp-content\/uploads\/2023\/10\/1200x1200px-popcorn-mikro-300x140.jpg",300,140,true],"single-featured":["https:\/\/www.dogsie.cz\/wp-content\/uploads\/2023\/10\/1200x1200px-popcorn-mikro-850x400.jpg",850,400,true],"review":["https:\/\/www.dogsie.cz\/wp-content\/uploads\/2023\/10\/1200x1200px-popcorn-mikro-60x60.jpg",60,60,true],"product-card":["https:\/\/www.dogsie.cz\/wp-content\/uploads\/2023\/10\/1200x1200px-popcorn-mikro-250x250.jpg",250,250,true],"woocommerce_thumbnail":["https:\/\/www.dogsie.cz\/wp-content\/uploads\/2023\/10\/1200x1200px-popcorn-mikro-600x600.jpg",600,600,true],"woocommerce_single":["https:\/\/www.dogsie.cz\/wp-content\/uploads\/2023\/10\/1200x1200px-popcorn-mikro-600x600.jpg",600,600,true],"woocommerce_gallery_thumbnail":["https:\/\/www.dogsie.cz\/wp-content\/uploads\/2023\/10\/1200x1200px-popcorn-mikro-100x100.jpg",100,100,true],"140-140":["https:\/\/www.dogsie.cz\/wp-content\/uploads\/2023\/10\/1200x1200px-popcorn-mikro-140x140.jpg",140,140,true]},"uagb_author_info":{"display_name":"Jasm\u00edna Fojt\u00edkov\u00e1","author_link":"https:\/\/www.dogsie.cz\/sk\/author\/"},"uagb_comment_info":0,"uagb_excerpt":"Dom\u00e1c\u00ed ps\u00ed popcorn - Himal\u00e1jsk\u00e9 pukance do mikrovlnky - Popcorn do mikrovlnky pro psy jsou kousky Himal\u00e1jsk\u00e9 ty\u010dky vhodn\u00e9 pro v\u0161echny velikosti pejsk\u016f.","expiration_date":"31.12.2026","_links":{"self":[{"href":"https:\/\/www.dogsie.cz\/sk\/wp-json\/wp\/v2\/product\/143581","targetHints":{"allow":["GET"]}}],"collection":[{"href":"https:\/\/www.dogsie.cz\/sk\/wp-json\/wp\/v2\/product"}],"about":[{"href":"https:\/\/www.dogsie.cz\/sk\/wp-json\/wp\/v2\/types\/product"}],"wp:featuredmedia":[{"embeddable":true,"href":"https:\/\/www.dogsie.cz\/sk\/wp-json\/wp\/v2\/media\/145367"}],"wp:attachment":[{"href":"https:\/\/www.dogsie.cz\/sk\/wp-json\/wp\/v2\/media?parent=143581"}],"wp:term":[{"taxonomy":"product_brand","embeddable":true,"href":"https:\/\/www.dogsie.cz\/sk\/wp-json\/wp\/v2\/product_brand?post=143581"},{"taxonomy":"product_cat","embeddable":true,"href":"https:\/\/www.dogsie.cz\/sk\/wp-json\/wp\/v2\/product_cat?post=143581"},{"taxonomy":"product_tag","embeddable":true,"href":"https:\/\/www.dogsie.cz\/sk\/wp-json\/wp\/v2\/product_tag?post=143581"},{"taxonomy":"product-label","embeddable":true,"href":"https:\/\/www.dogsie.cz\/sk\/wp-json\/wp\/v2\/product-label?post=143581"}],"curies":[{"name":"wp","href":"https:\/\/api.w.org\/{rel}","templated":true}]}}