{"id":144177,"date":"2023-11-22T09:55:05","date_gmt":"2023-11-22T08:55:05","guid":{"rendered":"https:\/\/www.dogsie.cz\/?post_type=product&#038;p=144177"},"modified":"2026-04-27T05:37:13","modified_gmt":"2026-04-27T03:37:13","slug":"cerny-uhlik-prasek-powder-do-krmiva","status":"publish","type":"product","link":"https:\/\/www.dogsie.cz\/sk\/obchod\/cerny-uhlik-prasek-powder-do-krmiva\/","title":{"rendered":"\u010cern\u00fd uhl\u00edk &#8211; pr\u00e1\u0161ek\/powder do krmiva"},"content":{"rendered":"<p><strong>\u010cern\u00fd uhl\u00edk<\/strong> v&nbsp;pr\u00e1\u0161ku je rostlinn\u00e9 uhl\u00ed vyroben\u00e9 z&nbsp;d\u0159evn\u00ed biomasy. Jedn\u00e1 se o&nbsp;\u010dist\u011b p\u0159\u00edrodn\u00ed p\u0159\u00edpravek, kter\u00fd m\u016f\u017eete sv\u00e9mu mazl\u00ed\u010dkovi p\u0159idat do jeho obvykl\u00e9ho krmiva. Je ide\u00e1ln\u00ed pro psy i&nbsp;ko\u010dky, kte\u0159\u00ed trp\u00ed na tr\u00e1vic\u00ed a&nbsp;za\u017e\u00edvac\u00ed pot\u00ed\u017ee, i&nbsp;jako p\u0159\u00eddavek do j\u00eddla pro v\u0161echny psy a&nbsp;ko\u010dky.<\/p>\n<p><strong>Jak\u00e9 jsou v\u00fdhody \u010cern\u00e9ho uhl\u00edku v&nbsp;pr\u00e1\u0161ku?<\/strong><\/p>\n<ul>\n<li>v\u00e1\u017ee na sebe \u0161kodliviny a&nbsp;toxiny b\u011bhem tr\u00e1ven\u00ed<\/li>\n<li>zlep\u0161uje za\u017e\u00edv\u00e1n\u00ed, imunitn\u00ed syst\u00e9m i&nbsp;pohodu zv\u00ed\u0159at<\/li>\n<li>sni\u017euje z\u00e1pach a&nbsp;plynatost<\/li>\n<li>nevy\u017eaduje zm\u011bnu stravov\u00e1n\u00ed \u010di krmiva<\/li>\n<li>k dosa\u017een\u00ed \u00fa\u010dinku sta\u010d\u00ed n\u00edzk\u00e9 denn\u00ed d\u00e1vkov\u00e1n\u00ed<\/li>\n<li>d\u00edky jeho form\u011b je vhodn\u00e9 jej u\u017e\u00edvat i&nbsp;dlouhodob\u011b<\/li>\n<li>p\u0159i dlouhodob\u00e9m u\u017e\u00edv\u00e1n\u00ed zvy\u0161uje kvalitu srsti<\/li>\n<\/ul>\n<p><strong>Doporu\u010den\u00e9 d\u00e1vkov\u00e1n\u00ed:<\/strong><br \/>\nKo\u010dka \u010di pes do 20&nbsp;kg &#8211; 2 gramy pr\u00e1\u0161ku denn\u011b<br \/>\nPes od 20 do 40&nbsp;kg &#8211; 4 gramy pr\u00e1\u0161ku denn\u011b<br \/>\nPes nad 40&nbsp;kg &#8211; 8 gram\u016f pr\u00e1\u0161ku denn\u011b<\/p>\n<p>Pozor, p\u0159\u00edpravek m\u016f\u017ee p\u0159i manipulaci pr\u00e1\u0161it a&nbsp;\u0161pinit. D\u00e1 se v\u0161ak lehce om\u00fdt vodou. V&nbsp;p\u0159\u00edpad\u011b, \u017ee zv\u00ed\u0159eti pod\u00e1v\u00e1te l\u00e9ky, je vhodn\u00e9 u\u017e\u00edv\u00e1n\u00ed produktu pozastavit, aby nedo\u0161lo ke sn\u00ed\u017een\u00ed jejich \u00fa\u010dinnosti.<\/p>\n","protected":false},"excerpt":{"rendered":"<p><strong>\u010cern\u00fd uhl\u00edk<\/strong> v&nbsp;pr\u00e1\u0161ku je rostlinn\u00e9 uhl\u00ed vyroben\u00e9 z&nbsp;d\u0159evn\u00ed biomasy. Jedn\u00e1 se o&nbsp;\u010dist\u011b p\u0159\u00edrodn\u00ed p\u0159\u00edpravek, kter\u00fd m\u016f\u017eete sv\u00e9mu mazl\u00ed\u010dkovi p\u0159idat do jeho obvykl\u00e9ho krmiva.<\/p>\n","protected":false},"featured_media":145382,"template":"","meta":{"_uag_custom_page_level_css":""},"product_brand":[],"product_cat":[617],"product_tag":[672,673,675,677],"product-label":[247,263],"class_list":{"0":"post-144177","1":"product","2":"type-product","3":"status-publish","4":"has-post-thumbnail","6":"product_cat-krmivo-sk","7":"product_tag-pro-male-pejsky-sk","8":"product_tag-pro-mlsouny-sk","9":"product_tag-pro-stredni-pejsky-sk","10":"product_tag-pro-velke-pejsky-sk","11":"product_shipping_class-nsp-1m-sk","12":"product-label-novinka","13":"product-label-s-pridanou-hodnotou","15":"first","16":"instock","17":"taxable","18":"shipping-taxable","19":"purchasable","20":"product-type-simple"},"uagb_featured_image_src":{"full":["https:\/\/www.dogsie.cz\/wp-content\/uploads\/2023\/11\/1200x1200px-cerny-uhlik-powder.jpg",1200,1200,false],"thumbnail":["https:\/\/www.dogsie.cz\/wp-content\/uploads\/2023\/11\/1200x1200px-cerny-uhlik-powder-300x300.jpg",300,300,true],"medium":["https:\/\/www.dogsie.cz\/wp-content\/uploads\/2023\/11\/1200x1200px-cerny-uhlik-powder-600x600.jpg",600,600,true],"medium_large":["https:\/\/www.dogsie.cz\/wp-content\/uploads\/2023\/11\/1200x1200px-cerny-uhlik-powder-768x768.jpg",768,768,true],"large":["https:\/\/www.dogsie.cz\/wp-content\/uploads\/2023\/11\/1200x1200px-cerny-uhlik-powder.jpg",1200,1200,false],"1536x1536":["https:\/\/www.dogsie.cz\/wp-content\/uploads\/2023\/11\/1200x1200px-cerny-uhlik-powder.jpg",1200,1200,false],"2048x2048":["https:\/\/www.dogsie.cz\/wp-content\/uploads\/2023\/11\/1200x1200px-cerny-uhlik-powder.jpg",1200,1200,false],"blog-featured":["https:\/\/www.dogsie.cz\/wp-content\/uploads\/2023\/11\/1200x1200px-cerny-uhlik-powder-500x240.jpg",500,240,true],"blog-recommended":["https:\/\/www.dogsie.cz\/wp-content\/uploads\/2023\/11\/1200x1200px-cerny-uhlik-powder-300x140.jpg",300,140,true],"single-featured":["https:\/\/www.dogsie.cz\/wp-content\/uploads\/2023\/11\/1200x1200px-cerny-uhlik-powder-850x400.jpg",850,400,true],"review":["https:\/\/www.dogsie.cz\/wp-content\/uploads\/2023\/11\/1200x1200px-cerny-uhlik-powder-60x60.jpg",60,60,true],"product-card":["https:\/\/www.dogsie.cz\/wp-content\/uploads\/2023\/11\/1200x1200px-cerny-uhlik-powder-250x250.jpg",250,250,true],"woocommerce_thumbnail":["https:\/\/www.dogsie.cz\/wp-content\/uploads\/2023\/11\/1200x1200px-cerny-uhlik-powder-600x600.jpg",600,600,true],"woocommerce_single":["https:\/\/www.dogsie.cz\/wp-content\/uploads\/2023\/11\/1200x1200px-cerny-uhlik-powder-600x600.jpg",600,600,true],"woocommerce_gallery_thumbnail":["https:\/\/www.dogsie.cz\/wp-content\/uploads\/2023\/11\/1200x1200px-cerny-uhlik-powder-100x100.jpg",100,100,true],"140-140":["https:\/\/www.dogsie.cz\/wp-content\/uploads\/2023\/11\/1200x1200px-cerny-uhlik-powder-140x140.jpg",140,140,true]},"uagb_author_info":{"display_name":"Tom\u00e1\u0161 Pokorn\u00fd","author_link":"https:\/\/www.dogsie.cz\/sk\/author\/"},"uagb_comment_info":0,"uagb_excerpt":"\u010cern\u00fd uhl\u00edk v pr\u00e1\u0161ku je rostlinn\u00e9 uhl\u00ed vyroben\u00e9 z d\u0159evn\u00ed biomasy. Jedn\u00e1 se o \u010dist\u011b p\u0159\u00edrodn\u00ed p\u0159\u00edpravek, kter\u00fd m\u016f\u017eete sv\u00e9mu mazl\u00ed\u010dkovi p\u0159idat do jeho obvykl\u00e9ho krmiva.","expiration_date":"31.12.2027","_links":{"self":[{"href":"https:\/\/www.dogsie.cz\/sk\/wp-json\/wp\/v2\/product\/144177","targetHints":{"allow":["GET"]}}],"collection":[{"href":"https:\/\/www.dogsie.cz\/sk\/wp-json\/wp\/v2\/product"}],"about":[{"href":"https:\/\/www.dogsie.cz\/sk\/wp-json\/wp\/v2\/types\/product"}],"wp:featuredmedia":[{"embeddable":true,"href":"https:\/\/www.dogsie.cz\/sk\/wp-json\/wp\/v2\/media\/145382"}],"wp:attachment":[{"href":"https:\/\/www.dogsie.cz\/sk\/wp-json\/wp\/v2\/media?parent=144177"}],"wp:term":[{"taxonomy":"product_brand","embeddable":true,"href":"https:\/\/www.dogsie.cz\/sk\/wp-json\/wp\/v2\/product_brand?post=144177"},{"taxonomy":"product_cat","embeddable":true,"href":"https:\/\/www.dogsie.cz\/sk\/wp-json\/wp\/v2\/product_cat?post=144177"},{"taxonomy":"product_tag","embeddable":true,"href":"https:\/\/www.dogsie.cz\/sk\/wp-json\/wp\/v2\/product_tag?post=144177"},{"taxonomy":"product-label","embeddable":true,"href":"https:\/\/www.dogsie.cz\/sk\/wp-json\/wp\/v2\/product-label?post=144177"}],"curies":[{"name":"wp","href":"https:\/\/api.w.org\/{rel}","templated":true}]}}