{"id":144216,"date":"2023-11-24T13:58:06","date_gmt":"2023-11-24T12:58:06","guid":{"rendered":"https:\/\/www.dogsie.cz\/?post_type=product&#038;p=144216"},"modified":"2026-04-30T05:37:08","modified_gmt":"2026-04-30T03:37:08","slug":"cerny-uhlik-kombo-pamlsek-powder","status":"publish","type":"product","link":"https:\/\/www.dogsie.cz\/sk\/obchod\/cerny-uhlik-kombo-pamlsek-powder\/","title":{"rendered":"\u010cern\u00fd uhl\u00edk kombo: Vep\u0159ov\u00e9 puky + Powder"},"content":{"rendered":"<p><strong>\u010cern\u00e9ho uhl\u00edku nikdy nen\u00ed dost. P\u0159edstavujeme kombo pamlsek + pr\u00e1\u0161ek. <\/strong>Spojili jsme pro v\u00e1s dv\u011b na\u0161e novinky do v\u00fdhodn\u00e9ho komba se slevou 20&nbsp;%.<\/p>\n<p><a href=\"https:\/\/www.dogsie.cz\/sk\/obchod\/pamlsek-pro-psy-cerny-uhlik-veprove-puky-s-zivym-uhlikem\/\"><strong>Pamlsek \u010cern\u00fd uhl\u00edk <\/strong><\/a>je dobrota s&nbsp;\u017eiv\u00fdm uhl\u00edm, kter\u00e1 byla vyrobena ve spolupr\u00e1ci se start-upem \u017div\u00fd uhl\u00edk. \u017dIV\u00c9 UHL\u00cd je p\u0159\u00edrodn\u00ed p\u0159\u00edpravek z&nbsp;rostlinn\u00e9ho uhl\u00ed, podporuj\u00edc\u00ed zdrav\u00e9 tr\u00e1ven\u00ed. Pom\u00e1h\u00e1 udr\u017eovat rovnov\u00e1hu st\u0159evn\u00edho prost\u0159ed\u00ed a&nbsp;podporuje rozvoj st\u0159evn\u00ed mikrobioty.<\/p>\n<p><strong>Slo\u017een\u00ed: <\/strong>Vep\u0159ov\u00e1 mou\u010dka 55 %, brambory 25 %, hr\u00e1ch 10 %, rostlinn\u00fd uhl\u00edk 5 %, kolagen 5&nbsp;%<\/p>\n<p><a href=\"https:\/\/www.dogsie.cz\/sk\/obchod\/cerny-uhlik-prasek-powder-do-krmiva\/\"><strong>\u010cern\u00fd uhl\u00edk v&nbsp;pr\u00e1\u0161ku<\/strong><\/a> je rostlinn\u00e9 uhl\u00ed vyroben\u00e9 z&nbsp;d\u0159evn\u00ed biomasy. Jedn\u00e1 se o&nbsp;\u010dist\u011b p\u0159\u00edrodn\u00ed p\u0159\u00edpravek, kter\u00fd m\u016f\u017eete sv\u00e9mu mazl\u00ed\u010dkovi p\u0159idat do jeho obvykl\u00e9ho krmiva. Je ide\u00e1ln\u00ed pro psy i&nbsp;ko\u010dky, kte\u0159\u00ed trp\u00ed na tr\u00e1vic\u00ed a&nbsp;za\u017e\u00edvac\u00ed pot\u00ed\u017ee, i&nbsp;jako p\u0159\u00eddavek do j\u00eddla pro v\u0161echny psy a&nbsp;ko\u010dky.<\/p>\n<p><strong>Jak\u00e9 jsou v\u00fdhody \u010cern\u00e9ho uhl\u00edku v&nbsp;pr\u00e1\u0161ku?<\/strong><\/p>\n<ul>\n<li>v\u00e1\u017ee na sebe \u0161kodliviny a&nbsp;toxiny b\u011bhem tr\u00e1ven\u00ed<\/li>\n<li>zlep\u0161uje za\u017e\u00edv\u00e1n\u00ed, imunitn\u00ed syst\u00e9m i&nbsp;pohodu zv\u00ed\u0159at<\/li>\n<li>sni\u017euje z\u00e1pach a&nbsp;plynatost<\/li>\n<li>nevy\u017eaduje zm\u011bnu stravov\u00e1n\u00ed \u010di krmiva<\/li>\n<li>k dosa\u017een\u00ed \u00fa\u010dinku sta\u010d\u00ed n\u00edzk\u00e9 denn\u00ed d\u00e1vkov\u00e1n\u00ed<\/li>\n<li>d\u00edky jeho form\u011b je vhodn\u00e9 jej u\u017e\u00edvat i&nbsp;dlouhodob\u011b<\/li>\n<li>p\u0159i dlouhodob\u00e9m u\u017e\u00edv\u00e1n\u00ed zvy\u0161uje kvalitu srsti<\/li>\n<\/ul>\n<p><strong>Doporu\u010den\u00e9 d\u00e1vkov\u00e1n\u00ed:<\/strong><br \/>\nKo\u010dka \u010di pes do 20&nbsp;kg &#8211; 2 gramy pr\u00e1\u0161ku denn\u011b<br \/>\nPes od 20 do 40&nbsp;kg &#8211; 4 gramy pr\u00e1\u0161ku denn\u011b<br \/>\nPes nad 40&nbsp;kg &#8211; 8 gram\u016f pr\u00e1\u0161ku denn\u011b<\/p>\n","protected":false},"excerpt":{"rendered":"<p>V\u00fdhodn\u00e9 kombo pro psy: obl\u00edben\u00fd pamlsek \u010cern\u00fd uhl\u00edk (vep\u0159ov\u00e9 puky) a&nbsp;novinka \u010cern\u00fd uhl\u00edk v&nbsp;pr\u00e1\u0161ku. \u017div\u00e9 uhl\u00ed pom\u00e1h\u00e1 udr\u017eovat rovnov\u00e1hu st\u0159evn\u00edho prost\u0159ed\u00ed a&nbsp;podporuje rozvoj st\u0159evn\u00ed mikrobioty. Vyrobeno v&nbsp;\u010cesku.<\/p>\n","protected":false},"featured_media":145364,"template":"","meta":{"_uag_custom_page_level_css":""},"product_brand":[],"product_cat":[92],"product_tag":[517,672,673,674,675,677],"product-label":[257,526,633],"class_list":{"0":"post-144216","1":"product","2":"type-product","3":"status-publish","4":"has-post-thumbnail","6":"product_cat-dogsie-maskrty","7":"product_tag-showcase-sk","8":"product_tag-pro-male-pejsky-sk","9":"product_tag-pro-mlsouny-sk","10":"product_tag-pro-pejskare-sk","11":"product_tag-pro-stredni-pejsky-sk","12":"product_tag-pro-velke-pejsky-sk","13":"product-label-mekke","14":"product-label-tip-na-darek","15":"product-label-vyhodna-nabidka","17":"first","18":"instock","19":"sale","20":"taxable","21":"shipping-taxable","22":"purchasable","23":"product-type-simple"},"uagb_featured_image_src":{"full":["https:\/\/www.dogsie.cz\/wp-content\/uploads\/2023\/11\/1200x1200px-cerny-uhlik-kombo.jpg",1200,1200,false],"thumbnail":["https:\/\/www.dogsie.cz\/wp-content\/uploads\/2023\/11\/1200x1200px-cerny-uhlik-kombo-300x300.jpg",300,300,true],"medium":["https:\/\/www.dogsie.cz\/wp-content\/uploads\/2023\/11\/1200x1200px-cerny-uhlik-kombo-600x600.jpg",600,600,true],"medium_large":["https:\/\/www.dogsie.cz\/wp-content\/uploads\/2023\/11\/1200x1200px-cerny-uhlik-kombo-768x768.jpg",768,768,true],"large":["https:\/\/www.dogsie.cz\/wp-content\/uploads\/2023\/11\/1200x1200px-cerny-uhlik-kombo.jpg",1200,1200,false],"1536x1536":["https:\/\/www.dogsie.cz\/wp-content\/uploads\/2023\/11\/1200x1200px-cerny-uhlik-kombo.jpg",1200,1200,false],"2048x2048":["https:\/\/www.dogsie.cz\/wp-content\/uploads\/2023\/11\/1200x1200px-cerny-uhlik-kombo.jpg",1200,1200,false],"blog-featured":["https:\/\/www.dogsie.cz\/wp-content\/uploads\/2023\/11\/1200x1200px-cerny-uhlik-kombo-500x240.jpg",500,240,true],"blog-recommended":["https:\/\/www.dogsie.cz\/wp-content\/uploads\/2023\/11\/1200x1200px-cerny-uhlik-kombo-300x140.jpg",300,140,true],"single-featured":["https:\/\/www.dogsie.cz\/wp-content\/uploads\/2023\/11\/1200x1200px-cerny-uhlik-kombo-850x400.jpg",850,400,true],"review":["https:\/\/www.dogsie.cz\/wp-content\/uploads\/2023\/11\/1200x1200px-cerny-uhlik-kombo-60x60.jpg",60,60,true],"product-card":["https:\/\/www.dogsie.cz\/wp-content\/uploads\/2023\/11\/1200x1200px-cerny-uhlik-kombo-250x250.jpg",250,250,true],"woocommerce_thumbnail":["https:\/\/www.dogsie.cz\/wp-content\/uploads\/2023\/11\/1200x1200px-cerny-uhlik-kombo-600x600.jpg",600,600,true],"woocommerce_single":["https:\/\/www.dogsie.cz\/wp-content\/uploads\/2023\/11\/1200x1200px-cerny-uhlik-kombo-600x600.jpg",600,600,true],"woocommerce_gallery_thumbnail":["https:\/\/www.dogsie.cz\/wp-content\/uploads\/2023\/11\/1200x1200px-cerny-uhlik-kombo-100x100.jpg",100,100,true],"140-140":["https:\/\/www.dogsie.cz\/wp-content\/uploads\/2023\/11\/1200x1200px-cerny-uhlik-kombo-140x140.jpg",140,140,true]},"uagb_author_info":{"display_name":"Tereza Rou\u010dkov\u00e1","author_link":"https:\/\/www.dogsie.cz\/sk\/author\/"},"uagb_comment_info":0,"uagb_excerpt":"V\u00fdhodn\u00e9 kombo pro psy: obl\u00edben\u00fd pamlsek \u010cern\u00fd uhl\u00edk (vep\u0159ov\u00e9 puky) a novinka \u010cern\u00fd uhl\u00edk v pr\u00e1\u0161ku. \u017div\u00e9 uhl\u00ed pom\u00e1h\u00e1 udr\u017eovat rovnov\u00e1hu st\u0159evn\u00edho prost\u0159ed\u00ed a podporuje rozvoj st\u0159evn\u00ed mikrobioty. Vyrobeno v \u010cesku.","expiration_date":"","_links":{"self":[{"href":"https:\/\/www.dogsie.cz\/sk\/wp-json\/wp\/v2\/product\/144216","targetHints":{"allow":["GET"]}}],"collection":[{"href":"https:\/\/www.dogsie.cz\/sk\/wp-json\/wp\/v2\/product"}],"about":[{"href":"https:\/\/www.dogsie.cz\/sk\/wp-json\/wp\/v2\/types\/product"}],"wp:featuredmedia":[{"embeddable":true,"href":"https:\/\/www.dogsie.cz\/sk\/wp-json\/wp\/v2\/media\/145364"}],"wp:attachment":[{"href":"https:\/\/www.dogsie.cz\/sk\/wp-json\/wp\/v2\/media?parent=144216"}],"wp:term":[{"taxonomy":"product_brand","embeddable":true,"href":"https:\/\/www.dogsie.cz\/sk\/wp-json\/wp\/v2\/product_brand?post=144216"},{"taxonomy":"product_cat","embeddable":true,"href":"https:\/\/www.dogsie.cz\/sk\/wp-json\/wp\/v2\/product_cat?post=144216"},{"taxonomy":"product_tag","embeddable":true,"href":"https:\/\/www.dogsie.cz\/sk\/wp-json\/wp\/v2\/product_tag?post=144216"},{"taxonomy":"product-label","embeddable":true,"href":"https:\/\/www.dogsie.cz\/sk\/wp-json\/wp\/v2\/product-label?post=144216"}],"curies":[{"name":"wp","href":"https:\/\/api.w.org\/{rel}","templated":true}]}}