{"id":144892,"date":"2024-01-15T14:48:17","date_gmt":"2024-01-15T13:48:17","guid":{"rendered":"https:\/\/www.dogsie.cz\/?post_type=product&#038;p=144892"},"modified":"2026-05-01T05:37:10","modified_gmt":"2026-05-01T03:37:10","slug":"hracka-pro-psy-diky-tato-boticka-s-uzliky-na-hrani-pro-male-psy","status":"publish","type":"product","link":"https:\/\/www.dogsie.cz\/sk\/obchod\/hracka-pro-psy-diky-tato-boticka-s-uzliky-na-hrani-pro-male-psy\/","title":{"rendered":"Hra\u010dka pro psy &#8211; D\u00edky t\u00e1to! &#8211; boti\u010dka s&nbsp;uzl\u00edky na hran\u00ed pro mal\u00e9 psy"},"content":{"rendered":"<p><strong>Hra\u010dka pro psy &#8211; D\u00edky t\u00e1to! &#8211; boti\u010dka s&nbsp;uzl\u00edky na hran\u00ed pro mal\u00e9 psy<\/strong><\/p>\n<p>Kvalitn\u00ed hra\u010dka pro psy ve tvaru boty z&nbsp;v\u00e1no\u010dn\u00edho tematick\u00e9ho bal\u00ed\u010dku pln\u00e9ho filmov\u00fdch hl\u00e1\u0161ek. Vhodn\u00e9 pro mal\u00e9 psy.<\/p>\n<ul>\n<li>ply\u0161ov\u00e1 \/ tkanina<\/li>\n<li>s uzl\u00edky<\/li>\n<\/ul>\n","protected":false},"excerpt":{"rendered":"<p><strong>Hra\u010dka pro psy &#8211; D\u00edky t\u00e1to! &#8211; boti\u010dka s&nbsp;uzl\u00edky na hran\u00ed pro mal\u00e9 psy <\/strong>&#8211; Kvalitn\u00ed hra\u010dka pro psy ve tvaru boty z&nbsp;v\u00e1no\u010dn\u00edho tematick\u00e9ho bal\u00ed\u010dku pln\u00e9ho filmov\u00fdch hl\u00e1\u0161ek. Vhodn\u00e9 pro mal\u00e9 psy.<\/p>\n","protected":false},"featured_media":144895,"template":"","meta":{"_uag_custom_page_level_css":""},"product_brand":[],"product_cat":[93],"product_tag":[678],"product-label":[258],"class_list":{"0":"post-144892","1":"product","2":"type-product","3":"status-publish","4":"has-post-thumbnail","6":"product_cat-hracky-sk","7":"product_tag-pro-hracicky-sk","8":"product-label-plys","10":"first","11":"outofstock","12":"taxable","13":"shipping-taxable","14":"purchasable","15":"product-type-simple"},"uagb_featured_image_src":{"full":["https:\/\/www.dogsie.cz\/wp-content\/uploads\/2024\/01\/diky-tato-bota-plys-1200x1200px.jpeg",1200,1200,false],"thumbnail":["https:\/\/www.dogsie.cz\/wp-content\/uploads\/2024\/01\/diky-tato-bota-plys-1200x1200px-300x300.jpeg",300,300,true],"medium":["https:\/\/www.dogsie.cz\/wp-content\/uploads\/2024\/01\/diky-tato-bota-plys-1200x1200px-600x600.jpeg",600,600,true],"medium_large":["https:\/\/www.dogsie.cz\/wp-content\/uploads\/2024\/01\/diky-tato-bota-plys-1200x1200px-768x768.jpeg",768,768,true],"large":["https:\/\/www.dogsie.cz\/wp-content\/uploads\/2024\/01\/diky-tato-bota-plys-1200x1200px.jpeg",1200,1200,false],"1536x1536":["https:\/\/www.dogsie.cz\/wp-content\/uploads\/2024\/01\/diky-tato-bota-plys-1200x1200px.jpeg",1200,1200,false],"2048x2048":["https:\/\/www.dogsie.cz\/wp-content\/uploads\/2024\/01\/diky-tato-bota-plys-1200x1200px.jpeg",1200,1200,false],"blog-featured":["https:\/\/www.dogsie.cz\/wp-content\/uploads\/2024\/01\/diky-tato-bota-plys-1200x1200px-500x240.jpeg",500,240,true],"blog-recommended":["https:\/\/www.dogsie.cz\/wp-content\/uploads\/2024\/01\/diky-tato-bota-plys-1200x1200px-300x140.jpeg",300,140,true],"single-featured":["https:\/\/www.dogsie.cz\/wp-content\/uploads\/2024\/01\/diky-tato-bota-plys-1200x1200px-850x400.jpeg",850,400,true],"review":["https:\/\/www.dogsie.cz\/wp-content\/uploads\/2024\/01\/diky-tato-bota-plys-1200x1200px-60x60.jpeg",60,60,true],"product-card":["https:\/\/www.dogsie.cz\/wp-content\/uploads\/2024\/01\/diky-tato-bota-plys-1200x1200px-250x250.jpeg",250,250,true],"woocommerce_thumbnail":["https:\/\/www.dogsie.cz\/wp-content\/uploads\/2024\/01\/diky-tato-bota-plys-1200x1200px-600x600.jpeg",600,600,true],"woocommerce_single":["https:\/\/www.dogsie.cz\/wp-content\/uploads\/2024\/01\/diky-tato-bota-plys-1200x1200px-600x600.jpeg",600,600,true],"woocommerce_gallery_thumbnail":["https:\/\/www.dogsie.cz\/wp-content\/uploads\/2024\/01\/diky-tato-bota-plys-1200x1200px-100x100.jpeg",100,100,true],"140-140":["https:\/\/www.dogsie.cz\/wp-content\/uploads\/2024\/01\/diky-tato-bota-plys-1200x1200px-140x140.jpeg",140,140,true]},"uagb_author_info":{"display_name":"Tom\u00e1\u0161 Pokorn\u00fd","author_link":"https:\/\/www.dogsie.cz\/sk\/author\/"},"uagb_comment_info":0,"uagb_excerpt":"Hra\u010dka pro psy - D\u00edky t\u00e1to! - boti\u010dka s uzl\u00edky na hran\u00ed pro mal\u00e9 psy - Kvalitn\u00ed hra\u010dka pro psy ve tvaru boty z v\u00e1no\u010dn\u00edho tematick\u00e9ho bal\u00ed\u010dku pln\u00e9ho filmov\u00fdch hl\u00e1\u0161ek. Vhodn\u00e9 pro mal\u00e9 psy.","expiration_date":"","_links":{"self":[{"href":"https:\/\/www.dogsie.cz\/sk\/wp-json\/wp\/v2\/product\/144892","targetHints":{"allow":["GET"]}}],"collection":[{"href":"https:\/\/www.dogsie.cz\/sk\/wp-json\/wp\/v2\/product"}],"about":[{"href":"https:\/\/www.dogsie.cz\/sk\/wp-json\/wp\/v2\/types\/product"}],"wp:featuredmedia":[{"embeddable":true,"href":"https:\/\/www.dogsie.cz\/sk\/wp-json\/wp\/v2\/media\/144895"}],"wp:attachment":[{"href":"https:\/\/www.dogsie.cz\/sk\/wp-json\/wp\/v2\/media?parent=144892"}],"wp:term":[{"taxonomy":"product_brand","embeddable":true,"href":"https:\/\/www.dogsie.cz\/sk\/wp-json\/wp\/v2\/product_brand?post=144892"},{"taxonomy":"product_cat","embeddable":true,"href":"https:\/\/www.dogsie.cz\/sk\/wp-json\/wp\/v2\/product_cat?post=144892"},{"taxonomy":"product_tag","embeddable":true,"href":"https:\/\/www.dogsie.cz\/sk\/wp-json\/wp\/v2\/product_tag?post=144892"},{"taxonomy":"product-label","embeddable":true,"href":"https:\/\/www.dogsie.cz\/sk\/wp-json\/wp\/v2\/product-label?post=144892"}],"curies":[{"name":"wp","href":"https:\/\/api.w.org\/{rel}","templated":true}]}}