{"id":145870,"date":"2024-10-28T22:36:55","date_gmt":"2024-10-28T21:36:55","guid":{"rendered":"https:\/\/www.dogsie.cz\/?post_type=product&#038;p=145870"},"modified":"2026-04-20T05:39:01","modified_gmt":"2026-04-20T03:39:01","slug":"hracka-pro-psy-plysovy-zombik-plysova-hracka-pro-psy-kopirovat","status":"publish","type":"product","link":"https:\/\/www.dogsie.cz\/sk\/obchod\/hracka-pro-psy-plysovy-zombik-plysova-hracka-pro-psy-kopirovat\/","title":{"rendered":"Hra\u010dka pro psy &#8211; Ply\u0161ov\u00fd Zomb\u00edk &#8211; ply\u0161ov\u00e1 hra\u010dka pro psy"},"content":{"rendered":"<p><strong>Ply\u0161ov\u00fd Zomb\u00edk &#8211; ply\u0161ov\u00e1 hra\u010dka pro psy<\/strong><\/p>\n<p>Kvalitn\u00ed halloweensk\u00e1 hra\u010dka pro psy v&nbsp;podob\u011b zomb\u00edka. Vhodn\u00e1 pro v\u0161echny velikosti pejsk\u016f.<\/p>\n<ul>\n<li>ply\u0161ov\u00e1<\/li>\n<li>p\u00edskaj\u00edc\u00ed<\/li>\n<\/ul>\n<p>&nbsp;<\/p>\n<p>Vyrobeno v&nbsp;\u010c\u00edn\u011b<\/p>\n","protected":false},"excerpt":{"rendered":"<p><strong>Hra\u010dka pro psy &#8211; Ply\u0161ov\u00fd Zomb\u00edk &#8211; ply\u0161ov\u00e1 hra\u010dka pro psy <\/strong>&#8211; Kvalitn\u00ed halloweensk\u00e1 hra\u010dka pro psy v&nbsp;podob\u011b zomb\u00edka. Vhodn\u00e1 pro v\u0161echny velikosti pejsk\u016f.<\/p>\n","protected":false},"featured_media":145873,"template":"","meta":{"_uag_custom_page_level_css":""},"product_brand":[],"product_cat":[93],"product_tag":[672,675,677],"product-label":[],"class_list":{"0":"post-145870","1":"product","2":"type-product","3":"status-publish","4":"has-post-thumbnail","6":"product_cat-hracky-sk","7":"product_tag-pro-male-pejsky-sk","8":"product_tag-pro-stredni-pejsky-sk","9":"product_tag-pro-velke-pejsky-sk","11":"first","12":"instock","13":"taxable","14":"shipping-taxable","15":"purchasable","16":"product-type-simple"},"uagb_featured_image_src":{"full":["https:\/\/www.dogsie.cz\/wp-content\/uploads\/2024\/10\/plysovy-zombik.jpg",1200,1200,false],"thumbnail":["https:\/\/www.dogsie.cz\/wp-content\/uploads\/2024\/10\/plysovy-zombik-300x300.jpg",300,300,true],"medium":["https:\/\/www.dogsie.cz\/wp-content\/uploads\/2024\/10\/plysovy-zombik-600x600.jpg",600,600,true],"medium_large":["https:\/\/www.dogsie.cz\/wp-content\/uploads\/2024\/10\/plysovy-zombik-768x768.jpg",768,768,true],"large":["https:\/\/www.dogsie.cz\/wp-content\/uploads\/2024\/10\/plysovy-zombik.jpg",1200,1200,false],"1536x1536":["https:\/\/www.dogsie.cz\/wp-content\/uploads\/2024\/10\/plysovy-zombik.jpg",1200,1200,false],"2048x2048":["https:\/\/www.dogsie.cz\/wp-content\/uploads\/2024\/10\/plysovy-zombik.jpg",1200,1200,false],"blog-featured":["https:\/\/www.dogsie.cz\/wp-content\/uploads\/2024\/10\/plysovy-zombik-500x240.jpg",500,240,true],"blog-recommended":["https:\/\/www.dogsie.cz\/wp-content\/uploads\/2024\/10\/plysovy-zombik-300x140.jpg",300,140,true],"single-featured":["https:\/\/www.dogsie.cz\/wp-content\/uploads\/2024\/10\/plysovy-zombik-850x400.jpg",850,400,true],"review":["https:\/\/www.dogsie.cz\/wp-content\/uploads\/2024\/10\/plysovy-zombik-60x60.jpg",60,60,true],"product-card":["https:\/\/www.dogsie.cz\/wp-content\/uploads\/2024\/10\/plysovy-zombik-250x250.jpg",250,250,true],"woocommerce_thumbnail":["https:\/\/www.dogsie.cz\/wp-content\/uploads\/2024\/10\/plysovy-zombik-600x600.jpg",600,600,true],"woocommerce_single":["https:\/\/www.dogsie.cz\/wp-content\/uploads\/2024\/10\/plysovy-zombik-600x600.jpg",600,600,true],"woocommerce_gallery_thumbnail":["https:\/\/www.dogsie.cz\/wp-content\/uploads\/2024\/10\/plysovy-zombik-100x100.jpg",100,100,true],"140-140":["https:\/\/www.dogsie.cz\/wp-content\/uploads\/2024\/10\/plysovy-zombik-140x140.jpg",140,140,true]},"uagb_author_info":{"display_name":"Tom\u00e1\u0161 Pokorn\u00fd","author_link":"https:\/\/www.dogsie.cz\/sk\/author\/"},"uagb_comment_info":0,"uagb_excerpt":"Hra\u010dka pro psy - Ply\u0161ov\u00fd Zomb\u00edk - ply\u0161ov\u00e1 hra\u010dka pro psy - Kvalitn\u00ed halloweensk\u00e1 hra\u010dka pro psy v podob\u011b zomb\u00edka. Vhodn\u00e1 pro v\u0161echny velikosti pejsk\u016f.","expiration_date":"","_links":{"self":[{"href":"https:\/\/www.dogsie.cz\/sk\/wp-json\/wp\/v2\/product\/145870","targetHints":{"allow":["GET"]}}],"collection":[{"href":"https:\/\/www.dogsie.cz\/sk\/wp-json\/wp\/v2\/product"}],"about":[{"href":"https:\/\/www.dogsie.cz\/sk\/wp-json\/wp\/v2\/types\/product"}],"wp:featuredmedia":[{"embeddable":true,"href":"https:\/\/www.dogsie.cz\/sk\/wp-json\/wp\/v2\/media\/145873"}],"wp:attachment":[{"href":"https:\/\/www.dogsie.cz\/sk\/wp-json\/wp\/v2\/media?parent=145870"}],"wp:term":[{"taxonomy":"product_brand","embeddable":true,"href":"https:\/\/www.dogsie.cz\/sk\/wp-json\/wp\/v2\/product_brand?post=145870"},{"taxonomy":"product_cat","embeddable":true,"href":"https:\/\/www.dogsie.cz\/sk\/wp-json\/wp\/v2\/product_cat?post=145870"},{"taxonomy":"product_tag","embeddable":true,"href":"https:\/\/www.dogsie.cz\/sk\/wp-json\/wp\/v2\/product_tag?post=145870"},{"taxonomy":"product-label","embeddable":true,"href":"https:\/\/www.dogsie.cz\/sk\/wp-json\/wp\/v2\/product-label?post=145870"}],"curies":[{"name":"wp","href":"https:\/\/api.w.org\/{rel}","templated":true}]}}