{"id":147056,"date":"2025-09-05T12:45:16","date_gmt":"2025-09-05T10:45:16","guid":{"rendered":"https:\/\/www.dogsie.cz\/?post_type=product&#038;p=147056"},"modified":"2026-04-30T05:39:09","modified_gmt":"2026-04-30T03:39:09","slug":"himalajska-ctyrka-xl-darkovy-balicek-pro-psy","status":"publish","type":"product","link":"https:\/\/www.dogsie.cz\/sk\/obchod\/himalajska-ctyrka-xl-darkovy-balicek-pro-psy\/","title":{"rendered":"Himal\u00e1jsk\u00e1 \u010dty\u0159ka XL \u2013 d\u00e1rkov\u00fd bal\u00ed\u010dek pro psy"},"content":{"rendered":"<p><strong>Himal\u00e1jsk\u00e1 \u010dty\u0159ka velikost XL<\/strong><strong>\u00a0\u2013 d\u00e1rkov\u00fd bal\u00ed\u010dek pro psy<\/strong><\/p>\n<div class=\"p-rich_text_section\">Chcete sv\u00e9mu pejskovi dop\u0159\u00e1t to nejlep\u0161\u00ed? Himal\u00e1jsk\u00e1 \u010dty\u0159ka je v\u00fdb\u011brov\u00fd bal\u00ed\u010dek na\u0161ich nejobl\u00edben\u011bj\u0161\u00edch pamlsk\u016f, kter\u00e9 pejskovi p\u0159in\u00e1\u0161\u00ed po\u0159\u00e1dnou d\u00e1vku chroup\u00e1n\u00ed a&nbsp;skv\u011bl\u00fd z\u00e1\u017eitek. Najdete v&nbsp;n\u011bm:<\/div>\n<ul class=\"p-rich_text_list p-rich_text_list__bullet p-rich_text_list--nested\" data-stringify-type=\"unordered-list\" data-list-tree=\"true\" data-indent=\"0\" data-border=\"0\">\n<li data-stringify-indent=\"0\" data-stringify-border=\"0\"><a href=\"https:\/\/www.dogsie.cz\/sk\/obchod\/himalajska-tycka\/\"><b data-stringify-type=\"bold\">Himal\u00e1jskou ty\u010dku<\/b><\/a>\u00a0\u2013 100% p\u0159\u00edrodn\u00ed pamlsek vyroben\u00fd podle tradi\u010dn\u00ed himal\u00e1jsk\u00e9 receptury. Dlouho vydr\u017e\u00ed, pom\u00e1h\u00e1 s&nbsp;dent\u00e1ln\u00ed hygienou a&nbsp;je bohat\u00fd na b\u00edlkoviny a&nbsp;v\u00e1pn\u00edk.<\/li>\n<li data-stringify-indent=\"0\" data-stringify-border=\"0\"><a href=\"https:\/\/www.dogsie.cz\/sk\/obchod\/dentalni-pamlsek-pro-psy-himalajska-tycka-se-spirulinou\/\"><b data-stringify-type=\"bold\">Himal\u00e1jskou ty\u010dku se spirulinou<\/b><\/a>\u00a0\u2013 klasick\u00e1 himal\u00e1jsk\u00e1 ty\u010dka obohacen\u00e1 o&nbsp;spirulinu a&nbsp;dal\u0161\u00ed \u017eiviny. Spirulina podporuje imunitu, tlum\u00ed plynatost, potla\u010duje z\u00e1pach z&nbsp;tlamy a&nbsp;pom\u00e1h\u00e1 p\u0159i spr\u00e1vn\u00e9 funkci \u0161t\u00edtn\u00e9 \u017el\u00e1zy.<\/li>\n<li data-stringify-indent=\"0\" data-stringify-border=\"0\"><a href=\"https:\/\/www.dogsie.cz\/sk\/obchod\/pamlsek-pro-psy-domaci-psi-popcorn-himalajske-pukance-do-mikrovlnky\/\"><b data-stringify-type=\"bold\">Dogsie popcorn do mikrovlnky<\/b><\/a>\u00a0\u2013 p\u0159\u00edrodn\u00ed ps\u00ed popcorn, kter\u00fd si spole\u010dn\u011b p\u0159iprav\u00edte doma. Z\u00e1bava i&nbsp;m\u0148amka v&nbsp;jednom \u2013 vytvo\u0159\u00edte si mal\u00fd ritu\u00e1l, kter\u00fd pejsek miluje.<\/li>\n<li data-stringify-indent=\"0\" data-stringify-border=\"0\"><a href=\"https:\/\/www.dogsie.cz\/sk\/obchod\/pamlsek-pro-psy-dogsie-fair-dog-cheese-popcorn-pecene-kousky-himalajske-tycky\/\"><b data-stringify-type=\"bold\">Dogsie popcorn \u2013 vypukan\u00fd<\/b><\/a>\u00a0\u2013 ps\u00ed popcorn rovnou ke k\u0159oup\u00e1n\u00ed. Ide\u00e1ln\u00ed na cesty, v\u00fdlety nebo jako rychl\u00e1 odm\u011bna doma.<\/li>\n<\/ul>\n<div class=\"p-rich_text_section\"><b data-stringify-type=\"bold\">Pro\u010d s\u00e1hnout po Himal\u00e1jsk\u00e9 \u010dty\u0159ce?<\/b><br aria-hidden=\"true\" \/>\u2714\ufe0f Bal\u00ed\u010dek kombinuje dlouhotrvaj\u00edc\u00ed \u017ev\u00fdk\u00e1n\u00ed i&nbsp;rychl\u00e9 m\u0148amky.<br aria-hidden=\"true\" \/><span class=\"c-emoji c-emoji__medium c-emoji--inline\" data-qa=\"emoji\" data-sk=\"tooltip_parent\">\u2714\ufe0f<\/span>\u00a0V\u0161echny produkty jsou 100% p\u0159\u00edrodn\u00ed a&nbsp;bezpe\u010dn\u00e9.<br aria-hidden=\"true\" \/><span class=\"c-emoji c-emoji__medium c-emoji--inline\" data-qa=\"emoji\" data-sk=\"tooltip_parent\">\u2714\ufe0f<\/span>\u00a0Skv\u011bl\u00fd tip na d\u00e1rek \u2013 pro sv\u00e9ho pejska nebo ps\u00ed k\u00e1mo\u0161e.<br aria-hidden=\"true\" \/><span class=\"c-emoji c-emoji__medium c-emoji--inline\" data-qa=\"emoji\" data-sk=\"tooltip_parent\">\u2714\ufe0f<\/span>\u00a0V\u00fdhodn\u00e9 balen\u00ed \u2013 \u010dty\u0159i pamlsky v&nbsp;jednom boxu.<\/div>\n<div><\/div>\n<div class=\"p-rich_text_section\"><b data-stringify-type=\"bold\">Doporu\u010den\u00ed k&nbsp;pou\u017eit\u00ed<\/b><br aria-hidden=\"true\" \/>V\u0161echny pamlsky pod\u00e1vejte v\u017edy pod dohledem a&nbsp;psovi v\u017edy zajist\u011bte p\u0159\u00edstup k&nbsp;\u010derstv\u00e9 pitn\u00e9 vod\u011b.. Himal\u00e1jsk\u00e9 ty\u010dky nejsou vhodn\u00e9 pro \u0161t\u011b\u0148ata p\u0159ed p\u0159ezuben\u00edm ani psy s&nbsp;citliv\u00fdm \u010di nemocn\u00fdm chrupem. Rozl\u00e1man\u00e9 kousky zlikvidujte.<br aria-hidden=\"true\" \/>Popcorn do mikrovlnky p\u0159ipravujte podle n\u00e1vodu, po vypuk\u00e1n\u00ed nechte vychladnout. Nevypukan\u00e9 kousky m\u016f\u017eete znovu vypukat nebo bezpe\u010dn\u011b zlikvidovat.<br aria-hidden=\"true\" \/>Vyberte spr\u00e1vnou velikost boxu podle v\u00e1hy a&nbsp;s\u00edly \u017ev\u00fdk\u00e1n\u00ed va\u0161eho psa. Uchov\u00e1vejte na such\u00e9m a&nbsp;chladn\u00e9m m\u00edst\u011b do 20&nbsp;\u00b0C mimo dosah p\u0159\u00edm\u00e9ho slune\u010dn\u00edho z\u00e1\u0159en\u00ed.<\/div>\n","protected":false},"excerpt":{"rendered":"<p><strong data-start=\"105\" data-end=\"126\">Himal\u00e1jsk\u00e1 \u010dty\u0159ka<\/strong> je d\u00e1rkov\u00fd bal\u00ed\u010dek pln\u00fd radosti pro psy \u2013 obsahuje klasickou Himal\u00e1jskou ty\u010dku, variantu se spirulinou, ps\u00ed popcorn do mikrovlnky i&nbsp;u\u017e vypukan\u00fd popcorn. Kombinace dlouhotrvaj\u00edc\u00edho \u017ev\u00fdk\u00e1n\u00ed a&nbsp;k\u0159upav\u00fdch dobrot v&nbsp;jednom v\u00fdhodn\u00e9m boxu.<\/p>\n","protected":false},"featured_media":147128,"template":"","meta":{"_uag_custom_page_level_css":""},"product_brand":[],"product_cat":[92,242],"product_tag":[792,517,672,673,675,676,677],"product-label":[790,526,525],"class_list":{"0":"post-147056","1":"product","2":"type-product","3":"status-publish","4":"has-post-thumbnail","6":"product_cat-dogsie-maskrty","7":"product_cat-himalajska-tycka-sk","8":"product_tag-himalajska-ctyrka-sk","9":"product_tag-showcase-sk","10":"product_tag-pro-male-pejsky-sk","11":"product_tag-pro-mlsouny-sk","12":"product_tag-pro-stredni-pejsky-sk","13":"product_tag-pro-trhace-sk","14":"product_tag-pro-velke-pejsky-sk","15":"product-label-predprodej","16":"product-label-tip-na-darek","17":"product-label-vhodne-jako-vanocni-darek","19":"first","20":"instock","21":"taxable","22":"shipping-taxable","23":"purchasable","24":"product-type-simple"},"uagb_featured_image_src":{"full":["https:\/\/www.dogsie.cz\/wp-content\/uploads\/2025\/09\/himalajska-ctyrka-xl-front.jpg",1200,1200,false],"thumbnail":["https:\/\/www.dogsie.cz\/wp-content\/uploads\/2025\/09\/himalajska-ctyrka-xl-front-300x300.jpg",300,300,true],"medium":["https:\/\/www.dogsie.cz\/wp-content\/uploads\/2025\/09\/himalajska-ctyrka-xl-front-600x600.jpg",600,600,true],"medium_large":["https:\/\/www.dogsie.cz\/wp-content\/uploads\/2025\/09\/himalajska-ctyrka-xl-front-768x768.jpg",768,768,true],"large":["https:\/\/www.dogsie.cz\/wp-content\/uploads\/2025\/09\/himalajska-ctyrka-xl-front.jpg",1200,1200,false],"1536x1536":["https:\/\/www.dogsie.cz\/wp-content\/uploads\/2025\/09\/himalajska-ctyrka-xl-front.jpg",1200,1200,false],"2048x2048":["https:\/\/www.dogsie.cz\/wp-content\/uploads\/2025\/09\/himalajska-ctyrka-xl-front.jpg",1200,1200,false],"blog-featured":["https:\/\/www.dogsie.cz\/wp-content\/uploads\/2025\/09\/himalajska-ctyrka-xl-front-500x240.jpg",500,240,true],"blog-recommended":["https:\/\/www.dogsie.cz\/wp-content\/uploads\/2025\/09\/himalajska-ctyrka-xl-front-300x140.jpg",300,140,true],"single-featured":["https:\/\/www.dogsie.cz\/wp-content\/uploads\/2025\/09\/himalajska-ctyrka-xl-front-850x400.jpg",850,400,true],"review":["https:\/\/www.dogsie.cz\/wp-content\/uploads\/2025\/09\/himalajska-ctyrka-xl-front-60x60.jpg",60,60,true],"product-card":["https:\/\/www.dogsie.cz\/wp-content\/uploads\/2025\/09\/himalajska-ctyrka-xl-front-250x250.jpg",250,250,true],"woocommerce_thumbnail":["https:\/\/www.dogsie.cz\/wp-content\/uploads\/2025\/09\/himalajska-ctyrka-xl-front-600x600.jpg",600,600,true],"woocommerce_single":["https:\/\/www.dogsie.cz\/wp-content\/uploads\/2025\/09\/himalajska-ctyrka-xl-front-600x600.jpg",600,600,true],"woocommerce_gallery_thumbnail":["https:\/\/www.dogsie.cz\/wp-content\/uploads\/2025\/09\/himalajska-ctyrka-xl-front-100x100.jpg",100,100,true],"140-140":["https:\/\/www.dogsie.cz\/wp-content\/uploads\/2025\/09\/himalajska-ctyrka-xl-front-140x140.jpg",140,140,true]},"uagb_author_info":{"display_name":"Tom\u00e1\u0161 Pokorn\u00fd","author_link":"https:\/\/www.dogsie.cz\/sk\/author\/"},"uagb_comment_info":0,"uagb_excerpt":"Himal\u00e1jsk\u00e1 \u010dty\u0159ka je d\u00e1rkov\u00fd bal\u00ed\u010dek pln\u00fd radosti pro psy \u2013 obsahuje klasickou Himal\u00e1jskou ty\u010dku, variantu se spirulinou, ps\u00ed popcorn do mikrovlnky i u\u017e vypukan\u00fd popcorn. Kombinace dlouhotrvaj\u00edc\u00edho \u017ev\u00fdk\u00e1n\u00ed a k\u0159upav\u00fdch dobrot v jednom v\u00fdhodn\u00e9m boxu.","expiration_date":"","_links":{"self":[{"href":"https:\/\/www.dogsie.cz\/sk\/wp-json\/wp\/v2\/product\/147056","targetHints":{"allow":["GET"]}}],"collection":[{"href":"https:\/\/www.dogsie.cz\/sk\/wp-json\/wp\/v2\/product"}],"about":[{"href":"https:\/\/www.dogsie.cz\/sk\/wp-json\/wp\/v2\/types\/product"}],"wp:featuredmedia":[{"embeddable":true,"href":"https:\/\/www.dogsie.cz\/sk\/wp-json\/wp\/v2\/media\/147128"}],"wp:attachment":[{"href":"https:\/\/www.dogsie.cz\/sk\/wp-json\/wp\/v2\/media?parent=147056"}],"wp:term":[{"taxonomy":"product_brand","embeddable":true,"href":"https:\/\/www.dogsie.cz\/sk\/wp-json\/wp\/v2\/product_brand?post=147056"},{"taxonomy":"product_cat","embeddable":true,"href":"https:\/\/www.dogsie.cz\/sk\/wp-json\/wp\/v2\/product_cat?post=147056"},{"taxonomy":"product_tag","embeddable":true,"href":"https:\/\/www.dogsie.cz\/sk\/wp-json\/wp\/v2\/product_tag?post=147056"},{"taxonomy":"product-label","embeddable":true,"href":"https:\/\/www.dogsie.cz\/sk\/wp-json\/wp\/v2\/product-label?post=147056"}],"curies":[{"name":"wp","href":"https:\/\/api.w.org\/{rel}","templated":true}]}}