{"id":147062,"date":"2025-09-08T12:24:21","date_gmt":"2025-09-08T10:24:21","guid":{"rendered":"https:\/\/www.dogsie.cz\/?post_type=product&#038;p=147062"},"modified":"2026-04-27T05:39:15","modified_gmt":"2026-04-27T03:39:15","slug":"polaris-immunity-hovezi-granule-pro-mala-plemena-750-g","status":"publish","type":"product","link":"https:\/\/www.dogsie.cz\/sk\/obchod\/polaris-immunity-hovezi-granule-pro-mala-plemena-750-g\/","title":{"rendered":"Polaris Immunity+ Hov\u011bz\u00ed \u2013 granule pro mal\u00e1 plemena 750 g"},"content":{"rendered":"<p><strong>Polaris Immunity+ Hov\u011bz\u00ed \u2013 granule pro mal\u00e1 plemena 750 g <\/strong><\/p>\n<p>Pr\u00e9miov\u00e9 bezobiln\u00e9 granule s&nbsp;\u010derstv\u00fdm hov\u011bz\u00edm masem, vytvo\u0159en\u00e9 speci\u00e1ln\u011b pro mal\u00e1 a&nbsp;mini plemena. Receptura obsahuje 78&nbsp;% \u017eivo\u010di\u0161n\u00fdch protein\u016f a&nbsp;je obohacen\u00e1 o&nbsp;superpotraviny, jako je rakytn\u00edk, \u0161\u00edpek nebo bor\u016fvky, kter\u00e9 podporuj\u00ed imunitu a&nbsp;vitalitu va\u0161eho psa. Lososov\u00fd olej a&nbsp;inulin se postaraj\u00ed o&nbsp;zdravou srst, k\u016f\u017ei i&nbsp;tr\u00e1ven\u00ed. Granule neobsahuj\u00ed ku\u0159ec\u00ed protein, lepek ani um\u011bl\u00e1 barviva a&nbsp;jsou vhodn\u00e9 i&nbsp;pro citliv\u00e9 pejsky.<\/p>\n<p class=\"p1\"><strong>Slo\u017een\u00ed:<\/strong> \u010derstv\u00e9 hov\u011bz\u00ed 30%, dehydrovan\u00fd kr\u016ft\u00ed protein 25 %, hr\u00e1ch, sladk\u00e9 brambory 10%, bramborov\u00fd \u0161krob, \u017eivo\u010di\u0161n\u00fd tuk, su\u0161en\u00e9 \u0159epn\u00e9 \u0159\u00edzky 4%, hydrolyzovan\u00fd protein 3%, miner\u00e1ln\u00ed l\u00e1tky, lososov\u00fd olej 0,5%, psyllium 0,2%, inulin 0,2%, extrakt z&nbsp;yuccy schidigery 0,15%, extrakt z&nbsp;bun\u011b\u010dn\u00fdch st\u011bn kvasinek (zdroj mannanoligosacharid\u016f a&nbsp;betaglukan\u016f) 0,15%, \u0161\u00edpek 0,075%, bor\u016fvky 0,075%, maliny 0,075%, rakytn\u00edk 0,075%<\/p>\n<p class=\"p2\"><strong>Analytick\u00e9 slo\u017eky:<\/strong> Hrub\u00fd protein 27,0 %, Hrub\u00fd tuk 15,0 %, Hrub\u00fd popel 7,5 %, Hrub\u00e1 vl\u00e1knina 3,0 %, Omega 6 mastn\u00e9 kyseliny 2,60 %, Omega 3 mastn\u00e9 kyseliny 0,30&nbsp;%.<\/p>\n<p class=\"p1\"><strong>Dopl\u0148kov\u00e9 l\u00e1tky<\/strong>: Nutri\u010dn\u00ed dopl\u0148kov\u00e9 l\u00e1tky v&nbsp;1&nbsp;kg: Vitamin A&nbsp;15000&nbsp;m.j., Vitamin D3&nbsp;1500&nbsp;m.j., Vitamin E 500 mg, Vitamin C 140 mg, M\u011b\u010f (s\u00edran m\u011b\u010fnat\u00fd pentahydr\u00e1t) 10 mg, \u017delezo (s\u00edran \u017eeleznat\u00fd monohydr\u00e1t) 100 mg, J\u00f3d (jodi\u010dnan v\u00e1penat\u00fd bezvod\u00fd) 2,0 mg, Zinek (s\u00edran zine\u010dnat\u00fd monohydr\u00e1t) 110 mg, Mangan (oxid manganat\u00fd) 40 mg, Selen (seleni\u010ditan sodn\u00fd) 0,3 mg, Technologick\u00e9 dopl\u0148kov\u00e9 l\u00e1tky: S&nbsp;p\u0159\u00edrodn\u00edmi antioxidanty \u2013 tokoferoly.<\/p>\n<p class=\"p2\"><strong>Protein \u017eivo\u010di\u0161n\u00e9ho p\u016fvodu:<\/strong> 78%<\/p>\n<p class=\"p1\">Receptura <strong>bez obilovin, bez lepku a&nbsp;bez ku\u0159ec\u00edho proteinu.<\/strong><\/p>\n<p class=\"p1\">Receptura <strong>bez um\u011bl\u00fdch barviv a&nbsp;dochucovadel, GMO.<\/strong><\/p>\n<h2 data-start=\"3084\" data-end=\"3107\">O zna\u010dce Polaris<\/h2>\n<p data-start=\"3109\" data-end=\"3605\">Polaris je zna\u010dka pr\u00e9miov\u00e9ho krmiva pro psy, kter\u00e1 kombinuje vysok\u00fd pod\u00edl \u010derstv\u00e9ho masa s&nbsp;p\u0159\u00edrodn\u00edmi ingrediencemi a&nbsp;funk\u010dn\u00edmi superpotravinami. Receptury jsou navr\u017eeny tak, aby podporovaly imunitu, zdrav\u00e9 tr\u00e1ven\u00ed, siln\u00e9 kosti i&nbsp;lesklou srst. V\u0161echny produkty jsou <strong data-start=\"3375\" data-end=\"3427\">bez obilovin, lepku, s\u00f3ji a&nbsp;um\u011bl\u00fdch dochucovadel<\/strong> \u2013 vhodn\u00e9 i&nbsp;pro psy s&nbsp;citliv\u00fdm za\u017e\u00edv\u00e1n\u00edm. D\u00edky d\u016frazu na kvalitu a&nbsp;vyv\u00e1\u017eenou v\u00fd\u017eivu je Polaris ide\u00e1ln\u00ed volbou pro ka\u017edodenn\u00ed krmen\u00ed i&nbsp;dlouhodobou vitalitu va\u0161eho ps\u00edho par\u0165\u00e1ka.<\/p>\n","protected":false},"excerpt":{"rendered":"<p>Bezobiln\u00e9 granule s&nbsp;hov\u011bz\u00edm pro mal\u00e1 plemena. 78&nbsp;% \u017eivo\u010di\u0161n\u00fdch protein\u016f + superpotraviny pro imunitu a&nbsp;vitalitu.<\/p>\n","protected":false},"featured_media":147065,"template":"","meta":{"_uag_custom_page_level_css":""},"product_brand":[],"product_cat":[617],"product_tag":[],"product-label":[616,793],"class_list":{"0":"post-147062","1":"product","2":"type-product","3":"status-publish","4":"has-post-thumbnail","6":"product_cat-krmivo-sk","7":"product-label-bez-obilovin","8":"product-label-polaris","10":"first","11":"instock","12":"sale","13":"taxable","14":"shipping-taxable","15":"purchasable","16":"product-type-variable","17":"has-default-attributes"},"uagb_featured_image_src":{"full":["https:\/\/www.dogsie.cz\/wp-content\/uploads\/2025\/09\/010d3494c61824de9cdf7a1e7904d1e777e2fbd5.webp",900,900,false],"thumbnail":["https:\/\/www.dogsie.cz\/wp-content\/uploads\/2025\/09\/010d3494c61824de9cdf7a1e7904d1e777e2fbd5-300x300.webp",300,300,true],"medium":["https:\/\/www.dogsie.cz\/wp-content\/uploads\/2025\/09\/010d3494c61824de9cdf7a1e7904d1e777e2fbd5-600x600.webp",600,600,true],"medium_large":["https:\/\/www.dogsie.cz\/wp-content\/uploads\/2025\/09\/010d3494c61824de9cdf7a1e7904d1e777e2fbd5-768x768.webp",768,768,true],"large":["https:\/\/www.dogsie.cz\/wp-content\/uploads\/2025\/09\/010d3494c61824de9cdf7a1e7904d1e777e2fbd5.webp",900,900,false],"1536x1536":["https:\/\/www.dogsie.cz\/wp-content\/uploads\/2025\/09\/010d3494c61824de9cdf7a1e7904d1e777e2fbd5.webp",900,900,false],"2048x2048":["https:\/\/www.dogsie.cz\/wp-content\/uploads\/2025\/09\/010d3494c61824de9cdf7a1e7904d1e777e2fbd5.webp",900,900,false],"blog-featured":["https:\/\/www.dogsie.cz\/wp-content\/uploads\/2025\/09\/010d3494c61824de9cdf7a1e7904d1e777e2fbd5-500x240.webp",500,240,true],"blog-recommended":["https:\/\/www.dogsie.cz\/wp-content\/uploads\/2025\/09\/010d3494c61824de9cdf7a1e7904d1e777e2fbd5-300x140.webp",300,140,true],"single-featured":["https:\/\/www.dogsie.cz\/wp-content\/uploads\/2025\/09\/010d3494c61824de9cdf7a1e7904d1e777e2fbd5-850x400.webp",850,400,true],"review":["https:\/\/www.dogsie.cz\/wp-content\/uploads\/2025\/09\/010d3494c61824de9cdf7a1e7904d1e777e2fbd5-60x60.webp",60,60,true],"product-card":["https:\/\/www.dogsie.cz\/wp-content\/uploads\/2025\/09\/010d3494c61824de9cdf7a1e7904d1e777e2fbd5-250x250.webp",250,250,true],"woocommerce_thumbnail":["https:\/\/www.dogsie.cz\/wp-content\/uploads\/2025\/09\/010d3494c61824de9cdf7a1e7904d1e777e2fbd5-600x600.webp",600,600,true],"woocommerce_single":["https:\/\/www.dogsie.cz\/wp-content\/uploads\/2025\/09\/010d3494c61824de9cdf7a1e7904d1e777e2fbd5-600x600.webp",600,600,true],"woocommerce_gallery_thumbnail":["https:\/\/www.dogsie.cz\/wp-content\/uploads\/2025\/09\/010d3494c61824de9cdf7a1e7904d1e777e2fbd5-100x100.webp",100,100,true],"140-140":["https:\/\/www.dogsie.cz\/wp-content\/uploads\/2025\/09\/010d3494c61824de9cdf7a1e7904d1e777e2fbd5-140x140.webp",140,140,true]},"uagb_author_info":{"display_name":"Tereza Rou\u010dkov\u00e1","author_link":"https:\/\/www.dogsie.cz\/sk\/author\/"},"uagb_comment_info":0,"uagb_excerpt":"Bezobiln\u00e9 granule s hov\u011bz\u00edm pro mal\u00e1 plemena. 78 % \u017eivo\u010di\u0161n\u00fdch protein\u016f + superpotraviny pro imunitu a vitalitu.","expiration_date":"16.12.2026","_links":{"self":[{"href":"https:\/\/www.dogsie.cz\/sk\/wp-json\/wp\/v2\/product\/147062","targetHints":{"allow":["GET"]}}],"collection":[{"href":"https:\/\/www.dogsie.cz\/sk\/wp-json\/wp\/v2\/product"}],"about":[{"href":"https:\/\/www.dogsie.cz\/sk\/wp-json\/wp\/v2\/types\/product"}],"wp:featuredmedia":[{"embeddable":true,"href":"https:\/\/www.dogsie.cz\/sk\/wp-json\/wp\/v2\/media\/147065"}],"wp:attachment":[{"href":"https:\/\/www.dogsie.cz\/sk\/wp-json\/wp\/v2\/media?parent=147062"}],"wp:term":[{"taxonomy":"product_brand","embeddable":true,"href":"https:\/\/www.dogsie.cz\/sk\/wp-json\/wp\/v2\/product_brand?post=147062"},{"taxonomy":"product_cat","embeddable":true,"href":"https:\/\/www.dogsie.cz\/sk\/wp-json\/wp\/v2\/product_cat?post=147062"},{"taxonomy":"product_tag","embeddable":true,"href":"https:\/\/www.dogsie.cz\/sk\/wp-json\/wp\/v2\/product_tag?post=147062"},{"taxonomy":"product-label","embeddable":true,"href":"https:\/\/www.dogsie.cz\/sk\/wp-json\/wp\/v2\/product-label?post=147062"}],"curies":[{"name":"wp","href":"https:\/\/api.w.org\/{rel}","templated":true}]}}