{"id":147070,"date":"2025-09-08T12:36:45","date_gmt":"2025-09-08T10:36:45","guid":{"rendered":"https:\/\/www.dogsie.cz\/?post_type=product&#038;p=147070"},"modified":"2026-04-27T05:39:13","modified_gmt":"2026-04-27T03:39:13","slug":"polaris-immunity-losos-granule-pro-mala-plemena-750-g","status":"publish","type":"product","link":"https:\/\/www.dogsie.cz\/sk\/obchod\/polaris-immunity-losos-granule-pro-mala-plemena-750-g\/","title":{"rendered":"Polaris Immunity+ Losos \u2013 granule pro mal\u00e1 plemena 750 g"},"content":{"rendered":"<p><strong>Polaris Immunity+ Losos \u2013 granule pro mal\u00e1 plemena 750 g<\/strong><\/p>\n<p>Granule s&nbsp;\u010derstv\u00fdm lososem pro dosp\u011bl\u00e9 psy mal\u00fdch a&nbsp;mini plemen. Receptura obsahuje 80&nbsp;% \u017eivo\u010di\u0161n\u00fdch protein\u016f a&nbsp;je zdrojem omega 3 a&nbsp;6 mastn\u00fdch kyselin, kter\u00e9 prosp\u00edvaj\u00ed k\u016f\u017ei a&nbsp;srsti. D\u00edky p\u0159idan\u00fdm superpotravin\u00e1m \u2013 bor\u016fvk\u00e1m, \u0161\u00edpku \u010di rakytn\u00edku \u2013 podporuj\u00ed obranyschopnost a&nbsp;celkov\u00e9 zdrav\u00ed psa. Granule jsou kompletn\u011b bez obilovin, lepku i&nbsp;ku\u0159ec\u00edho proteinu a&nbsp;skv\u011ble sednou i&nbsp;citliv\u00fdm pejsk\u016fm.<\/p>\n<p class=\"p1\"><strong>Slo\u017een\u00ed<\/strong>: \u010derstv\u00fd losos 30 %, dehydrovan\u00fd kr\u016ft\u00ed protein 26 %, bramborov\u00fd \u0161krob, hr\u00e1ch, sladk\u00e9 brambory 7 %, \u017eivo\u010di\u0161n\u00fd tuk, su\u0161en\u00e9 \u0159epn\u00e9 \u0159\u00edzky 4%, hydrolyzovan\u00fd protein 3 %, miner\u00e1ln\u00ed l\u00e1tky, lososov\u00fd olej 0,5%, psyllium 0,2 %, inulin 0,2 %, extrakt z&nbsp;yuccy schidigery 0,15 %, extrakt z&nbsp;bun\u011b\u010dn\u00fdch st\u011bn kvasinek (zdroj mannanoligosacharid\u016f a&nbsp;betaglukan\u016f) 0,15 %, \u0161\u00edpek 0,075 %, bor\u016fvky 0,075 %, maliny 0,075 %, rakytn\u00edk 0,075&nbsp;%<\/p>\n<p class=\"p2\"><strong>Analytick\u00e9 slo\u017eky<\/strong>: hrub\u00fd protein 29,0 %, hrub\u00fd tuk 16,0 %, hrub\u00fd popel 7,5 %, hrub\u00e1 vl\u00e1knina 3,0 %, omega 6 mastn\u00e9 kyseliny 2,3 %, omega 3 mastn\u00e9 kyseliny 0,7&nbsp;%.<\/p>\n<p class=\"p1\"><strong>Dopl\u0148kov\u00e9 l\u00e1tky<\/strong>: Nutri\u010dn\u00ed dopl\u0148kov\u00e9 l\u00e1tky v&nbsp;1&nbsp;kg: Vitamin A&nbsp;15000&nbsp;m.j., Vitamin D3&nbsp;1500&nbsp;m.j., Vitamin E 500 mg, Vitamin C 140 mg, M\u011b\u010f (s\u00edran m\u011b\u010fnat\u00fd pentahydr\u00e1t) 10 mg, \u017delezo (s\u00edran \u017eeleznat\u00fd monohydr\u00e1t) 100 mg, J\u00f3d (jodi\u010dnan v\u00e1penat\u00fd bezvod\u00fd) 2,0 mg, Zinek (s\u00edran zine\u010dnat\u00fd monohydr\u00e1t) 110 mg, Mangan (oxid manganat\u00fd) 40 mg, Selen (seleni\u010ditan sodn\u00fd) 0,3 mg,<\/p>\n<p class=\"p1\"><strong>Technologick\u00e9 dopl\u0148kov\u00e9 l\u00e1tky<\/strong>: S&nbsp;p\u0159\u00edrodn\u00edmi antioxidanty \u2013 tokoferoly.<\/p>\n<p class=\"p2\"><strong>Protein \u017eivo\u010di\u0161n\u00e9ho p\u016fvodu:<\/strong> 80&nbsp;%<\/p>\n<p class=\"p1\">Receptura <strong>bez obilovin, bez lepku a&nbsp;bez ku\u0159ec\u00edho proteinu.<\/strong><\/p>\n<p class=\"p1\">Receptura <strong>bez um\u011bl\u00fdch barviv a&nbsp;dochucovadel, GMO.<\/strong><\/p>\n<h2 data-start=\"3084\" data-end=\"3107\">O zna\u010dce Polaris<\/h2>\n<p data-start=\"3109\" data-end=\"3605\">Polaris je zna\u010dka pr\u00e9miov\u00e9ho krmiva pro psy, kter\u00e1 kombinuje vysok\u00fd pod\u00edl \u010derstv\u00e9ho masa s&nbsp;p\u0159\u00edrodn\u00edmi ingrediencemi a&nbsp;funk\u010dn\u00edmi superpotravinami. Receptury jsou navr\u017eeny tak, aby podporovaly imunitu, zdrav\u00e9 tr\u00e1ven\u00ed, siln\u00e9 kosti i&nbsp;lesklou srst. V\u0161echny produkty jsou <strong data-start=\"3375\" data-end=\"3427\">bez obilovin, lepku, s\u00f3ji a&nbsp;um\u011bl\u00fdch dochucovadel<\/strong> \u2013 vhodn\u00e9 i&nbsp;pro psy s&nbsp;citliv\u00fdm za\u017e\u00edv\u00e1n\u00edm. D\u00edky d\u016frazu na kvalitu a&nbsp;vyv\u00e1\u017eenou v\u00fd\u017eivu je Polaris ide\u00e1ln\u00ed volbou pro ka\u017edodenn\u00ed krmen\u00ed i&nbsp;dlouhodobou vitalitu va\u0161eho ps\u00edho par\u0165\u00e1ka.<\/p>\n","protected":false},"excerpt":{"rendered":"<p>Bezobiln\u00e9 granule s&nbsp;lososem pro mal\u00e1 plemena. 80&nbsp;% \u017eivo\u010di\u0161n\u00fdch protein\u016f, omega 3 pro zdravou srst a&nbsp;silnou imunitu.<\/p>\n","protected":false},"featured_media":147073,"template":"","meta":{"_uag_custom_page_level_css":""},"product_brand":[],"product_cat":[617],"product_tag":[],"product-label":[616,793],"class_list":{"0":"post-147070","1":"product","2":"type-product","3":"status-publish","4":"has-post-thumbnail","6":"product_cat-krmivo-sk","7":"product-label-bez-obilovin","8":"product-label-polaris","10":"first","11":"instock","12":"sale","13":"taxable","14":"shipping-taxable","15":"purchasable","16":"product-type-variable","17":"has-default-attributes"},"uagb_featured_image_src":{"full":["https:\/\/www.dogsie.cz\/wp-content\/uploads\/2025\/09\/b5b4c27a281477aec7b17d41ec3cfa6106903ae1.webp",900,900,false],"thumbnail":["https:\/\/www.dogsie.cz\/wp-content\/uploads\/2025\/09\/b5b4c27a281477aec7b17d41ec3cfa6106903ae1-300x300.webp",300,300,true],"medium":["https:\/\/www.dogsie.cz\/wp-content\/uploads\/2025\/09\/b5b4c27a281477aec7b17d41ec3cfa6106903ae1-600x600.webp",600,600,true],"medium_large":["https:\/\/www.dogsie.cz\/wp-content\/uploads\/2025\/09\/b5b4c27a281477aec7b17d41ec3cfa6106903ae1-768x768.webp",768,768,true],"large":["https:\/\/www.dogsie.cz\/wp-content\/uploads\/2025\/09\/b5b4c27a281477aec7b17d41ec3cfa6106903ae1.webp",900,900,false],"1536x1536":["https:\/\/www.dogsie.cz\/wp-content\/uploads\/2025\/09\/b5b4c27a281477aec7b17d41ec3cfa6106903ae1.webp",900,900,false],"2048x2048":["https:\/\/www.dogsie.cz\/wp-content\/uploads\/2025\/09\/b5b4c27a281477aec7b17d41ec3cfa6106903ae1.webp",900,900,false],"blog-featured":["https:\/\/www.dogsie.cz\/wp-content\/uploads\/2025\/09\/b5b4c27a281477aec7b17d41ec3cfa6106903ae1-500x240.webp",500,240,true],"blog-recommended":["https:\/\/www.dogsie.cz\/wp-content\/uploads\/2025\/09\/b5b4c27a281477aec7b17d41ec3cfa6106903ae1-300x140.webp",300,140,true],"single-featured":["https:\/\/www.dogsie.cz\/wp-content\/uploads\/2025\/09\/b5b4c27a281477aec7b17d41ec3cfa6106903ae1-850x400.webp",850,400,true],"review":["https:\/\/www.dogsie.cz\/wp-content\/uploads\/2025\/09\/b5b4c27a281477aec7b17d41ec3cfa6106903ae1-60x60.webp",60,60,true],"product-card":["https:\/\/www.dogsie.cz\/wp-content\/uploads\/2025\/09\/b5b4c27a281477aec7b17d41ec3cfa6106903ae1-250x250.webp",250,250,true],"woocommerce_thumbnail":["https:\/\/www.dogsie.cz\/wp-content\/uploads\/2025\/09\/b5b4c27a281477aec7b17d41ec3cfa6106903ae1-600x600.webp",600,600,true],"woocommerce_single":["https:\/\/www.dogsie.cz\/wp-content\/uploads\/2025\/09\/b5b4c27a281477aec7b17d41ec3cfa6106903ae1-600x600.webp",600,600,true],"woocommerce_gallery_thumbnail":["https:\/\/www.dogsie.cz\/wp-content\/uploads\/2025\/09\/b5b4c27a281477aec7b17d41ec3cfa6106903ae1-100x100.webp",100,100,true],"140-140":["https:\/\/www.dogsie.cz\/wp-content\/uploads\/2025\/09\/b5b4c27a281477aec7b17d41ec3cfa6106903ae1-140x140.webp",140,140,true]},"uagb_author_info":{"display_name":"Tereza Rou\u010dkov\u00e1","author_link":"https:\/\/www.dogsie.cz\/sk\/author\/"},"uagb_comment_info":0,"uagb_excerpt":"Bezobiln\u00e9 granule s lososem pro mal\u00e1 plemena. 80 % \u017eivo\u010di\u0161n\u00fdch protein\u016f, omega 3 pro zdravou srst a silnou imunitu.","expiration_date":"18.12.2026","_links":{"self":[{"href":"https:\/\/www.dogsie.cz\/sk\/wp-json\/wp\/v2\/product\/147070","targetHints":{"allow":["GET"]}}],"collection":[{"href":"https:\/\/www.dogsie.cz\/sk\/wp-json\/wp\/v2\/product"}],"about":[{"href":"https:\/\/www.dogsie.cz\/sk\/wp-json\/wp\/v2\/types\/product"}],"wp:featuredmedia":[{"embeddable":true,"href":"https:\/\/www.dogsie.cz\/sk\/wp-json\/wp\/v2\/media\/147073"}],"wp:attachment":[{"href":"https:\/\/www.dogsie.cz\/sk\/wp-json\/wp\/v2\/media?parent=147070"}],"wp:term":[{"taxonomy":"product_brand","embeddable":true,"href":"https:\/\/www.dogsie.cz\/sk\/wp-json\/wp\/v2\/product_brand?post=147070"},{"taxonomy":"product_cat","embeddable":true,"href":"https:\/\/www.dogsie.cz\/sk\/wp-json\/wp\/v2\/product_cat?post=147070"},{"taxonomy":"product_tag","embeddable":true,"href":"https:\/\/www.dogsie.cz\/sk\/wp-json\/wp\/v2\/product_tag?post=147070"},{"taxonomy":"product-label","embeddable":true,"href":"https:\/\/www.dogsie.cz\/sk\/wp-json\/wp\/v2\/product-label?post=147070"}],"curies":[{"name":"wp","href":"https:\/\/api.w.org\/{rel}","templated":true}]}}