{"id":147080,"date":"2025-09-08T12:43:37","date_gmt":"2025-09-08T10:43:37","guid":{"rendered":"https:\/\/www.dogsie.cz\/?post_type=product&#038;p=147080"},"modified":"2026-04-27T05:39:09","modified_gmt":"2026-04-27T03:39:09","slug":"polaris-single-protein-pate-kureci-konzerva-pro-psy-400g","status":"publish","type":"product","link":"https:\/\/www.dogsie.cz\/sk\/obchod\/polaris-single-protein-pate-kureci-konzerva-pro-psy-400g\/","title":{"rendered":"Polaris Single Protein Pat\u00e9 Ku\u0159ec\u00ed \u2013 konzerva pro psy 400g"},"content":{"rendered":"<p><strong>Polaris Single Protein Pat\u00e9 Ku\u0159ec\u00ed \u2013 konzerva pro psy<\/strong><\/p>\n<p>\u0160\u0165avnat\u00e9 ku\u0159ec\u00ed pat\u00e9 s&nbsp;obsahem 98,7&nbsp;% masa, v\u00fdvaru a&nbsp;masov\u00fdch produkt\u016f. Pou\u017e\u00edv\u00e1 pouze jeden zdroj proteinu, co\u017e z&nbsp;n\u011bj d\u011bl\u00e1 ide\u00e1ln\u00ed volbu pro psy s&nbsp;citliv\u00fdm tr\u00e1ven\u00edm nebo potravinovou intoleranc\u00ed. D\u00edky ln\u011bn\u00e9mu oleji pe\u010duje o&nbsp;zdravou srst, celul\u00f3za podporuje tr\u00e1ven\u00ed a&nbsp;p\u0159idan\u00e9 vitaminy posiluj\u00ed imunitn\u00ed syst\u00e9m. Bez obilovin, lepku a&nbsp;s\u00f3ji.<\/p>\n<p class=\"p1\"><strong>Slo\u017een\u00ed<\/strong>: ku\u0159ec\u00ed 70 %, ku\u0159ec\u00ed v\u00fdvar 28,7 %, miner\u00e1ln\u00ed l\u00e1tky 0,7 %, celul\u00f3za 0,5 %, ln\u011bn\u00fd olej 0,1&nbsp;%<\/p>\n<h2 data-start=\"3084\" data-end=\"3107\">O zna\u010dce Polaris<\/h2>\n<p data-start=\"3109\" data-end=\"3605\">Polaris je zna\u010dka pr\u00e9miov\u00e9ho krmiva pro psy, kter\u00e1 kombinuje vysok\u00fd pod\u00edl \u010derstv\u00e9ho masa s&nbsp;p\u0159\u00edrodn\u00edmi ingrediencemi a&nbsp;funk\u010dn\u00edmi superpotravinami. Receptury jsou navr\u017eeny tak, aby podporovaly imunitu, zdrav\u00e9 tr\u00e1ven\u00ed, siln\u00e9 kosti i&nbsp;lesklou srst. V\u0161echny produkty jsou <strong data-start=\"3375\" data-end=\"3427\">bez obilovin, lepku, s\u00f3ji a&nbsp;um\u011bl\u00fdch dochucovadel<\/strong> \u2013 vhodn\u00e9 i&nbsp;pro psy s&nbsp;citliv\u00fdm za\u017e\u00edv\u00e1n\u00edm. D\u00edky d\u016frazu na kvalitu a&nbsp;vyv\u00e1\u017eenou v\u00fd\u017eivu je Polaris ide\u00e1ln\u00ed volbou pro ka\u017edodenn\u00ed krmen\u00ed i&nbsp;dlouhodobou vitalitu va\u0161eho ps\u00edho par\u0165\u00e1ka.<\/p>\n","protected":false},"excerpt":{"rendered":"<p>Polaris ku\u0159ec\u00ed pat\u00e9 se 98,7&nbsp;% masa a&nbsp;v\u00fdvaru. Single protein, bez obilovin a&nbsp;s\u00f3ji \u2013 ide\u00e1ln\u00ed i&nbsp;pro citliv\u00e9 psy.<\/p>\n","protected":false},"featured_media":147086,"template":"","meta":{"_uag_custom_page_level_css":""},"product_brand":[],"product_cat":[617],"product_tag":[],"product-label":[],"class_list":{"0":"post-147080","1":"product","2":"type-product","3":"status-publish","4":"has-post-thumbnail","6":"product_cat-krmivo-sk","8":"first","9":"instock","10":"sale","11":"taxable","12":"shipping-taxable","13":"purchasable","14":"product-type-variable","15":"has-default-attributes"},"uagb_featured_image_src":{"full":["https:\/\/www.dogsie.cz\/wp-content\/uploads\/2025\/09\/279008542aa3035b7edea7a9d21073da201c717b.webp",1000,1000,false],"thumbnail":["https:\/\/www.dogsie.cz\/wp-content\/uploads\/2025\/09\/279008542aa3035b7edea7a9d21073da201c717b-300x300.webp",300,300,true],"medium":["https:\/\/www.dogsie.cz\/wp-content\/uploads\/2025\/09\/279008542aa3035b7edea7a9d21073da201c717b-600x600.webp",600,600,true],"medium_large":["https:\/\/www.dogsie.cz\/wp-content\/uploads\/2025\/09\/279008542aa3035b7edea7a9d21073da201c717b-768x768.webp",768,768,true],"large":["https:\/\/www.dogsie.cz\/wp-content\/uploads\/2025\/09\/279008542aa3035b7edea7a9d21073da201c717b.webp",1000,1000,false],"1536x1536":["https:\/\/www.dogsie.cz\/wp-content\/uploads\/2025\/09\/279008542aa3035b7edea7a9d21073da201c717b.webp",1000,1000,false],"2048x2048":["https:\/\/www.dogsie.cz\/wp-content\/uploads\/2025\/09\/279008542aa3035b7edea7a9d21073da201c717b.webp",1000,1000,false],"blog-featured":["https:\/\/www.dogsie.cz\/wp-content\/uploads\/2025\/09\/279008542aa3035b7edea7a9d21073da201c717b-500x240.webp",500,240,true],"blog-recommended":["https:\/\/www.dogsie.cz\/wp-content\/uploads\/2025\/09\/279008542aa3035b7edea7a9d21073da201c717b-300x140.webp",300,140,true],"single-featured":["https:\/\/www.dogsie.cz\/wp-content\/uploads\/2025\/09\/279008542aa3035b7edea7a9d21073da201c717b-850x400.webp",850,400,true],"review":["https:\/\/www.dogsie.cz\/wp-content\/uploads\/2025\/09\/279008542aa3035b7edea7a9d21073da201c717b-60x60.webp",60,60,true],"product-card":["https:\/\/www.dogsie.cz\/wp-content\/uploads\/2025\/09\/279008542aa3035b7edea7a9d21073da201c717b-250x250.webp",250,250,true],"woocommerce_thumbnail":["https:\/\/www.dogsie.cz\/wp-content\/uploads\/2025\/09\/279008542aa3035b7edea7a9d21073da201c717b-600x600.webp",600,600,true],"woocommerce_single":["https:\/\/www.dogsie.cz\/wp-content\/uploads\/2025\/09\/279008542aa3035b7edea7a9d21073da201c717b-600x600.webp",600,600,true],"woocommerce_gallery_thumbnail":["https:\/\/www.dogsie.cz\/wp-content\/uploads\/2025\/09\/279008542aa3035b7edea7a9d21073da201c717b-100x100.webp",100,100,true],"140-140":["https:\/\/www.dogsie.cz\/wp-content\/uploads\/2025\/09\/279008542aa3035b7edea7a9d21073da201c717b-140x140.webp",140,140,true]},"uagb_author_info":{"display_name":"Tereza Rou\u010dkov\u00e1","author_link":"https:\/\/www.dogsie.cz\/sk\/author\/"},"uagb_comment_info":0,"uagb_excerpt":"Polaris ku\u0159ec\u00ed pat\u00e9 se 98,7 % masa a v\u00fdvaru. Single protein, bez obilovin a s\u00f3ji \u2013 ide\u00e1ln\u00ed i pro citliv\u00e9 psy.","expiration_date":"26.04.2027","_links":{"self":[{"href":"https:\/\/www.dogsie.cz\/sk\/wp-json\/wp\/v2\/product\/147080","targetHints":{"allow":["GET"]}}],"collection":[{"href":"https:\/\/www.dogsie.cz\/sk\/wp-json\/wp\/v2\/product"}],"about":[{"href":"https:\/\/www.dogsie.cz\/sk\/wp-json\/wp\/v2\/types\/product"}],"wp:featuredmedia":[{"embeddable":true,"href":"https:\/\/www.dogsie.cz\/sk\/wp-json\/wp\/v2\/media\/147086"}],"wp:attachment":[{"href":"https:\/\/www.dogsie.cz\/sk\/wp-json\/wp\/v2\/media?parent=147080"}],"wp:term":[{"taxonomy":"product_brand","embeddable":true,"href":"https:\/\/www.dogsie.cz\/sk\/wp-json\/wp\/v2\/product_brand?post=147080"},{"taxonomy":"product_cat","embeddable":true,"href":"https:\/\/www.dogsie.cz\/sk\/wp-json\/wp\/v2\/product_cat?post=147080"},{"taxonomy":"product_tag","embeddable":true,"href":"https:\/\/www.dogsie.cz\/sk\/wp-json\/wp\/v2\/product_tag?post=147080"},{"taxonomy":"product-label","embeddable":true,"href":"https:\/\/www.dogsie.cz\/sk\/wp-json\/wp\/v2\/product-label?post=147080"}],"curies":[{"name":"wp","href":"https:\/\/api.w.org\/{rel}","templated":true}]}}