{"id":147260,"date":"2025-11-18T22:21:09","date_gmt":"2025-11-18T21:21:09","guid":{"rendered":"https:\/\/www.dogsie.cz\/?post_type=product&#038;p=147260"},"modified":"2026-04-05T05:39:42","modified_gmt":"2026-04-05T03:39:42","slug":"pamlsek-pro-psy-serrano-sticks-kachni-tycinky-16-ks","status":"publish","type":"product","link":"https:\/\/www.dogsie.cz\/sk\/obchod\/pamlsek-pro-psy-serrano-sticks-kachni-tycinky-16-ks\/","title":{"rendered":"Pamlsek pro psy &#8211; Serrano Sticks &#8211; kachn\u00ed ty\u010dinky 16 ks"},"content":{"rendered":"<p><strong>Pamlsek pro psy &#8211; Serrano Sticks &#8211; kachn\u00ed ty\u010dinky<\/strong><\/p>\n<p>Serrano Sticks jsou polom\u011bkk\u00e9 ty\u010dinky s&nbsp;vysok\u00fdm obsahem \u010derstv\u00e9ho masa. Ty\u010dinky jsou p\u0159\u00edrodn\u00ed, bezlepkov\u00e9 a&nbsp;balen\u00e9 zvl\u00e1\u0161\u0165, aby se uchovalo aroma i&nbsp;m\u011bkkost ka\u017ed\u00e9 z&nbsp;nich. Lze nal\u00e1mat na men\u0161\u00ed kousky a&nbsp;pou\u017e\u00edt na tr\u00e9nink.<\/p>\n<p><strong>Slo\u017een\u00ed: <\/strong>maso 72&nbsp;% (min. 25&nbsp;% kachn\u00ed maso), r\u00fd\u017ee, rostlinn\u00fd glycerin<\/p>\n<p>Balen\u00ed: 16 ks<\/p>\n","protected":false},"excerpt":{"rendered":"<p><strong>Pamlsek pro psy &#8211; Serrano Sticks &#8211; kachn\u00ed ty\u010dinky 16 ks &#8211; <\/strong>Serrano Sticks jsou polom\u011bkk\u00e9 ty\u010dinky s&nbsp;vysok\u00fdm obsahem \u010derstv\u00e9ho masa. Vhodn\u00e9 pro mal\u00e9 a&nbsp;st\u0159edn\u00ed pejsky.<\/p>\n","protected":false},"featured_media":147263,"template":"","meta":{"_uag_custom_page_level_css":""},"product_brand":[],"product_cat":[92,252],"product_tag":[672,673,675,677],"product-label":[616,257],"class_list":{"0":"post-147260","1":"product","2":"type-product","3":"status-publish","4":"has-post-thumbnail","6":"product_cat-dogsie-maskrty","7":"product_cat-treningove-maskrty","8":"product_tag-pro-male-pejsky-sk","9":"product_tag-pro-mlsouny-sk","10":"product_tag-pro-stredni-pejsky-sk","11":"product_tag-pro-velke-pejsky-sk","12":"product-label-bez-obilovin","13":"product-label-mekke","15":"first","16":"instock","17":"taxable","18":"shipping-taxable","19":"purchasable","20":"product-type-simple"},"uagb_featured_image_src":{"full":["https:\/\/www.dogsie.cz\/wp-content\/uploads\/2025\/11\/serrano-sticks-kachni-detail.jpeg",1200,1200,false],"thumbnail":["https:\/\/www.dogsie.cz\/wp-content\/uploads\/2025\/11\/serrano-sticks-kachni-detail-300x300.jpeg",300,300,true],"medium":["https:\/\/www.dogsie.cz\/wp-content\/uploads\/2025\/11\/serrano-sticks-kachni-detail-600x600.jpeg",600,600,true],"medium_large":["https:\/\/www.dogsie.cz\/wp-content\/uploads\/2025\/11\/serrano-sticks-kachni-detail-768x768.jpeg",768,768,true],"large":["https:\/\/www.dogsie.cz\/wp-content\/uploads\/2025\/11\/serrano-sticks-kachni-detail.jpeg",1200,1200,false],"1536x1536":["https:\/\/www.dogsie.cz\/wp-content\/uploads\/2025\/11\/serrano-sticks-kachni-detail.jpeg",1200,1200,false],"2048x2048":["https:\/\/www.dogsie.cz\/wp-content\/uploads\/2025\/11\/serrano-sticks-kachni-detail.jpeg",1200,1200,false],"blog-featured":["https:\/\/www.dogsie.cz\/wp-content\/uploads\/2025\/11\/serrano-sticks-kachni-detail-500x240.jpeg",500,240,true],"blog-recommended":["https:\/\/www.dogsie.cz\/wp-content\/uploads\/2025\/11\/serrano-sticks-kachni-detail-300x140.jpeg",300,140,true],"single-featured":["https:\/\/www.dogsie.cz\/wp-content\/uploads\/2025\/11\/serrano-sticks-kachni-detail-850x400.jpeg",850,400,true],"review":["https:\/\/www.dogsie.cz\/wp-content\/uploads\/2025\/11\/serrano-sticks-kachni-detail-60x60.jpeg",60,60,true],"product-card":["https:\/\/www.dogsie.cz\/wp-content\/uploads\/2025\/11\/serrano-sticks-kachni-detail-250x250.jpeg",250,250,true],"woocommerce_thumbnail":["https:\/\/www.dogsie.cz\/wp-content\/uploads\/2025\/11\/serrano-sticks-kachni-detail-600x600.jpeg",600,600,true],"woocommerce_single":["https:\/\/www.dogsie.cz\/wp-content\/uploads\/2025\/11\/serrano-sticks-kachni-detail-600x600.jpeg",600,600,true],"woocommerce_gallery_thumbnail":["https:\/\/www.dogsie.cz\/wp-content\/uploads\/2025\/11\/serrano-sticks-kachni-detail-100x100.jpeg",100,100,true],"140-140":["https:\/\/www.dogsie.cz\/wp-content\/uploads\/2025\/11\/serrano-sticks-kachni-detail-140x140.jpeg",140,140,true]},"uagb_author_info":{"display_name":"Tom\u00e1\u0161 Pokorn\u00fd","author_link":"https:\/\/www.dogsie.cz\/sk\/author\/"},"uagb_comment_info":0,"uagb_excerpt":"Pamlsek pro psy - Serrano Sticks - kachn\u00ed ty\u010dinky 16 ks - Serrano Sticks jsou polom\u011bkk\u00e9 ty\u010dinky s vysok\u00fdm obsahem \u010derstv\u00e9ho masa. Vhodn\u00e9 pro mal\u00e9 a st\u0159edn\u00ed pejsky.","expiration_date":"30.11.2026","_links":{"self":[{"href":"https:\/\/www.dogsie.cz\/sk\/wp-json\/wp\/v2\/product\/147260","targetHints":{"allow":["GET"]}}],"collection":[{"href":"https:\/\/www.dogsie.cz\/sk\/wp-json\/wp\/v2\/product"}],"about":[{"href":"https:\/\/www.dogsie.cz\/sk\/wp-json\/wp\/v2\/types\/product"}],"wp:featuredmedia":[{"embeddable":true,"href":"https:\/\/www.dogsie.cz\/sk\/wp-json\/wp\/v2\/media\/147263"}],"wp:attachment":[{"href":"https:\/\/www.dogsie.cz\/sk\/wp-json\/wp\/v2\/media?parent=147260"}],"wp:term":[{"taxonomy":"product_brand","embeddable":true,"href":"https:\/\/www.dogsie.cz\/sk\/wp-json\/wp\/v2\/product_brand?post=147260"},{"taxonomy":"product_cat","embeddable":true,"href":"https:\/\/www.dogsie.cz\/sk\/wp-json\/wp\/v2\/product_cat?post=147260"},{"taxonomy":"product_tag","embeddable":true,"href":"https:\/\/www.dogsie.cz\/sk\/wp-json\/wp\/v2\/product_tag?post=147260"},{"taxonomy":"product-label","embeddable":true,"href":"https:\/\/www.dogsie.cz\/sk\/wp-json\/wp\/v2\/product-label?post=147260"}],"curies":[{"name":"wp","href":"https:\/\/api.w.org\/{rel}","templated":true}]}}