{"id":23963,"date":"2018-07-12T18:13:42","date_gmt":"2018-07-12T16:13:42","guid":{"rendered":"https:\/\/www.dogsie.cz\/obchod\/dogsie-na-skusku-pre-stredneho-nezbednika\/"},"modified":"2025-01-18T20:45:48","modified_gmt":"2025-01-18T19:45:48","slug":"jednorazove-dogsie-pro-stredniho-rostaka","status":"publish","type":"product","link":"https:\/\/www.dogsie.cz\/sk\/obchod\/jednorazove-dogsie-pro-stredniho-rostaka\/","title":{"rendered":"Dogsie bal\u00ed\u010dek pro st\u0159edn\u00edho ro\u0161\u0165\u00e1ka"},"content":{"rendered":"<p><strong>Dogsie pro st\u0159edn\u00edho ro\u0161\u0165\u00e1ka<\/strong><\/p>\n<p>Tematicky lad\u011bn\u00fd bal\u00ed\u010dek Dogsie pro st\u0159edn\u00edho ro\u0161\u0165\u00e1ka je mystery box pln\u00fd ps\u00ed radosti p\u0159ipraven\u00fd na m\u00edru pejsk\u016fm od 10 do 20&nbsp;kg. Obsahuje pamlsky a&nbsp;hra\u010dku pro st\u0159edn\u00edho pejska. V\u0161e zabalen\u00e9 s&nbsp;l\u00e1skou v&nbsp;origin\u00e1ln\u00ed kartonov\u00e9 krabici s&nbsp;logem Dogsie.<\/p>\n<ul>\n<li>Kvalitn\u00ed a&nbsp;origin\u00e1ln\u00ed pamlsky<\/li>\n<li>Baleno ekologicky a&nbsp;udr\u017eiteln\u011b<\/li>\n<li>Z ka\u017ed\u00e9ho bal\u00ed\u010dku p\u0159isp\u00edv\u00e1me 20&nbsp;% ze zisku na pejsky v&nbsp;nouzi<\/li>\n<\/ul>\n","protected":false},"excerpt":{"rendered":"<p>Tematicky lad\u011bn\u00fd bal\u00ed\u010dek Dogsie pro st\u0159edn\u00edho ro\u0161\u0165\u00e1ka je mystery box pln\u00fd ps\u00ed radosti p\u0159ipraven\u00fd na m\u00edru pejsk\u016fm od 10 do 20&nbsp;kg. Obsahuje pamlsky a&nbsp;hra\u010dku pro st\u0159edn\u00edho pejska. V\u0161e zabalen\u00e9 s&nbsp;l\u00e1skou v&nbsp;origin\u00e1ln\u00ed kartonov\u00e9 krabici s&nbsp;logem Dogsie.<\/p>\n","protected":false},"featured_media":106468,"template":"","meta":{"_uag_custom_page_level_css":""},"product_brand":[],"product_cat":[69,70],"product_tag":[],"product-label":[],"class_list":{"0":"post-23963","1":"product","2":"type-product","3":"status-publish","4":"has-post-thumbnail","6":"product_cat-dogsie-balicky-sk","7":"product_cat-jednorazovy-balicek-sk","8":"product_shipping_class-nsp-1m-sk","10":"first","11":"instock","12":"taxable","13":"shipping-taxable","14":"purchasable","15":"product-type-simple"},"uagb_featured_image_src":{"full":["https:\/\/www.dogsie.cz\/wp-content\/uploads\/2020\/10\/stredni-rostak.png",1000,1000,false],"thumbnail":["https:\/\/www.dogsie.cz\/wp-content\/uploads\/2020\/10\/stredni-rostak-150x150.png",150,150,true],"medium":["https:\/\/www.dogsie.cz\/wp-content\/uploads\/2020\/10\/stredni-rostak-300x300.png",300,300,true],"medium_large":["https:\/\/www.dogsie.cz\/wp-content\/uploads\/2020\/10\/stredni-rostak-768x768.png",768,768,true],"large":["https:\/\/www.dogsie.cz\/wp-content\/uploads\/2020\/10\/stredni-rostak.png",1000,1000,false],"1536x1536":["https:\/\/www.dogsie.cz\/wp-content\/uploads\/2020\/10\/stredni-rostak.png",1000,1000,false],"2048x2048":["https:\/\/www.dogsie.cz\/wp-content\/uploads\/2020\/10\/stredni-rostak.png",1000,1000,false],"blog-featured":["https:\/\/www.dogsie.cz\/wp-content\/uploads\/2020\/10\/stredni-rostak-500x240.png",500,240,true],"blog-recommended":["https:\/\/www.dogsie.cz\/wp-content\/uploads\/2020\/10\/stredni-rostak-300x140.png",300,140,true],"single-featured":["https:\/\/www.dogsie.cz\/wp-content\/uploads\/2020\/10\/stredni-rostak-850x400.png",850,400,true],"review":["https:\/\/www.dogsie.cz\/wp-content\/uploads\/2020\/10\/stredni-rostak-60x60.png",60,60,true],"product-card":["https:\/\/www.dogsie.cz\/wp-content\/uploads\/2020\/10\/stredni-rostak-250x250.png",250,250,true],"woocommerce_thumbnail":["https:\/\/www.dogsie.cz\/wp-content\/uploads\/2020\/10\/stredni-rostak-600x600.png",600,600,true],"woocommerce_single":["https:\/\/www.dogsie.cz\/wp-content\/uploads\/2020\/10\/stredni-rostak-600x600.png",600,600,true],"woocommerce_gallery_thumbnail":["https:\/\/www.dogsie.cz\/wp-content\/uploads\/2020\/10\/stredni-rostak-100x100.png",100,100,true],"140-140":["https:\/\/www.dogsie.cz\/wp-content\/uploads\/2020\/10\/stredni-rostak.png",140,140,false]},"uagb_author_info":{"display_name":"Tom\u00e1\u0161 Pokorn\u00fd","author_link":"https:\/\/www.dogsie.cz\/sk\/author\/"},"uagb_comment_info":0,"uagb_excerpt":"Tematicky lad\u011bn\u00fd bal\u00ed\u010dek Dogsie pro st\u0159edn\u00edho ro\u0161\u0165\u00e1ka je mystery box pln\u00fd ps\u00ed radosti p\u0159ipraven\u00fd na m\u00edru pejsk\u016fm od 10 do 20 kg. Obsahuje pamlsky a hra\u010dku pro st\u0159edn\u00edho pejska. V\u0161e zabalen\u00e9 s l\u00e1skou v origin\u00e1ln\u00ed kartonov\u00e9 krabici s logem Dogsie.","expiration_date":"","_links":{"self":[{"href":"https:\/\/www.dogsie.cz\/sk\/wp-json\/wp\/v2\/product\/23963","targetHints":{"allow":["GET"]}}],"collection":[{"href":"https:\/\/www.dogsie.cz\/sk\/wp-json\/wp\/v2\/product"}],"about":[{"href":"https:\/\/www.dogsie.cz\/sk\/wp-json\/wp\/v2\/types\/product"}],"wp:featuredmedia":[{"embeddable":true,"href":"https:\/\/www.dogsie.cz\/sk\/wp-json\/wp\/v2\/media\/106468"}],"wp:attachment":[{"href":"https:\/\/www.dogsie.cz\/sk\/wp-json\/wp\/v2\/media?parent=23963"}],"wp:term":[{"taxonomy":"product_brand","embeddable":true,"href":"https:\/\/www.dogsie.cz\/sk\/wp-json\/wp\/v2\/product_brand?post=23963"},{"taxonomy":"product_cat","embeddable":true,"href":"https:\/\/www.dogsie.cz\/sk\/wp-json\/wp\/v2\/product_cat?post=23963"},{"taxonomy":"product_tag","embeddable":true,"href":"https:\/\/www.dogsie.cz\/sk\/wp-json\/wp\/v2\/product_tag?post=23963"},{"taxonomy":"product-label","embeddable":true,"href":"https:\/\/www.dogsie.cz\/sk\/wp-json\/wp\/v2\/product-label?post=23963"}],"curies":[{"name":"wp","href":"https:\/\/api.w.org\/{rel}","templated":true}]}}