{"id":77846,"date":"2019-05-21T16:25:10","date_gmt":"2019-05-21T14:25:10","guid":{"rendered":"https:\/\/www.dogsie.cz\/obchod\/ekologicka-bavlnena-taska-dogsie\/"},"modified":"2026-04-17T05:38:42","modified_gmt":"2026-04-17T03:38:42","slug":"ekologicka-bavlnena-taska-dogsie","status":"publish","type":"product","link":"https:\/\/www.dogsie.cz\/sk\/obchod\/ekologicka-bavlnena-taska-dogsie\/","title":{"rendered":"Ekologick\u00e1 bavln\u011bn\u00e1 ta\u0161ka Dogsie"},"content":{"rendered":"<p>Ekologick\u00e1 bavln\u011bn\u00e1 ta\u0161ka Dogsie. Ide\u00e1ln\u00ed pomocn\u00edk na n\u00e1kupy \ud83d\ude42<\/p>\n","protected":false},"excerpt":{"rendered":"<p>Ekologick\u00e1 bavln\u011bn\u00e1 ta\u0161ka Dogsie. Ide\u00e1ln\u00ed pomocn\u00edk na n\u00e1kupy \ud83d\ude42<\/p>\n","protected":false},"featured_media":76578,"template":"","meta":{"_uag_custom_page_level_css":""},"product_brand":[],"product_cat":[94],"product_tag":[674],"product-label":[],"class_list":{"0":"post-77846","1":"product","2":"type-product","3":"status-publish","4":"has-post-thumbnail","6":"product_cat-pre-panov","7":"product_tag-pro-pejskare-sk","8":"product_shipping_class-nsp-1m-sk","10":"first","11":"instock","12":"taxable","13":"shipping-taxable","14":"purchasable","15":"product-type-simple"},"uagb_featured_image_src":{"full":["https:\/\/www.dogsie.cz\/wp-content\/uploads\/2019\/05\/d\u00e1rek-ta\u0161ka.jpg",600,600,false],"thumbnail":["https:\/\/www.dogsie.cz\/wp-content\/uploads\/2019\/05\/d\u00e1rek-ta\u0161ka-150x150.jpg",150,150,true],"medium":["https:\/\/www.dogsie.cz\/wp-content\/uploads\/2019\/05\/d\u00e1rek-ta\u0161ka-300x300.jpg",300,300,true],"medium_large":["https:\/\/www.dogsie.cz\/wp-content\/uploads\/2019\/05\/d\u00e1rek-ta\u0161ka.jpg",600,600,false],"large":["https:\/\/www.dogsie.cz\/wp-content\/uploads\/2019\/05\/d\u00e1rek-ta\u0161ka.jpg",600,600,false],"1536x1536":["https:\/\/www.dogsie.cz\/wp-content\/uploads\/2019\/05\/d\u00e1rek-ta\u0161ka.jpg",600,600,false],"2048x2048":["https:\/\/www.dogsie.cz\/wp-content\/uploads\/2019\/05\/d\u00e1rek-ta\u0161ka.jpg",600,600,false],"blog-featured":["https:\/\/www.dogsie.cz\/wp-content\/uploads\/2019\/05\/d\u00e1rek-ta\u0161ka.jpg",240,240,false],"blog-recommended":["https:\/\/www.dogsie.cz\/wp-content\/uploads\/2019\/05\/d\u00e1rek-ta\u0161ka.jpg",140,140,false],"single-featured":["https:\/\/www.dogsie.cz\/wp-content\/uploads\/2019\/05\/d\u00e1rek-ta\u0161ka.jpg",400,400,false],"review":["https:\/\/www.dogsie.cz\/wp-content\/uploads\/2019\/05\/d\u00e1rek-ta\u0161ka.jpg",60,60,false],"product-card":["https:\/\/www.dogsie.cz\/wp-content\/uploads\/2019\/05\/d\u00e1rek-ta\u0161ka.jpg",250,250,false],"woocommerce_thumbnail":["https:\/\/www.dogsie.cz\/wp-content\/uploads\/2019\/05\/d\u00e1rek-ta\u0161ka.jpg",600,600,false],"woocommerce_single":["https:\/\/www.dogsie.cz\/wp-content\/uploads\/2019\/05\/d\u00e1rek-ta\u0161ka-600x600.jpg",600,600,true],"woocommerce_gallery_thumbnail":["https:\/\/www.dogsie.cz\/wp-content\/uploads\/2019\/05\/d\u00e1rek-ta\u0161ka-100x100.jpg",100,100,true],"140-140":["https:\/\/www.dogsie.cz\/wp-content\/uploads\/2019\/05\/d\u00e1rek-ta\u0161ka.jpg",140,140,false]},"uagb_author_info":{"display_name":"Tom\u00e1\u0161 Pokorn\u00fd","author_link":"https:\/\/www.dogsie.cz\/sk\/author\/"},"uagb_comment_info":0,"uagb_excerpt":"Ekologick\u00e1 bavln\u011bn\u00e1 ta\u0161ka Dogsie. Ide\u00e1ln\u00ed pomocn\u00edk na n\u00e1kupy :)","expiration_date":"","_links":{"self":[{"href":"https:\/\/www.dogsie.cz\/sk\/wp-json\/wp\/v2\/product\/77846","targetHints":{"allow":["GET"]}}],"collection":[{"href":"https:\/\/www.dogsie.cz\/sk\/wp-json\/wp\/v2\/product"}],"about":[{"href":"https:\/\/www.dogsie.cz\/sk\/wp-json\/wp\/v2\/types\/product"}],"wp:featuredmedia":[{"embeddable":true,"href":"https:\/\/www.dogsie.cz\/sk\/wp-json\/wp\/v2\/media\/76578"}],"wp:attachment":[{"href":"https:\/\/www.dogsie.cz\/sk\/wp-json\/wp\/v2\/media?parent=77846"}],"wp:term":[{"taxonomy":"product_brand","embeddable":true,"href":"https:\/\/www.dogsie.cz\/sk\/wp-json\/wp\/v2\/product_brand?post=77846"},{"taxonomy":"product_cat","embeddable":true,"href":"https:\/\/www.dogsie.cz\/sk\/wp-json\/wp\/v2\/product_cat?post=77846"},{"taxonomy":"product_tag","embeddable":true,"href":"https:\/\/www.dogsie.cz\/sk\/wp-json\/wp\/v2\/product_tag?post=77846"},{"taxonomy":"product-label","embeddable":true,"href":"https:\/\/www.dogsie.cz\/sk\/wp-json\/wp\/v2\/product-label?post=77846"}],"curies":[{"name":"wp","href":"https:\/\/api.w.org\/{rel}","templated":true}]}}